{"id":9072,"date":"2020-06-12T21:02:08","date_gmt":"2020-06-12T19:02:08","guid":{"rendered":"https:\/\/www.lvhf.cz\/?page_id=9072"},"modified":"2024-09-25T19:53:22","modified_gmt":"2024-09-25T17:53:22","slug":"regionalni-infocentra","status":"publish","type":"page","link":"https:\/\/www.lvhf.cz\/en\/o-festivalu-2\/regionalni-infocentra\/","title":{"rendered":"Regional Information Centres"},"content":{"rendered":"<p><span class=\"embed-responsive embed-responsive-16by9\"><iframe src=\"https:\/\/www.youtube.com\/embed\/b_3jIKq0yJI\" allowfullscreen=\"allowfullscreen\"><span data-mce-type=\"bookmark\" style=\"display: inline-block; width: 0px; overflow: hidden; line-height: 0;\" class=\"mce_SELRES_start\"><\/span><span class=\"mce_SELRES_start\" style=\"width: 0px; line-height: 0; overflow: hidden; display: inline-block;\" data-mce-type=\"bookmark\"><\/span><\/iframe><\/span><\/p>\n<p>&nbsp;<\/p>\n<p>Looking for tips for accommodation, trips or <strong>more information about the region of South Moravia<\/strong>? Regional Tourist Information Centres (TIC) and their information portals can help you.<\/p>\n<p>&nbsp;<\/p>\n<h3><a href=\"https:\/\/www.ccrjm.cz\/en\/\" target=\"_blank\" rel=\"noopener noreferrer\">Tourist Authority South Moravia<\/a><\/h3>\n<p>Tourist Authority South Moravia manages the great portal <a href=\"https:\/\/www.jizni-morava.cz\/\" target=\"_blank\" rel=\"noopener noreferrer\">www.jizni-morava.cz<\/a>, which provides <strong>comprehensive information about the South Moravian Region<\/strong>.<\/p>\n<p>&nbsp;<\/p>\n<h3><a href=\"https:\/\/ticbrno.cz\/en\/information-centers\/the-to-je-brno-this-is-brno-information-centre\" target=\"_blank\" rel=\"noopener noreferrer\">Information Centre TO JE BRNO (THIS IS BRNO)<\/a><\/h3>\n<p><strong>Buy tickets for the LVHF at this information centre.<\/strong><br \/>\nAddress: Panensk\u00e1 1, Brno<br \/>\nContacts: Phone +420 602 404 246 | <a href=\"mailto:panenska@ticbrno.cz\" target=\"_blank\" rel=\"noopener noreferrer\">panenska@ticbrno.cz<\/a><br \/>\nOpening hours: Mon-Fri 9 am \u2013 1.30 pm and 2 \u2013 5 pm; Sat, Sun &amp; Holidays 9 am \u2013 1 pm and 1.30 \u2013 5 pm<\/p>\n<p>&nbsp;<\/p>\n<h3><a href=\"http:\/\/www.lednice.cz\/en\/\" target=\"_blank\" rel=\"noopener noreferrer\">TIC Lednice<\/a><\/h3>\n<p><strong>Buy tickets for the LVHF at this information centre.<\/strong><br \/>\nAddress: Malinovsk\u00e9ho 25, 691 44 Lednice<br \/>\nContacts: Phone +420 733\u00a0531\u00a0874 | <a href=\"mailto:tic@lednice.cz\" target=\"_blank\" rel=\"noopener noreferrer\">tic@lednice.cz<\/a><br \/>\nOpening hours: June \u2013 Sept: Mon-Fri 8 am \u2013 5 pm, Sat, Sun &amp; Holidays 9 am \u2013 4 pm, October: Mon-Fri 8 am \u2013 4 pm, Sat, Sun &amp; Holidays 10 am \u2013 4 pm<\/p>\n<p>&nbsp;<\/p>\n<h3><a href=\"https:\/\/www.infomikulov.cz\/kontakt-mikulov\/\" target=\"_blank\" rel=\"noopener noreferrer\">TIC Mikulov<\/a><\/h3>\n<p><strong>Buy tickets for the LVHF at this information centre.<\/strong><br \/>\nAddress: N\u00e1m\u011bst\u00ed 158\/1, Mikulov<br \/>\nContacts: Phone +420 519 510 855, +420 724 987 900 | <a href=\"mailto:tic@mikulov.cz\" target=\"_blank\" rel=\"noopener noreferrer\">tic@mikulov.cz<\/a><br \/>\nOpening hours: June \u2013 September: Mon-Fri 9 am \u2013 5 pm, October: Mon-Fri 9 am \u2013 4 pm<\/p>\n<p>&nbsp;<\/p>\n<h3><a href=\"https:\/\/www.valtice.eu\/turistika\/turisticke-informacni-centrum\/\" target=\"_blank\" rel=\"noopener noreferrer\">TIC Valtice<\/a><\/h3>\n<p><strong>Buy tickets for the LVHF at this information centre.<\/strong><br \/>\nAddress: n\u00e1m. Svobody 4, Valtice<br \/>\nContacts: Phone +420 734 256 709, +420 731 164 599 | <a href=\"mailto:tic@valtice.eu\" target=\"_blank\" rel=\"noopener noreferrer\">tic@valtice.eu<\/a><br \/>\nOpening hours: Mon-Sun 9 am \u2013 6 pm<\/p>\n<p>&nbsp;<\/p>\n<h3><a href=\"https:\/\/breclav.holiday\/\" target=\"_blank\" rel=\"noopener noreferrer\">TIC B\u0159eclav<\/a><\/h3>\n<p>Address: Lichten\u0161tejnsk\u00fd d\u016fm, U Tr\u017ei\u0161t\u011b 8, B\u0159eclav<br \/>\nContacts: Phone +420 519 326 900 | <a href=\"mailto:tic@ticbreclav.cz\" target=\"_blank\" rel=\"noopener noreferrer\">tic@ticbreclav.cz<\/a><br \/>\nOpening hours<\/p>\n<p>&nbsp;<\/p>\n<h3><a href=\"https:\/\/www.vranovice.eu\/\" target=\"_blank\" rel=\"noopener noreferrer\">TIC Vranovice<\/a><\/h3>\n<p>Address: N\u00e1dra\u017en\u00ed 112, 691 25 Vranovice<br \/>\nContacts: Phone +420 730 518 758 | <a href=\"mailto:infocentrum@vranovice.eu\" target=\"_blank\" rel=\"noopener noreferrer\">infocentrum@vranovice.eu<\/a><br \/>\nOpening hours: Tue-Sun 9 am \u2013 12 pm and 1 pm \u2013 5 pm<\/p>\n<p>&nbsp;<\/p>","protected":false},"excerpt":{"rendered":"<p>&nbsp; Looking for tips for accommodation, trips or more information about the region of South Moravia? Regional Tourist Information Centres (TIC) and their information portals can help you. &nbsp; Tourist Authority South Moravia Tourist Authority South Moravia manages the great portal www.jizni-morava.cz, which provides comprehensive information about the South Moravian Region. &nbsp; Information Centre TO [&#46;&#46;&#46;]<\/p>\n","protected":false},"author":2,"featured_media":0,"parent":10767,"menu_order":0,"comment_status":"closed","ping_status":"closed","template":"","meta":{"footnotes":""},"acf":[],"_links":{"self":[{"href":"https:\/\/www.lvhf.cz\/en\/wp-json\/wp\/v2\/pages\/9072"}],"collection":[{"href":"https:\/\/www.lvhf.cz\/en\/wp-json\/wp\/v2\/pages"}],"about":[{"href":"https:\/\/www.lvhf.cz\/en\/wp-json\/wp\/v2\/types\/page"}],"author":[{"embeddable":true,"href":"https:\/\/www.lvhf.cz\/en\/wp-json\/wp\/v2\/users\/2"}],"replies":[{"embeddable":true,"href":"https:\/\/www.lvhf.cz\/en\/wp-json\/wp\/v2\/comments?post=9072"}],"version-history":[{"count":44,"href":"https:\/\/www.lvhf.cz\/en\/wp-json\/wp\/v2\/pages\/9072\/revisions"}],"predecessor-version":[{"id":27660,"href":"https:\/\/www.lvhf.cz\/en\/wp-json\/wp\/v2\/pages\/9072\/revisions\/27660"}],"up":[{"embeddable":true,"href":"https:\/\/www.lvhf.cz\/en\/wp-json\/wp\/v2\/pages\/10767"}],"wp:attachment":[{"href":"https:\/\/www.lvhf.cz\/en\/wp-json\/wp\/v2\/media?parent=9072"}],"curies":[{"name":"wp","href":"https:\/\/api.w.org\/{rel}","templated":true}]}}