{"id":8609,"date":"2020-05-19T22:00:59","date_gmt":"2020-05-19T20:00:59","guid":{"rendered":"https:\/\/www.lvhf.cz\/?page_id=8609"},"modified":"2025-06-11T11:43:16","modified_gmt":"2025-06-11T09:43:16","slug":"prodejni-mista-lvhf","status":"publish","type":"page","link":"https:\/\/www.lvhf.cz\/en\/prodejni-mista-lvhf\/","title":{"rendered":"Sales Points"},"content":{"rendered":"<p><br \/>\n&nbsp;<\/p>\n<h3>Brno<\/h3>\n<p><strong>TO JE BRNO Information Center<\/strong><br \/>\nAddress: Panensk\u00e1 Street 1, Brno<br \/>\nContacts: Phone +420 602 404 246 | <a href=\"mailto:panenska@ticbrno.cz\" target=\"_blank\" rel=\"noopener noreferrer\">panenska@ticbrno.cz<\/a><br \/>\nOpening hours: Mon-Fri 9 am \u2013 1.30 pm and 2 \u2013 5 pm; Sat, Sun &amp; Holidays 9 am \u2013 1 pm and 1.30 \u2013 5 pm<br \/>\nBarrier-free entrance<br \/>\nPossibility of cashless payment: yes<br \/>\nAccepted credit cards: MasterCard, Maestro, Visa, Visa Electron<br \/>\nGoogle Pay: no<br \/>\nEdenred, BenefitPlus or Benefity cards: no<br \/>\n<a href=\"https:\/\/ticbrno.cz\/informacni-centra\/informacni-centrum-to-je-brno\" target=\"_blank\" rel=\"noopener noreferrer\">Homepage<\/a><\/p>\n<p>&nbsp;<\/p>\n<h3>B\u0159eclav<\/h3>\n<p><strong>CK Travel Club \/ Opposite the Koruna cinema<\/strong><br \/>\nAddress: U Tr\u017ei\u0161t\u011b 1029\/17, B\u0159eclav<br \/>\nContacts: Phone +420 519 321 411 | <a href=\"mailto:ck-breclav@csad-tisnov.cz\" target=\"_blank\" rel=\"noopener noreferrer\">ck-breclav@csad-tisnov.cz<\/a><br \/>\nOpening hours: Mon-Fri 8.30 am \u2013 12 pm and 1-5 pm<br \/>\nNo barrier-free entrance<br \/>\nOnly in-cash payment possible in CZK<br \/>\nGoogle Pay: no<br \/>\nEdenred, BenefitPlus and Benefity cards: no<br \/>\n<a href=\"https:\/\/www.travelclubck.cz\/kontakt\/\" target=\"_blank\" rel=\"noopener noreferrer\">Homepage<\/a><\/p>\n<p>&nbsp;<\/p>\n<h3>Lednice<\/h3>\n<p><strong>TIC Lednice<\/strong><br \/>\nAddress: Z\u00e1meck\u00e9 n\u00e1m. 68, Lednice<br \/>\nContacts: Phone +420 519 340 986, +420 733 531 874 | <a href=\"mailto:ticlednice@email.cz\" target=\"_blank\" rel=\"noopener noreferrer\">ticlednice@email.cz<\/a><br \/>\nOpening hours: <strong>June \u2013 Sept<\/strong>: Mon-Fri 8-11 am and 12-5 pm, Sat, Sun &amp; Holidays\u00a0 9 am \u2013 12 pm and 12.30\u20135 pm, <strong>October<\/strong>: Mon-Fri 8-11 am and 12-4 pm, Sat, Sun &amp; Holidays 10 am \u2013 12 pm and 12.30-4 pm<br \/>\nBarrier-free entrance: a bell for the staff is available at the entrance<br \/>\nOnly in-cash payment possible in CZK<br \/>\nGoogle Pay: no<br \/>\nEdenred, BenefitPlus and Benefity cards: no<br \/>\n<a href=\"http:\/\/www.lednice.cz\/cs\/turisticke-informacni-centrum---tic\/\" target=\"_blank\" rel=\"noopener noreferrer\">Homepage<\/a><\/p>\n<p>&nbsp;<\/p>\n<h3>Mikulov<\/h3>\n<p><strong>TIC Mikulov<\/strong><br \/>\nAddress: N\u00e1m\u011bst\u00ed 158\/1, Mikulov<br \/>\nContacts: Phone +420 519 510 855, +420 724 987 900 | <a href=\"mailto:tic@ticmikulov.cz\" target=\"_blank\" rel=\"noopener noreferrer\">tic@ticmikulov.cz<\/a><br \/>\nOpening hours: <strong>June<\/strong>: Mon-Fri 9 am \u2013 5 pm, <strong>July and August<\/strong>: Mon-Fri 9 am \u2013 6 pm, <strong>October<\/strong>: Mon-Fri 9 am \u2013 4 pm<br \/>\nBarrier-free entrance: a bell for the staff is available at the entrance<br \/>\nOnly in-cash payment possible in CZK<br \/>\nGoogle Pay: no<br \/>\nEdenred, BenefitPlus and Benefity cards: no<br \/>\n<a href=\"https:\/\/www.infomikulov.cz\/kontakt\/\" target=\"_blank\" rel=\"noopener noreferrer\">Homepage<\/a><\/p>\n<p>&nbsp;<\/p>\n<h3>Ostrava<\/h3>\n<p><strong>Elektra Infocenter<\/strong><br \/>\nAddress: Jure\u010dkova 1935\/12, Ostrava<br \/>\nContacts: Phone +420 721 770 545 | <a href=\"mailto:elektra@ostravainfo.cz\" target=\"_blank\" rel=\"noopener noreferrer\">elektra@ostravainfo.cz<\/a><br \/>\nOpening hours: Mon-Fri 7.30 am \u2013 6 pm<br \/>\nBarrier-free entrance<br \/>\nPossibility of cashless payment: yes<br \/>\nAccepted credit cards: MasterCard, Maestro, Visa, Visa Electron<br \/>\nGoogle Pay: no<br \/>\nEdenred, BenefitPlus and Benefity cards: no<br \/>\n<a href=\"https:\/\/www.ostravainfo.cz\/\" target=\"_blank\" rel=\"noopener noreferrer\">Homepage<\/a><\/p>\n<p>&nbsp;<\/p>\n<h3>Pilsen<\/h3>\n<p><strong>DEPO2015<\/strong><br \/>\nAddress: Presslova 14, Pilsen 3<br \/>\nContacts: Phone +420 702 019 508 | <a href=\"mailto:recepce@depo2015.cz\" target=\"_blank\" rel=\"noopener noreferrer\">recepce@depo2015.cz<\/a><br \/>\nOpening hours: Mon-Fri 8 am \u2013 3.30 pm, Sat-Sun 8 am \u2013 2 pm<br \/>\nBarrier-free entrance<br \/>\nPossibility of cashless payment: yes<br \/>\nAccepted credit cards: MasterCard, Maestro, Visa, Visa Electron<br \/>\nGoogle Pay: yes<br \/>\nEdenred, BenefitPlus and Benefity cards: no<br \/>\n<a href=\"https:\/\/www.depo2015.cz\" target=\"_blank\" rel=\"noopener noreferrer\">Homepage<\/a><\/p>\n<p>&nbsp;<\/p>\n<h3>Prague<\/h3>\n<p><strong>Freshlabels Store<\/strong><br \/>\nAddress: Pansk\u00e1 9, Prague 1<br \/>\nContacts: Phone +420 777 077 700 | <a href=\"mailto:info@freshlabels.cz\" target=\"_blank\" rel=\"noopener noreferrer\">info@freshlabels.cz<\/a><br \/>\npening hours: Mon-Fri 11 am \u2013 7 pm<br \/>\nBarrier-free entrance<br \/>\nPossibility of cashless payment: yes<br \/>\nAccepted credit cards: MasterCard, Maestro, Visa, Visa Electron, PayPal<br \/>\nGoogle Pay: no<br \/>\nEdenred, BenefitPlus and Benefity cards: no<br \/>\n<a href=\"https:\/\/www.freshlabels.cz\/prodejny\/praha-backpack-store\/\" target=\"_blank\" rel=\"noopener noreferrer\">Homepage<\/a><\/p>\n<p>&nbsp;<\/p>\n<h3>Valtice<\/h3>\n<p><strong>TIC Valtice<\/strong><br \/>\nAddress: n\u00e1m. Svobody 4, Valtice<br \/>\nContacts: Phone +420 734 256 709, +420 731 164 599 | <a href=\"mailto:tic@valtice.eu\" target=\"_blank\" rel=\"noopener noreferrer\">tic@valtice.eu<\/a><br \/>\nOpening hours: Mon-Sun 9 am \u2013 5 pm<br \/>\nBarrier-free entrance<br \/>\nOnly in-cash payment possible in CZK<br \/>\nGoogle Pay: no<br \/>\nEdenred, BenefitPlus and Benefity cards: no<br \/>\n<a href=\"https:\/\/www.valtice.eu\/turistika\/turisticke-informacni-centrum\/\" target=\"_blank\" rel=\"noopener noreferrer\">Homepage<\/a><\/p>\n<p>&nbsp;<\/p>","protected":false},"excerpt":{"rendered":"<p>&nbsp; Brno TO JE BRNO Information Center Address: Panensk\u00e1 Street 1, Brno Contacts: Phone +420 602 404 246 | panenska@ticbrno.cz Opening hours: Mon-Fri 9 am \u2013 1.30 pm and 2 \u2013 5 pm; Sat, Sun &amp; Holidays 9 am \u2013 1 pm and 1.30 \u2013 5 pm Barrier-free entrance Possibility of cashless payment: yes Accepted [&#46;&#46;&#46;]<\/p>\n","protected":false},"author":2,"featured_media":0,"parent":0,"menu_order":0,"comment_status":"closed","ping_status":"closed","template":"","meta":{"footnotes":""},"acf":[],"_links":{"self":[{"href":"https:\/\/www.lvhf.cz\/en\/wp-json\/wp\/v2\/pages\/8609"}],"collection":[{"href":"https:\/\/www.lvhf.cz\/en\/wp-json\/wp\/v2\/pages"}],"about":[{"href":"https:\/\/www.lvhf.cz\/en\/wp-json\/wp\/v2\/types\/page"}],"author":[{"embeddable":true,"href":"https:\/\/www.lvhf.cz\/en\/wp-json\/wp\/v2\/users\/2"}],"replies":[{"embeddable":true,"href":"https:\/\/www.lvhf.cz\/en\/wp-json\/wp\/v2\/comments?post=8609"}],"version-history":[{"count":63,"href":"https:\/\/www.lvhf.cz\/en\/wp-json\/wp\/v2\/pages\/8609\/revisions"}],"predecessor-version":[{"id":28961,"href":"https:\/\/www.lvhf.cz\/en\/wp-json\/wp\/v2\/pages\/8609\/revisions\/28961"}],"wp:attachment":[{"href":"https:\/\/www.lvhf.cz\/en\/wp-json\/wp\/v2\/media?parent=8609"}],"curies":[{"name":"wp","href":"https:\/\/api.w.org\/{rel}","templated":true}]}}