{"id":8,"date":"2017-02-23T14:00:24","date_gmt":"2017-02-23T13:00:24","guid":{"rendered":"https:\/\/www.lvhf.cz\/?page_id=8"},"modified":"2023-07-14T10:26:39","modified_gmt":"2023-07-14T08:26:39","slug":"o-festivalu","status":"publish","type":"page","link":"https:\/\/www.lvhf.cz\/en\/o-festivalu\/","title":{"rendered":"Festival 2020"},"content":{"rendered":"<p><noscript><img loading=\"lazy\" decoding=\"async\" class=\"wp-image-8475 alignleft\" title=\"3. Jiri Partyka foto B. Ren\u010d\" src=\"https:\/\/www.lvhf.cz\/wp-content\/uploads\/2020\/05\/3.-Jiri-Partyka-foto-B.-Ren\u010d-scaled-e1589105930963.jpg\" alt=\"3. Jiri Partyka foto B. Ren\u010d\" width=\"300\" height=\"371\"><\/noscript><img loading=\"lazy\" decoding=\"async\" class=\"wp-image-8475 alignleft lazyload\" title=\"3. Jiri Partyka foto B. Ren\u010d\" src=\"data:image\/svg+xml,%3Csvg%20xmlns%3D%22http%3A%2F%2Fwww.w3.org%2F2000%2Fsvg%22%20viewBox%3D%220%200%20300%20371%22%3E%3C%2Fsvg%3E\" alt=\"3. Jiri Partyka foto B. Ren\u010d\" width=\"300\" height=\"371\" data-src=\"https:\/\/www.lvhf.cz\/wp-content\/uploads\/2020\/05\/3.-Jiri-Partyka-foto-B.-Ren\u010d-scaled-e1589105930963.jpg\"><\/p>\n<p>&nbsp;<\/p>\n<p>Dear classical music fans,<\/p>\n<p>Whether you have already experienced the unique, almost family atmosphere of the Lednice|Valtice Music Festival with us, or you are on the festival website for the first time, I warmly welcome you here and thank you for your interest in this music event. As in previous years, we have prepared for you a few surprises, news, and especially a large portion of beautiful music performed by first-class artists and ensembles. Therefore, I would be very happy if you make time and share the \u201cjubilee\u201d 5th year of the Lednice|Valtice Music Festival with us in October.<\/p>\n<p>I am very much looking forward to seeing you!<\/p>\n<p>Sincerely<br>\n<strong>Ji\u0159\u00ed Partyka<\/strong>, general manager &amp; artistic director<\/p>\n<p>&nbsp;<\/p>\n<p>&nbsp;<\/p>\n<p>&nbsp;<\/p>\n<h3>Lednice|Valtice Music Festival 2020 | 3\u2013 17 October<\/h3>\n<p>&nbsp;<\/p>\n<p><a href=\"https:\/\/www.lvhf.cz\/en\/#program\" target=\"_blank\" rel=\"noopener noreferrer\">The programme of the 5th year of Lednice-Valtice Music Festival<\/a> draws on the rich inspirational sources of the cultural heritage of South Moravia: <strong>folk motifs, rich Jewish cultural traditions, or oriental elements of the Lednice-Valtice area<\/strong>. Therefore, the eight concerts of this year\u2019s festival <strong>combine the refined aesthetics of classical music with the traditional folk culture of different nations and cultures<\/strong>. The music will return not only to the popular places \u2013 <a href=\"https:\/\/www.lvhf.cz\/en\/venues\/valtice-castle-riding-hall\/\" target=\"_blank\" rel=\"noopener noreferrer\">Valtice Castle<\/a>, <a href=\"https:\/\/www.lvhf.cz\/en\/venues\/cesky-rytirsky-sal-statni-zamek-lednice\/\" target=\"_blank\" rel=\"noopener noreferrer\">Lednice Chateau<\/a>, <a href=\"https:\/\/www.lvhf.cz\/en\/venues\/cesky-zamek-v-mikulove\/\" target=\"_blank\" rel=\"noopener noreferrer\">Mikulov Castle<\/a> and others, but the festival is not afraid to experiment this year as well and discover new venues from the workshop of Liechtenstein architects for its listeners (<a href=\"https:\/\/www.lvhf.cz\/en\/venues\/cesky-zamek-wilfersdorf-rakousko\/\" target=\"_blank\" rel=\"noopener noreferrer\">Chateau Wilfersdorf<\/a>, <a href=\"https:\/\/www.lvhf.cz\/en\/venues\/cesky-rybnicni-zamecek\/\" target=\"_blank\" rel=\"noopener noreferrer\">Pond Chateau Lednice<\/a>) and <a href=\"https:\/\/www.lvhf.cz\/en\/venues\/synagogue-breclav\/\" target=\"_blank\" rel=\"noopener noreferrer\">synagogue in B\u0159eclav<\/a>.<\/p>\n<p>&nbsp;<\/p>\n<p><strong>Sat 3 October 2020<\/strong><br>\nLVHF 2020 will be launched on <strong>3rd October<\/strong> by the internationally acclaimed <a href=\"https:\/\/www.lvhf.cz\/en\/concerts\/1st-festival-concert-opening-ceremony\/\" target=\"_blank\" rel=\"noopener noreferrer\"><strong>Janoska Ensemble from Slovakia<\/strong><\/a>, whose energetic, almost equilibristic performances are a clear geyser of virtuosity and unbridled spontaneity, described by the ensemble\u2019s double bassist Julius Darvas: \u201cWe would like to bring a revolution into the world of classical music. We want to restore the forgotten pieces and bring the lost art of improvisation that every Baroque musician took for granted back to the music.\u201d The concert will take place in <a href=\"https:\/\/www.lvhf.cz\/en\/venues\/ridinghall-lednice\/\" target=\"_blank\" rel=\"noopener noreferrer\">Lednice Riding Hall<\/a>.<\/p>\n<p>&nbsp;<\/p>\n<p><strong>Sun 4 October 2020<\/strong><br>\nTopics such as love, family, eternal wandering and the search for one\u2019s destiny are reflected in the emotional texts of Jewish songs that will be heard during the second LVHF concert on 4th October <a href=\"https:\/\/www.lvhf.cz\/en\/venues\/synagogue-breclav\/\" target=\"_blank\" rel=\"noopener noreferrer\">in the synagogue in B\u0159eclav<\/a> performed by the <a href=\"https:\/\/www.lvhf.cz\/en\/concerts\/2nd-festival-concert-shalomklezmer\/\" target=\"_blank\" rel=\"noopener noreferrer\"><strong>Ostrava Klezmer Band<\/strong><\/a>. The group audaciously combines <strong>dance<\/strong> (freylekhs) <strong>and vocal music of Jews<\/strong> from the Central and Eastern Europe (klezmer) <strong>with elements of jazz and Latin American music<\/strong>. The soloist of the evening will be soprano <strong>Johana \u010cernohorsk\u00e1<\/strong>. The concert is accompanied by <a href=\"https:\/\/www.lvhf.cz\/en\/concerts\/supporting-programme-lecture-the-kuffner-family\/\" target=\"_blank\" rel=\"noopener noreferrer\">an supporting programme<\/a>, in which the historian <strong>Alena K\u00e1\u0148ov\u00e1<\/strong> will talk about the importance of the B\u0159eclav branch of the Kuffner family.<\/p>\n<p>&nbsp;<\/p>\n<p><strong>Wed 7 October 2020<\/strong><br>\nRulers, politicians, warriors, landlords and movers of progress \u2013 all this was represented by the Liechtensteins in the Lednice-Valtice estate for centuries. They sought their \u201cspiritual immortality\u201d not only in the symbiosis of their activities, but also by seeking inspiration in different cultures. Among other things, their architects brought <strong>the elements of Arab culture or the Far East<\/strong> in the form of the Moorish Waterworks, Chinese Pavilion or the famous Minaret into the landscape of today\u2019s Lednice-Valtice area. Landscape architect <strong>P\u0159emysl Krej\u010di\u0159\u00edk<\/strong> will talk about oriental motifs in the Lednice park as part of <a href=\"https:\/\/www.lvhf.cz\/en\/concerts\/supporting-program-lecture-oriental-motives-in-the-lednice-park\/\" target=\"_blank\" rel=\"noopener noreferrer\">the supporting programme<\/a>.<\/p>\n<p>&nbsp;<\/p>\n<p><strong>Fri 9 October 2020<\/strong><br>\nThe Czech music can boast with the three string quartets that have conquered the world: <em>From My Life<\/em>, <em>Intimate Letters<\/em> and <em>American Quartet in F major<\/em> by Anton\u00edn Dvo\u0159\u00e1k. The first two of them \u2013 <em>String Quartet No. 1 in E minor \u201cFrom My Life\u201d<\/em> by Bed\u0159ich Smetana and <em>String Quartet No. 2 \u201cIntimate Letters\u201d<\/em> by Leo\u0161 Jan\u00e1\u010dek \u2013 will be performed at a concert by <strong>one of the most remarkable chamber ensembles in the world<\/strong>, winner of <strong>six prestigious Gramophone Awards<\/strong>, <strong>Pavel Haas Quartet<\/strong>. Absolutely exceptional evening in the Knight\u2019s Hall of Lednice Castle. <a href=\"https:\/\/www.lvhf.cz\/en\/concerts\/pavelhaasquartet\/\">Last tickets on sale<\/a>!<\/p>\n<p>&nbsp;<\/p>\n<p><strong>Sat 10 October 2020<\/strong><br>\n<a href=\"https:\/\/www.lvhf.cz\/en\/concerts\/4th-festival-concert-founts-of-inspiration\/\" target=\"_blank\" rel=\"noopener noreferrer\">Fourth concert of the festival<\/a> will offer not only an interesting cast, but also a world premiere. The concert will connect <strong>two exceptional ensembles of different music worlds<\/strong> \u2013 <strong>Jan\u00e1\u010dek Chamber Orchestra<\/strong> and <strong>EnsembleFLAIR<\/strong>, whose instrumental cast is based on the Moravian folk tradition. The soloist will be a legendary Czech violinist <strong>V\u00e1clav Hude\u010dek<\/strong>. You can enjoy an exceptional evening on <a href=\"https:\/\/www.lvhf.cz\/en\/venues\/cesky-zamek-v-mikulove\/\" target=\"_blank\" rel=\"noopener noreferrer\">Mikulov Castle<\/a> on the Saturday, October 10, with us.<\/p>\n<p>&nbsp;<\/p>\n<p><strong>Sun 11 October 2020<\/strong><br>\nOn 11th October, we will celebrate the <strong>150 years since the birth<\/strong> of the important Czech pedagogue, composer and lover of folk culture V\u00edt\u011bzslav Nov\u00e1k in the newly reconstructed <a href=\"https:\/\/www.lvhf.cz\/en\/venues\/cesky-rybnicni-zamecek\/\" target=\"_blank\" rel=\"noopener noreferrer\">Pond Chateau Lednice<\/a>. The venue, as if created for the chamber music, will introduce an ensemble composed of leading representatives of the young Czech artistic generation, <strong>winner of the Czech Chamber Music Society Award 2017,<\/strong> <a href=\"https:\/\/www.lvhf.cz\/en\/concerts\/5th-festival-concert-homage-to-vitezslav-novak\/\" target=\"_blank\" rel=\"noopener noreferrer\"><strong>Lobkowicz Trio<\/strong><\/a>.<\/p>\n<p>&nbsp;<\/p>\n<p><strong>Wed 14 October 2020<\/strong><br>\nEvery festival is worth a little trip. That is why we go to Austria with the <a href=\"https:\/\/www.lvhf.cz\/en\/concerts\/6th-festival-concert-melodies-from-myjava\/\" target=\"_blank\" rel=\"noopener noreferrer\"><strong>FolkloreClassic<\/strong><\/a> ensemble and its \u201cfrontwoman\u201d <strong>Mark\u00e9ta Janou\u0161kov\u00e1<\/strong> to the charming Liechtenstein <a href=\"https:\/\/www.lvhf.cz\/en\/venues\/cesky-zamek-wilfersdorf-rakousko\/\" target=\"_blank\" rel=\"noopener noreferrer\">Chateau Wilfersdorf<\/a>. We will bring the author\u2019s work of FolkloreClassic as well as the vivacious music of <strong>Slovak, Romanian and Hungarian authors and Moravian folk songs<\/strong> and dances arranged by Leo\u0161 Jan\u00e1\u010dek to our southern neighbours on 14th October.<\/p>\n<p>&nbsp;<\/p>\n<p><strong>Fri 16 October 2020<\/strong><br>\n<a href=\"https:\/\/www.lvhf.cz\/en\/venues\/valtice-castle-theatre\/\" target=\"_blank\" rel=\"noopener noreferrer\">The Valtice Castle Theatre<\/a> will welcome a <strong>Spanish guitarist <a href=\"https:\/\/www.lvhf.cz\/en\/concerts\/7th-festival-concert-j-m-sperger\/\" target=\"_blank\" rel=\"noopener noreferrer\">Andrea Gonzalez Caballero<\/a><\/strong> in her Czech debut on 16th October. The <strong>winner of international guitar competitions in Rome and Valencia<\/strong> will introduce the audience with the vivacious compositions by Spanish composers. Her artistic partner of the evening will be the violinist <strong>Ji\u0159\u00ed Partyka<\/strong>.<\/p>\n<p>&nbsp;<\/p>\n<p><strong>Sun 17 October 2020<\/strong><br>\n<a href=\"https:\/\/www.lvhf.cz\/en\/concerts\/8th-festival-concert-final-gala-concert\/\" target=\"_blank\" rel=\"noopener noreferrer\"><strong>\u010cechomor<\/strong><\/a>, the iconic band of these days which has been moving between classical music and Moravian folklore for several decades, will wrap up the jubilee 5th year of LVHF in the historical <a href=\"https:\/\/www.lvhf.cz\/en\/venues\/valtice-castle-riding-hall\/\" target=\"_blank\" rel=\"noopener noreferrer\">Valtice Castle Riding Hall<\/a>. Accompanied by the <strong>Moravian Philharmonic Olomouc<\/strong> and under the baton of the leading Czech conductor, composer and arranger <strong>Jan Ku\u010dera<\/strong>, we will hear the songs from the legendary album \u201cProm\u011bny\u201d (Transformations), complemented by several <strong>new pieces arranged by Adam Sztaba<\/strong>. The ticket includes an invitation to <a href=\"https:\/\/www.lvhf.cz\/en\/concerts\/cesky-doprovodny-program-setkani-s-autorem\/\" target=\"_blank\" rel=\"noopener noreferrer\">a meeting with the prominent painter and graphic artist from the South Moravia Anton\u00edn Vojtek<\/a>.<\/p>\n<p>&nbsp;<\/p>\n<p><strong>Concerts for schools 5 and 6 October<\/strong><br>\nThe excellent <a href=\"https:\/\/www.lvhf.cz\/en\/concerts\/mimoradne-koncerty\/\" target=\"_blank\" rel=\"noopener noreferrer\"><strong>Prague Radio Trio<\/strong><\/a> will take over this year\u2019s four educational concerts in <strong>B\u0159eclav, Valtice, Lednice and Mikulov<\/strong>. And what will the children learn? <strong>The oboe, clarinet and bassoon basics<\/strong> \u2013 what their construction is, what they can do and how to practice them properly and other interesting facts. There will also be space to talk about the importance of the <strong>overall musician training<\/strong> and <strong>concert preparation<\/strong>. And as we read the story, we think together about how music affects us and what emotions it evokes. Compositions by <strong>Anton\u00edn Dvo\u0159\u00e1k<\/strong>, <strong>Bed\u0159ich Smetana<\/strong>, <strong>Wolfgang Amadeus Mozart<\/strong> and <strong>Ludwig van Beethoven<\/strong> will be performed. Concerts are intended for schools as part of teaching. Entrance is <strong>free of charge<\/strong>, but <a href=\"mailto:prodej@lvhf.cz\" target=\"_blank\" rel=\"noopener noreferrer\">seats must be reserved in advance<\/a>.<\/p>\n<p>&nbsp;<\/p>\n<p><strong>Did you choose your concert? You can buy tickets for LVHF 2020 directly on this website <a href=\"https:\/\/www.lvhf.cz\/en\/#program\" target=\"_blank\" rel=\"noopener noreferrer\">in a programme section<\/a>.<br>\nDo you need any advice? Call our customer line +420 777 324 134 or write us at <a href=\"mailto:prodej@lvhf.cz\" target=\"_blank\" rel=\"noopener noreferrer\">prodej@lvhf.cz<\/a>.<\/strong><\/p>\n<p>We are looking forward to seeing you!<br>\nYour festival team<\/p>\n<p>&nbsp;<\/p>\n<p>The LVHF 2020 is being held <strong>under the patronages<\/strong> of Minister of Culture of the Czech Republic <strong>PhDr. Lubom\u00edr Zaor\u00e1lek<\/strong> and the President of the South Moravian Region <strong>JUDr. Bohumil \u0160imek<\/strong>.<\/p>\n<p>&nbsp;<\/p>\n<p><a href=\"https:\/\/www.lvhf.cz\/wp-content\/uploads\/2020\/04\/IMG_5598.jpg\" data-rel=\"lightbox-gallery-Dqw7fZxt\" data-rl_title data-rl_caption><noscript><img decoding=\"async\" class=\"wp-image-8277 alignleft\" title src=\"https:\/\/www.lvhf.cz\/wp-content\/uploads\/2020\/04\/IMG_5598.jpg\" alt=\"IMG 5598\" width=\"331\" height=\"480\" srcset=\"https:\/\/www.lvhf.cz\/wp-content\/uploads\/2020\/04\/IMG_5598.jpg 1673w, https:\/\/www.lvhf.cz\/wp-content\/uploads\/2020\/04\/IMG_5598-276x400.jpg 276w, https:\/\/www.lvhf.cz\/wp-content\/uploads\/2020\/04\/IMG_5598-706x1024.jpg 706w, https:\/\/www.lvhf.cz\/wp-content\/uploads\/2020\/04\/IMG_5598-768x1114.jpg 768w, https:\/\/www.lvhf.cz\/wp-content\/uploads\/2020\/04\/IMG_5598-1059x1536.jpg 1059w, https:\/\/www.lvhf.cz\/wp-content\/uploads\/2020\/04\/IMG_5598-1412x2048.jpg 1412w, https:\/\/www.lvhf.cz\/wp-content\/uploads\/2020\/04\/IMG_5598-207x300.jpg 207w\" sizes=\"(max-width: 331px) 100vw, 331px\"><\/noscript><img decoding=\"async\" class=\"wp-image-8277 alignleft lazyload\" title src=\"data:image\/svg+xml,%3Csvg%20xmlns%3D%22http%3A%2F%2Fwww.w3.org%2F2000%2Fsvg%22%20viewBox%3D%220%200%20331%20480%22%3E%3C%2Fsvg%3E\" alt=\"IMG 5598\" width=\"331\" height=\"480\" srcset=\"data:image\/svg+xml,%3Csvg%20xmlns%3D%22http%3A%2F%2Fwww.w3.org%2F2000%2Fsvg%22%20viewBox%3D%220%200%20331%20480%22%3E%3C%2Fsvg%3E 331w\" sizes=\"(max-width: 331px) 100vw, 331px\" data-srcset=\"https:\/\/www.lvhf.cz\/wp-content\/uploads\/2020\/04\/IMG_5598.jpg 1673w, https:\/\/www.lvhf.cz\/wp-content\/uploads\/2020\/04\/IMG_5598-276x400.jpg 276w, https:\/\/www.lvhf.cz\/wp-content\/uploads\/2020\/04\/IMG_5598-706x1024.jpg 706w, https:\/\/www.lvhf.cz\/wp-content\/uploads\/2020\/04\/IMG_5598-768x1114.jpg 768w, https:\/\/www.lvhf.cz\/wp-content\/uploads\/2020\/04\/IMG_5598-1059x1536.jpg 1059w, https:\/\/www.lvhf.cz\/wp-content\/uploads\/2020\/04\/IMG_5598-1412x2048.jpg 1412w, https:\/\/www.lvhf.cz\/wp-content\/uploads\/2020\/04\/IMG_5598-207x300.jpg 207w\" data-src=\"https:\/\/www.lvhf.cz\/wp-content\/uploads\/2020\/04\/IMG_5598.jpg\"><\/a><\/p>\n<p><a href=\"https:\/\/www.lvhf.cz\/wp-content\/uploads\/2020\/03\/Zastita-hejtman-JMK-scaled-e1584638597431.jpg\" data-rel=\"lightbox-gallery-Dqw7fZxt\" data-rl_title data-rl_caption><noscript><img decoding=\"async\" class=\"wp-image-7643 alignleft\" title src=\"https:\/\/www.lvhf.cz\/wp-content\/uploads\/2020\/03\/Zastita-hejtman-JMK-scaled-e1584638597431.jpg\" alt=\"Zastita hejtman JMK\" width=\"323\" height=\"458\"><\/noscript><img decoding=\"async\" class=\"wp-image-7643 alignleft lazyload\" title src=\"data:image\/svg+xml,%3Csvg%20xmlns%3D%22http%3A%2F%2Fwww.w3.org%2F2000%2Fsvg%22%20viewBox%3D%220%200%20323%20458%22%3E%3C%2Fsvg%3E\" alt=\"Zastita hejtman JMK\" width=\"323\" height=\"458\" data-src=\"https:\/\/www.lvhf.cz\/wp-content\/uploads\/2020\/03\/Zastita-hejtman-JMK-scaled-e1584638597431.jpg\"><\/a><\/p>","protected":false},"excerpt":{"rendered":"<p>&nbsp; Dear classical music fans, Whether you have already experienced the unique, almost family atmosphere of the Lednice|Valtice Music Festival with us, or you are on the festival website for the first time, I warmly welcome you here and thank you for your interest in this music event. As in previous years, we have prepared [&#46;&#46;&#46;]<\/p>\n","protected":false},"author":1,"featured_media":117,"parent":0,"menu_order":72,"comment_status":"closed","ping_status":"closed","template":"","meta":{"footnotes":""},"acf":[],"_links":{"self":[{"href":"https:\/\/www.lvhf.cz\/en\/wp-json\/wp\/v2\/pages\/8"}],"collection":[{"href":"https:\/\/www.lvhf.cz\/en\/wp-json\/wp\/v2\/pages"}],"about":[{"href":"https:\/\/www.lvhf.cz\/en\/wp-json\/wp\/v2\/types\/page"}],"author":[{"embeddable":true,"href":"https:\/\/www.lvhf.cz\/en\/wp-json\/wp\/v2\/users\/1"}],"replies":[{"embeddable":true,"href":"https:\/\/www.lvhf.cz\/en\/wp-json\/wp\/v2\/comments?post=8"}],"version-history":[{"count":118,"href":"https:\/\/www.lvhf.cz\/en\/wp-json\/wp\/v2\/pages\/8\/revisions"}],"predecessor-version":[{"id":10157,"href":"https:\/\/www.lvhf.cz\/en\/wp-json\/wp\/v2\/pages\/8\/revisions\/10157"}],"wp:featuredmedia":[{"embeddable":true,"href":"https:\/\/www.lvhf.cz\/en\/wp-json\/wp\/v2\/media\/117"}],"wp:attachment":[{"href":"https:\/\/www.lvhf.cz\/en\/wp-json\/wp\/v2\/media?parent=8"}],"curies":[{"name":"wp","href":"https:\/\/api.w.org\/{rel}","templated":true}]}}