{"id":13473,"date":"2021-08-30T21:18:36","date_gmt":"2021-08-30T19:18:36","guid":{"rendered":"https:\/\/www.lvhf.cz\/?page_id=13473"},"modified":"2023-07-14T10:26:45","modified_gmt":"2023-07-14T08:26:45","slug":"program-koncertu-delphine-galou-accademia-bizantina","status":"publish","type":"page","link":"https:\/\/www.lvhf.cz\/en\/program-koncertu-delphine-galou-accademia-bizantina\/","title":{"rendered":"Programme Note | Delphine Galou &#038; Accademia Bizantina"},"content":{"rendered":"<p><a href=\"https:\/\/www.lvhf.cz\/wp-content\/uploads\/2021\/09\/bizantina_textyEN.pdf\" target=\"_blank\" rel=\"noopener\">Downloadable lyrics of the vocal-instrumental compositions<\/a><br>\n&nbsp;<\/p>\n<h2>Programme Note<\/h2>\n<p>&nbsp;<br>\n<strong>Antonio Vivaldi<\/strong> (1678\u20131741)<br>\nConcerto for Strings in G minor RV 152<br>\nI. Allegro molto<br>\nII. Andante molto e sempre pianissimo<br>\nIII. Allegro molto<br>\n<br>\nFiliae maestae Jerusalem RV 638 (Introduction to Miserere)<br>\n<br>\nConcerto for Viola d\u2018amore in D minor RV 394<br>\nI. Allegro<br>\nII. Largo<br>\nIII. Allegro<br>\n<br>\nJuditha triumphans RV 644<br>\nTwo arias of Holofernes<br>\n&#8220;Nil arma, nil bella&#8221; (Nen\u00ed zbran\u00ed, nen\u00ed bitvy Keine Waffen keine Schlachten)<br>\n&#8220;Agitata infido flatu&#8221; (Zm\u00edtan\u00e1 zr\u00e1dn\u00fdm v\u011btrem Zerrissen von tr\u00fcgerischem Wind)<br>\n<br>\nConcerto for Strings in B flat major RV 167<br>\nI. Allegro<br>\nII. Andante<br>\nIII. Allegro<br>\n<br>\nConcerto for Violin in E minor RV 279, Op. 4 No. 2 from &#8220;La Stravaganza&#8221;<br>\nI. Allegro<br>\nII. Largo<br>\nIII. Allegro<br>\n<br>\nStabat Mater RV 621<br>\nI. Stabat Mater dolorosa. Largo<br>\nII. Cujus animam gementem. Adagio<br>\nIII. O quam tristis. Andante<br>\nIV. Quis est homo. Largo<br>\nV. Quis non posset. Adagissimo<br>\nVI. Pro peccatis suae gentis<br>\nVII. Eja mater, fons amoris<br>\nVIII. Fac ut ardeat. Lento<br>\nIX. Amen<br>\n<br>\n\u2013 Without Interval \u2013<br>\n&nbsp;<br>\n<strong>Accademia Bizantina<\/strong><br>\n<strong>Alessandro Tampieri<\/strong>, Conductor, Baroque Violin &#038; Viola d\u2019amore<br>\n<strong>Maria Grokhotova<\/strong> &#038; <strong>Lisa Ferguson<\/strong>, 1st Violin<br>\n<strong>Ana Liz Ojeda<\/strong>, <strong>Mauro Massa<\/strong> &#038; <strong>Heriberto Delgado<\/strong>, 2nd Violin<br>\n<strong>Marco Massera<\/strong> &#038; <strong>Alice Bisanti<\/strong>, Viola<br>\n<strong>Alessandro Palemeri<\/strong> &#038; <strong>Paolo Ballanti<\/strong>, Violoncello<br>\n<strong>Nicola Dal Maso<\/strong>, Double-bass<br>\n<strong>Tiziano Bagnati<\/strong>, Lute<br>\n<strong>Valeria Montanari<\/strong>, Harpsichord<br>\n<br>\n<strong>Delphine Galou<\/strong>, Contralto<br>\n&nbsp;<\/p>\n<h2>Delphine Galou<\/h2>\n<p>&nbsp;<br>\nThe native Parisian Delphine Galou, the \u201cDiscovery of the Year 2004\u201d by the French association ADAMI, started her career in Jeunes Voix du Rhin (The Young Voices of the Rhine). The fortunate decision to specialize in the&nbsp;interpretation of early music brought this French contralto with a distinctive voice to the ensembles such as Venice Baroque Orchestra (Andrea Marcon), Les&nbsp;Arts Florissants (Jonathan Cohen), Le&nbsp;Concert des Nations (Jordi Savall), Ensemble Matheus (Jean-Christophe Spinosi ), Les&nbsp;Musiciens du Louvre (Marc Minkowski), Collegium 1704 (V\u00e1clav Luks) or Les&nbsp;Talents Lyriques (Christophe Rousset). Her career is flourished by the performances at Royal Opera in London, Th\u00e9\u00e2tre des Champs-Elys\u00e9es in Paris, Berlin State Opera, Theater an der Wien and Lincoln Center in New York. Delphine Galou\u2019s repertoire includes many works by Antonio Vivaldi \u2013 besides the oratorio <em>Juditha triumphans<\/em> the operas <em>Orlando furioso<\/em>, <em>L\u2019incoronazione di Dario<\/em>, <em>Teuzzone<\/em> (recording with Jordi Savall for the Na\u00efve) or <em>Orlando 1714<\/em> (recording with Federico Maria Sardelli for the Na\u00efve as well). Her voice also appears on the prestigious Deutsche Grammophon label. Delphine Galou\u2019s collaboration with the&nbsp;Accademia Bizantina is very rich and successful. In 2018, together they won the Gramophone Award in the &#8220;Recital&#8221; category for the album <em>Agitata<\/em>.<br>\n&nbsp;<\/p>\n<h2>Alessandro Tampieri<\/h2>\n<p>&nbsp;<br>\nThe concert master of Accademia Bizantina Alessandro Tampieri says: \u201cI have never been carried away by the technical possibilities of instruments, their virtuosity, even in the case of the violin. I love music in its purest form.\u201d He&nbsp;became a&nbsp;member of the&nbsp;orchestra at the age of fifteen and gradually matured into a&nbsp;top artist under the&nbsp;direction of Ottavio Dantone. \u201cHe is a&nbsp;musician with the&nbsp;clearest musical vision I have ever met. Authentic character,\u201d Tampieri says about Dantone. Tampieri\u2019s interest in early music interpretation led him to collaborate with other top Baroque ensembles and soloists, such as Il&nbsp;Giardino Armonico, L\u2019Arpeggiata, Enrico Onofri, Philippe Jaroussky and Vittorio Ghielmi. He also studies viola and viola d\u2019amore. His recording of Vivaldi\u2019s viola d\u2019amore concertos and \u201cPer&nbsp;il&nbsp;Castello\u201d violin concertos with Accademia Bizantina adorns the&nbsp;<em>Vivaldi Edition<\/em> collection by Na\u00efve. Alessandro Tampieri is a&nbsp;professor at Gioacchino Rossini Conservatory in Pesaro.<br>\n&nbsp;<\/p>\n<h2>Accademia Bizantina<\/h2>\n<p>&nbsp;<br>\nThe French Diapason d\u2019Or, British Gramophone Award, Prix Classica and nominations for the&nbsp;Grammy Music Award are just fundaments of the international successes of the Italian ensemble Accademia Bizantina. The ensemble was founded in 1983 in Ravenna with the&nbsp;aim to interpret the&nbsp;music for string orchestra in a&nbsp;chamber manner. This philosophy, combined with the&nbsp;deep study and artistic commitment of the&nbsp;all ensemble members, made Accademia Bizantina one of the&nbsp;most remarkable chamber orchestras playing at&nbsp;historical instruments and specialized in 17th&nbsp;to 19th&nbsp;century music. Its performances bear the features of the most glamorous Italian musical tradition. Since 1996, he has been artistically growing under the&nbsp;direction of harpsichordist and conductor Ottavio Dantone, who led Accademia Bizantina among the&nbsp;most prestigious baroque ensembles in the&nbsp;world setting trends and behind the rediscovery of many forgotten gems, especially in the&nbsp;field of baroque opera and oratorio. Accademia Bizantina records for Decca, Harmonia Mundi and Na\u00efve. This year the ensemble was nominated for the Gramophone Classical Music Awards in the &#8220;Orchestra of the Year&#8221; category.<br>\n&nbsp;<\/p>\n<div class=\"container\">\n<div class=\"row show-grid\">\n<div class=\"col-sm-6 col-md-4-5 col-lg-1-5\">\n<p>&nbsp;<\/p>\n<h4>Principal Concert Partner<\/h4>\n<p><a href=\"https:\/\/www.firmaplus.cz\" target=\"_blank\" rel=\"noopener noreferrer\"><noscript><img decoding=\"async\" style=\"width: 100%;\" src=\"https:\/\/www.lvhf.cz\/wp-content\/uploads\/2021\/03\/orez_plus.png\" alt><\/noscript><img decoding=\"async\" style=\"width: 100%;\" src=\"data:image\/gif;base64,R0lGODlhAQABAIAAAAAAAP\/\/\/yH5BAEAAAAALAAAAAABAAEAAAIBRAA7\" alt data-src=\"https:\/\/www.lvhf.cz\/wp-content\/uploads\/2021\/03\/orez_plus.png\" class=\" lazyload\"><\/a><\/p>\n<\/div>\n<div class=\"col-sm-6 col-md-5-5 col-lg-1-5\">\n<p>&nbsp;<\/p>\n<h4>Concert Partner<\/h4>\n<p><a href=\"http:\/\/www.lednice.cz\/cs\/\" target=\"_blank\" rel=\"noopener noreferrer\"><noscript><img decoding=\"async\" style=\"width: 20%;\" src=\"https:\/\/www.lvhf.cz\/wp-content\/uploads\/2021\/03\/lednice_logo-text.jpg\" alt><\/noscript><img decoding=\"async\" style=\"width: 20%;\" src=\"data:image\/gif;base64,R0lGODlhAQABAIAAAAAAAP\/\/\/yH5BAEAAAAALAAAAAABAAEAAAIBRAA7\" alt data-src=\"https:\/\/www.lvhf.cz\/wp-content\/uploads\/2021\/03\/lednice_logo-text.jpg\" class=\" lazyload\"><\/a><\/p>\n<\/div>\n<div class=\"col-sm-6 col-md-3-5 col-lg-1-5\">\n<p>&nbsp;<\/p>\n<h4>Supported by<\/h4>\n<p><a href=\"https:\/\/iicpraga.esteri.it\/iic_praga\/cs\/\" target=\"_blank\" rel=\"noopener noreferrer\"><noscript><img decoding=\"async\" style=\"width: 40%;\" src=\"https:\/\/www.lvhf.cz\/wp-content\/uploads\/2021\/03\/orez_IIC-colore-praga-e1614665649681.png\" alt><\/noscript><img decoding=\"async\" style=\"width: 40%;\" src=\"data:image\/gif;base64,R0lGODlhAQABAIAAAAAAAP\/\/\/yH5BAEAAAAALAAAAAABAAEAAAIBRAA7\" alt data-src=\"https:\/\/www.lvhf.cz\/wp-content\/uploads\/2021\/03\/orez_IIC-colore-praga-e1614665649681.png\" class=\" lazyload\"><\/a>&emsp;&emsp;<a href=\"https:\/\/www.ater.emr.it\/it\" target=\"_blank\" rel=\"noopener noreferrer\"><noscript><img decoding=\"async\" style=\"width: 35%;\" src=\"https:\/\/www.lvhf.cz\/wp-content\/uploads\/2021\/09\/Logo-ATER.jpg\" alt><\/noscript><img decoding=\"async\" style=\"width: 35%;\" src=\"data:image\/gif;base64,R0lGODlhAQABAIAAAAAAAP\/\/\/yH5BAEAAAAALAAAAAABAAEAAAIBRAA7\" alt data-src=\"https:\/\/www.lvhf.cz\/wp-content\/uploads\/2021\/09\/Logo-ATER.jpg\" class=\" lazyload\"><\/a><\/p>\n<\/div>\n<div class=\"col-sm-6 col-md-2-5 col-lg-1-5\">\n<p>&nbsp;<\/p>\n<h4>In cooperation<\/h4>\n<p><a href=\"https:\/\/www.zamek-lednice.com\/cs\" target=\"_blank\" rel=\"noopener noreferrer\"><noscript><img decoding=\"async\" style=\"width: 45%;\" src=\"https:\/\/www.lvhf.cz\/wp-content\/uploads\/2021\/03\/zamek-lednice.jpg\" alt><\/noscript><img decoding=\"async\" style=\"width: 45%;\" src=\"data:image\/gif;base64,R0lGODlhAQABAIAAAAAAAP\/\/\/yH5BAEAAAAALAAAAAABAAEAAAIBRAA7\" alt data-src=\"https:\/\/www.lvhf.cz\/wp-content\/uploads\/2021\/03\/zamek-lednice.jpg\" class=\" lazyload\"><\/a><\/p>\n<\/div>\n<div class=\"col-sm-6 col-md-4-5 col-lg-1-5\">\n<p>&nbsp;<\/p>\n<h4>Winery of the Concert<\/h4>\n<p><a href=\"https:\/\/domaineeisgrub.com\" target=\"_blank\" rel=\"noopener\"><noscript><img decoding=\"async\" class=\"alignnone wp-image-12460\" src=\"https:\/\/www.lvhf.cz\/wp-content\/uploads\/2021\/03\/vinarstvi-Domeine-Eisgrub-barva-1024x569.png\" alt width=\"478\" height=\"266\" srcset=\"https:\/\/www.lvhf.cz\/wp-content\/uploads\/2021\/03\/vinarstvi-Domeine-Eisgrub-barva-1024x569.png 1024w, https:\/\/www.lvhf.cz\/wp-content\/uploads\/2021\/03\/vinarstvi-Domeine-Eisgrub-barva-400x222.png 400w, https:\/\/www.lvhf.cz\/wp-content\/uploads\/2021\/03\/vinarstvi-Domeine-Eisgrub-barva-768x427.png 768w, https:\/\/www.lvhf.cz\/wp-content\/uploads\/2021\/03\/vinarstvi-Domeine-Eisgrub-barva-504x280.png 504w, https:\/\/www.lvhf.cz\/wp-content\/uploads\/2021\/03\/vinarstvi-Domeine-Eisgrub-barva-720x400.png 720w, https:\/\/www.lvhf.cz\/wp-content\/uploads\/2021\/03\/vinarstvi-Domeine-Eisgrub-barva.png 1130w\" sizes=\"(max-width: 478px) 100vw, 478px\"><\/noscript><img decoding=\"async\" class=\"alignnone wp-image-12460 lazyload\" src=\"data:image\/svg+xml,%3Csvg%20xmlns%3D%22http%3A%2F%2Fwww.w3.org%2F2000%2Fsvg%22%20viewBox%3D%220%200%20478%20266%22%3E%3C%2Fsvg%3E\" alt width=\"478\" height=\"266\" srcset=\"data:image\/svg+xml,%3Csvg%20xmlns%3D%22http%3A%2F%2Fwww.w3.org%2F2000%2Fsvg%22%20viewBox%3D%220%200%20478%20266%22%3E%3C%2Fsvg%3E 478w\" sizes=\"(max-width: 478px) 100vw, 478px\" data-srcset=\"https:\/\/www.lvhf.cz\/wp-content\/uploads\/2021\/03\/vinarstvi-Domeine-Eisgrub-barva-1024x569.png 1024w, https:\/\/www.lvhf.cz\/wp-content\/uploads\/2021\/03\/vinarstvi-Domeine-Eisgrub-barva-400x222.png 400w, https:\/\/www.lvhf.cz\/wp-content\/uploads\/2021\/03\/vinarstvi-Domeine-Eisgrub-barva-768x427.png 768w, https:\/\/www.lvhf.cz\/wp-content\/uploads\/2021\/03\/vinarstvi-Domeine-Eisgrub-barva-504x280.png 504w, https:\/\/www.lvhf.cz\/wp-content\/uploads\/2021\/03\/vinarstvi-Domeine-Eisgrub-barva-720x400.png 720w, https:\/\/www.lvhf.cz\/wp-content\/uploads\/2021\/03\/vinarstvi-Domeine-Eisgrub-barva.png 1130w\" data-src=\"https:\/\/www.lvhf.cz\/wp-content\/uploads\/2021\/03\/vinarstvi-Domeine-Eisgrub-barva-1024x569.png\"><\/a><\/p>\n<p>&nbsp;<\/p>\n<\/div>\n<\/div>\n<\/div>\n<p>&nbsp;<\/p>","protected":false},"excerpt":{"rendered":"<p>Downloadable lyrics of the vocal-instrumental compositions &nbsp; Programme Note &nbsp; Antonio Vivaldi (1678\u20131741) Concerto for Strings in G minor RV 152 I. Allegro molto II. Andante molto e sempre pianissimo III. Allegro molto Filiae maestae Jerusalem RV 638 (Introduction to Miserere) Concerto for Viola d\u2018amore in D minor RV 394 I. Allegro II. Largo III. [&#46;&#46;&#46;]<\/p>\n","protected":false},"author":2,"featured_media":0,"parent":0,"menu_order":117,"comment_status":"closed","ping_status":"closed","template":"","meta":{"footnotes":""},"acf":[],"_links":{"self":[{"href":"https:\/\/www.lvhf.cz\/en\/wp-json\/wp\/v2\/pages\/13473"}],"collection":[{"href":"https:\/\/www.lvhf.cz\/en\/wp-json\/wp\/v2\/pages"}],"about":[{"href":"https:\/\/www.lvhf.cz\/en\/wp-json\/wp\/v2\/types\/page"}],"author":[{"embeddable":true,"href":"https:\/\/www.lvhf.cz\/en\/wp-json\/wp\/v2\/users\/2"}],"replies":[{"embeddable":true,"href":"https:\/\/www.lvhf.cz\/en\/wp-json\/wp\/v2\/comments?post=13473"}],"version-history":[{"count":15,"href":"https:\/\/www.lvhf.cz\/en\/wp-json\/wp\/v2\/pages\/13473\/revisions"}],"predecessor-version":[{"id":13877,"href":"https:\/\/www.lvhf.cz\/en\/wp-json\/wp\/v2\/pages\/13473\/revisions\/13877"}],"wp:attachment":[{"href":"https:\/\/www.lvhf.cz\/en\/wp-json\/wp\/v2\/media?parent=13473"}],"curies":[{"name":"wp","href":"https:\/\/api.w.org\/{rel}","templated":true}]}}