{"id":13469,"date":"2021-08-30T21:16:58","date_gmt":"2021-08-30T19:16:58","guid":{"rendered":"https:\/\/www.lvhf.cz\/?page_id=13469"},"modified":"2023-07-14T10:26:45","modified_gmt":"2023-07-14T08:26:45","slug":"program-koncertu-javier-lupianez-ensemble-scaramuccia","status":"publish","type":"page","link":"https:\/\/www.lvhf.cz\/en\/program-koncertu-javier-lupianez-ensemble-scaramuccia\/","title":{"rendered":"Programme Note | Javier Lupi\u00e1\u00f1ez &#038; Ensemble Scaramuccia"},"content":{"rendered":"<p><\/p>\n<h2>Programme Note<\/h2>\n<p>&nbsp;<br>\n<strong>Antonio Vivaldi<\/strong> (1678\u20131741)<br>\nSonata in D major RV 810<br>\nI. Andante<br>\nII. Allegro<br>\nIII. Largo<br>\nIV. Allegro<br>\n<br>\nSonata in A major RV 205\/2<br>\nI. Adagio<br>\nII. Allegro<br>\nIII. Largo<br>\nIV. Allegro<br>\n<br>\nSonata in D majorRV 10<br>\nI. Allegro<br>\nII. Allegro<br>\nIII. Adagio<br>\nIV. Allegro<br>\n<br>\nTrio Sonata in G major RV 820<br>\nI. (Allegro)<br>\nII. Adagio<br>\nIII. Violino solo (Preludio) \u2013 Adagio \u2013 (Corrente)<br>\nIV. Violoncello solo Adagio \u2013 (Gigue)<br>\nV. Allegro<br>\n<br>\nSonata in C major RV 815<br>\nI. Allegro<br>\nII. Largo<br>\nIII. Allegro<br>\n<br>\nSonata in D major RV 816<br>\nI. Allegro<br>\nII. Allegro<br>\nIII. Largo<br>\nIV. Allegro<br>\n<br>\n\u2013 Without Interval \u2013<br>\n&nbsp;<br>\n<strong>Ensemble Scaramuccia<\/strong><br>\n<strong>Javier Lupi\u00e1\u00f1ez<\/strong>, Baroque Violin &#038; Artistic Leader<br>\n<strong>In\u00e9s Salinas<\/strong>, Baroque Violoncello<br>\n<strong>Patr\u00edcia Vint\u00e9m<\/strong>, Harpsichord<br>\n&nbsp;<\/p>\n<h2>Javier Lupi\u00e1\u00f1ez<\/h2>\n<p>&nbsp;<br>\nViolinist, musicologist, educator and co-founder of Snakewood Editions Javier Lupi\u00e1\u00f1ez is undoubtedly one of the most prominent figures in the contemporary Spanish early music scene. A graduate of Royal Conservatory in Hague (Baroque Violin) and University of Salamanca (Musicology), he first founded the ensemble Les Esprits Animaux in 2009, with which he won the first prize at van Wassenaer International Competition in 2016, and then Ensemble Scaramuccia in 2013. It is the search for a unique repertoire for Ensemble Scaramuccia that is behind his research activities and interest in the Johann Georg Pisendel\u2019s Dresden estate from so-called <em>Schrank II<\/em>, the result of which was the discovery of two Vivaldi sonatas <em>RV 820<\/em> and <em>RV 205\/2<\/em>. However, Javier Lupi\u00e1\u00f1ez is not only an avid music researcher, but also an excellent baroque violin player, who is described by critics as a violinist of \u201cthe warm, expressive and songful performing with unprecedented virtuosity\u201d (Early Music Review). As a soloist or concert master, he has collaborated with the European Baroque Academy in Ambronay, Concerto Royal K\u00f6ln and Italian Academia Montis Regalis. In fact, he has travelled across all over Europe and given concerts in Japan and the USA as well. He has led master classes in Austria (Mozarteum Salzburg), Italy (Baroque Music Conference in Cremona), the Netherlands (Musica Antica Festival) and Ukraine (Haliciana Schola Cantorum in Lviv). Lupi\u00e1\u00f1ez is completely absorbed in Vivaldi. He has published several articles in the prestigious yearbook Studi Vivaldiani and is currently writing a doctoral thesis on \u201cAntonio Vivaldi and the Forgotten Art of an Improvisation\u201d at University of Guanajuato. He plays a Dutch instrument from the workshop of Gijsbert Verbeek from 1682, kindly borrowed from a collection of Dutch Musical Instruments Foundation.<br>\n&nbsp;<\/p>\n<h2>Ensemble Scaramuccia<\/h2>\n<p>&nbsp;<br>\nSincerity combined with an intellectual approach. These are the characteristic features of the Ensemble Scaramuccia musical speech. Founded in 2013 by the violinist Javier Lupi\u00e1\u00f1ez, Ensemble Scaramuccia made its debut at the prestigious MA festival in Bruges and Utrecht. Since then, the ensemble has built a strong position, especially on concert stages in Belgium, the Netherlands, Spain, Italy and the United Kingdom. In addition to the violinist Javier Lupi\u00e1\u00f1ez, it consists of cellist and viola da gamba player In\u00e9s Salinas and harpsichordist Patr\u00edcia Vint\u00e9m. In 2018, the ensemble attracted an international attention with a self-produced recording called <em>1717. Memories of a Journey to Italy<\/em> for which it was nominated for the International Classical Music Award (ICMA) 2019. Regarding this recording, Brian Robins stated for Early Music Review: &#8220;Fascinating CD showing the extraordinary technical maturity of the players and their unprecedented sense of interplay.\u201d In December 2020, Ensemble Scaramuccia released his latest album <em>Pisendel. Neue Sonaten<\/em> on Snakewood Editions, where Lupi\u00e1\u00f1ez used his discoveries from the Pisendel Collection from Dresden. The album received six nominations for the Opus Klassik Award.<br>\n&nbsp;<\/p>\n<div class=\"container\">\n<div class=\"row show-grid\">\n<div class=\"col-sm-6 col-md-4-5 col-lg-1-5\">\n<p>&nbsp;<\/p>\n<h4>Concert Partner<\/h4>\n<p><a href=\"https:\/\/www.stomma.cz\" target=\"_blank\" rel=\"noopener noreferrer\"><noscript><img decoding=\"async\" style=\"width: 80%;\" src=\"https:\/\/www.lvhf.cz\/wp-content\/uploads\/2021\/03\/stomma-highres-new.png\" alt><\/noscript><img decoding=\"async\" style=\"width: 80%;\" src=\"data:image\/gif;base64,R0lGODlhAQABAIAAAAAAAP\/\/\/yH5BAEAAAAALAAAAAABAAEAAAIBRAA7\" alt data-src=\"https:\/\/www.lvhf.cz\/wp-content\/uploads\/2021\/03\/stomma-highres-new.png\" class=\" lazyload\"><\/a><\/p>\n<\/div>\n<div class=\"col-sm-6 col-md-5-5 col-lg-1-5\">\n<p>&nbsp;<\/p>\n<h4>Concert Partner<\/h4>\n<p><a href=\"https:\/\/www.valtice.eu\" target=\"_blank\" rel=\"noopener noreferrer\"><noscript><img decoding=\"async\" style=\"width: 20%;\" src=\"https:\/\/www.lvhf.cz\/wp-content\/uploads\/2021\/03\/valtice_logo-text.jpg\" alt><\/noscript><img decoding=\"async\" style=\"width: 20%;\" src=\"data:image\/gif;base64,R0lGODlhAQABAIAAAAAAAP\/\/\/yH5BAEAAAAALAAAAAABAAEAAAIBRAA7\" alt data-src=\"https:\/\/www.lvhf.cz\/wp-content\/uploads\/2021\/03\/valtice_logo-text.jpg\" class=\" lazyload\"><\/a><\/p>\n<\/div>\n<div class=\"col-sm-6 col-md-3-5 col-lg-1-5\">\n<p>&nbsp;<\/p>\n<h4>In cooperation<\/h4>\n<p><a href=\"https:\/\/www.accioncultural.es\" target=\"_blank\" rel=\"noopener noreferrer\"><noscript><img decoding=\"async\" style=\"width: 60%;\" src=\"https:\/\/www.lvhf.cz\/wp-content\/uploads\/2021\/07\/ACE_V_orez.jpg\" alt><\/noscript><img decoding=\"async\" style=\"width: 60%;\" src=\"data:image\/gif;base64,R0lGODlhAQABAIAAAAAAAP\/\/\/yH5BAEAAAAALAAAAAABAAEAAAIBRAA7\" alt data-src=\"https:\/\/www.lvhf.cz\/wp-content\/uploads\/2021\/07\/ACE_V_orez.jpg\" class=\" lazyload\"><\/a><\/p>\n<\/div>\n<div class=\"col-sm-6 col-md-3-5 col-lg-1-5\">\n<p>&nbsp;<\/p>\n<h4>In cooperation<\/h4>\n<p><a href=\"https:\/\/www.zamek-valtice.cz\/cs\" target=\"_blank\" rel=\"noopener noreferrer\"><noscript><img decoding=\"async\" style=\"width: 50%;\" src=\"https:\/\/www.lvhf.cz\/wp-content\/uploads\/2021\/03\/orez_zamek-valtice.jpg\" alt><\/noscript><img decoding=\"async\" style=\"width: 50%;\" src=\"data:image\/gif;base64,R0lGODlhAQABAIAAAAAAAP\/\/\/yH5BAEAAAAALAAAAAABAAEAAAIBRAA7\" alt data-src=\"https:\/\/www.lvhf.cz\/wp-content\/uploads\/2021\/03\/orez_zamek-valtice.jpg\" class=\" lazyload\"><\/a><\/p>\n<\/div>\n<div class=\"col-sm-6 col-md-2-5 col-lg-1-5\">\n<p>&nbsp;<\/p>\n<h4>Winery of the Concert<\/h4>\n<p><a href=\"https:\/\/www.vinarstviplener.cz\/cs\/\" target=\"_blank\" rel=\"noopener noreferrer\"><noscript><img decoding=\"async\" style=\"width: 65%;\" src=\"https:\/\/www.lvhf.cz\/wp-content\/uploads\/2021\/03\/orez_plener.png\" alt><\/noscript><img decoding=\"async\" style=\"width: 65%;\" src=\"data:image\/gif;base64,R0lGODlhAQABAIAAAAAAAP\/\/\/yH5BAEAAAAALAAAAAABAAEAAAIBRAA7\" alt data-src=\"https:\/\/www.lvhf.cz\/wp-content\/uploads\/2021\/03\/orez_plener.png\" class=\" lazyload\"><\/a><\/p>\n<\/div>\n<\/div>\n<\/div>\n<p>&nbsp;<br>\n<\/p>","protected":false},"excerpt":{"rendered":"<p>Programme Note &nbsp; Antonio Vivaldi (1678\u20131741) Sonata in D major RV 810 I. Andante II. Allegro III. Largo IV. Allegro Sonata in A major RV 205\/2 I. Adagio II. Allegro III. Largo IV. Allegro Sonata in D majorRV 10 I. Allegro II. Allegro III. Adagio IV. Allegro Trio Sonata in G major RV 820 I. [&#46;&#46;&#46;]<\/p>\n","protected":false},"author":2,"featured_media":0,"parent":0,"menu_order":120,"comment_status":"closed","ping_status":"closed","template":"","meta":{"footnotes":""},"acf":[],"_links":{"self":[{"href":"https:\/\/www.lvhf.cz\/en\/wp-json\/wp\/v2\/pages\/13469"}],"collection":[{"href":"https:\/\/www.lvhf.cz\/en\/wp-json\/wp\/v2\/pages"}],"about":[{"href":"https:\/\/www.lvhf.cz\/en\/wp-json\/wp\/v2\/types\/page"}],"author":[{"embeddable":true,"href":"https:\/\/www.lvhf.cz\/en\/wp-json\/wp\/v2\/users\/2"}],"replies":[{"embeddable":true,"href":"https:\/\/www.lvhf.cz\/en\/wp-json\/wp\/v2\/comments?post=13469"}],"version-history":[{"count":11,"href":"https:\/\/www.lvhf.cz\/en\/wp-json\/wp\/v2\/pages\/13469\/revisions"}],"predecessor-version":[{"id":13876,"href":"https:\/\/www.lvhf.cz\/en\/wp-json\/wp\/v2\/pages\/13469\/revisions\/13876"}],"wp:attachment":[{"href":"https:\/\/www.lvhf.cz\/en\/wp-json\/wp\/v2\/media?parent=13469"}],"curies":[{"name":"wp","href":"https:\/\/api.w.org\/{rel}","templated":true}]}}