{"id":13463,"date":"2021-08-30T21:13:08","date_gmt":"2021-08-30T19:13:08","guid":{"rendered":"https:\/\/www.lvhf.cz\/?page_id=13463"},"modified":"2023-07-14T10:26:45","modified_gmt":"2023-07-14T08:26:45","slug":"program-koncertu-collegium-1704-collegium-vocale-1704","status":"publish","type":"page","link":"https:\/\/www.lvhf.cz\/en\/program-koncertu-collegium-1704-collegium-vocale-1704\/","title":{"rendered":"Programme Note | Collegium 1704 &#038; Collegium Vocale 1704"},"content":{"rendered":"<p><a href=\"https:\/\/www.lvhf.cz\/wp-content\/uploads\/2021\/09\/texty_23.09._EN.pdf\" target=\"_blank\" rel=\"noopener\">Downloadable lyrics of the vocal-instrumental compositions<\/a><br>\n&nbsp;<br>\n<strong>Antonio Vivaldi<\/strong> (1678\u20131741)<br>\nLaetatus sum RV 607<br>\n<br>\nLaudate pueri RV 600<br>\nI. Laudate pueri<br>\nII. Sit nomen Domini<br>\nIII. A solis ortu usque ad occasum<br>\nIV. Excelsus super omnes gentes<br>\nV. Quis sicut Dominus<br>\nVI. Suscitans a terra inopem<br>\nVII. Ut collocet eum<br>\nVIII. Gloria Patri<br>\nIX. Laudate pueri \u2013 Sicut erat in principio<br>\nX. Amen<br>\n<br>\nSolo: <strong>Tereza Zimkov\u00e1<\/strong>, Soprano<br>\n<strong>Ivan Iliev<\/strong>, Violin<br>\n<br>\n\u2013 Interval \u2013<br>\n<br>\n<strong>Johann Melchior Pichler<\/strong> (1695\u20131776)<br>\nConcertino in G major (contemporary world premiere)<br>\nI. Vivace<br>\nII. Adagio<br>\nIII. Allegro<br>\nIV. Menuetto I, II<br>\n<br>\nSolo: <strong>Katharina Andres<\/strong>, Oboe<br>\n&nbsp;<br>\n<strong>Antonio Vivaldi<\/strong><br>\nDixit Dominus RV 595<br>\nI. Dixit Dominus, Domino meo<br>\nII. Donec ponam inimicos tuos<br>\nIII. Virgam virtutis tuae<br>\nIV. Tecum principium<br>\nV. Juravit Dominus<br>\nVI. Dominus a dextris tuis<br>\nVII. Judicabit in nationibus<br>\nVIII. De torrente in via bibet<br>\nIX. Gloria Patri<br>\nX. Sicut erat in principio<br>\nXI. Et in saecula saeculorum<br>\n<br>\n<strong>Helena Hozov\u00e1<\/strong>, Soprano<br>\n<strong>Kamila Zbo\u0159ilov\u00e1<\/strong>, Soprano<br>\n<strong>Aneta Petrasov\u00e1<\/strong>, Alto<br>\n<strong>Tom\u00e1\u0161 Lajtkep<\/strong>, Tenor<br>\n<strong>Michal Dembinski<\/strong>, Bass<br>\n&nbsp;<br>\n<strong>Collegium 1704<\/strong><br>\n<strong>Collegium Vocale 1704<\/strong><br>\n<strong>V\u00e1clav Luks<\/strong>, Conductor<br>\n&nbsp;<\/p>\n<h2>Collegium 1704 &#038; Collegium Vocale 1704<\/h2>\n<p>&nbsp;<br>\nThe harpsichordist and conductor V\u00e1clav Luks founded the Prague baroque orchestra Collegium 1704 and vocal ensemble Collegium Vocale 1704 on the occasion of the project Bach \u2014 Prague \u2014 2005. In 2008, Music Bridge Prague \u2014 Dresden began, bringing together the two cities\u2019 wealth of cultural traditions. Collaborations with such world-famous soloists as Magdalena Ko\u017een\u00e1 and Vivica Genaux in 2012 led seamlessly to a second Collegium 1704 concert series at the Rudolfinum in Prague. Since autumn 2015, the two cycles have been merged into a single concert season that continues to take place in parallel in Prague and Dresden.<br>\n&nbsp;<br>\nIn the field of opera, Collegium 1704 followed up on the international successes of its production of Handel\u2019s <em>Rinaldo<\/em> with performances of Myslive\u010dek\u2019s <em>L\u2019olimpiade<\/em>, nominated for the 2014 International Opera Award, and of Vivaldi\u2019s <em>Arsilda<\/em> in modern-era world premiere. Recently, it has received invitations from such prestigious presenters and concert halls as Salzburger Festspiele, Berliner Philharmonie, London\u2019s Wigmore Hall, Theater an der Wien, Lucerne Festival, BOZAR in Brussels, Chopin Festival in Warsaw, Elbphilharmonie in Hamburg, Zaryade in Moscow, and it is an ensemble-in-residence at the Op\u00e9ra Royal in Versailles and at festivals Oude Muziek in Utrecht and the Leipzig Bachfest. In May 2021, Collegium 1704 opened the international music festival Prague Spring with a performance of Smetana\u2019s My Country.<br>\n&nbsp;<br>\nIn 2014, Collegium 1704 collaborated with Bejun Mehta on a DVD of Gluck\u2019s opera <em>Orfeo ed Euridice<\/em> with the stage director Ond\u0159ej Havelka and with Rolando Villaz\u00f3n on the making of the BBC 2 documentary Mozart in Prague. The ensemble participated in the shooting of the feature film <em>Il Boemo<\/em> (director Petr V\u00e1clav) about the life of Josef Myslive\u010dek, which will be premiered in December 2021.<br>\n&nbsp;<br>\nTheir recordings are popular with both listeners and music critics (Diapason d\u2019Or, CD of the Month &#038; Editor\u2019s Choice, and nominations for CD of the Year by Gramophone). Among their successful CD recordings have been Myslive\u010dek\u2019s violin concertos, Bach\u2019s <em>B Minor Mass<\/em>, Zelenka\u2019s Sonatas and <em>Missa Divi Xaverii<\/em>. Their most important recent achievements include the first complete Czech recording of Handel\u2019s <em>Messiah<\/em> and a 3-CD with Rameau\u2019s opera <em>Les Bor\u00e9ades<\/em>, which won the Troph\u00e9es 2020 award for the best opera release of the year.<br>\n&nbsp;<br>\n<strong>\u2026 and why 1704?<\/strong> <br>\n1704 is a year  of special significance for Jan Dismas Zelenka, our \u201ccomposer laureate\u201d. In August 1704, the church of St. Nicholas in Prague witnessed the magnificent performance of the Jesuit play <em>Via Laureata <\/em>with Zelenka\u2019s music. As we know next to nothing about Zelenka\u2019s previous life, this event heralds the arrival of the greatest genius of Czech Baroque music, who was also one of the most original composers in history.<\/p>\n<p>&nbsp;<\/p>\n<h2>V\u00e1clav Luks<\/h2>\n<p>&nbsp;<br>\nV\u00e1clav Luks studied at the Pilsen Conservatoire, the Academy of Performing Arts in Prague, and crowned his training with the specialised study of early music at the Schola Cantorum Basiliensis in Switzerland in the studios of J\u00f6rg-Andreas B\u00f6tticher and Jesper Christensen in the fields of historical keyboard instruments and historical performance practice. During his studies in Basel and in the years that followed, he gave concerts all over Europe and overseas as the principal horn player of the Akademie f\u00fcr Alte Musik in Berlin.<br>\n&nbsp;<br>\nAfter returning from abroad in 2005, he transformed the chamber ensemble Collegium 1704, which he had already established during his studies, into a baroque orchestra, and he founded the vocal ensemble Collegium Vocale 1704.<br>\n&nbsp;<br>\nUnder his leadership, the ensembles perform at prestigious festivals and at renowned concert halls. Their recordings have earned both public success and critical acclaim, including awards such as Troph\u00e9es, Diapason d\u2019Or, and Preis der deutschen Schallplattenkritik.<br>\n&nbsp;<br>\nIn addition to his intensive work with Collegium 1704, V\u00e1clav Luks also collaborates with other distinguished ensembles including the Netherlands Bach Society, Orchestre Philharmonique de Monte-Carlo, Camerata Salzburg, the Akademie f\u00fcr Alte Musik in Berlin, La Cetra Barockorchester Basel, and the Dresdner Kammerchor. At a benefit concert for the restoration of the Cath\u00e9drale Notre-Dame de Paris, V\u00e1clav Luks conducted the Orchestre nationale de France. The French radio station France Musique devoted five episodes of the programme Grands interpretes de la musique classique to V\u00e1clav Luks in 2021. In May 2021, he conducted Collegium 1704 in the opening concert of the international festival Prague Spring.<br>\n&nbsp;<br>\nHe has worked with internationally renowned soloists including Karina Gauvin, Vivica Genaux, Ann Hallenberg, Martina Jankov\u00e1, Philippe Jaroussky, Magdalena Ko\u017een\u00e1, Bejun Mehta, Sarah Mingardo, Adam Plachetka, and Andreas Sch\u00f6ll.<br>\n&nbsp;<br>\nV\u00e1clav Luks has collaborated on operatic and theatrical performances with such stage directors as Willi Decker, Ond\u0159ej Havelka, Ursel Herrmann, Ji\u0159\u00ed He\u0159man, Louise Moaty, J. A. Pit\u00ednsk\u00fd, and David Radok. Under his direction, Collegium 1704 recorded the music for Petr V\u00e1clav\u2019s documentary Zpov\u011b\u010f zapomenut\u00e9ho (Confession of the Vanished) and for his upcoming feature film <em>Il Boemo<\/em> about the life of Josef Myslive\u010dek, where V\u00e1clav Luks also serves as chief music advisor.<br>\n&nbsp;<br>\nHis activities have played an important part in the revival of interest in the works of Czech composers such as Jan Dismas Zelenka and Josef Myslive\u010dek, and in strengthening Czech-German cultural links through rediscovery of the two countries\u2019 shared musical heritage.<\/p>\n<p>&nbsp;<\/p>\n<div class=\"container\">\n<div class=\"row show-grid\">\n<div class=\"col-sm-6 col-md-4-5 col-lg-1-5\"><span class>\n<h4> Concert Partner<\/h4>\n<p><a href=\"https:\/\/www.palaisliechtenstein.com\" target=\"_blank\" rel=\"noopener noreferrer\"><noscript><img decoding=\"async\" style=\"width: 80%\" src=\"https:\/\/www.lvhf.cz\/wp-content\/uploads\/2021\/08\/PL_logo_1_pos@2x.jpg\" alt><\/noscript><img decoding=\"async\" style=\"width: 80%\" src=\"data:image\/gif;base64,R0lGODlhAQABAIAAAAAAAP\/\/\/yH5BAEAAAAALAAAAAABAAEAAAIBRAA7\" alt data-src=\"https:\/\/www.lvhf.cz\/wp-content\/uploads\/2021\/08\/PL_logo_1_pos@2x.jpg\" class=\" lazyload\"><\/a><\/p><\/span>\n        <\/div>\n<div class=\"col-sm-6 col-md-3-5 col-lg-1-5\"><span class>\n<h4>Concert Partner<\/h4>\n<p><a href=\"https:\/\/www.steinbrecher.at\" target=\"_blank\" rel=\"noopener noreferrer\"><noscript><img decoding=\"async\" style=\"width: 70%\" src=\"https:\/\/www.lvhf.cz\/wp-content\/uploads\/2021\/09\/LVHF_steinbrecher-scaled.jpg\" alt><\/noscript><img decoding=\"async\" style=\"width: 70%\" src=\"data:image\/gif;base64,R0lGODlhAQABAIAAAAAAAP\/\/\/yH5BAEAAAAALAAAAAABAAEAAAIBRAA7\" alt data-src=\"https:\/\/www.lvhf.cz\/wp-content\/uploads\/2021\/09\/LVHF_steinbrecher-scaled.jpg\" class=\" lazyload\"><\/a><\/p><\/span>\n        <\/div>\n<div class=\"col-sm-6 col-md-2-5 col-lg-1-5\"><span class>\n<h4>Concert Partner<\/h4>\n<p><a href=\"https:\/\/krizovnici.eu\" target=\"_blank\" rel=\"noopener noreferrer\"><noscript><img decoding=\"async\" style=\"width: 80%\" src=\"https:\/\/www.lvhf.cz\/wp-content\/uploads\/2021\/09\/LVHF_kreuzherrenorden.png\" alt><\/noscript><img decoding=\"async\" style=\"width: 80%\" src=\"data:image\/gif;base64,R0lGODlhAQABAIAAAAAAAP\/\/\/yH5BAEAAAAALAAAAAABAAEAAAIBRAA7\" alt data-src=\"https:\/\/www.lvhf.cz\/wp-content\/uploads\/2021\/09\/LVHF_kreuzherrenorden.png\" class=\" lazyload\"><\/a><\/p><\/span>\n        <\/div>\n<div class=\"col-sm-6 col-md-5-5 col-lg-1-5\"><span class>\n<h4>Winzer des Konzertes<\/h4>\n<p><a href=\"https:\/\/www.hofkellerei.at\" target=\"_blank\" rel=\"noopener noreferrer\"><noscript><img decoding=\"async\" style=\"width: 60%\" src=\"https:\/\/www.lvhf.cz\/wp-content\/uploads\/2021\/06\/Hofkellerei-Liechtenstein.png\" alt><\/noscript><img decoding=\"async\" style=\"width: 60%\" src=\"data:image\/gif;base64,R0lGODlhAQABAIAAAAAAAP\/\/\/yH5BAEAAAAALAAAAAABAAEAAAIBRAA7\" alt data-src=\"https:\/\/www.lvhf.cz\/wp-content\/uploads\/2021\/06\/Hofkellerei-Liechtenstein.png\" class=\" lazyload\"><\/a><\/p><\/span>\n        <\/div>\n<div class=\"col-sm-6 col-md-4-5 col-lg-1-5\"><span class>\n<h4>Flowers<\/h4>\n<p><a href=\"http:\/\/www.wildflowers.cz\" target=\"_blank\" rel=\"noopener noreferrer\"><noscript><img decoding=\"async\" style=\"width: 60%\" src=\"https:\/\/www.lvhf.cz\/wp-content\/uploads\/2021\/09\/mario-wild-flowers.png\" alt><\/noscript><img decoding=\"async\" style=\"width: 60%\" src=\"data:image\/gif;base64,R0lGODlhAQABAIAAAAAAAP\/\/\/yH5BAEAAAAALAAAAAABAAEAAAIBRAA7\" alt data-src=\"https:\/\/www.lvhf.cz\/wp-content\/uploads\/2021\/09\/mario-wild-flowers.png\" class=\" lazyload\"><\/a><\/p><\/span>\n        <\/div>\n<\/div>\n<p><\/p><\/div>","protected":false},"excerpt":{"rendered":"<p>Downloadable lyrics of the vocal-instrumental compositions &nbsp; Antonio Vivaldi (1678\u20131741) Laetatus sum RV 607 Laudate pueri RV 600 I. Laudate pueri II. Sit nomen Domini III. A solis ortu usque ad occasum IV. Excelsus super omnes gentes V. Quis sicut Dominus VI. Suscitans a terra inopem VII. Ut collocet eum VIII. Gloria Patri IX. Laudate [&#46;&#46;&#46;]<\/p>\n","protected":false},"author":2,"featured_media":0,"parent":0,"menu_order":115,"comment_status":"closed","ping_status":"closed","template":"","meta":{"footnotes":""},"acf":[],"_links":{"self":[{"href":"https:\/\/www.lvhf.cz\/en\/wp-json\/wp\/v2\/pages\/13463"}],"collection":[{"href":"https:\/\/www.lvhf.cz\/en\/wp-json\/wp\/v2\/pages"}],"about":[{"href":"https:\/\/www.lvhf.cz\/en\/wp-json\/wp\/v2\/types\/page"}],"author":[{"embeddable":true,"href":"https:\/\/www.lvhf.cz\/en\/wp-json\/wp\/v2\/users\/2"}],"replies":[{"embeddable":true,"href":"https:\/\/www.lvhf.cz\/en\/wp-json\/wp\/v2\/comments?post=13463"}],"version-history":[{"count":40,"href":"https:\/\/www.lvhf.cz\/en\/wp-json\/wp\/v2\/pages\/13463\/revisions"}],"predecessor-version":[{"id":13703,"href":"https:\/\/www.lvhf.cz\/en\/wp-json\/wp\/v2\/pages\/13463\/revisions\/13703"}],"wp:attachment":[{"href":"https:\/\/www.lvhf.cz\/en\/wp-json\/wp\/v2\/media?parent=13463"}],"curies":[{"name":"wp","href":"https:\/\/api.w.org\/{rel}","templated":true}]}}