{"id":13110,"date":"2021-06-14T18:30:54","date_gmt":"2021-06-14T16:30:54","guid":{"rendered":"https:\/\/www.lvhf.cz\/?page_id=13110"},"modified":"2023-07-14T10:26:39","modified_gmt":"2023-07-14T08:26:39","slug":"velka-prazdninova-soutez-s-lvhf-2021","status":"publish","type":"page","link":"https:\/\/www.lvhf.cz\/en\/velka-prazdninova-soutez-s-lvhf-2021\/","title":{"rendered":"(CZ) Velk\u00e1 pr\u00e1zdninov\u00e1 sout\u011b\u017e!"},"content":{"rendered":"<p class=\"qtranxs-available-languages-message qtranxs-available-languages-message-en\">Sorry, this entry is only available in <a href=\"https:\/\/www.lvhf.cz\/cs\/wp-json\/wp\/v2\/pages\/13110\" class=\"qtranxs-available-language-link qtranxs-available-language-link-cs\" title=\"CZ\">Czech<\/a>.<\/p><p><noscript><img decoding=\"async\" class=\"img-responsive aligncenter\" title=\"lednice chateau\" src=\"https:\/\/www.lvhf.cz\/wp-content\/uploads\/2021\/06\/1920x400-maska-scaled.jpg\" alt=\"lednice chateau\"><\/noscript><img decoding=\"async\" class=\"img-responsive aligncenter lazyload\" title=\"lednice chateau\" src=\"data:image\/gif;base64,R0lGODlhAQABAIAAAAAAAP\/\/\/yH5BAEAAAAALAAAAAABAAEAAAIBRAA7\" alt=\"lednice chateau\" data-src=\"https:\/\/www.lvhf.cz\/wp-content\/uploads\/2021\/06\/1920x400-maska-scaled.jpg\"><br>\n&nbsp;<\/p>\n<h2>Hrajte o slevov\u00e9 vouchery v hodnot\u011b 900 K\u010d, mo\u017enost setkat se s um\u011blci LVHF 2021 tv\u00e1\u0159\u00ed v tv\u00e1\u0159 a CD s v\u011bnov\u00e1n\u00edm!<\/h2>\n<p>&nbsp;<br>\nLeto\u0161n\u00ed ro\u010dn\u00edk Lednicko-valtick\u00e9ho hudebn\u00edho festivalu je v\u011bnov\u00e1n hudb\u011b ben\u00e1tsk\u00e9ho barokn\u00edho hudebn\u00edho mistra <strong>Antonia Vivaldiho<\/strong> a <strong>p\u0159ipom\u00edn\u00e1 1600 let od zalo\u017een\u00ed Ben\u00e1tek<\/strong>, m\u011bsta karneval\u016f, v&nbsp;n\u011bm\u017e se v&nbsp;roce 1678 Antonio Vivaldi narodil.<br>\n&nbsp;<br>\nZahrajte si s n\u00e1mi o <strong>nejorigin\u00e1ln\u011bj\u0161\u00ed, nejn\u00e1padit\u011bj\u0161\u00ed ben\u00e1tskou masku jakoukoliv v\u00fdtvarnou technikou<\/strong>! <em>Kresba<\/em> \u010di <em>malba<\/em>&nbsp;na jak\u00fdkoliv materi\u00e1l, <em>bodypainting<\/em>, <em>pali\u010dkov\u00e1n\u00ed<\/em>, <em>vy\u0161\u00edv\u00e1n\u00ed<\/em> \u2013 v\u0161e se po\u010d\u00edt\u00e1! T\u00e9matem nemus\u00ed b\u00fdt jen Ben\u00e1tky, ale <strong>v\u00fdtvarn\u00e9 motivy m\u00edsta, kde \u017eijete, hudba, p\u0159\u00edroda, cokoliv v\u00e1s bav\u00ed a cht\u011bli byste to v\u00fdtvarn\u011b vyj\u00e1d\u0159it<\/strong>.<\/p>\n<p>&nbsp;<\/p>\n<h2>Podm\u00ednky sout\u011b\u017ee<\/h2>\n<p>&nbsp;<br>\nKrok 1. <strong>Vyrobte si svou masku.<\/strong> Inspiraci a \u0161ablony najdete n\u00ed\u017ee na t\u00e9to str\u00e1nce.<br>\n&nbsp;<br>\nKrok 2. <strong>Vyfo\u0165te se se svou maskou nebo nato\u010dte kr\u00e1tk\u00e9 video<\/strong> v prost\u0159ed\u00ed, kter\u00e9 p\u0159ibli\u017euje <strong>kr\u00e1su m\u00edsta, ve kter\u00e9m \u017eijete<\/strong> (p\u0159\u00edroda, architektura, domov\u2026). Masku m\u016f\u017eete m\u00edt na obli\u010deji nebo ji jednodu\u0161e dr\u017ete v ruce. Pro inspiraci p\u00e1r fotografi\u00ed. <strong>Fo\u0165te a to\u010dte jednodu\u0161e na mobil<\/strong>! Nehodnot\u00edme kvalitu fotografie, ale originalitu a kr\u00e1su Va\u0161\u00ed masky.<br>\n&nbsp;<br>\n<noscript><img decoding=\"async\" class=\"img-responsive aligncenter\" title=\"LVHF benatske masky\" src=\"https:\/\/www.lvhf.cz\/wp-content\/uploads\/2021\/06\/masky_kolaz2.gif\" alt=\"LVHF benatske masky\"><\/noscript><img decoding=\"async\" class=\"img-responsive aligncenter lazyload\" title=\"LVHF benatske masky\" src=\"data:image\/gif;base64,R0lGODlhAQABAIAAAAAAAP\/\/\/yH5BAEAAAAALAAAAAABAAEAAAIBRAA7\" alt=\"LVHF benatske masky\" data-src=\"https:\/\/www.lvhf.cz\/wp-content\/uploads\/2021\/06\/masky_kolaz2.gif\"> <span style=\"font-size: 10pt;\">Masky (c) Kate\u0159ina Barancov\u00e1 &amp; Nikol H\u0159eba\u010dkov\u00e1 | Foto (c) Jan Mikl\u00edn<\/span><br>\n&nbsp;<br>\nKrok 3. <strong>Nahrajte fotografii nebo video na sv\u016fj profil na Facebooku nebo Instagramu<\/strong>.&nbsp;Opat\u0159ete p\u0159\u00edsp\u011bvek sv\u00fdm vzkazem, ve kter\u00e9m <strong>ozna\u010dte Lednicko-valtick\u00fd hudebn\u00ed festival<\/strong> (Facebook.com\/lvhf.cz, @lvhf.cz) a <strong>vlo\u017ete do n\u011bj hashtag #LVHF2021<\/strong>. Nezapome\u0148te sv\u016fj post takto ozna\u010dit, jinak se o n\u011bm nedozv\u00edme! <strong>P\u0159\u00edsp\u011bvek mus\u00ed b\u00fdt ve\u0159ejn\u00fd<\/strong>. <br><a href=\"https:\/\/www.facebook.com\/help\/instagram\/627963287377328\" target=\"_blank\" rel=\"noopener\" data-schema-attribute>Jak n\u011bkoho ozna\u010dit v p\u0159\u00edsp\u011bvku na Instagramu<\/a><br><a href=\"https:\/\/365tipu.cz\/2015\/10\/04\/tip277-jak-funguje-oznacovani-na-facebooku-kdo-muze-oznacovat-koho-a-co\/\" target=\"_blank\" rel=\"noopener\">Jak n\u011bkoho ozna\u010dit v p\u0159\u00edsp\u011bvku na Facebooku<\/a><br>\n&nbsp;<br>\nKrok 4. <strong>Sta\u0148te se fanou\u0161kem<\/strong> <a href=\"https:\/\/www.facebook.com\/lvhf.cz\" target=\"_blank\" rel=\"noopener\">facebookov\u00e9 str\u00e1nky LVHF<\/a>, anebo sledujte n\u00e1\u0161 <a href=\"https:\/\/www.instagram.com\/lvhf.cz\/\" target=\"_blank\" rel=\"noopener\">profil na Instagramu<\/a>.<br>\n&nbsp;<br>\nKrok 5. Deset nejkr\u00e1sn\u011bj\u0161\u00edch masek odm\u011bn\u00ed porota slo\u017een\u00e1 ze \u010dlen\u016f t\u00fdmu LVHF a um\u011blc\u016f festivalu <strong>slevov\u00fdm voucherem v hodnot\u011b 900 K\u010d<\/strong>, mo\u017enost\u00ed <strong>setkat se osobn\u011b s \u00fa\u010dinkuj\u00edc\u00edmi um\u011blci koncertu<\/strong>, kter\u00fd si vyberete, a z\u00edskat jejich <strong>podepsan\u00e9 CD s v\u011bnov\u00e1n\u00edm<\/strong>!<br>\n&nbsp;<\/p>\n<h2>Term\u00edn<\/h2>\n<p>&nbsp;<br>\nSv\u00e9 n\u00e1vrhy n\u00e1m m\u016f\u017eete <strong>zas\u00edlat do p\u016flnoci 15. srpna<\/strong>. V\u00edt\u011bze vyhl\u00e1s\u00edme v pond\u011bl\u00ed 23. srpna. Nejlep\u0161\u00ed n\u00e1vrhy budeme s radost\u00ed sd\u00edlet na na\u0161ich sp\u0159\u00e1telen\u00fdch profilech po cel\u00e9 Evrop\u011b!<br>\n&nbsp;<br>\n<strong>Uka\u017ete sv\u011btu svou kreativitu!<\/strong> Ud\u011blejte si na n\u00e1s o pr\u00e1zdnin\u00e1ch \u010das a propagujte spole\u010dn\u011b s LVHF kr\u00e1su na\u0161\u00ed zem\u011b a \u0161ikovnost lid\u00ed, kte\u0159\u00ed v n\u00ed \u017eij\u00ed. Nejlep\u0161\u00ed sn\u00edmky budeme publikovat na soci\u00e1ln\u00edch s\u00edt\u00edch na\u0161ich evropsk\u00fdch partner\u016f. D\u011bkujeme! T\u00fdm LVHF<\/p>\n<p>&nbsp;<\/p>\n<h2>\u0160ablony<\/h2>\n<p>&nbsp;<\/p>\n<div class=\"rl-gallery-container \" id=\"rl-gallery-container-1\" data-gallery_id=\"0\"> <div class=\"rl-gallery rl-basicgrid-gallery \" id=\"rl-gallery-1\" data-gallery_no=\"1\"> <div class=\"rl-gallery-item\"><a href=\"https:\/\/www.lvhf.cz\/wp-content\/uploads\/2021\/06\/45-maszk-sablon.jpg\" title data-rl_title class=\"rl-gallery-link\" data-rl_caption data-rel=\"lightbox-gallery-1\" data-rl_><noscript><img fetchpriority=\"high\" decoding=\"async\" src=\"https:\/\/www.lvhf.cz\/wp-content\/uploads\/2021\/06\/45-maszk-sablon.jpg\" width=\"500\" height=\"667\" alt><\/noscript><img fetchpriority=\"high\" decoding=\"async\" src=\"data:image\/svg+xml,%3Csvg%20xmlns%3D%22http%3A%2F%2Fwww.w3.org%2F2000%2Fsvg%22%20viewBox%3D%220%200%20500%20667%22%3E%3C%2Fsvg%3E\" width=\"500\" height=\"667\" alt data-src=\"https:\/\/www.lvhf.cz\/wp-content\/uploads\/2021\/06\/45-maszk-sablon.jpg\" class=\" lazyload\"><\/a><\/div><div class=\"rl-gallery-item\"><a href=\"https:\/\/www.lvhf.cz\/wp-content\/uploads\/2021\/06\/ccf60246445a5430c7ede5cf2367bce8.jpg\" title data-rl_title class=\"rl-gallery-link\" data-rl_caption data-rel=\"lightbox-gallery-1\" data-rl_><noscript><img decoding=\"async\" src=\"https:\/\/www.lvhf.cz\/wp-content\/uploads\/2021\/06\/ccf60246445a5430c7ede5cf2367bce8.jpg\" width=\"564\" height=\"505\" alt><\/noscript><img decoding=\"async\" src=\"data:image\/svg+xml,%3Csvg%20xmlns%3D%22http%3A%2F%2Fwww.w3.org%2F2000%2Fsvg%22%20viewBox%3D%220%200%20564%20505%22%3E%3C%2Fsvg%3E\" width=\"564\" height=\"505\" alt data-src=\"https:\/\/www.lvhf.cz\/wp-content\/uploads\/2021\/06\/ccf60246445a5430c7ede5cf2367bce8.jpg\" class=\" lazyload\"><\/a><\/div><div class=\"rl-gallery-item\"><a href=\"https:\/\/www.lvhf.cz\/wp-content\/uploads\/2021\/06\/coloring-carnival.jpg\" title data-rl_title class=\"rl-gallery-link\" data-rl_caption data-rel=\"lightbox-gallery-1\" data-rl_><noscript><img decoding=\"async\" src=\"https:\/\/www.lvhf.cz\/wp-content\/uploads\/2021\/06\/coloring-carnival.jpg\" width=\"564\" height=\"564\" alt><\/noscript><img decoding=\"async\" src=\"data:image\/svg+xml,%3Csvg%20xmlns%3D%22http%3A%2F%2Fwww.w3.org%2F2000%2Fsvg%22%20viewBox%3D%220%200%20564%20564%22%3E%3C%2Fsvg%3E\" width=\"564\" height=\"564\" alt data-src=\"https:\/\/www.lvhf.cz\/wp-content\/uploads\/2021\/06\/coloring-carnival.jpg\" class=\" lazyload\"><\/a><\/div><div class=\"rl-gallery-item\"><a href=\"https:\/\/www.lvhf.cz\/wp-content\/uploads\/2021\/06\/sexy-lace-eye-mask-women-girls-evening-party-prom-masquerade-mask-halloween-374.jpg\" title data-rl_title class=\"rl-gallery-link\" data-rl_caption data-rel=\"lightbox-gallery-1\" data-rl_><noscript><img loading=\"lazy\" decoding=\"async\" src=\"https:\/\/www.lvhf.cz\/wp-content\/uploads\/2021\/06\/sexy-lace-eye-mask-women-girls-evening-party-prom-masquerade-mask-halloween-374.jpg\" width=\"564\" height=\"564\" alt><\/noscript><img loading=\"lazy\" decoding=\"async\" src=\"data:image\/svg+xml,%3Csvg%20xmlns%3D%22http%3A%2F%2Fwww.w3.org%2F2000%2Fsvg%22%20viewBox%3D%220%200%20564%20564%22%3E%3C%2Fsvg%3E\" width=\"564\" height=\"564\" alt data-src=\"https:\/\/www.lvhf.cz\/wp-content\/uploads\/2021\/06\/sexy-lace-eye-mask-women-girls-evening-party-prom-masquerade-mask-halloween-374.jpg\" class=\" lazyload\"><\/a><\/div><div class=\"rl-gallery-item\"><a href=\"https:\/\/www.lvhf.cz\/wp-content\/uploads\/2021\/06\/4x3_Sablona_1.png\" title data-rl_title class=\"rl-gallery-link\" data-rl_caption data-rel=\"lightbox-gallery-1\" data-rl_><noscript><img loading=\"lazy\" decoding=\"async\" src=\"https:\/\/www.lvhf.cz\/wp-content\/uploads\/2021\/06\/4x3_Sablona_1.png\" width=\"450\" height=\"338\" alt><\/noscript><img loading=\"lazy\" decoding=\"async\" src=\"data:image\/svg+xml,%3Csvg%20xmlns%3D%22http%3A%2F%2Fwww.w3.org%2F2000%2Fsvg%22%20viewBox%3D%220%200%20450%20338%22%3E%3C%2Fsvg%3E\" width=\"450\" height=\"338\" alt data-src=\"https:\/\/www.lvhf.cz\/wp-content\/uploads\/2021\/06\/4x3_Sablona_1.png\" class=\" lazyload\"><\/a><\/div><div class=\"rl-gallery-item\"><a href=\"https:\/\/www.lvhf.cz\/wp-content\/uploads\/2021\/06\/4x3_sablona_2.png\" title data-rl_title class=\"rl-gallery-link\" data-rl_caption data-rel=\"lightbox-gallery-1\" data-rl_><noscript><img loading=\"lazy\" decoding=\"async\" src=\"https:\/\/www.lvhf.cz\/wp-content\/uploads\/2021\/06\/4x3_sablona_2.png\" width=\"450\" height=\"338\" alt><\/noscript><img loading=\"lazy\" decoding=\"async\" src=\"data:image\/svg+xml,%3Csvg%20xmlns%3D%22http%3A%2F%2Fwww.w3.org%2F2000%2Fsvg%22%20viewBox%3D%220%200%20450%20338%22%3E%3C%2Fsvg%3E\" width=\"450\" height=\"338\" alt data-src=\"https:\/\/www.lvhf.cz\/wp-content\/uploads\/2021\/06\/4x3_sablona_2.png\" class=\" lazyload\"><\/a><\/div><div class=\"rl-gallery-item\"><a href=\"https:\/\/www.lvhf.cz\/wp-content\/uploads\/2021\/06\/4x3_sablona_3.png\" title data-rl_title class=\"rl-gallery-link\" data-rl_caption data-rel=\"lightbox-gallery-1\" data-rl_><noscript><img loading=\"lazy\" decoding=\"async\" src=\"https:\/\/www.lvhf.cz\/wp-content\/uploads\/2021\/06\/4x3_sablona_3.png\" width=\"450\" height=\"338\" alt><\/noscript><img loading=\"lazy\" decoding=\"async\" src=\"data:image\/svg+xml,%3Csvg%20xmlns%3D%22http%3A%2F%2Fwww.w3.org%2F2000%2Fsvg%22%20viewBox%3D%220%200%20450%20338%22%3E%3C%2Fsvg%3E\" width=\"450\" height=\"338\" alt data-src=\"https:\/\/www.lvhf.cz\/wp-content\/uploads\/2021\/06\/4x3_sablona_3.png\" class=\" lazyload\"><\/a><\/div><div class=\"rl-gallery-item\"><a href=\"https:\/\/www.lvhf.cz\/wp-content\/uploads\/2021\/06\/4x3_sablona_4.png\" title data-rl_title class=\"rl-gallery-link\" data-rl_caption data-rel=\"lightbox-gallery-1\" data-rl_><noscript><img loading=\"lazy\" decoding=\"async\" src=\"https:\/\/www.lvhf.cz\/wp-content\/uploads\/2021\/06\/4x3_sablona_4.png\" width=\"450\" height=\"338\" alt><\/noscript><img loading=\"lazy\" decoding=\"async\" src=\"data:image\/svg+xml,%3Csvg%20xmlns%3D%22http%3A%2F%2Fwww.w3.org%2F2000%2Fsvg%22%20viewBox%3D%220%200%20450%20338%22%3E%3C%2Fsvg%3E\" width=\"450\" height=\"338\" alt data-src=\"https:\/\/www.lvhf.cz\/wp-content\/uploads\/2021\/06\/4x3_sablona_4.png\" class=\" lazyload\"><\/a><\/div> <\/div> <\/div>\n<p>&nbsp;<\/p>\n<h2>Bodypainting<\/h2>\n<p>&nbsp;<br>\n<span class=\"embed-responsive embed-responsive-16by9\"><iframe src=\"https:\/\/www.youtube.com\/embed\/zx48q1WJea4\" allowfullscreen=\"allowfullscreen\"><span data-mce-type=\"bookmark\" style=\"display: inline-block; width: 0px; overflow: hidden; line-height: 0;\" class=\"mce_SELRES_start\">\ufeff<\/span><span data-mce-type=\"bookmark\" style=\"display: inline-block; width: 0px; overflow: hidden; line-height: 0;\" class=\"mce_SELRES_start\">\ufeff<\/span><span class=\"mce_SELRES_start\" style=\"width: 0px; line-height: 0; overflow: hidden; display: inline-block;\" data-mce-type=\"bookmark\">\ufeff<\/span><\/iframe><\/span><br>\n&nbsp;<\/p>","protected":false},"excerpt":{"rendered":"<p>Sorry, this entry is only available in Czech. &nbsp; Hrajte o slevov\u00e9 vouchery v hodnot\u011b 900 K\u010d, mo\u017enost setkat se s um\u011blci LVHF 2021 tv\u00e1\u0159\u00ed v tv\u00e1\u0159 a CD s v\u011bnov\u00e1n\u00edm! &nbsp; Leto\u0161n\u00ed ro\u010dn\u00edk Lednicko-valtick\u00e9ho hudebn\u00edho festivalu je v\u011bnov\u00e1n hudb\u011b ben\u00e1tsk\u00e9ho barokn\u00edho hudebn\u00edho mistra Antonia Vivaldiho a p\u0159ipom\u00edn\u00e1 1600 let od zalo\u017een\u00ed Ben\u00e1tek, m\u011bsta karneval\u016f, [&#46;&#46;&#46;]<\/p>\n","protected":false},"author":2,"featured_media":13119,"parent":0,"menu_order":64,"comment_status":"closed","ping_status":"closed","template":"","meta":{"footnotes":""},"acf":[],"_links":{"self":[{"href":"https:\/\/www.lvhf.cz\/en\/wp-json\/wp\/v2\/pages\/13110"}],"collection":[{"href":"https:\/\/www.lvhf.cz\/en\/wp-json\/wp\/v2\/pages"}],"about":[{"href":"https:\/\/www.lvhf.cz\/en\/wp-json\/wp\/v2\/types\/page"}],"author":[{"embeddable":true,"href":"https:\/\/www.lvhf.cz\/en\/wp-json\/wp\/v2\/users\/2"}],"replies":[{"embeddable":true,"href":"https:\/\/www.lvhf.cz\/en\/wp-json\/wp\/v2\/comments?post=13110"}],"version-history":[{"count":30,"href":"https:\/\/www.lvhf.cz\/en\/wp-json\/wp\/v2\/pages\/13110\/revisions"}],"predecessor-version":[{"id":13555,"href":"https:\/\/www.lvhf.cz\/en\/wp-json\/wp\/v2\/pages\/13110\/revisions\/13555"}],"wp:featuredmedia":[{"embeddable":true,"href":"https:\/\/www.lvhf.cz\/en\/wp-json\/wp\/v2\/media\/13119"}],"wp:attachment":[{"href":"https:\/\/www.lvhf.cz\/en\/wp-json\/wp\/v2\/media?parent=13110"}],"curies":[{"name":"wp","href":"https:\/\/api.w.org\/{rel}","templated":true}]}}