{"id":12359,"date":"2021-03-10T13:18:58","date_gmt":"2021-03-10T12:18:58","guid":{"rendered":"https:\/\/www.lvhf.cz\/?page_id=12359"},"modified":"2023-06-08T11:02:24","modified_gmt":"2023-06-08T09:02:24","slug":"o-programu-2021","status":"publish","type":"page","link":"https:\/\/www.lvhf.cz\/en\/program-a-vstupenky-2026\/o-programu-2021\/","title":{"rendered":"About the Programme 2021"},"content":{"rendered":"<p><\/p>\n<h2>Lednice-Valtice Music Festival 2021 \u2013 the largest European exhibition of the Antonio Vivaldi\u2019s work in the new millennium<\/h2>\n<p>&nbsp;<\/p>\n<p><noscript><img loading=\"lazy\" decoding=\"async\" class=\"wp-image-8475 alignleft\" title=\"Antonio Vivaldi\" src=\"https:\/\/www.lvhf.cz\/wp-content\/uploads\/2021\/03\/antonio-vivaldi.jpg\" alt=\"Antonio-vivaldi\" width=\"280\" height=\"335\"><\/noscript><img loading=\"lazy\" decoding=\"async\" class=\"wp-image-8475 alignleft lazyload\" title=\"Antonio Vivaldi\" src=\"data:image\/svg+xml,%3Csvg%20xmlns%3D%22http%3A%2F%2Fwww.w3.org%2F2000%2Fsvg%22%20viewBox%3D%220%200%20280%20335%22%3E%3C%2Fsvg%3E\" alt=\"Antonio-vivaldi\" width=\"280\" height=\"335\" data-src=\"https:\/\/www.lvhf.cz\/wp-content\/uploads\/2021\/03\/antonio-vivaldi.jpg\"><\/p>\n<p>A world full of playfulness and passion, fine flirtation and exemplary piety, slender silhouettes of chaste girls from Ospedale della Piet\u00e0 or landscape scenery reminiscent of sunny paintings of Francesco Guardi. All this is combined in the music of \u201cIl Prete Rosso&#8221; \u2013 the red-haired priest <strong>Antonio Vivaldi<\/strong>, Italian musical genius of the first half of the 18th century, whose music is the programme cornerstone of the <a href=\"https:\/\/www.lvhf.cz\/archiv-koncertu-2021\/\" target=\"_blank\" rel=\"noopener\">6th Lednice-Valtice Music Festival<\/a>. Vivaldi\u2019s work will be presented by some of the top ensembles from <strong>Italy, France, Spain and the Czech Republic<\/strong>, namely <strong>Ensemble Matheus with Jean-Christoph Spinosi<\/strong>, who is famous for its experimental productions at Queen Mary II or New York\u2019s Central Park, <strong>Europa Galante with Fabio Biondi, Collegium 1704 with V\u00e1clav Luks, Accademia Bizantina<\/strong> with the French star <strong>Delphine Galou<\/strong> or <strong>Collegium Marianum with Patricia Jane\u010dkov\u00e1. Jakub J\u00f3zef Orli\u0144ski<\/strong>, the Polish countertenor and breakdancer who is one of the most watched artists of the present, will perform in his Czech debut. #LVMF2021 will present <strong>the largest and most comprehensive European exhibition of Vivaldi\u2019s work in the new millennium<\/strong> and will once again connect classical music with <strong>the gems of the Lednice-Valtice area<\/strong>, which celebrates 25 years since its inscription on the UNESCO World Heritage List this year. This year\u2019s festival programme is the joint creation of the Spain violinist and musicologist <strong>Eduardo Garc\u00eda Salas<\/strong> and the artistic director of LVMF <strong>Ji\u0159\u00ed Partyka<\/strong>.<\/p>\n<p>&nbsp;<\/p>\n<h2 style=\"text-align: left;\">They have said about the programme<\/h2>\n<p>&nbsp;<\/p>\n<p>We will present Vivaldi\u2019s rich musical legacy not only in the form of<strong> instrumental concerts<\/strong>, but also chamber, sacred and<strong> opera music<\/strong>. The festival offers several contemporary premieres, including the Pavian version of Vivaldi\u2019s opera <strong>Farnace<\/strong>, twelve Czech premieres and the several <strong>Vivaldi\u2019s discoveries from recent years<\/strong>, such as sonatas from Pisendel\u2019s Dresden collection.\u201d <strong>(Ji\u0159\u00ed Partyka)<\/strong><\/p>\n<p>\u201cThe programme of the 6th edition thoughtfully reflects the genre richness of Vivaldi\u2019s musical legacy <strong>with an emphasis on his ties to the Czech lands<\/strong>, especially to V\u00e1clav of Morzin, Jan Josef of Wrtba or Thomas Vinciguerra. The four Vivaldi concerts from Vinciguerra\u2019s so-called \u201ccollalto\u201d collection will be performed by <strong>Fabio Biondi and Europa Galante<\/strong> in the Czech premiere.\u201d (<strong>Eduardo Garc\u00eda Salas<\/strong>)<\/p>\n<p>These are extremely virtuoso compositions that foreshadow the style of musique galante of the second third of the 18th century. Their melancholy, as if they foresaw not only the death of the composer himself but also the demise of an entire musical epoch, is significant. Vivaldi preserved the image of the fullness and complexity of his musical language in them. Being far from the didactic nature of many of his violin concertos, which he wrote for his students at the Ospedale della Piet\u00e0 in Venice, these concertos certainly capture all of Vivaldi\u2019s knowledge of the violin. I would even say that they express Vivaldi\u2019s personal and very deep relationship to this instrument. Perfect, exhaustive, exemplary.\u201d (<strong>Fabio Biondi<\/strong>)<\/p>\n<p><strong>Lednice-Valtice Music Festival 2021 is held under the auspices of the Minister of Culture of the Czech Republic, PhDr. Lubom\u00edr Zaor\u00e1lek, and the Governor of the South Moravian Region, Mgr. Jan Grolich.<\/strong><\/p>\n<p><\/p><div class=\"rl-gallery-container \" id=\"rl-gallery-container-3\" data-gallery_id=\"0\"> <div class=\"rl-gallery rl-basicgrid-gallery \" id=\"rl-gallery-3\" data-gallery_no=\"3\"> <div class=\"rl-gallery-item\"><a href=\"https:\/\/www.lvhf.cz\/wp-content\/uploads\/2021\/05\/zastita_LVHF2021_mkcr_zaoralek.jpg\" title data-rl_title class=\"rl-gallery-link\" data-rl_caption data-rel=\"lightbox-gallery-3\"><noscript><img decoding=\"async\" src=\"https:\/\/www.lvhf.cz\/wp-content\/uploads\/2021\/05\/zastita_LVHF2021_mkcr_zaoralek-283x400.jpg\" width=\"283\" height=\"400\" alt=\"Lubom\u00edr Zaor\u00e1lek z\u00e1\u0161tita LVHF2021\"><\/noscript><img decoding=\"async\" src=\"data:image\/svg+xml,%3Csvg%20xmlns%3D%22http%3A%2F%2Fwww.w3.org%2F2000%2Fsvg%22%20viewBox%3D%220%200%20283%20400%22%3E%3C%2Fsvg%3E\" width=\"283\" height=\"400\" alt=\"Lubom\u00edr Zaor\u00e1lek z\u00e1\u0161tita LVHF2021\" data-src=\"https:\/\/www.lvhf.cz\/wp-content\/uploads\/2021\/05\/zastita_LVHF2021_mkcr_zaoralek-283x400.jpg\" class=\" lazyload\"><\/a><\/div><div class=\"rl-gallery-item\"><a href=\"https:\/\/www.lvhf.cz\/wp-content\/uploads\/2021\/05\/Zastita-JmK-PDF.jpg\" title data-rl_title class=\"rl-gallery-link\" data-rl_caption data-rel=\"lightbox-gallery-3\"><noscript><img decoding=\"async\" src=\"https:\/\/www.lvhf.cz\/wp-content\/uploads\/2021\/05\/Zastita-JmK-PDF-283x400.jpg\" width=\"283\" height=\"400\" alt=\"Jan Grolich z\u00e1\u0161tita LVHF2021\"><\/noscript><img decoding=\"async\" src=\"data:image\/svg+xml,%3Csvg%20xmlns%3D%22http%3A%2F%2Fwww.w3.org%2F2000%2Fsvg%22%20viewBox%3D%220%200%20283%20400%22%3E%3C%2Fsvg%3E\" width=\"283\" height=\"400\" alt=\"Jan Grolich z\u00e1\u0161tita LVHF2021\" data-src=\"https:\/\/www.lvhf.cz\/wp-content\/uploads\/2021\/05\/Zastita-JmK-PDF-283x400.jpg\" class=\" lazyload\"><\/a><\/div> <\/div> <\/div>","protected":false},"excerpt":{"rendered":"<p>Lednice-Valtice Music Festival 2021 \u2013 the largest European exhibition of the Antonio Vivaldi\u2019s work in the new millennium &nbsp; A world full of playfulness and passion, fine flirtation and exemplary piety, slender silhouettes of chaste girls from Ospedale della Piet\u00e0 or landscape scenery reminiscent of sunny paintings of Francesco Guardi. All this is combined in [&#46;&#46;&#46;]<\/p>\n","protected":false},"author":2,"featured_media":0,"parent":11102,"menu_order":0,"comment_status":"closed","ping_status":"closed","template":"","meta":{"footnotes":""},"acf":[],"_links":{"self":[{"href":"https:\/\/www.lvhf.cz\/en\/wp-json\/wp\/v2\/pages\/12359"}],"collection":[{"href":"https:\/\/www.lvhf.cz\/en\/wp-json\/wp\/v2\/pages"}],"about":[{"href":"https:\/\/www.lvhf.cz\/en\/wp-json\/wp\/v2\/types\/page"}],"author":[{"embeddable":true,"href":"https:\/\/www.lvhf.cz\/en\/wp-json\/wp\/v2\/users\/2"}],"replies":[{"embeddable":true,"href":"https:\/\/www.lvhf.cz\/en\/wp-json\/wp\/v2\/comments?post=12359"}],"version-history":[{"count":43,"href":"https:\/\/www.lvhf.cz\/en\/wp-json\/wp\/v2\/pages\/12359\/revisions"}],"predecessor-version":[{"id":21074,"href":"https:\/\/www.lvhf.cz\/en\/wp-json\/wp\/v2\/pages\/12359\/revisions\/21074"}],"up":[{"embeddable":true,"href":"https:\/\/www.lvhf.cz\/en\/wp-json\/wp\/v2\/pages\/11102"}],"wp:attachment":[{"href":"https:\/\/www.lvhf.cz\/en\/wp-json\/wp\/v2\/media?parent=12359"}],"curies":[{"name":"wp","href":"https:\/\/api.w.org\/{rel}","templated":true}]}}