{"id":11219,"date":"2020-12-11T14:15:08","date_gmt":"2020-12-11T13:15:08","guid":{"rendered":"https:\/\/www.lvhf.cz\/?page_id=11219"},"modified":"2026-03-31T09:47:10","modified_gmt":"2026-03-31T07:47:10","slug":"uvod","status":"publish","type":"page","link":"https:\/\/www.lvhf.cz\/en\/","title":{"rendered":"Main page"},"content":{"rendered":"<p><\/p><div class=\"rl-gallery-container \" id=\"rl-gallery-container-9\" data-gallery_id=\"0\"> <div class=\"rl-gallery rl-basicgrid-gallery \" id=\"rl-gallery-9\" data-gallery_no=\"9\"> <div class=\"rl-gallery-item\"><a href=\"https:\/\/www.lvhf.cz\/wp-content\/uploads\/2021\/10\/01_5_LVHF2021_europa-galante-c-Pavel-Kristian-ml._lvhf.cz_.jpg\" title data-rl_title class=\"rl-gallery-link\" data-rl_caption data-rel=\"lightbox-gallery-9\" data-rl_><noscript><img fetchpriority=\"high\" decoding=\"async\" src=\"https:\/\/www.lvhf.cz\/wp-content\/uploads\/2021\/10\/01_5_LVHF2021_europa-galante-c-Pavel-Kristian-ml._lvhf.cz_.jpg\" width=\"1920\" height=\"1280\" alt=\"LVHF2021 | Europa Galante\"><\/noscript><img fetchpriority=\"high\" decoding=\"async\" src=\"data:image\/svg+xml,%3Csvg%20xmlns%3D%22http%3A%2F%2Fwww.w3.org%2F2000%2Fsvg%22%20viewBox%3D%220%200%201920%201280%22%3E%3C%2Fsvg%3E\" width=\"1920\" height=\"1280\" alt=\"LVHF2021 | Europa Galante\" data-src=\"https:\/\/www.lvhf.cz\/wp-content\/uploads\/2021\/10\/01_5_LVHF2021_europa-galante-c-Pavel-Kristian-ml._lvhf.cz_.jpg\" class=\" lazyload\"><\/a><\/div><div class=\"rl-gallery-item\"><a href=\"https:\/\/www.lvhf.cz\/wp-content\/uploads\/2021\/10\/01_14or_LVHF2021_bizantina-koncert-c-Pavel-Kristian-ml.jpg\" title data-rl_title class=\"rl-gallery-link\" data-rl_caption data-rel=\"lightbox-gallery-9\" data-rl_><noscript><img decoding=\"async\" src=\"https:\/\/www.lvhf.cz\/wp-content\/uploads\/2021\/10\/01_14or_LVHF2021_bizantina-koncert-c-Pavel-Kristian-ml.jpg\" width=\"1767\" height=\"1177\" alt=\"LVHF2021 | Accademia Bizantina\"><\/noscript><img decoding=\"async\" src=\"data:image\/svg+xml,%3Csvg%20xmlns%3D%22http%3A%2F%2Fwww.w3.org%2F2000%2Fsvg%22%20viewBox%3D%220%200%201767%201177%22%3E%3C%2Fsvg%3E\" width=\"1767\" height=\"1177\" alt=\"LVHF2021 | Accademia Bizantina\" data-src=\"https:\/\/www.lvhf.cz\/wp-content\/uploads\/2021\/10\/01_14or_LVHF2021_bizantina-koncert-c-Pavel-Kristian-ml.jpg\" class=\" lazyload\"><\/a><\/div><div class=\"rl-gallery-item\"><a href=\"https:\/\/www.lvhf.cz\/wp-content\/uploads\/2021\/10\/85_LVHF2021_orlinski-matheus-c-Pavel-Kristian-ml.-kopie.jpg\" title data-rl_title class=\"rl-gallery-link\" data-rl_caption data-rel=\"lightbox-gallery-9\" data-rl_><noscript><img decoding=\"async\" src=\"https:\/\/www.lvhf.cz\/wp-content\/uploads\/2021\/10\/85_LVHF2021_orlinski-matheus-c-Pavel-Kristian-ml.-kopie.jpg\" width=\"1920\" height=\"1255\" alt><\/noscript><img decoding=\"async\" src=\"data:image\/svg+xml,%3Csvg%20xmlns%3D%22http%3A%2F%2Fwww.w3.org%2F2000%2Fsvg%22%20viewBox%3D%220%200%201920%201255%22%3E%3C%2Fsvg%3E\" width=\"1920\" height=\"1255\" alt data-src=\"https:\/\/www.lvhf.cz\/wp-content\/uploads\/2021\/10\/85_LVHF2021_orlinski-matheus-c-Pavel-Kristian-ml.-kopie.jpg\" class=\" lazyload\"><\/a><\/div> <\/div> <\/div><br>\n&nbsp;<br>\n<strong>The 6th Lednice-Valtice Music Festival<\/strong> has ended on Saturday 16 October 2021, which marked the culmination of <strong>the largest European exhibition of Antonio Vivaldi\u2019s work in the last fifty years<\/strong>. From September 23 to October 16, <a href=\"https:\/\/www.lvhf.cz\/en\/concerts\/en-collegium-1704-collegium-vocale-1704\/\" target=\"_blank\" rel=\"noopener\">Collegium 1704 &#038; Collegium Vocale 1704<\/a>, <a href=\"https:\/\/www.lvhf.cz\/en\/concerts\/en-jakub-jozef-orlinski-ensemble-matheus\/\" target=\"_blank\" rel=\"noopener\">Ensemble Matheus<\/a>, <a href=\"https:\/\/www.lvhf.cz\/en\/concerts\/en-concerto-aventino\/\" target=\"_blank\" rel=\"noopener\">Concerto Aventino<\/a>, <a href=\"https:\/\/www.lvhf.cz\/en\/concerts\/en-javier-lupianez-ensemble-scaramuccia\/\" target=\"_blank\" rel=\"noopener\">Ensemble Scaramuccia<\/a> (Czech debut), <a href=\"https:\/\/www.lvhf.cz\/en\/concerts\/en-amandine-beyer-gli-incogniti\/\" target=\"_blank\" rel=\"noopener\">Gli Incogniti<\/a>, <a href=\"https:\/\/www.lvhf.cz\/en\/concerts\/en-delphine-galou-accademia-bizantina\/\" target=\"_blank\" rel=\"noopener\">Accademia Bizantina<\/a>, <a href=\"https:\/\/www.lvhf.cz\/en\/concerts\/en-patricia-janeckova-collegium-marianum\/\" target=\"_blank\" rel=\"noopener\">Collegium Marianum<\/a>, <a href=\"https:\/\/www.lvhf.cz\/en\/concerts\/antonio-vivaldi-farnace-contemporary-premiere\/\" target=\"_blank\" rel=\"noopener\">Musica Florea<\/a> and <a href=\"https:\/\/www.lvhf.cz\/en\/concerts\/en-fabio-biondi-europa-galante\/\" target=\"_blank\" rel=\"noopener\">Europa Galante<\/a> (Czech debut) performed <strong>in 9 concerts<\/strong>. Countertenor <a href=\"https:\/\/www.lvhf.cz\/en\/concerts\/en-jakub-jozef-orlinski-ensemble-matheus\/\" target=\"_blank\" rel=\"noopener\">Jakub J\u00f3zef Orli\u0144ski<\/a> and violinist <a href=\"https:\/\/www.lvhf.cz\/en\/concerts\/en-fabio-biondi-europa-galante\/\" target=\"_blank\" rel=\"noopener\">Fabio Biondi<\/a> were performing in their Czech debuts. The festival presented the contemporary world premiere of Vivaldi\u2019s aria <em>\u201cEja voce sonora laeti cantate\u201d RV Anh 59.29<\/em> and&nbsp;<em>Concert in C for oboe, strings and basso continuo<\/em> in the arrangement for baroque transverse flute by Vivaldi\u2019s pupil Franti\u0161ek Jir\u00e1nek. The concerts were complemented by freely accessible lectures by the Czech <a href=\"https:\/\/www.lvhf.cz\/en\/concerts\/vivaldi-and-the-bohemian-lands\/\" target=\"_blank\" rel=\"noopener\">musicologist V\u00e1clav Kapsa<\/a> and the <a href=\"https:\/\/www.lvhf.cz\/en\/concerts\/rediscovery-of-the-work-of-antonio-vivaldi-in-the-20th-century\/\" target=\"_blank\" rel=\"noopener\">director of the Italian Institute of Antonio Vivaldi in Venice Francesco Fanna<\/a> and <a href=\"https:\/\/www.lvhf.cz\/en\/concerts\/cz-vystava-krajina-pameti\/\" target=\"_blank\" rel=\"noopener\">photographs exhibition of the Lednice-Valtice area<\/a> in cooperation with Nada\u010dn\u00ed fond Moravsk\u00e1 kr\u00e1sa (Moravian Beauty Endowment Fund), which can be viewed free of charge until 30 November when presenting festival ticket. As usual, there were also educational programmes for children from the region. This year, the festival introduced two new locations: <a href=\"https:\/\/www.lvhf.cz\/en\/venues\/en-chateau-de-frontiere\/\" target=\"_blank\" rel=\"noopener\">Chateau de Fronti\u00e8re<\/a> and newly renovated <a href=\"https:\/\/www.lvhf.cz\/en\/venues\/en-belveder-valtice\/\" target=\"_blank\" rel=\"noopener\">Belveder in Valtice<\/a>.<br>\n&nbsp;<br>\n<div class=\"rl-gallery-container \" id=\"rl-gallery-container-10\" data-gallery_id=\"0\"> <div class=\"rl-gallery rl-basicgrid-gallery \" id=\"rl-gallery-10\" data-gallery_no=\"10\"> <div class=\"rl-gallery-item\"><a href=\"https:\/\/www.lvhf.cz\/wp-content\/uploads\/2021\/10\/03_17_LVHF2021_incogniti-koncert-c-Pavel-Kristian-ml.-kopie.jpg\" title data-rl_title class=\"rl-gallery-link\" data-rl_caption data-rel=\"lightbox-gallery-10\" data-rl_><noscript><img loading=\"lazy\" decoding=\"async\" src=\"https:\/\/www.lvhf.cz\/wp-content\/uploads\/2021\/10\/03_17_LVHF2021_incogniti-koncert-c-Pavel-Kristian-ml.-kopie.jpg\" width=\"1920\" height=\"1280\" alt><\/noscript><img loading=\"lazy\" decoding=\"async\" src=\"data:image\/svg+xml,%3Csvg%20xmlns%3D%22http%3A%2F%2Fwww.w3.org%2F2000%2Fsvg%22%20viewBox%3D%220%200%201920%201280%22%3E%3C%2Fsvg%3E\" width=\"1920\" height=\"1280\" alt data-src=\"https:\/\/www.lvhf.cz\/wp-content\/uploads\/2021\/10\/03_17_LVHF2021_incogniti-koncert-c-Pavel-Kristian-ml.-kopie.jpg\" class=\" lazyload\"><\/a><\/div><div class=\"rl-gallery-item\"><a href=\"https:\/\/www.lvhf.cz\/wp-content\/uploads\/2021\/10\/01_7or_LVHF2021_scaramuccia-c-Pavel-Kristian-ml-kopie.jpg\" title data-rl_title class=\"rl-gallery-link\" data-rl_caption data-rel=\"lightbox-gallery-10\" data-rl_><noscript><img loading=\"lazy\" decoding=\"async\" src=\"https:\/\/www.lvhf.cz\/wp-content\/uploads\/2021\/10\/01_7or_LVHF2021_scaramuccia-c-Pavel-Kristian-ml-kopie.jpg\" width=\"1901\" height=\"1267\" alt=\"LVHF2021 | Ensemble Scaramuccia\"><\/noscript><img loading=\"lazy\" decoding=\"async\" src=\"data:image\/svg+xml,%3Csvg%20xmlns%3D%22http%3A%2F%2Fwww.w3.org%2F2000%2Fsvg%22%20viewBox%3D%220%200%201901%201267%22%3E%3C%2Fsvg%3E\" width=\"1901\" height=\"1267\" alt=\"LVHF2021 | Ensemble Scaramuccia\" data-src=\"https:\/\/www.lvhf.cz\/wp-content\/uploads\/2021\/10\/01_7or_LVHF2021_scaramuccia-c-Pavel-Kristian-ml-kopie.jpg\" class=\" lazyload\"><\/a><\/div><div class=\"rl-gallery-item\"><a href=\"https:\/\/www.lvhf.cz\/wp-content\/uploads\/2021\/09\/25_2021-09-23_LVHF_Prolog-Gartenpalais-c-Pavel-Kristian.jpg\" title data-rl_title class=\"rl-gallery-link\" data-rl_caption data-rel=\"lightbox-gallery-10\" data-rl_><noscript><img loading=\"lazy\" decoding=\"async\" src=\"https:\/\/www.lvhf.cz\/wp-content\/uploads\/2021\/09\/25_2021-09-23_LVHF_Prolog-Gartenpalais-c-Pavel-Kristian.jpg\" width=\"1920\" height=\"1280\" alt=\"LVHF2021_Gartenpalais Liechtenstein 23.09.21 (c) Pavel Kristi\u00e1n ml.\"><\/noscript><img loading=\"lazy\" decoding=\"async\" src=\"data:image\/svg+xml,%3Csvg%20xmlns%3D%22http%3A%2F%2Fwww.w3.org%2F2000%2Fsvg%22%20viewBox%3D%220%200%201920%201280%22%3E%3C%2Fsvg%3E\" width=\"1920\" height=\"1280\" alt=\"LVHF2021_Gartenpalais Liechtenstein 23.09.21 (c) Pavel Kristi\u00e1n ml.\" data-src=\"https:\/\/www.lvhf.cz\/wp-content\/uploads\/2021\/09\/25_2021-09-23_LVHF_Prolog-Gartenpalais-c-Pavel-Kristian.jpg\" class=\" lazyload\"><\/a><\/div> <\/div> <\/div><br>\n&nbsp;<br>\nDespite the difficult situation, this year\u2019s <strong>overall attendance reached 91 percent<\/strong>. In total, the festival welcomed <strong>2,400 spectators from the Czech Republic, Slovakia, Austria, Germany, Great Britain, Hungary, Poland, Belgium, Switzerland and Spain<\/strong>. Also, the festival offered <strong>four streams of concerts<\/strong>: 23 September (Collegium 1704 and Collegium Vocale 1704), 2 October (Jakub J\u00f3zef Orli\u0144ski &#038; Ensemble Matheus), 9 October (Delphine Galou &#038;&nbsp;Accademia Bizantina) and 16 October (Fabio Biondi &#038; Europa Galante). The recording of the concert of Jakub J\u00f3zef Orli\u0144ski &#038; Ensemble Matheus can be viewed until 2 November at <a href=\"https:\/\/filmnazivo.cz\/detail\/182-zahajovaci-koncert-lvhf\" target=\"_blank\" rel=\"noopener\">filmnazivo.cz<\/a>. Part of the online entrance fees will go to support the collection Pro Moravu (For Moravia), organized by the Via Foundation, which LVMF joined only a few hours after the devastating tornado in South Moravia. To this day, festival was able to contribute CZK 55.469.<br>\n&nbsp;<br>\n<div class=\"rl-gallery-container \" id=\"rl-gallery-container-11\" data-gallery_id=\"0\"> <div class=\"rl-gallery rl-basicgrid-gallery \" id=\"rl-gallery-11\" data-gallery_no=\"11\"> <div class=\"rl-gallery-item\"><a href=\"https:\/\/www.lvhf.cz\/wp-content\/uploads\/2021\/10\/19_2_LVHF2021_europa-galante-c-Pavel-Kristian-ml._lvhf.cz_.jpg\" title data-rl_title class=\"rl-gallery-link\" data-rl_caption data-rel=\"lightbox-gallery-11\" data-rl_><noscript><img loading=\"lazy\" decoding=\"async\" src=\"https:\/\/www.lvhf.cz\/wp-content\/uploads\/2021\/10\/19_2_LVHF2021_europa-galante-c-Pavel-Kristian-ml._lvhf.cz_.jpg\" width=\"1920\" height=\"1280\" alt=\"LVHF2021 | Europa Galante\"><\/noscript><img loading=\"lazy\" decoding=\"async\" src=\"data:image\/svg+xml,%3Csvg%20xmlns%3D%22http%3A%2F%2Fwww.w3.org%2F2000%2Fsvg%22%20viewBox%3D%220%200%201920%201280%22%3E%3C%2Fsvg%3E\" width=\"1920\" height=\"1280\" alt=\"LVHF2021 | Europa Galante\" data-src=\"https:\/\/www.lvhf.cz\/wp-content\/uploads\/2021\/10\/19_2_LVHF2021_europa-galante-c-Pavel-Kristian-ml._lvhf.cz_.jpg\" class=\" lazyload\"><\/a><\/div><div class=\"rl-gallery-item\"><a href=\"https:\/\/www.lvhf.cz\/wp-content\/uploads\/2021\/10\/02_6_LVHF2021_europa-galante-c-Pavel-Kristian-ml._lvhf.cz_.jpg\" title data-rl_title class=\"rl-gallery-link\" data-rl_caption data-rel=\"lightbox-gallery-11\" data-rl_><noscript><img loading=\"lazy\" decoding=\"async\" src=\"https:\/\/www.lvhf.cz\/wp-content\/uploads\/2021\/10\/02_6_LVHF2021_europa-galante-c-Pavel-Kristian-ml._lvhf.cz_.jpg\" width=\"1920\" height=\"1280\" alt=\"LVHF2021 | Europa Galante\"><\/noscript><img loading=\"lazy\" decoding=\"async\" src=\"data:image\/svg+xml,%3Csvg%20xmlns%3D%22http%3A%2F%2Fwww.w3.org%2F2000%2Fsvg%22%20viewBox%3D%220%200%201920%201280%22%3E%3C%2Fsvg%3E\" width=\"1920\" height=\"1280\" alt=\"LVHF2021 | Europa Galante\" data-src=\"https:\/\/www.lvhf.cz\/wp-content\/uploads\/2021\/10\/02_6_LVHF2021_europa-galante-c-Pavel-Kristian-ml._lvhf.cz_.jpg\" class=\" lazyload\"><\/a><\/div><div class=\"rl-gallery-item\"><a href=\"https:\/\/www.lvhf.cz\/wp-content\/uploads\/2021\/10\/16_6_LVHF2021_farnace-c-Pavel-Kristian-ml._lvhf.cz_.jpg\" title data-rl_title class=\"rl-gallery-link\" data-rl_caption data-rel=\"lightbox-gallery-11\" data-rl_><noscript><img loading=\"lazy\" decoding=\"async\" src=\"https:\/\/www.lvhf.cz\/wp-content\/uploads\/2021\/10\/16_6_LVHF2021_farnace-c-Pavel-Kristian-ml._lvhf.cz_.jpg\" width=\"1920\" height=\"1280\" alt><\/noscript><img loading=\"lazy\" decoding=\"async\" src=\"data:image\/svg+xml,%3Csvg%20xmlns%3D%22http%3A%2F%2Fwww.w3.org%2F2000%2Fsvg%22%20viewBox%3D%220%200%201920%201280%22%3E%3C%2Fsvg%3E\" width=\"1920\" height=\"1280\" alt data-src=\"https:\/\/www.lvhf.cz\/wp-content\/uploads\/2021\/10\/16_6_LVHF2021_farnace-c-Pavel-Kristian-ml._lvhf.cz_.jpg\" class=\" lazyload\"><\/a><\/div> <\/div> <\/div><br>\n&nbsp;<br>\nThe festival was referred in both Czech (\u010cesk\u00e1 televize, \u010cesk\u00fd rozhlas, Den\u00edk, Lidov\u00e9 noviny, Harmonie, KlasikaPlus, OperaPlus, Radio ZET and others) and European media (Slovakia, Austria, Germany, Spain and the worldwide cultural portal bachtrack.com). In cooperation with CzechTourism, Centre of Tourism in South Moravia and Czech centres, the festival&nbsp;held a meeting of journalists from fourteen leading European media focused on culture and tourism.<br>\n&nbsp;<br>\n<div class=\"rl-gallery-container \" id=\"rl-gallery-container-12\" data-gallery_id=\"0\"> <div class=\"rl-gallery rl-basicgrid-gallery \" id=\"rl-gallery-12\" data-gallery_no=\"12\"> <div class=\"rl-gallery-item\"><a href=\"https:\/\/www.lvhf.cz\/wp-content\/uploads\/2021\/10\/01or_5_LVHF2021_incogniti-koncert-c-Pavel-Kristian-ml-kopie.jpg\" title data-rl_title class=\"rl-gallery-link\" data-rl_caption data-rel=\"lightbox-gallery-12\" data-rl_><noscript><img loading=\"lazy\" decoding=\"async\" src=\"https:\/\/www.lvhf.cz\/wp-content\/uploads\/2021\/10\/01or_5_LVHF2021_incogniti-koncert-c-Pavel-Kristian-ml-kopie.jpg\" width=\"1603\" height=\"1069\" alt><\/noscript><img loading=\"lazy\" decoding=\"async\" src=\"data:image\/svg+xml,%3Csvg%20xmlns%3D%22http%3A%2F%2Fwww.w3.org%2F2000%2Fsvg%22%20viewBox%3D%220%200%201603%201069%22%3E%3C%2Fsvg%3E\" width=\"1603\" height=\"1069\" alt data-src=\"https:\/\/www.lvhf.cz\/wp-content\/uploads\/2021\/10\/01or_5_LVHF2021_incogniti-koncert-c-Pavel-Kristian-ml-kopie.jpg\" class=\" lazyload\"><\/a><\/div><div class=\"rl-gallery-item\"><a href=\"https:\/\/www.lvhf.cz\/wp-content\/uploads\/2021\/10\/02_14_LVHF2021_marianumi-c-Pavel-Kristian-ml.jpg\" title data-rl_title class=\"rl-gallery-link\" data-rl_caption data-rel=\"lightbox-gallery-12\" data-rl_><noscript><img loading=\"lazy\" decoding=\"async\" src=\"https:\/\/www.lvhf.cz\/wp-content\/uploads\/2021\/10\/02_14_LVHF2021_marianumi-c-Pavel-Kristian-ml.jpg\" width=\"1920\" height=\"1280\" alt><\/noscript><img loading=\"lazy\" decoding=\"async\" src=\"data:image\/svg+xml,%3Csvg%20xmlns%3D%22http%3A%2F%2Fwww.w3.org%2F2000%2Fsvg%22%20viewBox%3D%220%200%201920%201280%22%3E%3C%2Fsvg%3E\" width=\"1920\" height=\"1280\" alt data-src=\"https:\/\/www.lvhf.cz\/wp-content\/uploads\/2021\/10\/02_14_LVHF2021_marianumi-c-Pavel-Kristian-ml.jpg\" class=\" lazyload\"><\/a><\/div><div class=\"rl-gallery-item\"><a href=\"https:\/\/www.lvhf.cz\/wp-content\/uploads\/2021\/10\/02_12_LVHF2021_bizantina-koncert-c-Pavel-Kristian-ml.jpg\" title data-rl_title class=\"rl-gallery-link\" data-rl_caption data-rel=\"lightbox-gallery-12\" data-rl_><noscript><img loading=\"lazy\" decoding=\"async\" src=\"https:\/\/www.lvhf.cz\/wp-content\/uploads\/2021\/10\/02_12_LVHF2021_bizantina-koncert-c-Pavel-Kristian-ml.jpg\" width=\"1920\" height=\"1280\" alt><\/noscript><img loading=\"lazy\" decoding=\"async\" src=\"data:image\/svg+xml,%3Csvg%20xmlns%3D%22http%3A%2F%2Fwww.w3.org%2F2000%2Fsvg%22%20viewBox%3D%220%200%201920%201280%22%3E%3C%2Fsvg%3E\" width=\"1920\" height=\"1280\" alt data-src=\"https:\/\/www.lvhf.cz\/wp-content\/uploads\/2021\/10\/02_12_LVHF2021_bizantina-koncert-c-Pavel-Kristian-ml.jpg\" class=\" lazyload\"><\/a><\/div> <\/div> <\/div><br>\n&nbsp;<br>\nThe festival could not be realized in such a quality without the support of both the public and private sectors. The basis of the financial stability of the festival this year was the support of companies operating in the region of South Moravia, whose loyalty and help even in difficult times of pandemic festival highly values. For the 6th time, the general partner was <a href=\"https:\/\/www.zfpa.cz\" target=\"_blank\" rel=\"noopener\">ZFP GROUP a.s<\/a>. The principal partners were <a href=\"https:\/\/www.firmaplus.cz\" target=\"_blank\" rel=\"noopener\">STAVEBN\u00cd FIRMA PLUS s.r.o<\/a>., <a href=\"https:\/\/www.alcaplast.com\/en\/\" target=\"_blank\" rel=\"noopener\">AlcaPlast s.r.o<\/a>., <a href=\"https:\/\/albaform.com\" target=\"_blank\" rel=\"noopener\">ALBAform Inc<\/a>. and&nbsp;<a href=\"https:\/\/czech-fund.cz\" target=\"_blank\" rel=\"noopener\">CZECH FUND<\/a>. The festival was held with the financial support of the <a href=\"https:\/\/www.mkcr.cz\/?lang=en\" target=\"_blank\" rel=\"noopener\">Ministry of Culture of the Czech Republic<\/a>, <a href=\"https:\/\/www.kr-jihomoravsky.cz\/Default.aspx?ID=961&#038;TypeID=1\" target=\"_blank\" rel=\"noopener\">South Moravian Region<\/a>, <a href=\"https:\/\/breclav.eu\" target=\"_blank\" rel=\"noopener\">City of B\u0159eclav<\/a>, <a href=\"https:\/\/www.valtice.eu\" target=\"_blank\" rel=\"noopener\">City of Valtice<\/a> and <a href=\"https:\/\/www.lednice.cz\/en\/\" target=\"_blank\" rel=\"noopener\">City of Lednice<\/a>, State Cultural Fund of the Czech Republic and <a href=\"https:\/\/www.lva.cz\/index.php\" target=\"_blank\" rel=\"noopener\">Lednice-Valtice Area<\/a>. This year\u2019s festival was also supported by the foreign institutes: <a href=\"https:\/\/iicpraga.esteri.it\/IIC_PRAGA\/it\/\" target=\"_blank\" rel=\"noopener\">Italian Cultural Institute in Prague<\/a>, <a href=\"https:\/\/www.accioncultural.es\/en\" target=\"_blank\" rel=\"noopener\">Acci\u00f3n cultural espa\u00f1ola AC\/E<\/a> and <a href=\"https:\/\/www.ifp.cz\/fr\/homepage#\/\" target=\"_blank\" rel=\"noopener\">French Institute in Prague<\/a>. Members of the newly established LVMF Patronage Club also made a significant financial contribution to this year\u2019s festival success. The main media partners were <a href=\"https:\/\/www.ceskatelevize.cz\" target=\"_blank\" rel=\"noopener\">\u010cesk\u00e1 televize<\/a> (Czech TV) and <a href=\"https:\/\/www.lvhf.cz\/en\/partners\/\" target=\"_blank\" rel=\"noopener\">Den\u00edk<\/a>. The 6th Lednice-Valtice Music Festival was included by the Ministry of Regional Development of the Czech Republic among the priority events in the region of South Moravia through the <a href=\"https:\/\/www.visitczechrepublic.com\/en-US\" target=\"_blank\" rel=\"noopener\">CzechTourism<\/a>.<br>\n&nbsp;\n<p><a class=\"goOutButton btn btn-default\" style=\"font-family:Playfair Display;\" href=\"https:\/\/www.lvhf.cz\/en\/concerts-archive2021\/\">Concert Archive 2021<\/a><a class=\"goOutButton btn btn-default\" style=\"font-family:Playfair Display;\" href=\"https:\/\/www.lvhf.cz\/en\/media-room\/photo-galleries-lvhf\/\">Photogalleries<\/a><a class=\"goOutButton btn btn-default\" style=\"font-family:Playfair Display;\" href=\"https:\/\/www.lvhf.cz\/en\/program-and-tickets\/cz-festival-2022\/\">Festival 2022<\/a><br>\n&nbsp;<\/p>","protected":false},"excerpt":{"rendered":"<p>&nbsp; The 6th Lednice-Valtice Music Festival has ended on Saturday 16 October 2021, which marked the culmination of the largest European exhibition of Antonio Vivaldi\u2019s work in the last fifty years. From September 23 to October 16, Collegium 1704 &#038; Collegium Vocale 1704, Ensemble Matheus, Concerto Aventino, Ensemble Scaramuccia (Czech debut), Gli Incogniti, Accademia Bizantina, [&#46;&#46;&#46;]<\/p>\n","protected":false},"author":5,"featured_media":29795,"parent":0,"menu_order":90,"comment_status":"closed","ping_status":"closed","template":"","meta":{"footnotes":""},"acf":[],"_links":{"self":[{"href":"https:\/\/www.lvhf.cz\/en\/wp-json\/wp\/v2\/pages\/11219"}],"collection":[{"href":"https:\/\/www.lvhf.cz\/en\/wp-json\/wp\/v2\/pages"}],"about":[{"href":"https:\/\/www.lvhf.cz\/en\/wp-json\/wp\/v2\/types\/page"}],"author":[{"embeddable":true,"href":"https:\/\/www.lvhf.cz\/en\/wp-json\/wp\/v2\/users\/5"}],"replies":[{"embeddable":true,"href":"https:\/\/www.lvhf.cz\/en\/wp-json\/wp\/v2\/comments?post=11219"}],"version-history":[{"count":24,"href":"https:\/\/www.lvhf.cz\/en\/wp-json\/wp\/v2\/pages\/11219\/revisions"}],"predecessor-version":[{"id":28800,"href":"https:\/\/www.lvhf.cz\/en\/wp-json\/wp\/v2\/pages\/11219\/revisions\/28800"}],"wp:featuredmedia":[{"embeddable":true,"href":"https:\/\/www.lvhf.cz\/en\/wp-json\/wp\/v2\/media\/29795"}],"wp:attachment":[{"href":"https:\/\/www.lvhf.cz\/en\/wp-json\/wp\/v2\/media?parent=11219"}],"curies":[{"name":"wp","href":"https:\/\/api.w.org\/{rel}","templated":true}]}}