{"id":10693,"date":"2020-11-14T18:13:04","date_gmt":"2020-11-14T17:13:04","guid":{"rendered":"https:\/\/www.lvhf.cz\/?page_id=10693"},"modified":"2025-02-11T18:55:58","modified_gmt":"2025-02-11T17:55:58","slug":"reportaze","status":"publish","type":"page","link":"https:\/\/www.lvhf.cz\/en\/media\/reportaze\/","title":{"rendered":"Newscasts"},"content":{"rendered":"<p><\/p>\n<style>.breadcrumbs {visibility:hidden; display:none;}\n.hero-img-contacts {height:200px !important; }\n.title-wrap {background:linear-gradient(90deg, rgba(0,0,0,0.5) 0%, rgba(185,185,185,0.85) 35%, rgba(185,185,185,0.85) 66%, rgba(0,0,0,0.5) 100%); height: 400px; padding-top:50px;}<\/style>\n<nav aria-label=\"breadcrumbs\" class=\"rank-math-breadcrumb\"><p><span class=\"last\">LVMF<\/span><\/p><\/nav>\n<div class=\"row\">\n<div class=\"col-sm-4\">\n<div class=\"embed-responsive embed-responsive-16by9\"><iframe style=\"text-align: center;\" src=\"https:\/\/www.youtube.com\/embed\/IhJtzbKv69A?si=Ce3V-K1l2aL3938S\" width=\"560\" height=\"315\" frameborder=\"0\" allowfullscreen=\"allowfullscreen\"><\/iframe><\/div>\n<p style=\"text-align: center;\">#LVHF 2024 | 8. z\u00e1v\u011bre\u010dn\u00fd koncert | 12.10.2024<\/p>\n<\/div>\n<div class=\"col-sm-4\">\n<div class=\"embed-responsive embed-responsive-16by9\"><iframe style=\"text-align: center;\" src=\"https:\/\/www.youtube.com\/embed\/KIy0v2EjtMU?si=MU-cH3MlJpoJ4jEE\" width=\"560\" height=\"315\" frameborder=\"0\" allowfullscreen=\"allowfullscreen\"><\/iframe><\/div>\n<p style=\"text-align: center;\">#LVHF 2024 | 7. koncert LVHF | 11.10.2024<\/p>\n<\/div>\n<div class=\"col-sm-4\">\n<div class=\"embed-responsive embed-responsive-16by9\"><iframe style=\"text-align: center;\" src=\"https:\/\/www.youtube.com\/embed\/1BaIlYn9yzo?si=bjmiaH-6qOSAR8fz\" width=\"560\" height=\"315\" frameborder=\"0\" allowfullscreen=\"allowfullscreen\"><\/iframe><\/div>\n<p style=\"text-align: center;\">#LVHF 2024 | 6.koncert Mikulov | 09.10.2024<\/p>\n<\/div><\/div>\n<div class=\"row\">\n<div class=\"col-sm-4\">\n<div class=\"embed-responsive embed-responsive-16by9\"><iframe style=\"text-align: center;\" src=\"https:\/\/www.youtube.com\/embed\/p7UeacVpR3M?si=NEbjPoR4B_lJM8e_\" width=\"560\" height=\"315\" frameborder=\"0\" allowfullscreen=\"allowfullscreen\"><\/iframe><\/div>\n<p style=\"text-align: center;\">#LVHF 2024 | 5.koncert Kostel Lednice | 06.10.2024<\/p>\n<\/div>\n<div class=\"col-sm-4\">\n<div class=\"embed-responsive embed-responsive-16by9\"><iframe src=\"https:\/\/www.youtube.com\/embed\/wzGaK_MsoEE?si=ku3OLcvKJsIQExmN\" width=\"560\" height=\"315\" frameborder=\"0\" allowfullscreen=\"allowfullscreen\"><\/iframe><\/div>\n<p style=\"text-align: center;\">#LVHF 2024 | 4. koncert J\u00edzd\u00e1rna Lednice | 05.10.2024<\/p>\n<\/div>\n<div class=\"col-sm-4\">\n<div class=\"embed-responsive embed-responsive-16by9\"><iframe src=\"https:\/\/www.youtube.com\/embed\/uafg-e5Uuro?si=jQNU7Ef8ZuFmT2jc\" width=\"560\" height=\"315\" frameborder=\"0\" allowfullscreen=\"allowfullscreen\"><\/iframe><\/div>\n<p style=\"text-align: center;\">#LVHF 2024 | 3.koncert Kostel po\u0161torn\u00e1 | 04.10.2024<\/p>\n<\/div>\n<\/div>\n<div class=\"row\">\n<div class=\"col-sm-4\">\n<div class=\"embed-responsive embed-responsive-16by9\"><iframe style=\"text-align: center;\" src=\"https:\/\/www.youtube.com\/embed\/ktT7WhWCZCg?si=O8CW4oV5IEpPROQN\" width=\"560\" height=\"315\" frameborder=\"0\" allowfullscreen=\"allowfullscreen\"><\/iframe><\/div>\n<p style=\"text-align: center;\">#LVHF 2024 | 2. koncert Rendez-vous | 29.09.2024<\/p>\n<\/div>\n<div class=\"col-sm-4\">\n<div class=\"embed-responsive embed-responsive-16by9\"><iframe src=\"https:\/\/www.youtube.com\/embed\/0kWH41Fu9YE?si=FCRPZySbZWYLGHjp\" width=\"560\" height=\"315\" frameborder=\"0\" allowfullscreen=\"allowfullscreen\"><\/iframe><\/div>\n<p style=\"text-align: center;\">#LVHF 2024 | 1. koncert Slavnostn\u00ed zah\u00e1jen\u00ed | 28.09.2024<\/p>\n<\/div>\n<div class=\"col-sm-4\">\n<div class=\"embed-responsive embed-responsive-16by9\"><iframe src=\"https:\/\/www.youtube.com\/embed\/x1wYuYodvhU?si=lE7UYk5AZP8DpPt7\" width=\"560\" height=\"315\" frameborder=\"0\" allowfullscreen=\"allowfullscreen\"><\/iframe><\/div>\n<p style=\"text-align: center;\">#LVHF 2024 | Edukace J\u00edzd\u00e1rna Valtice | 24.09.2024<\/p>\n<\/div>\n<\/div>\n<div class=\"row\">\n<div class=\"col-sm-4\">\n<div class=\"embed-responsive embed-responsive-16by9\"><iframe style=\"text-align: center;\" src=\"https:\/\/www.youtube.com\/embed\/1ntXrqtqxM8?si=_IDLhxnxDM6bzOZ5\" width=\"560\" height=\"315\" frameborder=\"0\" allowfullscreen=\"allowfullscreen\"><\/iframe><\/div>\n<p style=\"text-align: center;\">#LVHF 2024 | Prolog Moravsk\u00fd Krumlov | 14.09.2024<\/p>\n<\/div>\n<div class=\"col-sm-4\">\n<div class=\"embed-responsive embed-responsive-16by9\"><iframe src=\"https:\/\/www.youtube.com\/embed\/sm43398PUnY?si=bVADz0F1OyfoBWw1\" width=\"560\" height=\"315\" frameborder=\"0\" allowfullscreen=\"allowfullscreen\"><\/iframe><\/div>\n<p style=\"text-align: center;\">#LVHF 2023 | S\u00e1l na Pohansku oslnili mlad\u00ed Ameri\u010dan\u00e9 hudbou 20. stolet\u00ed<\/p>\n<\/div>\n<div class=\"col-sm-4\">\n<div class=\"embed-responsive embed-responsive-16by9\"><a href=\"https:\/\/decko.ceskatelevize.cz\/video\/e223411000161004\" target=\"_blank\" rel=\"noopener\"><noscript><img fetchpriority=\"high\" decoding=\"async\" src=\"https:\/\/decko.ceskatelevize.cz\/cms\/ct-src\/video\/e223411000161004\/uni.jpg\" alt=\"Popis obr\u00e1zku\" width=\"560\" height=\"315\"><\/noscript><img fetchpriority=\"high\" decoding=\"async\" src=\"data:image\/svg+xml,%3Csvg%20xmlns%3D%22http%3A%2F%2Fwww.w3.org%2F2000%2Fsvg%22%20viewBox%3D%220%200%20560%20315%22%3E%3C%2Fsvg%3E\" alt=\"Popis obr\u00e1zku\" width=\"560\" height=\"315\" data-src=\"https:\/\/decko.ceskatelevize.cz\/cms\/ct-src\/video\/e223411000161004\/uni.jpg\" class=\" lazyload\"> <\/a><\/div>\n<p style=\"text-align: center;\">#LVHF 2023 | \u010cT D\u00e9\u010dko \u2013 Kreativn\u00ed d\u00edlni\u010dky | Galerie Korek 3.10.2023<\/p>\n<\/div>\n<\/div>\n<div class=\"row\">\n<div class=\"col-sm-4\">\n<div class=\"embed-responsive embed-responsive-16by9\"><iframe src=\"https:\/\/www.youtube.com\/embed\/xjtkdycPCwk?si=s92_iuUuhLVQ_omX\" width=\"560\" height=\"315\" frameborder=\"0\" allowfullscreen=\"allowfullscreen\"><\/iframe><\/div>\n<p style=\"text-align: center;\">#LVHF 2023 | Houslov\u00fd virtuos Matej\u010da oslnil Valtice a vyslou\u017eil si potlesk ve stoje<\/p>\n<\/div>\n<div class=\"col-sm-4\">\n<div class=\"embed-responsive embed-responsive-16by9\"><iframe style=\"text-align: center;\" src=\"https:\/\/www.youtube.com\/embed\/fYg-CL9ODh4?si=pnklXfX5_DeUiKy8\" width=\"560\" height=\"315\" frameborder=\"0\" allowfullscreen=\"allowfullscreen\"><\/iframe><\/div>\n<p style=\"text-align: center;\">#LVHF 2023 | 8. ro\u010dn\u00edk LVHF odstartoval ve vina\u0159stv\u00ed Obelisk<\/p>\n<\/div>\n<div class=\"col-sm-4\">\n<div class=\"embed-responsive embed-responsive-16by9\"><iframe src=\"https:\/\/www.youtube.com\/embed\/CAGaXOXl7wQ?si=-nfmMJNSxda-uE3V\" width=\"560\" height=\"315\" frameborder=\"0\" allowfullscreen=\"allowfullscreen\"><\/iframe><\/div>\n<p style=\"text-align: center;\">#LVHF 2023 | LVHF l\u00e1k\u00e1 na mlad\u00e9 hudebn\u00edky<\/p>\n<\/div>\n<\/div>\n<div class=\"row\">\n<div class=\"col-sm-4\">\n<div class=\"embed-responsive embed-responsive-16by9\"><iframe src=\"https:\/\/www.youtube.com\/embed\/bvXJNv5nCh0\" width=\"560\" height=\"315\" frameborder=\"0\" allowfullscreen=\"allowfullscreen\"><\/iframe><\/div>\n<p style=\"text-align: center;\">#LVHF 2022 | Galakoncert ZFP na LVHF | ZFP GROUP<\/p>\n<\/div>\n<div class=\"col-sm-4\">\n<div class=\"embed-responsive embed-responsive-16by9\"><iframe style=\"text-align: center;\" src=\"https:\/\/www.youtube.com\/embed\/FA891xJ4Fow\" width=\"560\" height=\"315\" frameborder=\"0\" allowfullscreen=\"allowfullscreen\"><\/iframe><\/div>\n<p style=\"text-align: center;\">#LVHF 2022 | Balk\u00e1nsk\u00fd temperament &#8211; 7.ro\u010dn\u00edk LVHF<\/p>\n<\/div>\n<div class=\"col-sm-4\">\n<div class=\"embed-responsive embed-responsive-16by9\"><iframe src=\"https:\/\/www.youtube.com\/embed\/A0VXP1nkE4A\" width=\"560\" height=\"315\" frameborder=\"0\" allowfullscreen=\"allowfullscreen\"><\/iframe><\/div>\n<p style=\"text-align: center;\">#LVHF 2022 | Barokn\u00ed divadlo ve Valtic\u00edch bylo sv\u011bdkem excelentn\u00edho v\u00fdkonu houslisty Ji\u0159\u00edho Vodi\u010dky<\/p>\n<\/div>\n<\/div>\n<div class=\"row\">\n<div class=\"col-sm-4\">\n<div class=\"embed-responsive embed-responsive-16by9\"><iframe src=\"https:\/\/www.youtube.com\/embed\/mOlV2RQpVmI\" width=\"560\" height=\"315\" frameborder=\"0\" allowfullscreen=\"allowfullscreen\"><\/iframe><\/div>\n<p style=\"text-align: center;\">#LVHF 2022 | Uprost\u0159ed lesa, v Dianin\u011b chr\u00e1mu, zazn\u011bly dal\u0161\u00ed Balk\u00e1nsk\u00e9 inspirace LVHF<\/p>\n<\/div>\n<div class=\"col-sm-4\">\n<div class=\"embed-responsive embed-responsive-16by9\"><iframe style=\"text-align: center;\" src=\"https:\/\/www.youtube.com\/embed\/YZSMmh6kl7k\" width=\"560\" height=\"315\" frameborder=\"0\" allowfullscreen=\"allowfullscreen\"><\/iframe><\/div>\n<p style=\"text-align: center;\">#LVHF 2022 | Koncert LVHF v Lednici se nesl i v charitativn\u00edm duchu<\/p>\n<\/div>\n<div class=\"col-sm-4\">\n<div class=\"embed-responsive embed-responsive-16by9\"><iframe src=\"https:\/\/www.youtube.com\/embed\/e4j_cGeh3wM\" width=\"560\" height=\"315\" frameborder=\"0\" allowfullscreen=\"allowfullscreen\"><\/iframe><\/div>\n<p style=\"text-align: center;\">#LVHF 2022 | Sen se stal skute\u010dnost\u00ed<\/p>\n<\/div>\n<\/div>\n<div class=\"row\">\n<div class=\"col-sm-4\">\n<div class=\"embed-responsive embed-responsive-16by9\"><iframe src=\"https:\/\/www.youtube.com\/embed\/6m5b5zRCGCo\" width=\"560\" height=\"315\" frameborder=\"0\" allowfullscreen=\"allowfullscreen\"><\/iframe><\/div>\n<p style=\"text-align: center;\">#LVHF 2022 | Kostel Sv. Jakuba v Lednici hostil 3.koncert LVHF 2022<\/p>\n<\/div>\n<div class=\"col-sm-4\">\n<div class=\"embed-responsive embed-responsive-16by9\"><iframe style=\"text-align: center;\" src=\"https:\/\/www.youtube.com\/embed\/63gQLHgZWTM\" width=\"560\" height=\"315\" frameborder=\"0\" allowfullscreen=\"allowfullscreen\"><\/iframe><\/div>\n<p style=\"text-align: center;\">#LVHF 2022 | Premi\u00e9ra p\u00edsn\u011b v Mikulov\u011b spojila Chorvaty a \u010cechy<\/p>\n<\/div>\n<div class=\"col-sm-4\">\n<div class=\"embed-responsive embed-responsive-16by9\"><iframe src=\"https:\/\/www.youtube.com\/embed\/Ss3eCGvj3Jc\" width=\"560\" height=\"315\" frameborder=\"0\" allowfullscreen=\"allowfullscreen\"><\/iframe><\/div>\n<p style=\"text-align: center;\">#LVHF 2022 | Ve Valtic\u00edch byl slavnostn\u011b zah\u00e1jen LVHF<\/p>\n<\/div>\n<\/div>\n<div class=\"row\">\n<div class=\"col-sm-4\">\n<div class=\"embed-responsive embed-responsive-16by9\"><iframe src=\"https:\/\/www.facebook.com\/plugins\/video.php?height=314&amp;href=https%3A%2F%2Fwww.facebook.com%2Flvhf.cz%2Fvideos%2F392720809197224%2F&amp;show_text=false&amp;width=560&amp;t=0\" width=\"560\" height=\"315\" frameborder=\"0\" allowfullscreen=\"allowfullscreen\"><\/iframe><\/div>\n<p style=\"text-align: center;\">#LVHF2021 | Z\u00e1meck\u00e1 j\u00edzd\u00e1rna Valtice<\/p>\n<\/div>\n<div class=\"col-sm-4\">\n<div class=\"embed-responsive embed-responsive-16by9\"><iframe src=\"https:\/\/www.youtube.com\/embed\/hx-wcPdT8vY\" width=\"560\" height=\"315\" frameborder=\"0\" allowfullscreen=\"allowfullscreen\"><\/iframe><\/div>\n<p style=\"text-align: center;\">#LVHF2021 | Eduardo Garc\u00eda Salas o Antoniu Vivaldim<\/p>\n<\/div>\n<div class=\"col-sm-4\">\n<div class=\"embed-responsive embed-responsive-16by9\"><iframe src=\"https:\/\/www.youtube.com\/embed\/zRhPhBweCgQ\" width=\"560\" height=\"315\" frameborder=\"0\" allowfullscreen=\"allowfullscreen\"><\/iframe><\/div>\n<p style=\"text-align: center;\">#LVHF2021 | Z\u00e1meck\u00e1 j\u00edzd\u00e1rna Valtice<\/p>\n<\/div>\n<\/div>\n<div class=\"row\">\n<div class=\"col-sm-4\">\n<div class=\"embed-responsive embed-responsive-16by9\"><iframe src=\"https:\/\/www.facebook.com\/plugins\/video.php?height=314&amp;href=https%3A%2F%2Fwww.facebook.com%2Flvhf.cz%2Fvideos%2F4410829855631198%2F&amp;show_text=false&amp;width=560&amp;t=0\" width=\"560\" height=\"315\" frameborder=\"0\" allowfullscreen=\"allowfullscreen\"><\/iframe><\/div>\n<p style=\"text-align: center;\">#LVHF2021 | Z\u00e1meck\u00e1 kaple Valtice<\/p>\n<\/div>\n<div class=\"col-sm-4\">\n<div class=\"embed-responsive embed-responsive-16by9\"><iframe src=\"https:\/\/www.facebook.com\/plugins\/video.php?height=314&amp;href=https%3A%2F%2Fwww.facebook.com%2Flvhf.cz%2Fvideos%2F604558230568017%2F&amp;show_text=false&amp;width=560&amp;t=0\" width=\"560\" height=\"315\" frameborder=\"0\" allowfullscreen=\"allowfullscreen\"><\/iframe><\/div>\n<p style=\"text-align: center;\">#LVHF2021 | Garten Palais Liechtenstein<\/p>\n<\/div>\n<div class=\"col-sm-4\">\n<div class=\"embed-responsive embed-responsive-16by9\"><iframe src=\"https:\/\/www.facebook.com\/plugins\/video.php?height=314&amp;href=https%3A%2F%2Fwww.facebook.com%2Flvhf.cz%2Fvideos%2F291065572530575%2F&amp;show_text=false&amp;width=560&amp;t=0\" width=\"560\" height=\"315\" frameborder=\"0\" allowfullscreen=\"allowfullscreen\"><\/iframe><\/div>\n<p style=\"text-align: center;\">#LVHF2021 | Garten Palais Liechtenstein<\/p>\n<\/div>\n<\/div>\n<div class=\"row\">\n<div class=\"col-sm-4\">\n<div class=\"embed-responsive embed-responsive-16by9\"><iframe src=\"https:\/\/www.youtube.com\/embed\/ZY1seJ10Dy4\" width=\"560\" height=\"315\" frameborder=\"0\" allowfullscreen=\"allowfullscreen\"><\/iframe><\/div>\n<p style=\"text-align: center;\">#LVHF2020 | Hudba rozezn\u011bla poprv\u00e9 v historii Rybni\u010dn\u00ed z\u00e1me\u010dek u&nbsp;Lednice. Lobkowicz Trio zde zakon\u010dilo LVHF&nbsp;2020<\/p>\n<\/div>\n<div class=\"col-sm-4\">\n<div class=\"embed-responsive embed-responsive-16by9\"><iframe src=\"https:\/\/www.youtube.com\/embed\/Gfj0605iS04\" width=\"560\" height=\"315\" frameborder=\"0\" allowfullscreen=\"allowfullscreen\"><\/iframe><\/div>\n<p style=\"text-align: center;\">#LVHF2020 | Z\u00e1mek Mikulov rozezn\u011bly na LVHF 2020 vz\u00e1cn\u00e9 housle V\u00e1clava Hude\u010dka a sv\u011btov\u00e1 premi\u00e9ra<\/p>\n<\/div>\n<div class=\"col-sm-4\">\n<div class=\"embed-responsive embed-responsive-16by9\"><iframe src=\"https:\/\/www.youtube.com\/embed\/dhQsBJX_Qls\" width=\"560\" height=\"315\" frameborder=\"0\" allowfullscreen=\"allowfullscreen\"><\/iframe><\/div>\n<p style=\"text-align: center;\">#LVHF2020 | Dr\u017eitel \u0161esti Cen Gramophone Pavel Haas Quartet zahr\u00e1l v lednick\u00e9m z\u00e1mku na LVHF<br>\nJan\u00e1\u010dka a&nbsp;Smetanu<\/p>\n<\/div>\n<\/div>\n<div class=\"row\">\n<div class=\"col-sm-4\">\n<div class=\"embed-responsive embed-responsive-16by9\"><iframe src=\"https:\/\/www.youtube.com\/embed\/gXk8XHKBLDM\" width=\"560\" height=\"315\" frameborder=\"0\" allowfullscreen=\"allowfullscreen\"><\/iframe><\/div>\n<p style=\"text-align: center;\">#LVHF2020 | B\u0159eclavskou synagogu rozezn\u011bl na LVHF 2020 tradi\u010dn\u00ed klezmer i \u0161l\u00e1gry americk\u00e9ho divadla jidi\u0161<\/p>\n<\/div>\n<div class=\"col-sm-4\">\n<div class=\"embed-responsive embed-responsive-16by9\"><iframe src=\"https:\/\/www.youtube.com\/embed\/rXsniqT4Dz4\" width=\"560\" height=\"315\" frameborder=\"0\" allowfullscreen=\"allowfullscreen\"><\/iframe><\/div>\n<p style=\"text-align: center;\">#LVHF2020 | Sv\u011btozn\u00e1m\u00fd Janoska Ensemble zah\u00e1jil LVHF 2020 fam\u00f3zn\u00edm koncertem v J\u00edzd\u00e1rn\u011b z\u00e1mku Lednice<\/p>\n<\/div>\n<div class=\"col-sm-4\">\n<div class=\"embed-responsive embed-responsive-16by9\"><iframe src=\"https:\/\/www.youtube.com\/embed\/jZH3inEUb9c\" width=\"560\" height=\"315\" frameborder=\"0\" allowfullscreen=\"allowfullscreen\"><\/iframe><\/div>\n<p style=\"text-align: center;\">#LVHF2020 | Promo video<\/p>\n<\/div>\n<\/div>\n\n<p><\/p>","protected":false},"excerpt":{"rendered":"<p>#LVHF 2024 | 8. z\u00e1v\u011bre\u010dn\u00fd koncert | 12.10.2024 #LVHF 2024 | 7. koncert LVHF | 11.10.2024 #LVHF 2024 | 6.koncert Mikulov | 09.10.2024 #LVHF 2024 | 5.koncert Kostel Lednice | 06.10.2024 #LVHF 2024 | 4. koncert J\u00edzd\u00e1rna Lednice | 05.10.2024 #LVHF 2024 | 3.koncert Kostel po\u0161torn\u00e1 | 04.10.2024 #LVHF 2024 | 2. koncert Rendez-vous | [&#46;&#46;&#46;]<\/p>\n","protected":false},"author":2,"featured_media":20193,"parent":10667,"menu_order":0,"comment_status":"closed","ping_status":"closed","template":"","meta":{"footnotes":""},"acf":[],"_links":{"self":[{"href":"https:\/\/www.lvhf.cz\/en\/wp-json\/wp\/v2\/pages\/10693"}],"collection":[{"href":"https:\/\/www.lvhf.cz\/en\/wp-json\/wp\/v2\/pages"}],"about":[{"href":"https:\/\/www.lvhf.cz\/en\/wp-json\/wp\/v2\/types\/page"}],"author":[{"embeddable":true,"href":"https:\/\/www.lvhf.cz\/en\/wp-json\/wp\/v2\/users\/2"}],"replies":[{"embeddable":true,"href":"https:\/\/www.lvhf.cz\/en\/wp-json\/wp\/v2\/comments?post=10693"}],"version-history":[{"count":68,"href":"https:\/\/www.lvhf.cz\/en\/wp-json\/wp\/v2\/pages\/10693\/revisions"}],"predecessor-version":[{"id":28194,"href":"https:\/\/www.lvhf.cz\/en\/wp-json\/wp\/v2\/pages\/10693\/revisions\/28194"}],"up":[{"embeddable":true,"href":"https:\/\/www.lvhf.cz\/en\/wp-json\/wp\/v2\/pages\/10667"}],"wp:featuredmedia":[{"embeddable":true,"href":"https:\/\/www.lvhf.cz\/en\/wp-json\/wp\/v2\/media\/20193"}],"wp:attachment":[{"href":"https:\/\/www.lvhf.cz\/en\/wp-json\/wp\/v2\/media?parent=10693"}],"curies":[{"name":"wp","href":"https:\/\/api.w.org\/{rel}","templated":true}]}}