{"id":10637,"date":"2020-10-24T10:44:50","date_gmt":"2020-10-24T08:44:50","guid":{"rendered":"https:\/\/www.lvhf.cz\/?page_id=10637"},"modified":"2020-11-25T22:04:56","modified_gmt":"2020-11-25T21:04:56","slug":"fotogalerie-lvhf2020-partneri","status":"publish","type":"page","link":"https:\/\/www.lvhf.cz\/en\/media\/fotogalerie\/fotogalerie-lvhf2020-partneri\/","title":{"rendered":"Photo Gallery LVHF2020 | Partners"},"content":{"rendered":"<p>Photo: Teru Menclov\u00e1 and Pavel Kristian<br>\n<\/p><div class=\"rl-gallery-container \" id=\"rl-gallery-container-3\" data-gallery_id=\"0\"> <div class=\"rl-gallery rl-basicgrid-gallery \" id=\"rl-gallery-3\" data-gallery_no=\"3\"> <div class=\"rl-gallery-item\"><a href=\"https:\/\/www.lvhf.cz\/wp-content\/uploads\/2020\/10\/01_2020-10-03-LVHF_zfpgroup-c-Teru-Menclova-scaled.jpg\" title data-rl_title class=\"rl-gallery-link\" data-rl_caption data-rel=\"lightbox-gallery-3\"><noscript><img fetchpriority=\"high\" decoding=\"async\" src=\"https:\/\/www.lvhf.cz\/wp-content\/uploads\/2020\/10\/01_2020-10-03-LVHF_zfpgroup-c-Teru-Menclova-scaled.jpg\" width=\"2560\" height=\"1707\" alt=\"LVHF ZFP Group (c) Teru Menclova\"><\/noscript><img fetchpriority=\"high\" decoding=\"async\" src=\"data:image\/svg+xml,%3Csvg%20xmlns%3D%22http%3A%2F%2Fwww.w3.org%2F2000%2Fsvg%22%20viewBox%3D%220%200%202560%201707%22%3E%3C%2Fsvg%3E\" width=\"2560\" height=\"1707\" alt=\"LVHF ZFP Group (c) Teru Menclova\" data-src=\"https:\/\/www.lvhf.cz\/wp-content\/uploads\/2020\/10\/01_2020-10-03-LVHF_zfpgroup-c-Teru-Menclova-scaled.jpg\" class=\" lazyload\"><\/a><\/div><div class=\"rl-gallery-item\"><a href=\"https:\/\/www.lvhf.cz\/wp-content\/uploads\/2020\/10\/02_2020-10-10_LVHF_czechfund-c-Pavel-Kristian-44-scaled.jpg\" title data-rl_title class=\"rl-gallery-link\" data-rl_caption data-rel=\"lightbox-gallery-3\"><noscript><img decoding=\"async\" src=\"https:\/\/www.lvhf.cz\/wp-content\/uploads\/2020\/10\/02_2020-10-10_LVHF_czechfund-c-Pavel-Kristian-44-scaled.jpg\" width=\"2560\" height=\"1707\" alt=\"LVHF CzechFund (c) Pavel Kristian\"><\/noscript><img decoding=\"async\" src=\"data:image\/svg+xml,%3Csvg%20xmlns%3D%22http%3A%2F%2Fwww.w3.org%2F2000%2Fsvg%22%20viewBox%3D%220%200%202560%201707%22%3E%3C%2Fsvg%3E\" width=\"2560\" height=\"1707\" alt=\"LVHF CzechFund (c) Pavel Kristian\" data-src=\"https:\/\/www.lvhf.cz\/wp-content\/uploads\/2020\/10\/02_2020-10-10_LVHF_czechfund-c-Pavel-Kristian-44-scaled.jpg\" class=\" lazyload\"><\/a><\/div><div class=\"rl-gallery-item\"><a href=\"https:\/\/www.lvhf.cz\/wp-content\/uploads\/2020\/10\/03_2020-10-09_LVHF_alcaplast-c-Pavel-Kristian-scaled.jpg\" title data-rl_title class=\"rl-gallery-link\" data-rl_caption data-rel=\"lightbox-gallery-3\"><noscript><img decoding=\"async\" src=\"https:\/\/www.lvhf.cz\/wp-content\/uploads\/2020\/10\/03_2020-10-09_LVHF_alcaplast-c-Pavel-Kristian-scaled.jpg\" width=\"2560\" height=\"1707\" alt=\"LVHF Alcaplast (c) Pavel Kristian\"><\/noscript><img decoding=\"async\" src=\"data:image\/svg+xml,%3Csvg%20xmlns%3D%22http%3A%2F%2Fwww.w3.org%2F2000%2Fsvg%22%20viewBox%3D%220%200%202560%201707%22%3E%3C%2Fsvg%3E\" width=\"2560\" height=\"1707\" alt=\"LVHF Alcaplast (c) Pavel Kristian\" data-src=\"https:\/\/www.lvhf.cz\/wp-content\/uploads\/2020\/10\/03_2020-10-09_LVHF_alcaplast-c-Pavel-Kristian-scaled.jpg\" class=\" lazyload\"><\/a><\/div><div class=\"rl-gallery-item\"><a href=\"https:\/\/www.lvhf.cz\/wp-content\/uploads\/2020\/10\/04_2020-10-11_LVHF_plus-c-Pavel-Kristian-scaled.jpg\" title data-rl_title class=\"rl-gallery-link\" data-rl_caption data-rel=\"lightbox-gallery-3\"><noscript><img loading=\"lazy\" decoding=\"async\" src=\"https:\/\/www.lvhf.cz\/wp-content\/uploads\/2020\/10\/04_2020-10-11_LVHF_plus-c-Pavel-Kristian-scaled.jpg\" width=\"2560\" height=\"1707\" alt=\"LVHF Stavebn\u00ed firma PLUS Anov\u010d\u00edn (c) Pavel Kristian\"><\/noscript><img loading=\"lazy\" decoding=\"async\" src=\"data:image\/svg+xml,%3Csvg%20xmlns%3D%22http%3A%2F%2Fwww.w3.org%2F2000%2Fsvg%22%20viewBox%3D%220%200%202560%201707%22%3E%3C%2Fsvg%3E\" width=\"2560\" height=\"1707\" alt=\"LVHF Stavebn\u00ed firma PLUS Anov\u010d\u00edn (c) Pavel Kristian\" data-src=\"https:\/\/www.lvhf.cz\/wp-content\/uploads\/2020\/10\/04_2020-10-11_LVHF_plus-c-Pavel-Kristian-scaled.jpg\" class=\" lazyload\"><\/a><\/div><div class=\"rl-gallery-item\"><a href=\"https:\/\/www.lvhf.cz\/wp-content\/uploads\/2020\/10\/05_2020-10-09_LVHF_smk-c-Pavel-Kristian-scaled.jpg\" title data-rl_title class=\"rl-gallery-link\" data-rl_caption data-rel=\"lightbox-gallery-3\"><noscript><img loading=\"lazy\" decoding=\"async\" src=\"https:\/\/www.lvhf.cz\/wp-content\/uploads\/2020\/10\/05_2020-10-09_LVHF_smk-c-Pavel-Kristian-scaled.jpg\" width=\"2560\" height=\"1707\" alt=\"LVHF SMK Stokl\u00e1sek (c) Pavel Kristian\"><\/noscript><img loading=\"lazy\" decoding=\"async\" src=\"data:image\/svg+xml,%3Csvg%20xmlns%3D%22http%3A%2F%2Fwww.w3.org%2F2000%2Fsvg%22%20viewBox%3D%220%200%202560%201707%22%3E%3C%2Fsvg%3E\" width=\"2560\" height=\"1707\" alt=\"LVHF SMK Stokl\u00e1sek (c) Pavel Kristian\" data-src=\"https:\/\/www.lvhf.cz\/wp-content\/uploads\/2020\/10\/05_2020-10-09_LVHF_smk-c-Pavel-Kristian-scaled.jpg\" class=\" lazyload\"><\/a><\/div><div class=\"rl-gallery-item\"><a href=\"https:\/\/www.lvhf.cz\/wp-content\/uploads\/2020\/10\/06_2020-10-09_LVHF_volvo-c-RTVJ.jpg\" title data-rl_title class=\"rl-gallery-link\" data-rl_caption data-rel=\"lightbox-gallery-3\"><noscript><img loading=\"lazy\" decoding=\"async\" src=\"https:\/\/www.lvhf.cz\/wp-content\/uploads\/2020\/10\/06_2020-10-09_LVHF_volvo-c-RTVJ.jpg\" width=\"799\" height=\"533\" alt=\"LVHF Volvo Cars (c) RTVJ\"><\/noscript><img loading=\"lazy\" decoding=\"async\" src=\"data:image\/svg+xml,%3Csvg%20xmlns%3D%22http%3A%2F%2Fwww.w3.org%2F2000%2Fsvg%22%20viewBox%3D%220%200%20799%20533%22%3E%3C%2Fsvg%3E\" width=\"799\" height=\"533\" alt=\"LVHF Volvo Cars (c) RTVJ\" data-src=\"https:\/\/www.lvhf.cz\/wp-content\/uploads\/2020\/10\/06_2020-10-09_LVHF_volvo-c-RTVJ.jpg\" class=\" lazyload\"><\/a><\/div><div class=\"rl-gallery-item\"><a href=\"https:\/\/www.lvhf.cz\/wp-content\/uploads\/2020\/10\/07_2020-10-09_LVHF_vespera-c-Pavel-Kristian-41-scaled.jpg\" title data-rl_title class=\"rl-gallery-link\" data-rl_caption data-rel=\"lightbox-gallery-3\"><noscript><img loading=\"lazy\" decoding=\"async\" src=\"https:\/\/www.lvhf.cz\/wp-content\/uploads\/2020\/10\/07_2020-10-09_LVHF_vespera-c-Pavel-Kristian-41-scaled.jpg\" width=\"2560\" height=\"1707\" alt=\"LVHF Vespera (c) Pavel Kristian\"><\/noscript><img loading=\"lazy\" decoding=\"async\" src=\"data:image\/svg+xml,%3Csvg%20xmlns%3D%22http%3A%2F%2Fwww.w3.org%2F2000%2Fsvg%22%20viewBox%3D%220%200%202560%201707%22%3E%3C%2Fsvg%3E\" width=\"2560\" height=\"1707\" alt=\"LVHF Vespera (c) Pavel Kristian\" data-src=\"https:\/\/www.lvhf.cz\/wp-content\/uploads\/2020\/10\/07_2020-10-09_LVHF_vespera-c-Pavel-Kristian-41-scaled.jpg\" class=\" lazyload\"><\/a><\/div><div class=\"rl-gallery-item\"><a href=\"https:\/\/www.lvhf.cz\/wp-content\/uploads\/2020\/10\/08_2020-10-03-LVHF_WWO-c-Teru-Menclova-scaled.jpg\" title data-rl_title class=\"rl-gallery-link\" data-rl_caption data-rel=\"lightbox-gallery-3\"><noscript><img loading=\"lazy\" decoding=\"async\" src=\"https:\/\/www.lvhf.cz\/wp-content\/uploads\/2020\/10\/08_2020-10-03-LVHF_WWO-c-Teru-Menclova-scaled.jpg\" width=\"2560\" height=\"1707\" alt=\"LVHF WWO (c) Teru Menclova\"><\/noscript><img loading=\"lazy\" decoding=\"async\" src=\"data:image\/svg+xml,%3Csvg%20xmlns%3D%22http%3A%2F%2Fwww.w3.org%2F2000%2Fsvg%22%20viewBox%3D%220%200%202560%201707%22%3E%3C%2Fsvg%3E\" width=\"2560\" height=\"1707\" alt=\"LVHF WWO (c) Teru Menclova\" data-src=\"https:\/\/www.lvhf.cz\/wp-content\/uploads\/2020\/10\/08_2020-10-03-LVHF_WWO-c-Teru-Menclova-scaled.jpg\" class=\" lazyload\"><\/a><\/div><div class=\"rl-gallery-item\"><a href=\"https:\/\/www.lvhf.cz\/wp-content\/uploads\/2020\/10\/09_202-10-04_LVHF_aquila-c-Teru-Menclova-scaled.jpg\" title data-rl_title class=\"rl-gallery-link\" data-rl_caption data-rel=\"lightbox-gallery-3\"><noscript><img loading=\"lazy\" decoding=\"async\" src=\"https:\/\/www.lvhf.cz\/wp-content\/uploads\/2020\/10\/09_202-10-04_LVHF_aquila-c-Teru-Menclova-scaled.jpg\" width=\"2560\" height=\"1707\" alt=\"LVHF Aquila (c) Teru Menclova\"><\/noscript><img loading=\"lazy\" decoding=\"async\" src=\"data:image\/svg+xml,%3Csvg%20xmlns%3D%22http%3A%2F%2Fwww.w3.org%2F2000%2Fsvg%22%20viewBox%3D%220%200%202560%201707%22%3E%3C%2Fsvg%3E\" width=\"2560\" height=\"1707\" alt=\"LVHF Aquila (c) Teru Menclova\" data-src=\"https:\/\/www.lvhf.cz\/wp-content\/uploads\/2020\/10\/09_202-10-04_LVHF_aquila-c-Teru-Menclova-scaled.jpg\" class=\" lazyload\"><\/a><\/div><div class=\"rl-gallery-item\"><a href=\"https:\/\/www.lvhf.cz\/wp-content\/uploads\/2020\/10\/10_2020-10-03_LVHF_slechtitelka-c-Teru-Menclova-scaled.jpg\" title data-rl_title class=\"rl-gallery-link\" data-rl_caption data-rel=\"lightbox-gallery-3\"><noscript><img loading=\"lazy\" decoding=\"async\" src=\"https:\/\/www.lvhf.cz\/wp-content\/uploads\/2020\/10\/10_2020-10-03_LVHF_slechtitelka-c-Teru-Menclova-scaled.jpg\" width=\"2560\" height=\"1707\" alt=\"LVHF \u0160lechtitelka (c) Teru Menclova\"><\/noscript><img loading=\"lazy\" decoding=\"async\" src=\"data:image\/svg+xml,%3Csvg%20xmlns%3D%22http%3A%2F%2Fwww.w3.org%2F2000%2Fsvg%22%20viewBox%3D%220%200%202560%201707%22%3E%3C%2Fsvg%3E\" width=\"2560\" height=\"1707\" alt=\"LVHF \u0160lechtitelka (c) Teru Menclova\" data-src=\"https:\/\/www.lvhf.cz\/wp-content\/uploads\/2020\/10\/10_2020-10-03_LVHF_slechtitelka-c-Teru-Menclova-scaled.jpg\" class=\" lazyload\"><\/a><\/div><div class=\"rl-gallery-item\"><a href=\"https:\/\/www.lvhf.cz\/wp-content\/uploads\/2020\/10\/11_2020-10-11_LVHF_buriankovi-c-Pavel-Kristian-scaled.jpg\" title data-rl_title class=\"rl-gallery-link\" data-rl_caption data-rel=\"lightbox-gallery-3\"><noscript><img loading=\"lazy\" decoding=\"async\" src=\"https:\/\/www.lvhf.cz\/wp-content\/uploads\/2020\/10\/11_2020-10-11_LVHF_buriankovi-c-Pavel-Kristian-scaled.jpg\" width=\"2560\" height=\"1707\" alt=\"LVHF V\u00edno Buriankovi (c) Pavel Kristian\"><\/noscript><img loading=\"lazy\" decoding=\"async\" src=\"data:image\/svg+xml,%3Csvg%20xmlns%3D%22http%3A%2F%2Fwww.w3.org%2F2000%2Fsvg%22%20viewBox%3D%220%200%202560%201707%22%3E%3C%2Fsvg%3E\" width=\"2560\" height=\"1707\" alt=\"LVHF V\u00edno Buriankovi (c) Pavel Kristian\" data-src=\"https:\/\/www.lvhf.cz\/wp-content\/uploads\/2020\/10\/11_2020-10-11_LVHF_buriankovi-c-Pavel-Kristian-scaled.jpg\" class=\" lazyload\"><\/a><\/div><div class=\"rl-gallery-item\"><a href=\"https:\/\/www.lvhf.cz\/wp-content\/uploads\/2020\/10\/12_2020-10-04_LVHF_maderic-c-Teru-Menclova-scaled.jpg\" title data-rl_title class=\"rl-gallery-link\" data-rl_caption data-rel=\"lightbox-gallery-3\"><noscript><img loading=\"lazy\" decoding=\"async\" src=\"https:\/\/www.lvhf.cz\/wp-content\/uploads\/2020\/10\/12_2020-10-04_LVHF_maderic-c-Teru-Menclova-scaled.jpg\" width=\"2560\" height=\"1707\" alt=\"LVHF V\u00edno Mad\u011bri\u010d (c) Teru Menclova\"><\/noscript><img loading=\"lazy\" decoding=\"async\" src=\"data:image\/svg+xml,%3Csvg%20xmlns%3D%22http%3A%2F%2Fwww.w3.org%2F2000%2Fsvg%22%20viewBox%3D%220%200%202560%201707%22%3E%3C%2Fsvg%3E\" width=\"2560\" height=\"1707\" alt=\"LVHF V\u00edno Mad\u011bri\u010d (c) Teru Menclova\" data-src=\"https:\/\/www.lvhf.cz\/wp-content\/uploads\/2020\/10\/12_2020-10-04_LVHF_maderic-c-Teru-Menclova-scaled.jpg\" class=\" lazyload\"><\/a><\/div><div class=\"rl-gallery-item\"><a href=\"https:\/\/www.lvhf.cz\/wp-content\/uploads\/2020\/10\/13_2020-10-09_LVHF_cibulka-c-Pavel-Kristian-scaled.jpg\" title data-rl_title class=\"rl-gallery-link\" data-rl_caption data-rel=\"lightbox-gallery-3\"><noscript><img loading=\"lazy\" decoding=\"async\" src=\"https:\/\/www.lvhf.cz\/wp-content\/uploads\/2020\/10\/13_2020-10-09_LVHF_cibulka-c-Pavel-Kristian-scaled.jpg\" width=\"1707\" height=\"2560\" alt=\"LVHF V\u00edno Cibulka (c) Pavel Kristian\"><\/noscript><img loading=\"lazy\" decoding=\"async\" src=\"data:image\/svg+xml,%3Csvg%20xmlns%3D%22http%3A%2F%2Fwww.w3.org%2F2000%2Fsvg%22%20viewBox%3D%220%200%201707%202560%22%3E%3C%2Fsvg%3E\" width=\"1707\" height=\"2560\" alt=\"LVHF V\u00edno Cibulka (c) Pavel Kristian\" data-src=\"https:\/\/www.lvhf.cz\/wp-content\/uploads\/2020\/10\/13_2020-10-09_LVHF_cibulka-c-Pavel-Kristian-scaled.jpg\" class=\" lazyload\"><\/a><\/div><div class=\"rl-gallery-item\"><a href=\"https:\/\/www.lvhf.cz\/wp-content\/uploads\/2020\/10\/14_2020-10-10_LVHF_nad-sklepy-c-Pavel-Kristian-scaled.jpg\" title data-rl_title class=\"rl-gallery-link\" data-rl_caption data-rel=\"lightbox-gallery-3\"><noscript><img loading=\"lazy\" decoding=\"async\" src=\"https:\/\/www.lvhf.cz\/wp-content\/uploads\/2020\/10\/14_2020-10-10_LVHF_nad-sklepy-c-Pavel-Kristian-scaled.jpg\" width=\"1707\" height=\"2560\" alt=\"LVHF Nad Sklepy (c) Pavel Kristian\"><\/noscript><img loading=\"lazy\" decoding=\"async\" src=\"data:image\/svg+xml,%3Csvg%20xmlns%3D%22http%3A%2F%2Fwww.w3.org%2F2000%2Fsvg%22%20viewBox%3D%220%200%201707%202560%22%3E%3C%2Fsvg%3E\" width=\"1707\" height=\"2560\" alt=\"LVHF Nad Sklepy (c) Pavel Kristian\" data-src=\"https:\/\/www.lvhf.cz\/wp-content\/uploads\/2020\/10\/14_2020-10-10_LVHF_nad-sklepy-c-Pavel-Kristian-scaled.jpg\" class=\" lazyload\"><\/a><\/div><div class=\"rl-gallery-item\"><a href=\"https:\/\/www.lvhf.cz\/wp-content\/uploads\/2020\/10\/15_2020-10-09_LVHF_mendelu-c-Pavel-Kristian-44-scaled.jpg\" title data-rl_title class=\"rl-gallery-link\" data-rl_caption data-rel=\"lightbox-gallery-3\"><noscript><img loading=\"lazy\" decoding=\"async\" src=\"https:\/\/www.lvhf.cz\/wp-content\/uploads\/2020\/10\/15_2020-10-09_LVHF_mendelu-c-Pavel-Kristian-44-scaled.jpg\" width=\"1707\" height=\"2560\" alt=\"LVHF Mendel\u016f (c) Pavel Kristian\"><\/noscript><img loading=\"lazy\" decoding=\"async\" src=\"data:image\/svg+xml,%3Csvg%20xmlns%3D%22http%3A%2F%2Fwww.w3.org%2F2000%2Fsvg%22%20viewBox%3D%220%200%201707%202560%22%3E%3C%2Fsvg%3E\" width=\"1707\" height=\"2560\" alt=\"LVHF Mendel\u016f (c) Pavel Kristian\" data-src=\"https:\/\/www.lvhf.cz\/wp-content\/uploads\/2020\/10\/15_2020-10-09_LVHF_mendelu-c-Pavel-Kristian-44-scaled.jpg\" class=\" lazyload\"><\/a><\/div> <\/div> <\/div>","protected":false},"excerpt":{"rendered":"<p>Photo: Teru Menclov\u00e1 and Pavel Kristian<\/p>\n","protected":false},"author":2,"featured_media":0,"parent":10700,"menu_order":0,"comment_status":"closed","ping_status":"closed","template":"","meta":{"footnotes":""},"acf":[],"_links":{"self":[{"href":"https:\/\/www.lvhf.cz\/en\/wp-json\/wp\/v2\/pages\/10637"}],"collection":[{"href":"https:\/\/www.lvhf.cz\/en\/wp-json\/wp\/v2\/pages"}],"about":[{"href":"https:\/\/www.lvhf.cz\/en\/wp-json\/wp\/v2\/types\/page"}],"author":[{"embeddable":true,"href":"https:\/\/www.lvhf.cz\/en\/wp-json\/wp\/v2\/users\/2"}],"replies":[{"embeddable":true,"href":"https:\/\/www.lvhf.cz\/en\/wp-json\/wp\/v2\/comments?post=10637"}],"version-history":[{"count":3,"href":"https:\/\/www.lvhf.cz\/en\/wp-json\/wp\/v2\/pages\/10637\/revisions"}],"predecessor-version":[{"id":10854,"href":"https:\/\/www.lvhf.cz\/en\/wp-json\/wp\/v2\/pages\/10637\/revisions\/10854"}],"up":[{"embeddable":true,"href":"https:\/\/www.lvhf.cz\/en\/wp-json\/wp\/v2\/pages\/10700"}],"wp:attachment":[{"href":"https:\/\/www.lvhf.cz\/en\/wp-json\/wp\/v2\/media?parent=10637"}],"curies":[{"name":"wp","href":"https:\/\/api.w.org\/{rel}","templated":true}]}}