{"id":9072,"date":"2020-06-12T21:02:08","date_gmt":"2020-06-12T19:02:08","guid":{"rendered":"https:\/\/www.lvhf.cz\/?page_id=9072"},"modified":"2024-09-25T19:53:22","modified_gmt":"2024-09-25T17:53:22","slug":"regionalni-infocentra","status":"publish","type":"page","link":"https:\/\/www.lvhf.cz\/de\/o-festivalu-2\/regionalni-infocentra\/","title":{"rendered":"Regionale Infozentren"},"content":{"rendered":"<p><span class=\"embed-responsive embed-responsive-16by9\"><iframe src=\"https:\/\/www.youtube.com\/embed\/b_3jIKq0yJI\" allowfullscreen=\"allowfullscreen\"><span data-mce-type=\"bookmark\" style=\"display: inline-block; width: 0px; overflow: hidden; line-height: 0;\" class=\"mce_SELRES_start\">\ufeff<\/span><span class=\"mce_SELRES_start\" style=\"width: 0px; line-height: 0; overflow: hidden; display: inline-block;\" data-mce-type=\"bookmark\">\ufeff<\/span><\/iframe><\/span><\/p>\n<p>&nbsp;<\/p>\n<p>Suchen Sie Tipps f\u00fcr Unterbringung, Ausfl\u00fcge oder <strong>weitere Informationen zur Region S\u00fcdm\u00e4hren<\/strong>? Die Regionalen Touristeninformationszentren (TIC) und ihre Informationsportale k\u00f6nnen Ihnen weiterhelfen.<\/p>\n<p>&nbsp;<\/p>\n<h3><a href=\"https:\/\/www.ccrjm.cz\/de\/\" target=\"_blank\" rel=\"noopener noreferrer\"><strong>Tourismuszentrale S\u00fcdm\u00e4hren<\/strong><\/a><\/h3>\n<p>Die Tourismuszentrale S\u00fcdm\u00e4hren betreibt das Portal \u00a0<a href=\"https:\/\/www.jizni-morava.cz\/\" target=\"_blank\" rel=\"noopener noreferrer\">www.jizni-morava.cz<\/a>, welches<strong> komplexe Informationen \u00fcber S\u00fcdm\u00e4hren zur Verf\u00fcgung stellt.<\/strong><\/p>\n<p>&nbsp;<\/p>\n<h3><strong><a href=\"https:\/\/ticbrno.cz\/en\/information-centers\/the-to-je-brno-this-is-brno-information-centre\" target=\"_blank\" rel=\"noopener noreferrer\">Informationszentrum TO JE BRNO (Das ist Br\u00fcnn)<\/a><\/strong><\/h3>\n<p><strong>In diesem Informationszentrum k\u00f6nnen Sie Tickets f\u00fcr das LVHF erwerben.<\/strong><br \/>\nAdresse: Panensk\u00e1 1, Brno<br \/>\nKontakt: T +420 602 404 246 | <a href=\"mailto:panenska@ticbrno.cz\" target=\"_blank\" rel=\"noopener noreferrer\">panenska@ticbrno.cz<\/a><br \/>\n\u00d6ffnungszeiten: Mo-Fr 9:00 \u2013 13:30 und 14:00 \u2013 17:00; Sa, So und an Feiertagen 9:00 \u2013 13:00 und 13:30 \u2013 17:00<\/p>\n<p>&nbsp;<\/p>\n<h3><a href=\"http:\/\/www.lednice.cz\/de\/\" target=\"_blank\" rel=\"noopener noreferrer\"><strong>TIC Lednice<\/strong><\/a><\/h3>\n<p><strong>In diesem Informationszentrum k\u00f6nnen Sie Tickets f\u00fcr das LVHF erwerben.<\/strong><br \/>\nAdresse: Malinovsk\u00e9ho 25, 691 44 Lednice<br \/>\nKontakt: T +420 733\u00a0531\u00a0874 | <a href=\"mailto:tic@lednice.cz\" target=\"_blank\" rel=\"noopener noreferrer\">tic@lednice.cz<\/a><br \/>\n\u00d6ffnungszeiten: Juni \u2013 September: Mo-Fr 8:00 \u2013 17:00, Sa, So und an Feiertagen \u00a09:00 \u2013 16:00, Oktober: Mo-Fr 8:00 \u2013 16:00, Sa, So und an Feiertagen 10:00 \u2013 16:00<\/p>\n<p>&nbsp;<\/p>\n<h3><a href=\"https:\/\/www.infomikulov.cz\/kontakt-mikulov\/\" target=\"_blank\" rel=\"noopener noreferrer\"><strong>TIC Mikulov<\/strong><\/a><\/h3>\n<p><strong>In diesem Informationszentrum k\u00f6nnen Sie Tickets f\u00fcr das LVHF erwerben.<\/strong><br \/>\nAdresse: N\u00e1m\u011bst\u00ed 158\/1, Mikulov<br \/>\nKontakt: T +420 519 510 855, +420 724 987 900 | <a href=\"mailto:tic@mikulov.cz\" target=\"_blank\" rel=\"noopener noreferrer\">tic@mikulov.cz<\/a><br \/>\n\u00d6ffnungszeiten: Juni \u2013 September: Mo-Fr 9:00 \u2013 17:00, Oktober: Mo-Fr 9:00 \u2013 16:00<\/p>\n<p>&nbsp;<\/p>\n<h3><a href=\"https:\/\/www.valtice.eu\/turistika\/turisticke-informacni-centrum\/\" target=\"_blank\" rel=\"noopener noreferrer\"><strong>TIC Valtice<\/strong><\/a><\/h3>\n<p><strong>In diesem Informationszentrum k\u00f6nnen Sie Tickets f\u00fcr das LVHF erwerben.<\/strong><br \/>\nAdresse: n\u00e1m. Svobody 4, Valtice<br \/>\nKontakt: T +420 734 256 709, +420 731 164 599 | <a href=\"mailto:tic@valtice.eu\" target=\"_blank\" rel=\"noopener noreferrer\">tic@valtice.eu<\/a><br \/>\n\u00d6ffnungszeiten: Mo-So 9:00 \u2013 18:00<\/p>\n<p>&nbsp;<\/p>\n<h3><a href=\"https:\/\/breclav.holiday\/\" target=\"_blank\" rel=\"noopener noreferrer\"><strong>TIC B\u0159eclav<\/strong><\/a><\/h3>\n<p>Adresse: Lichten\u0161tejnsk\u00fd d\u016fm, U Tr\u017ei\u0161t\u011b 8, B\u0159eclav<br \/>\nKontakt: T +420 519 326 900 | <a href=\"mailto:tic@ticbreclav.cz\" target=\"_blank\" rel=\"noopener noreferrer\">tic@ticbreclav.cz<\/a><br \/>\n<a href=\"https:\/\/www.dobreclavi.cz\/tic\/\" target=\"_blank\" rel=\"noopener noreferrer\">\u00d6ffnungszeiten<\/a><\/p>\n<p>&nbsp;<\/p>\n<h3><a href=\"https:\/\/www.vranovice.eu\/\" target=\"_blank\" rel=\"noopener noreferrer\"><strong>TIC Vranovice<\/strong><\/a><\/h3>\n<p>Adresse: N\u00e1dra\u017en\u00ed 112, 691 25 Vranovice<br \/>\nKontakt: T +420 730 518 758 | <a href=\"mailto:infocentrum@vranovice.eu\" target=\"_blank\" rel=\"noopener noreferrer\">infocentrum@vranovice.eu<\/a><br \/>\n\u00d6ffnungszeiten: Di-So 9:00-12:00 und 13:00-17:00<\/p>\n<p>&nbsp;<\/p>","protected":false},"excerpt":{"rendered":"<p>\ufeff\ufeff &nbsp; Suchen Sie Tipps f\u00fcr Unterbringung, Ausfl\u00fcge oder weitere Informationen zur Region S\u00fcdm\u00e4hren? Die Regionalen Touristeninformationszentren (TIC) und ihre Informationsportale k\u00f6nnen Ihnen weiterhelfen. &nbsp; Tourismuszentrale S\u00fcdm\u00e4hren Die Tourismuszentrale S\u00fcdm\u00e4hren betreibt das Portal \u00a0www.jizni-morava.cz, welches komplexe Informationen \u00fcber S\u00fcdm\u00e4hren zur Verf\u00fcgung stellt. &nbsp; Informationszentrum TO JE BRNO (Das ist Br\u00fcnn) In diesem Informationszentrum k\u00f6nnen Sie [&#46;&#46;&#46;]<\/p>\n","protected":false},"author":2,"featured_media":0,"parent":10767,"menu_order":0,"comment_status":"closed","ping_status":"closed","template":"","meta":{"footnotes":""},"acf":[],"_links":{"self":[{"href":"https:\/\/www.lvhf.cz\/de\/wp-json\/wp\/v2\/pages\/9072"}],"collection":[{"href":"https:\/\/www.lvhf.cz\/de\/wp-json\/wp\/v2\/pages"}],"about":[{"href":"https:\/\/www.lvhf.cz\/de\/wp-json\/wp\/v2\/types\/page"}],"author":[{"embeddable":true,"href":"https:\/\/www.lvhf.cz\/de\/wp-json\/wp\/v2\/users\/2"}],"replies":[{"embeddable":true,"href":"https:\/\/www.lvhf.cz\/de\/wp-json\/wp\/v2\/comments?post=9072"}],"version-history":[{"count":44,"href":"https:\/\/www.lvhf.cz\/de\/wp-json\/wp\/v2\/pages\/9072\/revisions"}],"predecessor-version":[{"id":27660,"href":"https:\/\/www.lvhf.cz\/de\/wp-json\/wp\/v2\/pages\/9072\/revisions\/27660"}],"up":[{"embeddable":true,"href":"https:\/\/www.lvhf.cz\/de\/wp-json\/wp\/v2\/pages\/10767"}],"wp:attachment":[{"href":"https:\/\/www.lvhf.cz\/de\/wp-json\/wp\/v2\/media?parent=9072"}],"curies":[{"name":"wp","href":"https:\/\/api.w.org\/{rel}","templated":true}]}}