{"id":8885,"date":"2020-05-30T08:11:06","date_gmt":"2020-05-30T06:11:06","guid":{"rendered":"https:\/\/www.lvhf.cz\/?page_id=8885"},"modified":"2020-11-15T12:18:50","modified_gmt":"2020-11-15T11:18:50","slug":"jak-se-k-nam-dostanete","status":"publish","type":"page","link":"https:\/\/www.lvhf.cz\/de\/o-festivalu-2\/jak-se-k-nam-dostanete\/","title":{"rendered":"Wie Sie zu uns kommen"},"content":{"rendered":"<p><\/p>\n<p style=\"text-align: center;\"><a href=\"https:\/\/mapy.cz\/zakladni?x=16.8616708&amp;y=48.7342250&amp;z=10&amp;source=muni&amp;id=5870\" target=\"_blank\" rel=\"noopener noreferrer\"><noscript><img decoding=\"async\" class=\"img-responsive aligncenter\" title=\"LVHF nakup online_1\" src=\"https:\/\/www.lvhf.cz\/wp-content\/uploads\/2020\/05\/LVHF_mapa_lokace2020.png\" alt=\"LVHF nakup online_1\"><\/noscript><img decoding=\"async\" class=\"img-responsive aligncenter lazyload\" title=\"LVHF nakup online_1\" src=\"data:image\/gif;base64,R0lGODlhAQABAIAAAAAAAP\/\/\/yH5BAEAAAAALAAAAAABAAEAAAIBRAA7\" alt=\"LVHF nakup online_1\" data-src=\"https:\/\/www.lvhf.cz\/wp-content\/uploads\/2020\/05\/LVHF_mapa_lokace2020.png\"><\/a><br>\n<a href=\"https:\/\/www.google.com\/maps\/@48.7359466,16.8850428,9.83z\" target=\"_blank\" rel=\"noopener noreferrer\">Zur Seite googlemaps.com wechseln<\/a><\/p>\n<p>&nbsp;<\/p>\n<h2>Wie Sie zu uns kommen?<\/h2>\n<p>&nbsp;<\/p>\n<h3>Mit dem Zug<\/h3>\n<p>Wir empfehlen den Zug als <strong>bequemstes Bef\u00f6rderungsmittel zum Musikfestival Lednice|Valtice<\/strong>. <strong>Direkte Verbindung<\/strong> nach <strong>B\u0159eclav<\/strong> aus <strong>Prag<\/strong>, <strong>Br\u00fcnn<\/strong>, <strong>Bratislava<\/strong> und<strong> Wien<\/strong> und regelm\u00e4\u00dfige <strong>Regionalzugverbindungen<\/strong> aus B\u0159eclav nach Valtice, Lednice und Mikulov.<\/p>\n<p><a href=\"https:\/\/idos.idnes.cz\/en\/vlakyautobusymhdvse\/spojeni\/\" target=\"_blank\" rel=\"noopener noreferrer\">Zugverbindungen im Raum der Tschechisch Republik suchen<\/a><br>\n<a href=\"https:\/\/www.oebb.at\/\" target=\"_blank\" rel=\"noopener noreferrer\">Zugverbindungen aus Wien suchen<\/a> (geben Sie die Verbindung Wien-Prag ein und pr\u00fcfen Sie den Halt in B\u0159eclav)<br>\n<a href=\"https:\/\/www.thetrainline.com\/en-us\/train-times\/breclav-to-bratislava\" target=\"_blank\" rel=\"noopener noreferrer\">Zugverbindungen aus Bratislava suchen<\/a><\/p>\n<p>&nbsp;<\/p>\n<h3>Mit dem Auto<\/h3>\n<p>Die Region liegt an den Verkehrsknotenpunkten der D2 (Prag, Br\u00fcnn, Bratislava) und der A5 (Wien).<\/p>\n<p><strong>GPS Navigation<\/strong><br>\nB\u0159eclav: <a href=\"https:\/\/www.google.com\/maps\/place\/48%C2%B045&#039;32.3%22N+16%C2%B052&#039;55.3%22E\/@48.7585405,16.8791147,16.5z\/data=!4m5!3m4!1s0x0:0x0!8m2!3d48.7589686!4d16.88203\" target=\"_blank\" rel=\"noopener noreferrer\">48.7589686N, 16.8820300E<\/a><br>\nLednice: <a href=\"https:\/\/www.google.com\/maps\/place\/48%C2%B047&#039;59.7%22N+16%C2%B048&#039;12.2%22E\/@48.8000472,16.8004554,16.75z\/data=!4m5!3m4!1s0x0:0x0!8m2!3d48.7999189!4d16.8033931\" target=\"_blank\" rel=\"noopener noreferrer\">48.7999189N, 16.8033931E<\/a><br>\nValtice: <a href=\"https:\/\/www.google.com\/maps\/place\/48%C2%B044&#039;26.5%22N+16%C2%B045&#039;18.0%22E\/@48.7409115,16.7519753,16.5z\/data=!4m5!3m4!1s0x0:0x0!8m2!3d48.7406917!4d16.7549906\" target=\"_blank\" rel=\"noopener noreferrer\">48.7406917N, 16.7549906E<\/a><br>\nMikulov: <a href=\"https:\/\/www.google.com\/maps\/place\/48%C2%B048&#039;20.0%22N+16%C2%B038&#039;16.1%22E\/@48.8056467,16.6341668,16.5z\/data=!4m5!3m4!1s0x0:0x0!8m2!3d48.8055589!4d16.6377953\" target=\"_blank\" rel=\"noopener noreferrer\">48.8055589N, 16.6377953E<\/a><br>\nWilfersdorf: <a href=\"https:\/\/www.google.com\/maps\/place\/48%C2%B035&#039;45.3%22N+16%C2%B039&#039;47.6%22E\/@48.5935568,16.6575397,15.75z\/data=!4m5!3m4!1s0x0:0x0!8m2!3d48.5959183!4d16.6632256\" target=\"_blank\" rel=\"noopener noreferrer\">48.5959183N, 16.6632256E<\/a><\/p>\n<p>Die Wegbeschreibung zu den Konzertorten finden Sie zusammen mit Informationen zu Parkm\u00f6glichkeiten immer beim konkreten Veranstaltungsort unter \u201e<a href=\"https:\/\/www.lvhf.cz\/de\/mista-konani\/\" target=\"_blank\" rel=\"noopener noreferrer\">Spielst\u00e4tten<\/a>\u201c.<\/p>\n<p>&nbsp;<\/p>\n<h3>Mit dem Flugzeug<\/h3>\n<p><strong>Br\u00fcnn:<\/strong> <a href=\"http:\/\/www.brno-airport.cz\/en\/\" target=\"_blank\" rel=\"noopener noreferrer\">Brno Airport<\/a><br>\n<a href=\"http:\/\/www.brno-airport.cz\/en\/parking-and-transport\/public-transport\/\" target=\"_blank\" rel=\"noopener noreferrer\">Transport vom Flughafen<\/a> | Autoverleih (<a href=\"http:\/\/www.brno-airport.cz\/en\/parking-and-transport\/car-rentals\/\" target=\"_blank\" rel=\"noopener noreferrer\">cam Flughafen Br\u00fcnn Verleih m\u00f6glich<\/a>)<\/p>\n<p><strong>Vienna:<\/strong> <a href=\"https:\/\/www.viennaairport.com\/en\/passengers\" target=\"_blank\" rel=\"noopener noreferrer\">Vienna International Airport<\/a><br>\n<a href=\"https:\/\/www.viennaairport.com\/en\/passengers\/arrival__parking\" target=\"_blank\" rel=\"noopener noreferrer\">Transport vom Flughafen<\/a> | Autoverleih (<a href=\"https:\/\/www.viennaairport.com\/en\/passengers\/arrival__parking\/car_rental\" target=\"_blank\" rel=\"noopener noreferrer\">cam Flughafen Wien Verleih m\u00f6glich<\/a>)<\/p>\n<p><strong>Bratislava:<\/strong> <a href=\"https:\/\/www.bts.aero\/en\/\" target=\"_blank\" rel=\"noopener noreferrer\">Bratislava Airport&nbsp;<\/a><br>\n<a href=\"https:\/\/www.bts.aero\/en\/parking-and-transport\/transport-city-centre-vienna\/from-the-airport\/\" target=\"_blank\" rel=\"noopener noreferrer\">Transport vom Flughafen<\/a> | Autoverleih (<a href=\"https:\/\/www.bts.aero\/en\/parking-and-transport\/car-rental\/\" target=\"_blank\" rel=\"noopener noreferrer\">cam Flughafen Bratislava Verleih m\u00f6glich<\/a>)<\/p>\n<p>&nbsp;<\/p>","protected":false},"excerpt":{"rendered":"<p>Zur Seite googlemaps.com wechseln &nbsp; Wie Sie zu uns kommen? &nbsp; Mit dem Zug Wir empfehlen den Zug als bequemstes Bef\u00f6rderungsmittel zum Musikfestival Lednice|Valtice. Direkte Verbindung nach B\u0159eclav aus Prag, Br\u00fcnn, Bratislava und Wien und regelm\u00e4\u00dfige Regionalzugverbindungen aus B\u0159eclav nach Valtice, Lednice und Mikulov. Zugverbindungen im Raum der Tschechisch Republik suchen Zugverbindungen aus Wien suchen [&#46;&#46;&#46;]<\/p>\n","protected":false},"author":2,"featured_media":0,"parent":10767,"menu_order":0,"comment_status":"closed","ping_status":"closed","template":"","meta":{"footnotes":""},"acf":[],"_links":{"self":[{"href":"https:\/\/www.lvhf.cz\/de\/wp-json\/wp\/v2\/pages\/8885"}],"collection":[{"href":"https:\/\/www.lvhf.cz\/de\/wp-json\/wp\/v2\/pages"}],"about":[{"href":"https:\/\/www.lvhf.cz\/de\/wp-json\/wp\/v2\/types\/page"}],"author":[{"embeddable":true,"href":"https:\/\/www.lvhf.cz\/de\/wp-json\/wp\/v2\/users\/2"}],"replies":[{"embeddable":true,"href":"https:\/\/www.lvhf.cz\/de\/wp-json\/wp\/v2\/comments?post=8885"}],"version-history":[{"count":23,"href":"https:\/\/www.lvhf.cz\/de\/wp-json\/wp\/v2\/pages\/8885\/revisions"}],"predecessor-version":[{"id":9838,"href":"https:\/\/www.lvhf.cz\/de\/wp-json\/wp\/v2\/pages\/8885\/revisions\/9838"}],"up":[{"embeddable":true,"href":"https:\/\/www.lvhf.cz\/de\/wp-json\/wp\/v2\/pages\/10767"}],"wp:attachment":[{"href":"https:\/\/www.lvhf.cz\/de\/wp-json\/wp\/v2\/media?parent=8885"}],"curies":[{"name":"wp","href":"https:\/\/api.w.org\/{rel}","templated":true}]}}