{"id":8611,"date":"2020-05-19T22:04:29","date_gmt":"2020-05-19T20:04:29","guid":{"rendered":"https:\/\/www.lvhf.cz\/?page_id=8611"},"modified":"2023-04-27T00:06:03","modified_gmt":"2023-04-26T22:06:03","slug":"hromadne-objednavky","status":"publish","type":"page","link":"https:\/\/www.lvhf.cz\/de\/program-a-vstupenky-2026\/hromadne-objednavky\/","title":{"rendered":"Sammelbestellungen"},"content":{"rendered":"<p>&nbsp;<\/p>\n<p>Sammelbestellungen meinen <strong>Eink\u00e4ufe \u00fcber 8 und mehr Karten<\/strong>.<\/p>\n<h3>Bestellung<\/h3>\n<p>Schriftliche Bestellungen k\u00f6nnen bis sp\u00e4testens 3 Wochen vor Konzerttermin per Email an <a href=\"mailto:prodej@lvhf.cz\" target=\"_blank\" rel=\"noopener noreferrer\">prodej@lvhf.cz<\/a> gesendet werden. <strong>Auf diesem Weg eingegangene elektronische Bestellungen sind bindend.<\/strong><\/p>\n<h3>Zahlungsarten<\/h3>\n<p>Karten k\u00f6nnen pers\u00f6nlich in den <a href=\"https:\/\/www.lvhf.cz\/de\/programm-und-tickets\/verkaufsstellen\/\" target=\"_blank\" rel=\"noopener noreferrer\">Verkaufsstellen des LVHF<\/a>, online per <strong>Kreditkarte<\/strong> oder auf Grundlage <strong>einer Rechnung per \u00dcberweisung<\/strong> beglichen werden, die F\u00e4lligkeit betr\u00e4gt 10 Tage. Nachdem eine Rechnung ausgestellt wurde, k\u00f6nnen Konzerttermin, Preiskategorie, Pl\u00e4tze und Ticketanzahl nicht mehr ge\u00e4ndert werden.<\/p>\n<h3>Ticketzustellung<\/h3>\n<p>Sie k\u00f6nnen Ihre Karte als eTicket erhalten, in einer der <a href=\"https:\/\/www.lvhf.cz\/de\/programm-und-tickets\/verkaufsstellen\/\" target=\"_blank\" rel=\"noopener noreferrer\">Verkausstellen des LVHF<\/a> abholen oder auf eigene Rechnung postalisch zugestellt zu bekommen.<\/p>\n<h3>Erledigung der Bestellungen<\/h3>\n<p>Die Bestellungen werden entsprechend dem Eingangsdatum und aktuell verf\u00fcgbaren Pl\u00e4tzen bearbeitet. Das Festival beh\u00e4lt sich vor, das Kontingent f\u00fcr Sammelbestellungen zu begrenzen.<\/p>\n<h3>Wichtige Hinweise<\/h3>\n<ul>\n<li>F\u00fcr verlorene Karten wird kein Ersatz geleistet.<\/li>\n<li>Gekaufte Karten k\u00f6nnen nicht zur\u00fcckgegeben oder umgetauscht werden.<\/li>\n<li>Das Festival \u00fcbernimmt keine Verantwortung f\u00fcr Karten, die an anderen als den offiziellen Verkaufsstellen erworben wurden.<\/li>\n<li>Jedwede Form von spekulativem Ticketverkauf an Dritte oder Organisationen widerspricht den Gesch\u00e4ftsbedingungen und ist demnach verboten.<\/li>\n<\/ul>\n<p>&nbsp;<\/p>","protected":false},"excerpt":{"rendered":"<p>&nbsp; Sammelbestellungen meinen Eink\u00e4ufe \u00fcber 8 und mehr Karten. Bestellung Schriftliche Bestellungen k\u00f6nnen bis sp\u00e4testens 3 Wochen vor Konzerttermin per Email an prodej@lvhf.cz gesendet werden. Auf diesem Weg eingegangene elektronische Bestellungen sind bindend. Zahlungsarten Karten k\u00f6nnen pers\u00f6nlich in den Verkaufsstellen des LVHF, online per Kreditkarte oder auf Grundlage einer Rechnung per \u00dcberweisung beglichen werden, die [&#46;&#46;&#46;]<\/p>\n","protected":false},"author":2,"featured_media":0,"parent":11102,"menu_order":0,"comment_status":"closed","ping_status":"closed","template":"","meta":{"footnotes":""},"acf":[],"_links":{"self":[{"href":"https:\/\/www.lvhf.cz\/de\/wp-json\/wp\/v2\/pages\/8611"}],"collection":[{"href":"https:\/\/www.lvhf.cz\/de\/wp-json\/wp\/v2\/pages"}],"about":[{"href":"https:\/\/www.lvhf.cz\/de\/wp-json\/wp\/v2\/types\/page"}],"author":[{"embeddable":true,"href":"https:\/\/www.lvhf.cz\/de\/wp-json\/wp\/v2\/users\/2"}],"replies":[{"embeddable":true,"href":"https:\/\/www.lvhf.cz\/de\/wp-json\/wp\/v2\/comments?post=8611"}],"version-history":[{"count":24,"href":"https:\/\/www.lvhf.cz\/de\/wp-json\/wp\/v2\/pages\/8611\/revisions"}],"predecessor-version":[{"id":20200,"href":"https:\/\/www.lvhf.cz\/de\/wp-json\/wp\/v2\/pages\/8611\/revisions\/20200"}],"up":[{"embeddable":true,"href":"https:\/\/www.lvhf.cz\/de\/wp-json\/wp\/v2\/pages\/11102"}],"wp:attachment":[{"href":"https:\/\/www.lvhf.cz\/de\/wp-json\/wp\/v2\/media?parent=8611"}],"curies":[{"name":"wp","href":"https:\/\/api.w.org\/{rel}","templated":true}]}}