{"id":8609,"date":"2020-05-19T22:00:59","date_gmt":"2020-05-19T20:00:59","guid":{"rendered":"https:\/\/www.lvhf.cz\/?page_id=8609"},"modified":"2025-06-11T11:43:16","modified_gmt":"2025-06-11T09:43:16","slug":"prodejni-mista-lvhf","status":"publish","type":"page","link":"https:\/\/www.lvhf.cz\/de\/prodejni-mista-lvhf\/","title":{"rendered":"Verkaufsstellen"},"content":{"rendered":"<p><span style=\"font-size: 18pt;\">\u00a0<\/span><\/p>\n<h3>Brno<\/h3>\n<p><strong>TO JE BRNO Informationszentrum<\/strong><br \/>\nAdresse: Panensk\u00e1 Stra\u00dfe 1, Br\u00fcnn<br \/>\nKontakt: T +420 602 404 246 | <a href=\"mailto:panenska@ticbrno.cz\" target=\"_blank\" rel=\"noopener noreferrer\">panenska@ticbrno.cz<\/a><br \/>\n\u00d6ffnungszeiten: Mo-Fr 9:00 \u2013 13:30 und 14:00 \u2013 17:00; Sa, So und an Feiertagen 9:00 \u2013 13:00 und 13:30 \u2013 17:00<br \/>\nBarrierefreier Zugang<br \/>\nM\u00f6glichkeiten zur bargeldlosen Bezahlung<br \/>\nAkzeptierte Karten f\u00fcr bargeldlosen Bezahlung: MasterCard, Maestro, Visa, Visa Electron<br \/>\nGoogle Pay: nein<br \/>\nEdenred, BenefitPlus or Benefity cards: nein<br \/>\n<a href=\"https:\/\/ticbrno.cz\/en\/information-centers\/the-to-je-brno-this-is-brno-information-centre\" target=\"_blank\" rel=\"noopener noreferrer\">Website<\/a><\/p>\n<p>&nbsp;<\/p>\n<h3>B\u0159eclav<\/h3>\n<p><strong>CK Travel Club \/ gegen\u00fcber vom Kino Koruna<\/strong><br \/>\nAdresse: U Tr\u017ei\u0161t\u011b 1029\/17, B\u0159eclav<br \/>\nKontakt: T +420 519 321 411 | <a href=\"mailto:ck-breclav@csad-tisnov.cz\" target=\"_blank\" rel=\"noopener noreferrer\">ck-breclav@csad-tisnov.cz<\/a><br \/>\n\u00d6ffnungszeiten: Mo-Fr 8:30 \u2013 12:00 und 13:00 \u2013 17:00<br \/>\nKein barrierefreier Zugang<br \/>\nZahlung nur in bar m\u00f6glich<br \/>\nGoogle Pay: nein<br \/>\nEdenred, BenefitPlus und Benefity Karten: nein<br \/>\n<a href=\"https:\/\/www.travelclubck.cz\/kontakt\/\" target=\"_blank\" rel=\"noopener noreferrer\">Website<\/a><\/p>\n<p>&nbsp;<\/p>\n<h3>Lednice<\/h3>\n<p><strong>TIC Lednice<\/strong><br \/>\nAdresse: Z\u00e1meck\u00e9 n\u00e1m. 68, Lednice<br \/>\nKontakt: T +420 519 340 986, +420 733 531 874 | <a href=\"mailto:ticlednice@email.cz\" target=\"_blank\" rel=\"noopener noreferrer\">ticlednice@email.cz<\/a><br \/>\n\u00d6ffnungszeiten: <strong>Juni \u2013 September<\/strong>: Mo-Fr 8:00 \u2013 11:00 und 12.00 \u2013 17:00, Sa, So und an Feiertagen \u00a09:00 \u2013 12:00 und 12:30 \u2013 17:00, <strong>Oktober<\/strong>: Mo-Fr 8:00 \u2013 11:00 und 12:00 \u2013 16:00, Sa, So und an Feiertagen 10:00 \u2013 12:00 und 12:30\u201316:00<br \/>\nBarrierefreier Zugang: F\u00fcr Menschen mit Behinderung steht am Eingang eine Glocke f\u00fcr die Mitarbeiter des TIC zur Verf\u00fcgung<br \/>\nZahlung nur in bar m\u00f6glich<br \/>\nGoogle Pay: nein<br \/>\nEdenred, BenefitPlus und Benefity Karten: nein<br \/>\n<a href=\"http:\/\/www.lednice.cz\/de\/\" target=\"_blank\" rel=\"noopener noreferrer\">Website<\/a><\/p>\n<p>&nbsp;<\/p>\n<h3>Mikulov<\/h3>\n<p><strong>TIC Mikulov<\/strong><br \/>\nAdresse: N\u00e1m\u011bst\u00ed 158\/1, Mikulov<br \/>\nKontakt: T +420 519 510 855, +420 724 987 900 | <a href=\"mailto:tic@ticmikulov.cz\" target=\"_blank\" rel=\"noopener noreferrer\">tic@ticmikulov.cz<\/a><br \/>\n\u00d6ffnungszeiten: <strong>Juni<\/strong>: Mo-Fr 9:00 \u2013 17:00, <strong>Juli \u2013 August<\/strong> Mo-Fr 9:00 \u2013 18:00, <strong>Oktober<\/strong>: Mo-Fr 9:00 \u2013 16:00<br \/>\nBarrierefreier Zugang: F\u00fcr Menschen mit Behinderung steht am Eingang eine Glocke f\u00fcr die Mitarbeiter des TIC zur Verf\u00fcgung<br \/>\nZahlung nur in bar m\u00f6glich<br \/>\nGoogle Pay: nein<br \/>\nEdenred, BenefitPlus und Benefity Karten: nein<br \/>\n<a href=\"https:\/\/www.infomikulov.cz\/kontakt\/\" target=\"_blank\" rel=\"noopener noreferrer\">Website<\/a><\/p>\n<p>&nbsp;<\/p>\n<h3>Ostrava<\/h3>\n<p><strong>Elektra Infozentrum<\/strong><br \/>\nAdresse: Jure\u010dkova 1935\/12, Ostrava<br \/>\nKontakt: Phone +420 721 770 545 | <a href=\"mailto:elektra@ostravainfo.cz\" target=\"_blank\" rel=\"noopener noreferrer\">elektra@ostravainfo.cz<\/a><br \/>\n\u00d6ffnungszeiten: Mo-Fr 7:30 \u2013 18:00<br \/>\nBarrierefreier Zugang<br \/>\nM\u00f6glichkeiten zur bargeldlosen Bezahlung<br \/>\nAkzeptierte Karten f\u00fcr bargeldlosen Bezahlung: MasterCard, Maestro, Visa, Visa Electron<br \/>\nGoogle Pay: nein<br \/>\nEdenred, BenefitPlus und Benefity Karten: nein<br \/>\n<a href=\"https:\/\/www.ostravainfo.cz\/\" target=\"_blank\" rel=\"noopener noreferrer\">Website<\/a><\/p>\n<p>&nbsp;<\/p>\n<h3>Pilsen<\/h3>\n<p><strong>DEPO2015<\/strong><br \/>\nAdresse: Presslova 14, Pilsen 3<br \/>\nKontakt: T +420 702 019 508 | <a href=\"mailto:recepce@depo2015.cz\" target=\"_blank\" rel=\"noopener noreferrer\">recepce@depo2015.cz<\/a><br \/>\n\u00d6ffnungszeiten: Mo-Fr 8:00 \u2013 15:30, Sa-So 8:00 \u2013 14:00<br \/>\nBarrierefreier Zugang<br \/>\nM\u00f6glichkeiten zur bargeldlosen Bezahlung<br \/>\nAkzeptierte Karten f\u00fcr bargeldlosen Bezahlung: MasterCard, Maestro, Visa, Visa Electron<br \/>\nGoogle Pay: ja<br \/>\nEdenred, BenefitPlus und Benefity Karten: nein<br \/>\n<a href=\"https:\/\/www.depo2015.cz\" target=\"_blank\" rel=\"noopener noreferrer\">Website<\/a><\/p>\n<p>&nbsp;<\/p>\n<h3>Prag<\/h3>\n<p><strong>Freshlabels Store<\/strong><br \/>\nAdresse: Pansk\u00e1 9, Prag 1<br \/>\nKontakt: T +420 777 077 700 | <a href=\"mailto:info@freshlabels.cz\" target=\"_blank\" rel=\"noopener noreferrer\">info@freshlabels.cz<\/a><br \/>\n\u00d6ffnungszeiten: Mo-Fr 11:00 \u2013 19:00<br \/>\nBarrierefreier Zugang<br \/>\nM\u00f6glichkeiten zur bargeldlosen Bezahlung<br \/>\nAkzeptierte Karten f\u00fcr bargeldlosen Bezahlung: MasterCard, Maestro, Visa, Visa Electron, PayPal<br \/>\nGoogle Pay: nein<br \/>\nEdenred, BenefitPlus und Benefity Karten: nein<br \/>\n<a href=\"https:\/\/www.freshlabels.cz\/prodejny\/praha-backpack-store\/\" target=\"_blank\" rel=\"noopener noreferrer\">Website<\/a><\/p>\n<p>&nbsp;<\/p>\n<h3>Valtice<\/h3>\n<p><strong>TIC Valtice<\/strong><br \/>\nAdresse: n\u00e1m. Svobody 4, Valtice<br \/>\nKontakt: T +420 734 256 709, +420 731 164 599 | <a href=\"mailto:tic@valtice.eu\" target=\"_blank\" rel=\"noopener noreferrer\">tic@valtice.eu<\/a><br \/>\n\u00d6ffnungszeiten: Mo-So 9:00 \u2013 17:00<br \/>\nBarrierefreier Zugang<br \/>\nZahlung nur in bar m\u00f6glich<br \/>\nGoogle Pay: nein<br \/>\nEdenred, BenefitPlus und Benefity Karten: nein<br \/>\n<a href=\"https:\/\/www.valtice.eu\/turistika\/turisticke-informacni-centrum\/\" target=\"_blank\" rel=\"noopener noreferrer\">Website<\/a><\/p>\n<p>&nbsp;<\/p>","protected":false},"excerpt":{"rendered":"<p>\u00a0 Brno TO JE BRNO Informationszentrum Adresse: Panensk\u00e1 Stra\u00dfe 1, Br\u00fcnn Kontakt: T +420 602 404 246 | panenska@ticbrno.cz \u00d6ffnungszeiten: Mo-Fr 9:00 \u2013 13:30 und 14:00 \u2013 17:00; Sa, So und an Feiertagen 9:00 \u2013 13:00 und 13:30 \u2013 17:00 Barrierefreier Zugang M\u00f6glichkeiten zur bargeldlosen Bezahlung Akzeptierte Karten f\u00fcr bargeldlosen Bezahlung: MasterCard, Maestro, Visa, Visa [&#46;&#46;&#46;]<\/p>\n","protected":false},"author":2,"featured_media":0,"parent":0,"menu_order":0,"comment_status":"closed","ping_status":"closed","template":"","meta":{"footnotes":""},"acf":[],"_links":{"self":[{"href":"https:\/\/www.lvhf.cz\/de\/wp-json\/wp\/v2\/pages\/8609"}],"collection":[{"href":"https:\/\/www.lvhf.cz\/de\/wp-json\/wp\/v2\/pages"}],"about":[{"href":"https:\/\/www.lvhf.cz\/de\/wp-json\/wp\/v2\/types\/page"}],"author":[{"embeddable":true,"href":"https:\/\/www.lvhf.cz\/de\/wp-json\/wp\/v2\/users\/2"}],"replies":[{"embeddable":true,"href":"https:\/\/www.lvhf.cz\/de\/wp-json\/wp\/v2\/comments?post=8609"}],"version-history":[{"count":63,"href":"https:\/\/www.lvhf.cz\/de\/wp-json\/wp\/v2\/pages\/8609\/revisions"}],"predecessor-version":[{"id":28961,"href":"https:\/\/www.lvhf.cz\/de\/wp-json\/wp\/v2\/pages\/8609\/revisions\/28961"}],"wp:attachment":[{"href":"https:\/\/www.lvhf.cz\/de\/wp-json\/wp\/v2\/media?parent=8609"}],"curies":[{"name":"wp","href":"https:\/\/api.w.org\/{rel}","templated":true}]}}