{"id":8607,"date":"2020-05-19T22:00:35","date_gmt":"2020-05-19T20:00:35","guid":{"rendered":"https:\/\/www.lvhf.cz\/?page_id=8607"},"modified":"2023-06-12T12:29:03","modified_gmt":"2023-06-12T10:29:03","slug":"nakup-on-line-krok-za-krokem","status":"publish","type":"page","link":"https:\/\/www.lvhf.cz\/de\/program-a-vstupenky-2026\/nakup-on-line-krok-za-krokem\/","title":{"rendered":"Online-Einkauf Schritt f\u00fcr Schritt"},"content":{"rendered":"<p>&nbsp;<\/p>\n<table style=\"height: 33px; width: 100%; border-collapse: collapse; border-color: #c5e3ca; background-color: #c5e3ca;\">\n<tbody>\n<tr style=\"height: 33px;\">\n<td style=\"width: 100%; height: 33px;\">\n<h3>1) Konzertauswahl<\/h3>\n<\/td>\n<\/tr>\n<\/tbody>\n<\/table>\n<p>Sie k\u00f6nnen Karten <strong>direkt \u00fcber<\/strong> <a href=\"https:\/\/www.lvhf.cz\/de\/\" target=\"_blank\" rel=\"noopener noreferrer\">die Startseite<\/a> oder in der Sektion <a href=\"https:\/\/www.lvhf.cz\/de\/#program\" target=\"_blank\" rel=\"noopener noreferrer\">Programme und Karten<\/a> \u00fcber das Feld <strong>\u201eKarten kaufen\u201c<\/strong> erwerben. Wollen Sie sich zun\u00e4chst genauer \u00fcber das Konzert informieren, klicken Sie auf das Feld <strong>\u201eDetails\u201c<\/strong>.<\/p>\n<h3><noscript><img decoding=\"async\" class=\"img-responsive\" title=\"LVHF nakup online_1\" src=\"https:\/\/www.lvhf.cz\/wp-content\/uploads\/2020\/05\/01_kalendar.png\" alt=\"LVHF nakup online_1\"><\/noscript><img decoding=\"async\" class=\"img-responsive lazyload\" title=\"LVHF nakup online_1\" src=\"data:image\/gif;base64,R0lGODlhAQABAIAAAAAAAP\/\/\/yH5BAEAAAAALAAAAAABAAEAAAIBRAA7\" alt=\"LVHF nakup online_1\" data-src=\"https:\/\/www.lvhf.cz\/wp-content\/uploads\/2020\/05\/01_kalendar.png\"><\/h3>\n<p><strong>Wichtiger Hinweis<\/strong><br>\n<strong>Das Feld \u201eKarten kaufen\u201c<\/strong> bietet Ihnen die M\u00f6glichkeit, <strong>Karten f\u00fcr ein konkretes Konzert<\/strong> zu kaufen. <strong>Wollen Sie Karten f\u00fcr gleich mehrere Konzerte kaufen<\/strong>, reservieren Sie die Karten bitte <strong>\u00fcber unseren Kundenservice<\/strong> telefonisch unter +420 704 133 032 oder per Email an <a href=\"mailto:prodej@lvhf.cz\" target=\"_blank\" rel=\"noopener noreferrer\">prodej@lvhf.cz<\/a>. Die Bezahlung der Reservierung ist in diesem Fall <strong>online per Karte<\/strong>, bar an den <a href=\"https:\/\/www.lvhf.cz\/de\/festspiele-2021\/verkaufsstellen\/\" target=\"_blank\" rel=\"noopener noreferrer\">Verkaufsstellen des LVHF<\/a> oder <strong>auf Rechnung<\/strong> (nur f\u00fcr Unternehmer mit g\u00fcltiger Firmen-Identifikationsnummer) m\u00f6glich.<\/p>\n<p>&nbsp;<\/p>\n<table style=\"height: 33px; width: 100%; border-collapse: collapse; border-color: #c5e3ca; background-color: #c5e3ca;\">\n<tbody>\n<tr style=\"height: 33px;\">\n<td style=\"width: 100%; height: 33px;\">\n<h3>2) Ticketkauf im Bereich der Konzertdetails<\/h3>\n<\/td>\n<\/tr>\n<\/tbody>\n<\/table>\n<p>Befinden Sie sich im Bereich der Konzertdetails, klicken Sie auf <strong>\u201eKarten kaufen\u201c<\/strong>. Danach wird Ihnen <strong>ein Saalplan angezeigt<\/strong>.<\/p>\n<p>&nbsp;<\/p>\n<p><noscript><img decoding=\"async\" class=\"img-responsive\" title=\"LVHF nakup online_2\" src=\"https:\/\/www.lvhf.cz\/wp-content\/uploads\/2020\/05\/02_concert-detail-1.png\" alt=\"LVHF nakup online_2\"><\/noscript><img decoding=\"async\" class=\"img-responsive lazyload\" title=\"LVHF nakup online_2\" src=\"data:image\/gif;base64,R0lGODlhAQABAIAAAAAAAP\/\/\/yH5BAEAAAAALAAAAAABAAEAAAIBRAA7\" alt=\"LVHF nakup online_2\" data-src=\"https:\/\/www.lvhf.cz\/wp-content\/uploads\/2020\/05\/02_concert-detail-1.png\"><\/p>\n<p>&nbsp;<\/p>\n<table style=\"width: 100%; border-collapse: collapse; border-color: #c5e3ca; background-color: #c5e3ca;\">\n<tbody>\n<tr>\n<td style=\"width: 100%;\">\n<h3>3) Platzauswahl<\/h3>\n<\/td>\n<\/tr>\n<\/tbody>\n<\/table>\n<p>Farbige Felder sind <strong>aktuell verf\u00fcgbare Pl\u00e4tze<\/strong>. Indem Sie ein Feld anklicken, markieren Sie den von Ihnen zum Kauf oder f\u00fcr die Reservierung bevorzugten Sitz.<\/p>\n<p>&nbsp;<\/p>\n<p><noscript><img decoding=\"async\" class=\"img-responsive\" title=\"LVHF nakup online_3\" src=\"https:\/\/www.lvhf.cz\/wp-content\/uploads\/2020\/05\/03_sedadlo.png\" alt=\"LVHF nakup online_3\"><\/noscript><img decoding=\"async\" class=\"img-responsive lazyload\" title=\"LVHF nakup online_3\" src=\"data:image\/gif;base64,R0lGODlhAQABAIAAAAAAAP\/\/\/yH5BAEAAAAALAAAAAABAAEAAAIBRAA7\" alt=\"LVHF nakup online_3\" data-src=\"https:\/\/www.lvhf.cz\/wp-content\/uploads\/2020\/05\/03_sedadlo.png\"><\/p>\n<p>&nbsp;<\/p>\n<table style=\"width: 100%; border-collapse: collapse; border-color: #c5e3ca; background-color: #c5e3ca;\">\n<tbody>\n<tr>\n<td style=\"width: 100%;\">\n<h3>4) Angabe von Erm\u00e4\u00dfigungen und pers\u00f6nlichen Daten<\/h3>\n<\/td>\n<\/tr>\n<\/tbody>\n<\/table>\n<p>Wollen Sie einen Erm\u00e4\u00dfigungsanspruch geltend machen, k\u00f6nnen Sie dies im Untermen\u00fc des Feldes <strong>\u201eErm\u00e4\u00dfigungen\u201c<\/strong> (Discount) tun.<br>\n<strong>F\u00fcllen Sie die Pflichtfelder des Kaufformulars aus<\/strong> (Name, Nachname, Email und Telefonnummer), damit wir Ihnen Ihr Ticket bequem zustellen und Sie n\u00f6tigenfalls kontaktieren k\u00f6nnen. Informationen \u00fcber den Schutz und die Verwendung personenbezogener Daten finden Sie im Bereich <a href=\"https:\/\/www.lvhf.cz\/de\/festspiele-2021\/datenschutz-nach-dsgvo\/\" target=\"_blank\" rel=\"noopener noreferrer\">Datenschutz nach DSGVO<\/a>.<\/p>\n<p>&nbsp;<\/p>\n<p><noscript><img decoding=\"async\" class=\"img-responsive\" title=\"LVHF nakup online_4\" src=\"https:\/\/www.lvhf.cz\/wp-content\/uploads\/2020\/05\/04_sleva.png\" alt=\"LVHF nakup online_4\"><\/noscript><img decoding=\"async\" class=\"img-responsive lazyload\" title=\"LVHF nakup online_4\" src=\"data:image\/gif;base64,R0lGODlhAQABAIAAAAAAAP\/\/\/yH5BAEAAAAALAAAAAABAAEAAAIBRAA7\" alt=\"LVHF nakup online_4\" data-src=\"https:\/\/www.lvhf.cz\/wp-content\/uploads\/2020\/05\/04_sleva.png\"><\/p>\n<p>&nbsp;<\/p>\n<table style=\"width: 100%; border-collapse: collapse; border-color: #c5e3ca; background-color: #c5e3ca;\">\n<tbody>\n<tr>\n<td style=\"width: 100%;\">\n<h3>5) Auswahl der Zahlungsmethode<\/h3>\n<\/td>\n<\/tr>\n<\/tbody>\n<\/table>\n<p><strong>W\u00e4hlen Sie die Zahlart<\/strong> (Payment method).<br>\n<strong>F\u00fcr Bezahlung auf Rechnung<\/strong> m\u00fcssen Sie Ihre Bankdaten angeben, inkl. g\u00fcltiger Firmen-Identifikationsnummer.<br>\nSie k\u00f6nnen das Ticket auch <strong>einfach nur reservieren<\/strong>. Eine Reservierung ist <strong>3 Tage<\/strong> lang g\u00fcltig.<br>\nDie M\u00f6glichkeit Karten zu reservieren oder auf Rechnung zu bezahlen ist bis zum <strong>31. August<\/strong> aktiviert.<\/p>\n<p>&nbsp;<\/p>\n<p><noscript><img decoding=\"async\" class=\"img-responsive\" title=\"LVHF nakup online_5\" src=\"https:\/\/www.lvhf.cz\/wp-content\/uploads\/2020\/05\/05_platebmi-metoda.png\" alt=\"LVHF nakup online_5\"><\/noscript><img decoding=\"async\" class=\"img-responsive lazyload\" title=\"LVHF nakup online_5\" src=\"data:image\/gif;base64,R0lGODlhAQABAIAAAAAAAP\/\/\/yH5BAEAAAAALAAAAAABAAEAAAIBRAA7\" alt=\"LVHF nakup online_5\" data-src=\"https:\/\/www.lvhf.cz\/wp-content\/uploads\/2020\/05\/05_platebmi-metoda.png\"><\/p>\n<p>&nbsp;<\/p>\n<table style=\"width: 100%; border-collapse: collapse; border-color: #c5e3ca; background-color: #c5e3ca;\">\n<tbody>\n<tr>\n<td style=\"width: 100%;\">\n<h3>6) Zustimmung der AGB des LVHF und Abschluss der Bestellung oder Reservierung<\/h3>\n<\/td>\n<\/tr>\n<\/tbody>\n<\/table>\n<p>Um den Kauf abzuschlie\u00dfen, ist es n\u00f6tig, dass Sie den <a href=\"https:\/\/www.lvhf.cz\/de\/programm-und-karten\/geschaftsbedingungen-lvhf\/\" target=\"_blank\" rel=\"noopener noreferrer\">Allgemeinen Gesch\u00e4ftsbedingungen des LVHF<\/a> zustimmen. Haben Sie Interesse am Festival-Newsletter, dann <strong>setzen Sie auch f\u00fcr die Zustimmung zur Zusendung von Neuigkeiten ein Kreuz<\/strong>. Anschlie\u00dfend ist nur noch ein Klick auf das rosafarbene Feld n\u00f6tig und Sie reservieren oder bezahlen Ihr Ticket.<\/p>\n<p>&nbsp;<\/p>\n<p><noscript><img decoding=\"async\" class=\"img-responsive\" title=\"LVHF nakup online_6\" src=\"https:\/\/www.lvhf.cz\/wp-content\/uploads\/2020\/05\/06_dokonceni.png\" alt=\"LVHF nakup online_6\"><\/noscript><img decoding=\"async\" class=\"img-responsive lazyload\" title=\"LVHF nakup online_6\" src=\"data:image\/gif;base64,R0lGODlhAQABAIAAAAAAAP\/\/\/yH5BAEAAAAALAAAAAABAAEAAAIBRAA7\" alt=\"LVHF nakup online_6\" data-src=\"https:\/\/www.lvhf.cz\/wp-content\/uploads\/2020\/05\/06_dokonceni.png\"><\/p>\n<p>&nbsp;<\/p>\n<p>Wir bedanken uns f\u00fcr Ihren Einkauf und freuen uns, Sie beim Musikfestival Lednice|Valtice zu sehen.<br>\nIhr LVHF Team<\/p>\n<p><strong>Etwas funktioniert nicht und Sie wissen nicht weiter?<\/strong> Kontaktieren Sie unseren <strong>Kundenservice des LVHF<\/strong>, wir sind erreichbar an Werktagen von 9:30 Uhr bis 16:30 Uhr. T +420 704 133 032 | <a href=\"mailto:prodej@lvhf.cz\" target=\"_blank\" rel=\"noopener noreferrer\">prodej@lvhf.cz<\/a><\/p>\n<p>&nbsp;<\/p>","protected":false},"excerpt":{"rendered":"<p>&nbsp; 1) Konzertauswahl Sie k\u00f6nnen Karten direkt \u00fcber die Startseite oder in der Sektion Programme und Karten \u00fcber das Feld \u201eKarten kaufen\u201c erwerben. Wollen Sie sich zun\u00e4chst genauer \u00fcber das Konzert informieren, klicken Sie auf das Feld \u201eDetails\u201c. Wichtiger Hinweis Das Feld \u201eKarten kaufen\u201c bietet Ihnen die M\u00f6glichkeit, Karten f\u00fcr ein konkretes Konzert zu kaufen. [&#46;&#46;&#46;]<\/p>\n","protected":false},"author":2,"featured_media":0,"parent":11102,"menu_order":0,"comment_status":"closed","ping_status":"closed","template":"","meta":{"footnotes":""},"acf":[],"_links":{"self":[{"href":"https:\/\/www.lvhf.cz\/de\/wp-json\/wp\/v2\/pages\/8607"}],"collection":[{"href":"https:\/\/www.lvhf.cz\/de\/wp-json\/wp\/v2\/pages"}],"about":[{"href":"https:\/\/www.lvhf.cz\/de\/wp-json\/wp\/v2\/types\/page"}],"author":[{"embeddable":true,"href":"https:\/\/www.lvhf.cz\/de\/wp-json\/wp\/v2\/users\/2"}],"replies":[{"embeddable":true,"href":"https:\/\/www.lvhf.cz\/de\/wp-json\/wp\/v2\/comments?post=8607"}],"version-history":[{"count":48,"href":"https:\/\/www.lvhf.cz\/de\/wp-json\/wp\/v2\/pages\/8607\/revisions"}],"predecessor-version":[{"id":21120,"href":"https:\/\/www.lvhf.cz\/de\/wp-json\/wp\/v2\/pages\/8607\/revisions\/21120"}],"up":[{"embeddable":true,"href":"https:\/\/www.lvhf.cz\/de\/wp-json\/wp\/v2\/pages\/11102"}],"wp:attachment":[{"href":"https:\/\/www.lvhf.cz\/de\/wp-json\/wp\/v2\/media?parent=8607"}],"curies":[{"name":"wp","href":"https:\/\/api.w.org\/{rel}","templated":true}]}}