{"id":8,"date":"2017-02-23T14:00:24","date_gmt":"2017-02-23T13:00:24","guid":{"rendered":"https:\/\/www.lvhf.cz\/?page_id=8"},"modified":"2023-07-14T10:26:39","modified_gmt":"2023-07-14T08:26:39","slug":"o-festivalu","status":"publish","type":"page","link":"https:\/\/www.lvhf.cz\/de\/o-festivalu\/","title":{"rendered":"Festival 2020"},"content":{"rendered":"<p><noscript><img loading=\"lazy\" decoding=\"async\" class=\"wp-image-8475 alignleft\" title=\"3. Jiri Partyka foto B. Ren\u010d\" src=\"https:\/\/www.lvhf.cz\/wp-content\/uploads\/2020\/05\/3.-Jiri-Partyka-foto-B.-Ren\u010d-scaled-e1589105930963.jpg\" alt=\"3. Jiri Partyka foto B. Ren\u010d\" width=\"300\" height=\"372\"><\/noscript><img loading=\"lazy\" decoding=\"async\" class=\"wp-image-8475 alignleft lazyload\" title=\"3. Jiri Partyka foto B. Ren\u010d\" src=\"data:image\/svg+xml,%3Csvg%20xmlns%3D%22http%3A%2F%2Fwww.w3.org%2F2000%2Fsvg%22%20viewBox%3D%220%200%20300%20372%22%3E%3C%2Fsvg%3E\" alt=\"3. Jiri Partyka foto B. Ren\u010d\" width=\"300\" height=\"372\" data-src=\"https:\/\/www.lvhf.cz\/wp-content\/uploads\/2020\/05\/3.-Jiri-Partyka-foto-B.-Ren\u010d-scaled-e1589105930963.jpg\"><\/p>\n<p>&nbsp;<\/p>\n<p>Sehr geehrte Anh\u00e4nger der klassischen Musik,<\/p>\n<p>vielleicht hatten Sie schon die M\u00f6glichkeit mit uns die einzigartige, nahezu famili\u00e4re Atmosph\u00e4re des <strong>Musikfestivals Lednice|Valtice<\/strong> kennenzulernen, vielleicht sind Sie auch gerade zum ersten Mal auf das Festival gesto\u00dfen, seien Sie herzlich zu unserem ersten Jubil\u00e4um, dem 5. Festivaljahrgang, eingeladen. Wie in den vergangenen Jahren haben wir auch dieses Mal eine Reihe \u00dcberraschungen, Neuheiten und vor allem eine gro\u00dfe Menge sch\u00f6ner Musik, gespielt von erstklassigen K\u00fcnstlern und Ensembles, f\u00fcr Sie vorbereitet. Darum hoffe ich, Sie finden im Oktober Zeit, mit uns gemeinsam in den architektonischen Kleinoden S\u00fcdm\u00e4hrens diese nun schon traditionellen Herbstfeierlichkeiten klassischer Musik zu begehen.<\/p>\n<p>Ich freue mich auf Sie!<\/p>\n<p>Hochachtungsvoll,<br>\n<strong>Ji\u0159\u00ed Partyka<\/strong>, Festivalleiter und Dramaturg des LVHF<\/p>\n<p>&nbsp;<\/p>\n<p>&nbsp;<\/p>\n<p>&nbsp;<\/p>\n<h3>Musikfestival Lednice|Valtice 2020 | 3.\u2013 17. Oktober<\/h3>\n<p>&nbsp;<\/p>\n<p>Das Programm des <strong>5. Jahrgangs des Musikfestivals Lednice|Valtive<\/strong> sch\u00f6pft aus den reichen Inspirationsquellen des kulturellen Nachlasses S\u00fcdm\u00e4hrens: <strong>Folkloristische Motive<\/strong>, <strong>reiche j\u00fcdische Kulturtradition<\/strong> oder <strong>orientalische Elemente<\/strong> im Areal Lednice-Valtice. Die acht Festivalkonzerte verbinden im Jahr 2020 die feine \u00c4sthetik der <strong>klassischen Musik mit dem traditionellen Folklorestil<\/strong> <strong>unterschiedlicher V\u00f6lker und Kulturen<\/strong>. Die Musik kehrt nicht nur an beliebte Orte wie <a href=\"https:\/\/www.lvhf.cz\/de\/austragungsort\/cestina-zamecka-jizdarna-valtice\/\" target=\"_blank\" rel=\"noopener noreferrer\">Schloss Valtice<\/a>, <a href=\"https:\/\/www.lvhf.cz\/de\/austragungsort\/cesky-rytirsky-sal-statni-zamek-lednice\/\" target=\"_blank\" rel=\"noopener noreferrer\">Schloss Lednice<\/a>, <a href=\"https:\/\/www.lvhf.cz\/de\/austragungsort\/cesky-zamek-v-mikulove\/\" target=\"_blank\" rel=\"noopener noreferrer\">Schloss Mikulov<\/a> und andere zur\u00fcck, dieses Jahr scheut das Festival auch in dieser Richtung keine Experimente und entdeckt f\u00fcr die Zuh\u00f6rer neue R\u00e4ume aus den Werkst\u00e4tten von Liechtensteiner Architekten (<a href=\"https:\/\/www.lvhf.cz\/de\/austragungsort\/cesky-zamek-wilfersdorf-rakousko\/\" target=\"_blank\" rel=\"noopener noreferrer\">Schloss Wilfersdorf<\/a>, <a href=\"https:\/\/www.lvhf.cz\/de\/austragungsort\/teichschlosschen-lednice\/\" target=\"_blank\" rel=\"noopener noreferrer\">Teichschl\u00f6sschen Lednice<\/a>) sowie die <a href=\"https:\/\/www.lvhf.cz\/de\/austragungsort\/breclav-synagoge\/\" target=\"_blank\" rel=\"noopener noreferrer\">Synagoge B\u0159eclav<\/a>.<\/p>\n<p>&nbsp;<\/p>\n<p><strong>Sa, 3. Oktober 2020<\/strong><br>\nDas LVHF 2020 wird am 3. Oktober vom <strong>international anerkannten<\/strong> <a href=\"https:\/\/www.lvhf.cz\/de\/konzerte\/1-festivalkonzert-feierliche-eroffnung\/\" target=\"_blank\" rel=\"noopener noreferrer\">Janoska Ensemble<\/a> aus der Slowakei er\u00f6ffnet, dessen energische, beinahe schon seilt\u00e4nzerische Auff\u00fchrungen sind der <strong>reinste Geysir an Virtuosit\u00e4t und ungefesselter Urspr\u00fcnglichkeit<\/strong>, ganz im Geiste der Worte des Kontrabassisten des Ensembles, Julio Darvas: \u201eWir w\u00fcrden gern eine Revolution in die klassische Musik hineintragen. Wir bem\u00fchen uns eine Reihe vergessener oder verlorener Werke des klassischen Repertoires zu restaurieren und ihre Interpretation mit Elementen der Improvisation nach dem Beispiel der Barockmusiker zu beleben.\u201c Das Konzert findet in den <a href=\"https:\/\/www.lvhf.cz\/de\/austragungsort\/schlossreithalle-eisgrub-lednice-multifunktionszentrum\/\" target=\"_blank\" rel=\"noopener noreferrer\">Reithallen von Schloss Lednice<\/a> statt.<\/p>\n<p>&nbsp;<\/p>\n<p><strong>So, 4. Oktober 2020<\/strong><br>\nThemen wie die Liebe, die Familie, unser best\u00e4ndiges Wandern und die Suche nach dem eigenen Schicksal spiegeln sich in den hochemotionalen Texten der <strong>j\u00fcdischen Lieder<\/strong> wieder, die von der <a href=\"https:\/\/www.lvhf.cz\/de\/konzerte\/2-festivalkonzert-shalomklezmer\/\" target=\"_blank\" rel=\"noopener noreferrer\">Ostrava Klezmer Band<\/a> im zweiten Konzert des Musikfestivals Lednice|Valtice in der <a href=\"https:\/\/www.lvhf.cz\/de\/austragungsort\/breclav-synagoge\/\" target=\"_blank\" rel=\"noopener noreferrer\">Synagoge B\u0159eclav<\/a> zum Klingen gebracht werden. Die Band kombiniert in gewagter Art <strong>t\u00e4nzerische und gesungene j\u00fcdische Musik Mittel- und Osteuropas mit Elementen des Jazz und lateinamerikanischer Musik<\/strong>. Solistin des Konzerts wird die Sopranistin <strong>Johana \u010cernohorsk\u00e1<\/strong> sein. Mit dem Konzert ist ein <a href=\"https:\/\/www.lvhf.cz\/de\/konzerte\/begleitprogramm-vortrag-familie-kuffner\/\" target=\"_blank\" rel=\"noopener noreferrer\">Begleitprogramm<\/a> verbunden, in welchem die Historikerin <strong>Alena K\u00e1\u0148ov\u00e1<\/strong> \u00fcber die Bedeutung des lundenburger (B\u0159eclav) Zweiges der Familie Kuffner sprechen wird.<\/p>\n<p>&nbsp;<\/p>\n<p><strong>Mi, 7. Oktober 2020<\/strong><br>\nRegenten, Politiker, Krieger, Landwirte und Triebkr\u00e4fte des Fortschritts \u2013 all das repr\u00e4sentierte das Geschlecht der Liechtensteiner im F\u00fcrstentum Eisgrub-Feldsberg \u00fcber mehrere Jahrhunderte hinweg. Ihre Unverg\u00e4nglichkeit sicherten sie sich unter anderem, indem sie sich von verschiedenen Kulturen inspirieren lie\u00dfen. Ihre Architekten brachten der Landschaft des heutigen Areals Lednice-Valtice unter anderem <strong>Einfl\u00fcsse arabischer Kulturen<\/strong> oder aus dem Fernen Osten in Form beispielsweise des <strong>Maurischen Wasserkunstgeb\u00e4udes<\/strong>, des <strong>Chinesischen Pavillons<\/strong> oder des ber\u00fchmten <strong>Minaretts<\/strong>. Von orientalischen Motiven im Schlosspark Lednice wird im Rahmen des <a href=\"https:\/\/www.lvhf.cz\/de\/konzerte\/begleitprogramm-vortrag-orientalische-motive-im-park-lednice\/\" target=\"_blank\" rel=\"noopener noreferrer\">Begleitprogramms<\/a> der Gartenbauarchitekt P\u0159emysl Krej\u010di\u0159\u00edk sprechen.<\/p>\n<p>&nbsp;<\/p>\n<p><strong>Fr, 9. Oktober 2020<\/strong><br>\nDie tschechische Musik r\u00fchmt sich dreier Streichquartette, welche die Welt eroberten: <em>Aus meinem Leben<\/em>,<em> Intime Briefe<\/em> und das <em>Amerikanische Quartett<\/em> von Anton\u00edn Dvo\u0159\u00e1k. Zwei von ihnen \u2013 das <em>Streichquartett Nr. 1 e-Moll \u201eAus meinem Leben\u201c<\/em> von Bed\u0159ich Smetana und das <em>Streichquartett Nr. 2 \u201eIntime Briefe\u201c<\/em> von Leo\u0161 Jan\u00e1\u010dek \u2013 erklingen im Konzert <strong>eines der beachtenswertesten Kammermusikensembles der Welt<\/strong>, den Tr\u00e4gern von insgesamt <strong>sechs der renommierten Gramophone Awards<\/strong>, dem <strong>Pavel Haas Quartett<\/strong>. Ein absoluter Ausnahmeabend im Rittersaal von Schloss Lednice. <a href=\"https:\/\/www.lvhf.cz\/de\/konzerte\/pavelhaasquartet\/\" target=\"_blank\" rel=\"noopener noreferrer\">Die letzten Karten stehen zum Verkauf!<\/a><\/p>\n<p>&nbsp;<\/p>\n<p><strong>Sa, 10. Oktober 2020<\/strong><br>\n<a href=\"https:\/\/www.lvhf.cz\/de\/konzerte\/4-festivalkonzert-lvhf2019-katzeldorf\/\" target=\"_blank\" rel=\"noopener noreferrer\">Das vierte Festivalkonzert<\/a> bietet nicht nur eine interessante Besetzung, sondern au\u00dferdem eine <strong>Weltpremiere<\/strong>. Das Konzert verbindet <strong>zwei au\u00dfergew\u00f6hnliche Ensembles aus unterschiedlichen musikalischen Welten miteinander<\/strong> \u2013 Das <strong>Jan\u00e1\u010dek Kammerorchester<\/strong> und das <strong>Ensemble FLAIR<\/strong>, dessen instrumentale Besetzung der m\u00e4hrischen Volkstradition entspringt. Solist wird der legend\u00e4re tschechische Geiger <strong>V\u00e1clav Hude\u010dek<\/strong> sein. Diesen au\u00dfergew\u00f6hnlichen Abend auf <a href=\"https:\/\/www.lvhf.cz\/de\/austragungsort\/cesky-zamek-v-mikulove\/\" target=\"_blank\" rel=\"noopener noreferrer\">Schloss Mikulov<\/a> k\u00f6nnen Sie am Samstag, den 10.Oktober mit uns genie\u00dfen.<\/p>\n<p>&nbsp;<\/p>\n<p><strong>So, 11. Oktober 2020<\/strong><br>\nDes 150. Geburtstags eines gro\u00dfen tschechischen P\u00e4dagogen, Komponisten und Liebhabers volkst\u00fcmlicher Kultur, <strong>V\u00edt\u011bzslav Nov\u00e1ks<\/strong>, gedenken wir am 11. Oktober im frisch rekonstruierten <a href=\"https:\/\/www.lvhf.cz\/de\/austragungsort\/teichschlosschen-lednice\/\" target=\"_blank\" rel=\"noopener noreferrer\">Teichschl\u00f6sschen<\/a> unweit von Lednice. Der wie f\u00fcr Kammermusikkonzerte geschaffene Raum dient dem aus forderen Vertretern der jungen tschechischen K\u00fcnstlergeneration zusammengesetzten Ensemble, den <strong>Tr\u00e4gern des Preises der Tschechischen Gesellschaft f\u00fcr Kammermusik 2017,<\/strong> dem <a href=\"https:\/\/www.lvhf.cz\/de\/konzerte\/5-festivalkonzert-zu-ehren-vitezslav-novaks\/\" target=\"_blank\" rel=\"noopener noreferrer\">Lobkowicz Trio<\/a>.<\/p>\n<p>&nbsp;<\/p>\n<p><strong>Mi, 14. Oktober 2020<\/strong><br>\nJedem Festival steht <a href=\"https:\/\/www.lvhf.cz\/de\/konzerte\/6-festivalkonzert-melodien-aus-myjava\/\" target=\"_blank\" rel=\"noopener noreferrer\">ein kleiner Ausflug<\/a> gut zu Gesichte. Nicht zuletzt aus diesem Grund, begeben wir uns gemeinsam mit dem <strong>Ensemble FolkloreClassik<\/strong> und seiner musikalischen Leiterin <strong>Mark\u00e9ta Janou\u0161kova<\/strong> nach \u00d6sterreich in das anmutige Liechtenstein <a href=\"https:\/\/www.lvhf.cz\/de\/austragungsort\/cesky-zamek-wilfersdorf-rakousko\/\" target=\"_blank\" rel=\"noopener noreferrer\">Schloss Wilfersdorf.<\/a> Wir importieren unseren Nachbarn im S\u00fcden neben Eigenkompositionen der Gruppe FolkloreClassic <strong>temperamentvolle Musik slowakischer, rum\u00e4nischer und ungarischer Autoren<\/strong>, sowie m\u00e4hrische Volkslieder und T\u00e4nze in einer Bearbeitung von <strong>Leo\u0161 Jan\u00e1\u010dek.<\/strong><\/p>\n<p>&nbsp;<\/p>\n<p><strong>Fr, 16. Oktober 2020<\/strong><br>\nIm <a href=\"https:\/\/www.lvhf.cz\/de\/austragungsort\/cestina-zamecke-divadlo-ve-valticich\/\" target=\"_blank\" rel=\"noopener noreferrer\">Schlosstheater Valtice<\/a> wird am 16. Oktober die spanische Gitarristin <a href=\"https:\/\/www.lvhf.cz\/de\/konzerte\/7-festivalkonzert-j-m-sperger\/\" target=\"_blank\" rel=\"noopener noreferrer\">Andrea Gonzalez Caballero<\/a> ihren ersten Auftritt in der tschechischen Republik haben. Die <strong>Gewinnerin internationaler Wettbewerbe in Rom und Valencia<\/strong> stellt den Zuh\u00f6rern temperamentvolle Kompositionen <strong>spanischer Autoren<\/strong> vor. Ihr k\u00fcnstlerischer Partner wird der Geiger <strong>Ji\u0159\u00ed Partyka<\/strong> sein.<\/p>\n<p>&nbsp;<\/p>\n<p><strong>So, 17. Oktober 2020<\/strong><br>\nDer 5. Jahrgang des LVHF wird in den historischen R\u00e4umlichkeiten der <a href=\"https:\/\/www.lvhf.cz\/de\/austragungsort\/cestina-zamecka-jizdarna-valtice\/\" target=\"_blank\" rel=\"noopener noreferrer\">Hofreitschule Valtice<\/a> mit der heute schon nahezu ikonischen Gruppe <a href=\"https:\/\/www.lvhf.cz\/de\/konzerte\/8-abschlusskonzert\/\" target=\"_blank\" rel=\"noopener noreferrer\">\u010cechomor<\/a> seinen Abschluss finden, die sich bereits mehrere Jahrzehnte lang zwischen klassischer Musik und m\u00e4hrischer Folklore bewegt. Begleitet von der <strong>M\u00e4hrischen Philharmonie Olm\u00fctz<\/strong> unter dem bekannten tschechischen Dirigenten, Komponisten und Arrangeur <strong>Jan Ku\u010dera<\/strong> erklingen <strong>Lieder des legend\u00e4ren Albums \u201eProm\u011bny\u201c<\/strong> (Verwandlungen), erg\u00e4nzt um einige neue Titel in der Bearbeitung von Adam Sztaba. Bestandteil der Eintrittskarte ist au\u00dferdem eine <a href=\"https:\/\/www.lvhf.cz\/de\/konzerte\/cesky-doprovodny-program-setkani-s-autorem\/\" target=\"_blank\" rel=\"noopener noreferrer\">Begegnung mit dem bekannten s\u00fcdm\u00e4hrischen Maler und Grafiker Anton\u00edn Vojtek<\/a>.<\/p>\n<p>&nbsp;<\/p>\n<p><strong>Sch\u00fclerkonzerte am 5. und 6. Oktober 2020<\/strong><br>\nDie <a href=\"https:\/\/www.lvhf.cz\/de\/konzerte\/mimoradne-koncerty\/\" target=\"_blank\" rel=\"noopener noreferrer\">vier p\u00e4dagogischen Konzerte<\/a> in <strong>B\u0159eclav, Valtice, Lednice<\/strong> und <strong>Mikulov<\/strong> \u00fcbernimmt diesmal das gro\u00dfartige <strong>Trio des Tschechischen Rundfunks. <\/strong>Was werden die Kinder erfahren? Wir werden uns mit den Instrumenten <strong>Oboe, Klarinette und Fagott<\/strong> besch\u00e4ftigen, damit wie sie aussehen, mit ihren Gemeinsamkeiten und Unterschieden, mit den M\u00f6glichkeiten sie zu spielen und was sonst noch Interessantes dazugeh\u00f6rt. Wir werden uns auch die Arbeit eines Musikers ansehen und wie er sich auf ein Konzert vorbereitet. Und w\u00e4hrend wir uns Geschichten vorlesen lassen, \u00fcberlegen wir gemeinsam, wie Musik auf uns wirkt und was sie f\u00fcr Gef\u00fchle in uns wachruft. Es erklingen Kompositionen von <strong>Anton\u00edn Dvo\u0159\u00e1k, Bed\u0159ich Smetana, Wolfgang Amadeus Mozart<\/strong> und <strong>Ludwig van Beethoven<\/strong>. Die Konzerte sind f\u00fcr Schulen gedacht zur Erg\u00e4nzung ihres Unterrichts. <strong>Der Eintritt ist frei, es ist jedoch notwendig<\/strong> <a href=\"mailto:prodej@lvhf.cz\" target=\"_blank\" rel=\"noopener noreferrer\">die Pl\u00e4tze im Voraus zu reservieren<\/a>.<\/p>\n<p>&nbsp;<\/p>\n<p><strong>Haben Sie sich Ihr Konzert ausgesucht?<\/strong> Tickets f\u00fcr das LVHF 2020 k\u00f6nnen Sie direkt auf dieser Website in der <a href=\"https:\/\/www.lvhf.cz\/de\/#program\" target=\"_blank\" rel=\"noopener noreferrer\">Sektion Programme und Karten<\/a> erwerben.<\/p>\n<p><strong>Brauchen Sie Hilfe?<\/strong> Rufen Sie unseren Kundenservice unter +420 777 324 134 an oder schreiben Sie uns an <a href=\"mailto:prodej@lvhf.cz\" target=\"_blank\" rel=\"noopener noreferrer\">prodej@lvhf.cz<\/a>.<\/p>\n<p>Wir freuen uns auf Sie!<br>\nIhr Festivalteam<\/p>\n<p>&nbsp;<\/p>\n<p>Die Schirmherrschaft \u00fcber den Festivaljahrgang 2020 \u00fcbernahmen der Kulturminister der Tschechischen Republik <strong>PhDr. Lubom\u00edr Zaor\u00e1lek<\/strong> und der Kreishauptmann von S\u00fcdm\u00e4hren <strong>JUDr. Bohumil \u0160imek<\/strong>.<\/p>\n<p>&nbsp;<\/p>\n<p><a href=\"https:\/\/www.lvhf.cz\/wp-content\/uploads\/2020\/04\/IMG_5598.jpg\" data-rel=\"lightbox-gallery-1xenIoxl\" data-rl_title data-rl_caption><noscript><img loading=\"lazy\" decoding=\"async\" class=\"wp-image-8277 alignleft\" title src=\"https:\/\/www.lvhf.cz\/wp-content\/uploads\/2020\/04\/IMG_5598.jpg\" alt=\"IMG 5598\" width=\"301\" height=\"436\" srcset=\"https:\/\/www.lvhf.cz\/wp-content\/uploads\/2020\/04\/IMG_5598.jpg 1673w, https:\/\/www.lvhf.cz\/wp-content\/uploads\/2020\/04\/IMG_5598-276x400.jpg 276w, https:\/\/www.lvhf.cz\/wp-content\/uploads\/2020\/04\/IMG_5598-706x1024.jpg 706w, https:\/\/www.lvhf.cz\/wp-content\/uploads\/2020\/04\/IMG_5598-768x1114.jpg 768w, https:\/\/www.lvhf.cz\/wp-content\/uploads\/2020\/04\/IMG_5598-1059x1536.jpg 1059w, https:\/\/www.lvhf.cz\/wp-content\/uploads\/2020\/04\/IMG_5598-1412x2048.jpg 1412w, https:\/\/www.lvhf.cz\/wp-content\/uploads\/2020\/04\/IMG_5598-207x300.jpg 207w\" sizes=\"(max-width: 301px) 100vw, 301px\"><\/noscript><img loading=\"lazy\" decoding=\"async\" class=\"wp-image-8277 alignleft lazyload\" title src=\"data:image\/svg+xml,%3Csvg%20xmlns%3D%22http%3A%2F%2Fwww.w3.org%2F2000%2Fsvg%22%20viewBox%3D%220%200%20301%20436%22%3E%3C%2Fsvg%3E\" alt=\"IMG 5598\" width=\"301\" height=\"436\" srcset=\"data:image\/svg+xml,%3Csvg%20xmlns%3D%22http%3A%2F%2Fwww.w3.org%2F2000%2Fsvg%22%20viewBox%3D%220%200%20301%20436%22%3E%3C%2Fsvg%3E 301w\" sizes=\"(max-width: 301px) 100vw, 301px\" data-srcset=\"https:\/\/www.lvhf.cz\/wp-content\/uploads\/2020\/04\/IMG_5598.jpg 1673w, https:\/\/www.lvhf.cz\/wp-content\/uploads\/2020\/04\/IMG_5598-276x400.jpg 276w, https:\/\/www.lvhf.cz\/wp-content\/uploads\/2020\/04\/IMG_5598-706x1024.jpg 706w, https:\/\/www.lvhf.cz\/wp-content\/uploads\/2020\/04\/IMG_5598-768x1114.jpg 768w, https:\/\/www.lvhf.cz\/wp-content\/uploads\/2020\/04\/IMG_5598-1059x1536.jpg 1059w, https:\/\/www.lvhf.cz\/wp-content\/uploads\/2020\/04\/IMG_5598-1412x2048.jpg 1412w, https:\/\/www.lvhf.cz\/wp-content\/uploads\/2020\/04\/IMG_5598-207x300.jpg 207w\" data-src=\"https:\/\/www.lvhf.cz\/wp-content\/uploads\/2020\/04\/IMG_5598.jpg\"><\/a><\/p>\n<p><a href=\"https:\/\/www.lvhf.cz\/wp-content\/uploads\/2020\/03\/Zastita-hejtman-JMK-scaled-e1584638597431.jpg\" data-rel=\"lightbox-gallery-1xenIoxl\" data-rl_title data-rl_caption><noscript><img loading=\"lazy\" decoding=\"async\" class=\"wp-image-7643 alignleft\" title src=\"https:\/\/www.lvhf.cz\/wp-content\/uploads\/2020\/03\/Zastita-hejtman-JMK-scaled-e1584638597431.jpg\" alt=\"Zastita hejtman JMK\" width=\"301\" height=\"427\"><\/noscript><img loading=\"lazy\" decoding=\"async\" class=\"wp-image-7643 alignleft lazyload\" title src=\"data:image\/svg+xml,%3Csvg%20xmlns%3D%22http%3A%2F%2Fwww.w3.org%2F2000%2Fsvg%22%20viewBox%3D%220%200%20301%20427%22%3E%3C%2Fsvg%3E\" alt=\"Zastita hejtman JMK\" width=\"301\" height=\"427\" data-src=\"https:\/\/www.lvhf.cz\/wp-content\/uploads\/2020\/03\/Zastita-hejtman-JMK-scaled-e1584638597431.jpg\"><\/a><\/p>","protected":false},"excerpt":{"rendered":"<p>&nbsp; Sehr geehrte Anh\u00e4nger der klassischen Musik, vielleicht hatten Sie schon die M\u00f6glichkeit mit uns die einzigartige, nahezu famili\u00e4re Atmosph\u00e4re des Musikfestivals Lednice|Valtice kennenzulernen, vielleicht sind Sie auch gerade zum ersten Mal auf das Festival gesto\u00dfen, seien Sie herzlich zu unserem ersten Jubil\u00e4um, dem 5. Festivaljahrgang, eingeladen. Wie in den vergangenen Jahren haben wir auch [&#46;&#46;&#46;]<\/p>\n","protected":false},"author":1,"featured_media":117,"parent":0,"menu_order":72,"comment_status":"closed","ping_status":"closed","template":"","meta":{"footnotes":""},"acf":[],"_links":{"self":[{"href":"https:\/\/www.lvhf.cz\/de\/wp-json\/wp\/v2\/pages\/8"}],"collection":[{"href":"https:\/\/www.lvhf.cz\/de\/wp-json\/wp\/v2\/pages"}],"about":[{"href":"https:\/\/www.lvhf.cz\/de\/wp-json\/wp\/v2\/types\/page"}],"author":[{"embeddable":true,"href":"https:\/\/www.lvhf.cz\/de\/wp-json\/wp\/v2\/users\/1"}],"replies":[{"embeddable":true,"href":"https:\/\/www.lvhf.cz\/de\/wp-json\/wp\/v2\/comments?post=8"}],"version-history":[{"count":118,"href":"https:\/\/www.lvhf.cz\/de\/wp-json\/wp\/v2\/pages\/8\/revisions"}],"predecessor-version":[{"id":10157,"href":"https:\/\/www.lvhf.cz\/de\/wp-json\/wp\/v2\/pages\/8\/revisions\/10157"}],"wp:featuredmedia":[{"embeddable":true,"href":"https:\/\/www.lvhf.cz\/de\/wp-json\/wp\/v2\/media\/117"}],"wp:attachment":[{"href":"https:\/\/www.lvhf.cz\/de\/wp-json\/wp\/v2\/media?parent=8"}],"curies":[{"name":"wp","href":"https:\/\/api.w.org\/{rel}","templated":true}]}}