{"id":28050,"date":"2025-01-15T19:44:28","date_gmt":"2025-01-15T18:44:28","guid":{"rendered":"https:\/\/www.lvhf.cz\/?page_id=28050"},"modified":"2026-04-07T12:20:06","modified_gmt":"2026-04-07T10:20:06","slug":"podporte-nas","status":"publish","type":"page","link":"https:\/\/www.lvhf.cz\/de\/podporte-nas\/","title":{"rendered":"Unterst\u00fctzen Sie uns"},"content":{"rendered":"\t\t<div data-elementor-type=\"wp-page\" data-elementor-id=\"28050\" class=\"elementor elementor-28050\" data-elementor-post-type=\"page\">\n\t\t\t\t\t\t<section class=\"elementor-section elementor-top-section elementor-element elementor-element-2be8f13 elementor-section-boxed elementor-section-height-default elementor-section-height-default\" data-id=\"2be8f13\" data-element_type=\"section\">\n\t\t\t\t\t\t<div class=\"elementor-container elementor-column-gap-default\">\n\t\t\t\t\t<div class=\"elementor-column elementor-col-100 elementor-top-column elementor-element elementor-element-39e582e\" data-id=\"39e582e\" data-element_type=\"column\">\n\t\t\t<div class=\"elementor-widget-wrap elementor-element-populated\">\n\t\t\t\t\t\t<div class=\"elementor-element elementor-element-34825b3 elementor-widget elementor-widget-heading\" data-id=\"34825b3\" data-element_type=\"widget\" data-widget_type=\"heading.default\">\n\t\t\t\t<div class=\"elementor-widget-container\">\n\t\t\t<h2 class=\"elementor-heading-title elementor-size-default\">F\u00f6rderverein LVMF<\/h2>\t\t<\/div>\n\t\t\t\t<\/div>\n\t\t\t\t<div class=\"elementor-element elementor-element-b15ab40 elementor-widget elementor-widget-text-editor\" data-id=\"b15ab40\" data-element_type=\"widget\" data-widget_type=\"text-editor.default\">\n\t\t\t\t<div class=\"elementor-widget-container\">\n\t\t\t\t\t\t\t<p style=\"text-align: left;\"><\/span><\/p><p><\/p><p>Das Lednice-Valtice Musikfestival versteht sich als lebendiger Ort der Begegnung von Musik, Kultur und Geschichte. Aus der tiefen \u00dcberzeugung heraus, dass Kunst inspiriert, verbindet und nachhaltige Impulse f\u00fcr unsere Region setzt, verfolgen wir mit gro\u00dfer Hingabe unsere k\u00fcnstlerische Vision.<\/p><p>Da lediglich ein Teil des Festivalbudgets durch \u00f6ffentliche Mittel gedeckt wird, ist die Unterst\u00fctzung engagierter F\u00f6rderer von wesentlicher Bedeutung. Ihr pers\u00f6nliches Engagement erm\u00f6glicht es uns, h\u00f6chste k\u00fcnstlerische Qualit\u00e4t zu sichern und die dramaturgische Entwicklung des Festivals kontinuierlich voranzutreiben.<\/p><p>Mit Ihrer Unterst\u00fctzung tragen Sie dazu bei, au\u00dfergew\u00f6hnliche musikalische Erlebnisse zu schaffen und die kulturelle Strahlkraft des Lednice-Valtice Areals weiter zu entfalten.<\/p><p style=\"font-family: Verdana, Arial, Helvetica; font-size: 16px;\"><span style=\"font-size: 18.6667px; font-family: 'Playfair Display', serif;\"><\/span><\/p><p><span style=\"font-size: 14pt;\"><\/p>\t\t\t\t\t\t<\/div>\n\t\t\t\t<\/div>\n\t\t\t\t<div class=\"elementor-element elementor-element-c9b9375 elementor-widget elementor-widget-heading\" data-id=\"c9b9375\" data-element_type=\"widget\" data-widget_type=\"heading.default\">\n\t\t\t\t<div class=\"elementor-widget-container\">\n\t\t\t<h3 class=\"elementor-heading-title elementor-size-default\">Einmalige Unterst\u00fctzung<\/h3>\t\t<\/div>\n\t\t\t\t<\/div>\n\t\t\t\t<div class=\"elementor-element elementor-element-6c74cdc elementor-widget elementor-widget-text-editor\" data-id=\"6c74cdc\" data-element_type=\"widget\" data-widget_type=\"text-editor.default\">\n\t\t\t\t<div class=\"elementor-widget-container\">\n\t\t\t\t\t\t\t<p style=\"text-align: left;\"><\/span><\/p>\n<p><\/p>\n<p>Wir w\u00fcrden uns sehr freuen, wenn Sie unsere Arbeit mit einer einmaligen Spende in frei gew\u00e4hlter H\u00f6he unterst\u00fctzen.<\/p>\n<h4>Bankverbindung<\/h4>\n<p>Kontoinhaber:&nbsp;<b>LVHF z.s. (Lednice-Valtice Music Festival \u2013 LVMF)<\/b><br>Bank:&nbsp;<b>Fio banka, a.s.<\/b><br>IBAN:&nbsp;<b>CZ37 2010 0000 0020 0192 2962<\/b><br>BIC\/SWIFT:&nbsp;<b>FIOBCZPPXXX<\/b><\/p>\n<p>F\u00fcr Ihr Vertrauen und Ihre gro\u00dfz\u00fcgige Unterst\u00fctzung danken wir Ihnen von Herzen.<\/p>\n<p data-start=\"840\" data-end=\"1212\"><span style=\"font-size: 18.6667px;\"><\/span><\/p>\n<p><span style=\"font-size: 14pt;\"><\/p>\t\t\t\t\t\t<\/div>\n\t\t\t\t<\/div>\n\t\t\t\t<div class=\"elementor-element elementor-element-8f33c74 elementor-widget elementor-widget-accordion\" data-id=\"8f33c74\" data-element_type=\"widget\" data-widget_type=\"accordion.default\">\n\t\t\t\t<div class=\"elementor-widget-container\">\n\t\t\t\t\t<div class=\"elementor-accordion\">\n\t\t\t\t\t\t\t<div class=\"elementor-accordion-item\">\n\t\t\t\t\t<div id=\"elementor-tab-title-1501\" class=\"elementor-tab-title\" data-tab=\"1\" role=\"button\" aria-controls=\"elementor-tab-content-1501\" aria-expanded=\"false\">\n\t\t\t\t\t\t\t\t\t\t\t\t\t<span class=\"elementor-accordion-icon elementor-accordion-icon-left\" aria-hidden=\"true\">\n\t\t\t\t\t\t\t\t\t\t\t\t\t\t\t<span class=\"elementor-accordion-icon-closed\"><i class=\"fas fa-chevron-down\"><\/i><\/span>\n\t\t\t\t\t\t\t\t<span class=\"elementor-accordion-icon-opened\"><i class=\"fas fa-angle-double-up\"><\/i><\/span>\n\t\t\t\t\t\t\t\t\t\t\t\t\t\t<\/span>\n\t\t\t\t\t\t\t\t\t\t\t\t<a class=\"elementor-accordion-title\" tabindex=\"0\">Spender \u2013 Ich spende bis zu 5 000 CZK (200 \u20ac) <\/a>\n\t\t\t\t\t<\/div>\n\t\t\t\t\t<div id=\"elementor-tab-content-1501\" class=\"elementor-tab-content elementor-clearfix\" data-tab=\"1\" role=\"region\" aria-labelledby=\"elementor-tab-title-1501\"><p><\/p><p><\/p><p>Unterst\u00fctzen Sie uns mit einem einmaligen Beitrag in beliebiger H\u00f6he auf unser <strong>M\u00e4zenatskonto: 2001922962\/2010.<\/strong><\/p><p>Wir danken Ihnen herzlich f\u00fcr Ihre gro\u00dfz\u00fcgige Unterst\u00fctzung!<\/p><p><b>Sie k\u00f6nnen LVMF hier unterst\u00fctzen:<\/b><br><\/p><p><\/p><p><noscript><img fetchpriority=\"high\" decoding=\"async\" src=\"https:\/\/www.lvhf.cz\/wp-content\/uploads\/2025\/01\/QR-kod_mecenatni-klub-LVHF-1-250x250.png\" width=\"250\" height=\"250\" alt=\"\"><\/noscript><img decoding=\"async\" src=\"data:image\/svg+xml,%3Csvg%20xmlns%3D%22http%3A%2F%2Fwww.w3.org%2F2000%2Fsvg%22%20viewBox%3D%220%200%20250%20250%22%3E%3C%2Fsvg%3E\" width=\"250\" height=\"250\" data-src=\"https:\/\/www.lvhf.cz\/wp-content\/uploads\/2025\/01\/QR-kod_mecenatni-klub-LVHF-1-250x250.png\" class=\" lazyload\" alt=\"\"><\/p><\/div>\n\t\t\t\t<\/div>\n\t\t\t\t\t\t\t<div class=\"elementor-accordion-item\">\n\t\t\t\t\t<div id=\"elementor-tab-title-1502\" class=\"elementor-tab-title\" data-tab=\"2\" role=\"button\" aria-controls=\"elementor-tab-content-1502\" aria-expanded=\"false\">\n\t\t\t\t\t\t\t\t\t\t\t\t\t<span class=\"elementor-accordion-icon elementor-accordion-icon-left\" aria-hidden=\"true\">\n\t\t\t\t\t\t\t\t\t\t\t\t\t\t\t<span class=\"elementor-accordion-icon-closed\"><i class=\"fas fa-chevron-down\"><\/i><\/span>\n\t\t\t\t\t\t\t\t<span class=\"elementor-accordion-icon-opened\"><i class=\"fas fa-angle-double-up\"><\/i><\/span>\n\t\t\t\t\t\t\t\t\t\t\t\t\t\t<\/span>\n\t\t\t\t\t\t\t\t\t\t\t\t<a class=\"elementor-accordion-title\" tabindex=\"0\">Eiserner M\u00e4zen - ich spende ab 5 000 CZK (200 \u20ac) <\/a>\n\t\t\t\t\t<\/div>\n\t\t\t\t\t<div id=\"elementor-tab-content-1502\" class=\"elementor-tab-content elementor-clearfix\" data-tab=\"2\" role=\"region\" aria-labelledby=\"elementor-tab-title-1502\"><p style=\"display: inline !important;\"><\/p><p><\/p><ul><li>Vorrangige Information \u00fcber Neuerscheinungen (Dramaturgie, Begleitprogramm, Last-Minute-Karten)<\/li><li>Vorzugskauf von Eintrittskarten 1 Woche vor dem offiziellen Verkaufsstart<\/li><li>Nennung des Namens des Spenders auf der Website und im LVMF-Katalog in der Rubrik M\u00e4zene<\/li><li>M\u00f6glichkeit der vorrangigen Reservierung von Pl\u00e4tzen bei Vortr\u00e4gen im Rahmen des Begleitprogramms des Festivals<\/li><li>Festivalkatalog in Ihrem Briefkasten<\/li><\/ul><p><\/p><p><\/p><\/div>\n\t\t\t\t<\/div>\n\t\t\t\t\t\t\t<div class=\"elementor-accordion-item\">\n\t\t\t\t\t<div id=\"elementor-tab-title-1503\" class=\"elementor-tab-title\" data-tab=\"3\" role=\"button\" aria-controls=\"elementor-tab-content-1503\" aria-expanded=\"false\">\n\t\t\t\t\t\t\t\t\t\t\t\t\t<span class=\"elementor-accordion-icon elementor-accordion-icon-left\" aria-hidden=\"true\">\n\t\t\t\t\t\t\t\t\t\t\t\t\t\t\t<span class=\"elementor-accordion-icon-closed\"><i class=\"fas fa-chevron-down\"><\/i><\/span>\n\t\t\t\t\t\t\t\t<span class=\"elementor-accordion-icon-opened\"><i class=\"fas fa-angle-double-up\"><\/i><\/span>\n\t\t\t\t\t\t\t\t\t\t\t\t\t\t<\/span>\n\t\t\t\t\t\t\t\t\t\t\t\t<a class=\"elementor-accordion-title\" tabindex=\"0\">Kupferner M\u00e4zen - ich spende ab 10 000 CZK (400 \u20ac) <\/a>\n\t\t\t\t\t<\/div>\n\t\t\t\t\t<div id=\"elementor-tab-content-1503\" class=\"elementor-tab-content elementor-clearfix\" data-tab=\"3\" role=\"region\" aria-labelledby=\"elementor-tab-title-1503\"><p style=\"display: inline !important;\"><\/p><p><\/p><ul><li>Vorrangige Information \u00fcber die Neuerscheinungen (Dramaturgie, Begleitprogramm, Last-Minute-Karten)<\/li><li>Bevorzugter Kauf von Eintrittskarten eine Woche vor dem offiziellen Beginn des Verkaufs<\/li><li>Nennung des Namens des Spenders auf der Website und im LVMF-Katalog in der Rubrik M\u00e4zene<\/li><li>M\u00f6glichkeit der vorrangigen Reservierung von Pl\u00e4tzen bei Vortr\u00e4gen im Rahmen des Begleitprogramms des Festivals<\/li><li>Festivalkatalog in Ihrem Briefkasten<\/li><li><b>Zugang zum VIP-Bereich mit 2 im Vorverkauf erworbenen Karten<\/b> (au\u00dfer Er\u00f6ffnungs- und Abschlusskonzert)<\/li><\/ul><p><\/p><p><\/p><\/div>\n\t\t\t\t<\/div>\n\t\t\t\t\t\t\t<div class=\"elementor-accordion-item\">\n\t\t\t\t\t<div id=\"elementor-tab-title-1504\" class=\"elementor-tab-title\" data-tab=\"4\" role=\"button\" aria-controls=\"elementor-tab-content-1504\" aria-expanded=\"false\">\n\t\t\t\t\t\t\t\t\t\t\t\t\t<span class=\"elementor-accordion-icon elementor-accordion-icon-left\" aria-hidden=\"true\">\n\t\t\t\t\t\t\t\t\t\t\t\t\t\t\t<span class=\"elementor-accordion-icon-closed\"><i class=\"fas fa-chevron-down\"><\/i><\/span>\n\t\t\t\t\t\t\t\t<span class=\"elementor-accordion-icon-opened\"><i class=\"fas fa-angle-double-up\"><\/i><\/span>\n\t\t\t\t\t\t\t\t\t\t\t\t\t\t<\/span>\n\t\t\t\t\t\t\t\t\t\t\t\t<a class=\"elementor-accordion-title\" tabindex=\"0\">Bronzener M\u00e4zen - ich spende ab 20 000 CZK (800 \u20ac)<\/a>\n\t\t\t\t\t<\/div>\n\t\t\t\t\t<div id=\"elementor-tab-content-1504\" class=\"elementor-tab-content elementor-clearfix\" data-tab=\"4\" role=\"region\" aria-labelledby=\"elementor-tab-title-1504\"><p style=\"display: inline !important;\"><\/p><p><\/p><ul><li>Vorrangige Information \u00fcber die Neuigkeiten (Dramaturgie, Begleitprogramm, Last-Minute-Karten)<\/li><li>Bevorzugter Kartenkauf eine Woche vor der offiziellen Er\u00f6ffnung des Verkaufs<\/li><li>Nennung des Namens des Spenders auf der Website und im LVMF-Katalog in der Rubrik M\u00e4zene<\/li><li>M\u00f6glichkeit der vorrangigen Reservierung von Pl\u00e4tzen bei Vortr\u00e4gen im Rahmen des Begleitprogramms des Festivals<\/li><li>Festivalkatalog in Ihrem Briefkasten<\/li><li><b>2 Eintrittskarten<\/b> f\u00fcr die laufende LVMF-Saison (M\u00f6glichkeit zum Erwerb des Zugangs zum VIP-Bereich einschlie\u00dflich des Er\u00f6ffnungs- oder Abschlusskonzerts)<\/li><li>Pers\u00f6nliche Unterst\u00fctzung bei der Kartenauswahl<\/li><li>Kostenloser Umtausch oder R\u00fcckgabe der Karten (bis sp\u00e4testens 5 Tage vor dem Konzert)<\/li><\/ul><p><\/p><p><\/p><\/div>\n\t\t\t\t<\/div>\n\t\t\t\t\t\t\t<div class=\"elementor-accordion-item\">\n\t\t\t\t\t<div id=\"elementor-tab-title-1505\" class=\"elementor-tab-title\" data-tab=\"5\" role=\"button\" aria-controls=\"elementor-tab-content-1505\" aria-expanded=\"false\">\n\t\t\t\t\t\t\t\t\t\t\t\t\t<span class=\"elementor-accordion-icon elementor-accordion-icon-left\" aria-hidden=\"true\">\n\t\t\t\t\t\t\t\t\t\t\t\t\t\t\t<span class=\"elementor-accordion-icon-closed\"><i class=\"fas fa-chevron-down\"><\/i><\/span>\n\t\t\t\t\t\t\t\t<span class=\"elementor-accordion-icon-opened\"><i class=\"fas fa-angle-double-up\"><\/i><\/span>\n\t\t\t\t\t\t\t\t\t\t\t\t\t\t<\/span>\n\t\t\t\t\t\t\t\t\t\t\t\t<a class=\"elementor-accordion-title\" tabindex=\"0\">Silberner M\u00e4zen - ich spende ab 40 000 CZK (1 600 \u20ac)<\/a>\n\t\t\t\t\t<\/div>\n\t\t\t\t\t<div id=\"elementor-tab-content-1505\" class=\"elementor-tab-content elementor-clearfix\" data-tab=\"5\" role=\"region\" aria-labelledby=\"elementor-tab-title-1505\"><p style=\"display: inline !important;\"><\/p><p><\/p><ul><li>Vorrangige Information \u00fcber Neuerscheinungen (Dramaturgie, Begleitprogramm, Last-Minute-Karten)<\/li><li>Bevorzugter Kauf von Eintrittskarten eine Woche vor dem offiziellen Beginn des Verkaufs<\/li><li>Nennung des Namens des Spenders auf der Website und im LVMF-Katalog in der Rubrik M\u00e4zene<\/li><li>M\u00f6glichkeit der vorrangigen Reservierung von Pl\u00e4tzen bei Vortr\u00e4gen im Rahmen des Begleitprogramms des Festivals<\/li><li>Festivalkatalog in Ihrem Briefkasten<\/li><li><b>2 VIP-Karten<\/b> f\u00fcr die laufende LVMF-Saison (Eintritt zum Konzert + Eintritt in den VIP-Bereich)<\/li><li>Pers\u00f6nliche Unterst\u00fctzung bei der Kartenauswahl<\/li><li>Kostenloser Umtausch oder R\u00fcckgabe der Karten (bis sp\u00e4testens 5 Tage vor dem Konzert)<\/li><li>Einladung f\u00fcr zwei Personen zu zwei Patronatsclub-Treffen (z.B. Gespr\u00e4che mit Pers\u00f6nlichkeiten, Vortr\u00e4ge zu ausgew\u00e4hlten Festivalthemen, Dozenteneinf\u00fchrung, Adventskonzert)<\/li><li>10% Rabatt auf \u00dcbernachtungen bei Festivalpartnern (online einl\u00f6sbar)<\/li><\/ul><p><\/p><p><\/p><\/div>\n\t\t\t\t<\/div>\n\t\t\t\t\t\t\t<div class=\"elementor-accordion-item\">\n\t\t\t\t\t<div id=\"elementor-tab-title-1506\" class=\"elementor-tab-title\" data-tab=\"6\" role=\"button\" aria-controls=\"elementor-tab-content-1506\" aria-expanded=\"false\">\n\t\t\t\t\t\t\t\t\t\t\t\t\t<span class=\"elementor-accordion-icon elementor-accordion-icon-left\" aria-hidden=\"true\">\n\t\t\t\t\t\t\t\t\t\t\t\t\t\t\t<span class=\"elementor-accordion-icon-closed\"><i class=\"fas fa-chevron-down\"><\/i><\/span>\n\t\t\t\t\t\t\t\t<span class=\"elementor-accordion-icon-opened\"><i class=\"fas fa-angle-double-up\"><\/i><\/span>\n\t\t\t\t\t\t\t\t\t\t\t\t\t\t<\/span>\n\t\t\t\t\t\t\t\t\t\t\t\t<a class=\"elementor-accordion-title\" tabindex=\"0\">Goldener M\u00e4zen - ich spende ab 60 000 CZK (2 400 \u20ac)<\/a>\n\t\t\t\t\t<\/div>\n\t\t\t\t\t<div id=\"elementor-tab-content-1506\" class=\"elementor-tab-content elementor-clearfix\" data-tab=\"6\" role=\"region\" aria-labelledby=\"elementor-tab-title-1506\"><p><br \/><\/p><ul><li>Vorrangige Information \u00fcber Neuerscheinungen (Dramaturgie, Begleitprogramm, Last-Minute-Karten)<\/li><li>Bevorzugter Kauf von Eintrittskarten eine Woche vor dem offiziellen Beginn des Verkaufs<\/li><li>Nennung des Namens des Spenders auf der Website und im LVMF-Katalog in der Rubrik M\u00e4zene<\/li><li>M\u00f6glichkeit der vorrangigen Reservierung von Pl\u00e4tzen bei Vortr\u00e4gen im Rahmen des Begleitprogramms des Festivals<\/li><li>Festivalkatalog in Ihrem Briefkasten<\/li><li><b>4 VIP-Karten<\/b> f\u00fcr die laufende LVMF-Saison (Eintritt zum Konzert + Eintritt in den VIP-Bereich)<\/li><li>Pers\u00f6nliche Unterst\u00fctzung bei der Kartenauswahl<\/li><li>Kostenloser Umtausch oder R\u00fcckgabe der Karten (bis sp\u00e4testens 5 Tage vor dem Konzert)<\/li><li>Einladung f\u00fcr zwei Personen zu zwei Patronatsclub-Treffen (z.B. Gespr\u00e4che mit Pers\u00f6nlichkeiten, Vortr\u00e4ge zu ausgew\u00e4hlten Festivalthemen, Dozenteneinf\u00fchrung, Adventskonzert)<\/li><li>10% Rabatt auf \u00dcbernachtungen bei Festivalpartnern (online einl\u00f6sbar)<\/li><li>M\u00f6glichkeit einer privaten Besichtigung des Schlosses Lednice<\/li><\/ul><p><br \/><\/p><\/div>\n\t\t\t\t<\/div>\n\t\t\t\t\t\t\t<div class=\"elementor-accordion-item\">\n\t\t\t\t\t<div id=\"elementor-tab-title-1507\" class=\"elementor-tab-title\" data-tab=\"7\" role=\"button\" aria-controls=\"elementor-tab-content-1507\" aria-expanded=\"false\">\n\t\t\t\t\t\t\t\t\t\t\t\t\t<span class=\"elementor-accordion-icon elementor-accordion-icon-left\" aria-hidden=\"true\">\n\t\t\t\t\t\t\t\t\t\t\t\t\t\t\t<span class=\"elementor-accordion-icon-closed\"><i class=\"fas fa-chevron-down\"><\/i><\/span>\n\t\t\t\t\t\t\t\t<span class=\"elementor-accordion-icon-opened\"><i class=\"fas fa-angle-double-up\"><\/i><\/span>\n\t\t\t\t\t\t\t\t\t\t\t\t\t\t<\/span>\n\t\t\t\t\t\t\t\t\t\t\t\t<a class=\"elementor-accordion-title\" tabindex=\"0\">Diamantener M\u00e4zen - ich spende ab 100 000 CZK (4 000 \u20ac)<\/a>\n\t\t\t\t\t<\/div>\n\t\t\t\t\t<div id=\"elementor-tab-content-1507\" class=\"elementor-tab-content elementor-clearfix\" data-tab=\"7\" role=\"region\" aria-labelledby=\"elementor-tab-title-1507\"><p style=\"display: inline !important;\"><\/p><p><\/p><ul><li>Vorrangige Information \u00fcber die Neuigkeiten (Dramaturgie, Begleitprogramm, Last-Minute-Karten)<\/li><li>Bevorzugter Kauf von Eintrittskarten eine Woche vor dem offiziellen Beginn des Verkaufs<\/li><li>Nennung des Namens des Spenders auf der Website und im LVMF-Katalog in der Rubrik M\u00e4zene<\/li><li>M\u00f6glichkeit der vorrangigen Reservierung von Pl\u00e4tzen bei Vortr\u00e4gen im Rahmen des Begleitprogramms des Festivals<\/li><li>Festivalkatalog in Ihrem Briefkasten<\/li><li><b>6 VIP-Karten<\/b> f\u00fcr die laufende LVMF-Saison (Eintritt zum Konzert + Eintritt in den VIP-Bereich)<\/li><li>Pers\u00f6nliche Unterst\u00fctzung bei der Kartenauswahl<\/li><li>Kostenloser Umtausch oder R\u00fcckgabe der Karten (bis sp\u00e4testens 5 Tage vor dem Konzert)<\/li><li>Einladung f\u00fcr zwei Personen zu zwei Patronatsclub-Treffen (z.B. Gespr\u00e4che mit Pers\u00f6nlichkeiten, Vortr\u00e4ge zu ausgew\u00e4hlten Festivalthemen, Dozenteneinf\u00fchrung, Adventskonzert)<\/li><li>10% Rabatt auf \u00dcbernachtungen bei Festivalpartnern (online einl\u00f6sbar)<\/li><li>M\u00f6glichkeit einer privaten Besichtigung des Schlosses Lednice<\/li><li>Bereitstellung von Parkpl\u00e4tzen oder die M\u00f6glichkeit, den LVA Festival Car Service zu nutzen (Transport f\u00fcr 2-3 Personen)<\/li><\/ul><p><\/p><p><\/p><\/div>\n\t\t\t\t<\/div>\n\t\t\t\t\t\t\t<div class=\"elementor-accordion-item\">\n\t\t\t\t\t<div id=\"elementor-tab-title-1508\" class=\"elementor-tab-title\" data-tab=\"8\" role=\"button\" aria-controls=\"elementor-tab-content-1508\" aria-expanded=\"false\">\n\t\t\t\t\t\t\t\t\t\t\t\t\t<span class=\"elementor-accordion-icon elementor-accordion-icon-left\" aria-hidden=\"true\">\n\t\t\t\t\t\t\t\t\t\t\t\t\t\t\t<span class=\"elementor-accordion-icon-closed\"><i class=\"fas fa-chevron-down\"><\/i><\/span>\n\t\t\t\t\t\t\t\t<span class=\"elementor-accordion-icon-opened\"><i class=\"fas fa-angle-double-up\"><\/i><\/span>\n\t\t\t\t\t\t\t\t\t\t\t\t\t\t<\/span>\n\t\t\t\t\t\t\t\t\t\t\t\t<a class=\"elementor-accordion-title\" tabindex=\"0\">LVMF Platin M\u00e4zen - ich spende ab 150 000 CZK (6 000 \u20ac)<\/a>\n\t\t\t\t\t<\/div>\n\t\t\t\t\t<div id=\"elementor-tab-content-1508\" class=\"elementor-tab-content elementor-clearfix\" data-tab=\"8\" role=\"region\" aria-labelledby=\"elementor-tab-title-1508\"><p style=\"display: inline !important;\"><\/p><p><\/p><ul><li>Bevorzugte Information \u00fcber Neuigkeiten (Dramaturgie, Begleitprogramm, Last-Minute-Karten)<\/li><li>Bevorzugter Kauf von Eintrittskarten eine Woche vor dem offiziellen Beginn des Verkaufs<\/li><li>Nennung des Namens des Spenders auf der Website und im LVMF-Katalog in der Rubrik M\u00e4zene<\/li><li>M\u00f6glichkeit der vorrangigen Reservierung von Pl\u00e4tzen bei Vortr\u00e4gen im Rahmen des Begleitprogramms des Festivals<\/li><li>Festivalkatalog in Ihrem Briefkasten<\/li><li><b>8 VIP-Karten<\/b> f\u00fcr die laufende LVMF-Saison (Eintritt zum Konzert + Eintritt in den VIP-Bereich)<\/li><li>Pers\u00f6nliche Unterst\u00fctzung bei der Kartenauswahl<\/li><li>Kostenloser Umtausch oder R\u00fcckgabe der Karten (bis sp\u00e4testens 5 Tage vor dem Konzert)<\/li><li>Einladung f\u00fcr zwei Personen zu zwei Patronatsclub-Treffen (z.B. Gespr\u00e4che mit Pers\u00f6nlichkeiten, Vortr\u00e4ge zu ausgew\u00e4hlten Festivalthemen, Lektoren Vorstellung, Adventskonzert)<\/li><li>10% Rabatt auf \u00dcbernachtungen bei Festivalpartnern (online einl\u00f6sbar)<\/li><li>M\u00f6glichkeit einer privaten Besichtigung des Schlosses Lednice<\/li><li>Bereitstellung von Parkpl\u00e4tzen oder M\u00f6glichkeit zur Nutzung des LVA Festival Car Service (Transport f\u00fcr 2-3 Personen)<\/li><li>M\u00f6glichkeit, Schirmherr eines ausgew\u00e4hlten LVMF-Konzertes zu werden (Titel \u201eSchirmherr des Konzertes\u201c und Dank des Moderators zu Beginn des Konzertes)<\/li><\/ul><p><\/p><p><\/p><\/div>\n\t\t\t\t<\/div>\n\t\t\t\t\t\t\t\t<\/div>\n\t\t\t\t<\/div>\n\t\t\t\t<\/div>\n\t\t\t\t\t<\/div>\n\t\t<\/div>\n\t\t\t\t\t<\/div>\n\t\t<\/section>\n\t\t\t\t<\/div>\n\t\t","protected":false},"excerpt":{"rendered":"<p>F\u00f6rderverein LVMF Das Lednice-Valtice Musikfestival versteht sich als lebendiger Ort der Begegnung von Musik, Kultur und Geschichte. Aus der tiefen \u00dcberzeugung heraus, dass Kunst inspiriert, verbindet und nachhaltige Impulse f\u00fcr unsere Region setzt, verfolgen wir mit gro\u00dfer Hingabe unsere k\u00fcnstlerische Vision. Da lediglich ein Teil des Festivalbudgets durch \u00f6ffentliche Mittel gedeckt wird, ist die Unterst\u00fctzung [&#46;&#46;&#46;]<\/p>\n","protected":false},"author":9,"featured_media":28129,"parent":0,"menu_order":0,"comment_status":"closed","ping_status":"closed","template":"","meta":{"footnotes":""},"acf":[],"_links":{"self":[{"href":"https:\/\/www.lvhf.cz\/de\/wp-json\/wp\/v2\/pages\/28050"}],"collection":[{"href":"https:\/\/www.lvhf.cz\/de\/wp-json\/wp\/v2\/pages"}],"about":[{"href":"https:\/\/www.lvhf.cz\/de\/wp-json\/wp\/v2\/types\/page"}],"author":[{"embeddable":true,"href":"https:\/\/www.lvhf.cz\/de\/wp-json\/wp\/v2\/users\/9"}],"replies":[{"embeddable":true,"href":"https:\/\/www.lvhf.cz\/de\/wp-json\/wp\/v2\/comments?post=28050"}],"version-history":[{"count":90,"href":"https:\/\/www.lvhf.cz\/de\/wp-json\/wp\/v2\/pages\/28050\/revisions"}],"predecessor-version":[{"id":30576,"href":"https:\/\/www.lvhf.cz\/de\/wp-json\/wp\/v2\/pages\/28050\/revisions\/30576"}],"wp:featuredmedia":[{"embeddable":true,"href":"https:\/\/www.lvhf.cz\/de\/wp-json\/wp\/v2\/media\/28129"}],"wp:attachment":[{"href":"https:\/\/www.lvhf.cz\/de\/wp-json\/wp\/v2\/media?parent=28050"}],"curies":[{"name":"wp","href":"https:\/\/api.w.org\/{rel}","templated":true}]}}