{"id":14052,"date":"2021-10-22T17:51:25","date_gmt":"2021-10-22T15:51:25","guid":{"rendered":"https:\/\/www.lvhf.cz\/?page_id=14052"},"modified":"2021-10-22T18:01:34","modified_gmt":"2021-10-22T16:01:34","slug":"fotogalerie-lvhf2021-patricia-janeckova-collegium-marianum-breclav-postorna-10-rijna-2021","status":"publish","type":"page","link":"https:\/\/www.lvhf.cz\/de\/media\/fotogalerie\/fotogalerie-lvhf2021-patricia-janeckova-collegium-marianum-breclav-postorna-10-rijna-2021\/","title":{"rendered":"Fotogalerie LVHF2021 | Patricia Jane\u010dkov\u00e1 &#038; Collegium Marianum | B\u0159eclav-Po\u0161torn\u00e1 am 10.\u00a0Oktober 2021"},"content":{"rendered":"<p>Foto (c) Pavel Kristi\u00e1n Jr.<\/p>\n<p><\/p><div class=\"rl-gallery-container \" id=\"rl-gallery-container-2\" data-gallery_id=\"0\"> <div class=\"rl-gallery rl-basicgrid-gallery \" id=\"rl-gallery-2\" data-gallery_no=\"2\"> <div class=\"rl-gallery-item\"><a href=\"https:\/\/www.lvhf.cz\/wp-content\/uploads\/2021\/10\/01_5_LVHF2021_marianumi-c-Pavel-Kristian-ml.jpg\" title data-rl_title class=\"rl-gallery-link\" data-rl_caption data-rel=\"lightbox-gallery-2\"><noscript><img fetchpriority=\"high\" decoding=\"async\" src=\"https:\/\/www.lvhf.cz\/wp-content\/uploads\/2021\/10\/01_5_LVHF2021_marianumi-c-Pavel-Kristian-ml.jpg\" width=\"1920\" height=\"1280\" alt><\/noscript><img fetchpriority=\"high\" decoding=\"async\" src=\"data:image\/svg+xml,%3Csvg%20xmlns%3D%22http%3A%2F%2Fwww.w3.org%2F2000%2Fsvg%22%20viewBox%3D%220%200%201920%201280%22%3E%3C%2Fsvg%3E\" width=\"1920\" height=\"1280\" alt data-src=\"https:\/\/www.lvhf.cz\/wp-content\/uploads\/2021\/10\/01_5_LVHF2021_marianumi-c-Pavel-Kristian-ml.jpg\" class=\" lazyload\"><\/a><\/div><div class=\"rl-gallery-item\"><a href=\"https:\/\/www.lvhf.cz\/wp-content\/uploads\/2021\/10\/02_14_LVHF2021_marianumi-c-Pavel-Kristian-ml.jpg\" title data-rl_title class=\"rl-gallery-link\" data-rl_caption data-rel=\"lightbox-gallery-2\"><noscript><img decoding=\"async\" src=\"https:\/\/www.lvhf.cz\/wp-content\/uploads\/2021\/10\/02_14_LVHF2021_marianumi-c-Pavel-Kristian-ml.jpg\" width=\"1920\" height=\"1280\" alt><\/noscript><img decoding=\"async\" src=\"data:image\/svg+xml,%3Csvg%20xmlns%3D%22http%3A%2F%2Fwww.w3.org%2F2000%2Fsvg%22%20viewBox%3D%220%200%201920%201280%22%3E%3C%2Fsvg%3E\" width=\"1920\" height=\"1280\" alt data-src=\"https:\/\/www.lvhf.cz\/wp-content\/uploads\/2021\/10\/02_14_LVHF2021_marianumi-c-Pavel-Kristian-ml.jpg\" class=\" lazyload\"><\/a><\/div><div class=\"rl-gallery-item\"><a href=\"https:\/\/www.lvhf.cz\/wp-content\/uploads\/2021\/10\/04_13or_LVHF2021_marianumi-c-Pavel-Kristian-ml.jpg\" title data-rl_title class=\"rl-gallery-link\" data-rl_caption data-rel=\"lightbox-gallery-2\"><noscript><img decoding=\"async\" src=\"https:\/\/www.lvhf.cz\/wp-content\/uploads\/2021\/10\/04_13or_LVHF2021_marianumi-c-Pavel-Kristian-ml.jpg\" width=\"1843\" height=\"1229\" alt><\/noscript><img decoding=\"async\" src=\"data:image\/svg+xml,%3Csvg%20xmlns%3D%22http%3A%2F%2Fwww.w3.org%2F2000%2Fsvg%22%20viewBox%3D%220%200%201843%201229%22%3E%3C%2Fsvg%3E\" width=\"1843\" height=\"1229\" alt data-src=\"https:\/\/www.lvhf.cz\/wp-content\/uploads\/2021\/10\/04_13or_LVHF2021_marianumi-c-Pavel-Kristian-ml.jpg\" class=\" lazyload\"><\/a><\/div><div class=\"rl-gallery-item\"><a href=\"https:\/\/www.lvhf.cz\/wp-content\/uploads\/2021\/10\/06_9or_LVHF2021_marianumi-c-Pavel-Kristian-ml.jpg\" title data-rl_title class=\"rl-gallery-link\" data-rl_caption data-rel=\"lightbox-gallery-2\"><noscript><img loading=\"lazy\" decoding=\"async\" src=\"https:\/\/www.lvhf.cz\/wp-content\/uploads\/2021\/10\/06_9or_LVHF2021_marianumi-c-Pavel-Kristian-ml.jpg\" width=\"1525\" height=\"1017\" alt><\/noscript><img loading=\"lazy\" decoding=\"async\" src=\"data:image\/svg+xml,%3Csvg%20xmlns%3D%22http%3A%2F%2Fwww.w3.org%2F2000%2Fsvg%22%20viewBox%3D%220%200%201525%201017%22%3E%3C%2Fsvg%3E\" width=\"1525\" height=\"1017\" alt data-src=\"https:\/\/www.lvhf.cz\/wp-content\/uploads\/2021\/10\/06_9or_LVHF2021_marianumi-c-Pavel-Kristian-ml.jpg\" class=\" lazyload\"><\/a><\/div><div class=\"rl-gallery-item\"><a href=\"https:\/\/www.lvhf.cz\/wp-content\/uploads\/2021\/10\/09_12_LVHF2021_marianumi-c-Pavel-Kristian-ml.jpg\" title data-rl_title class=\"rl-gallery-link\" data-rl_caption data-rel=\"lightbox-gallery-2\"><noscript><img loading=\"lazy\" decoding=\"async\" src=\"https:\/\/www.lvhf.cz\/wp-content\/uploads\/2021\/10\/09_12_LVHF2021_marianumi-c-Pavel-Kristian-ml.jpg\" width=\"1920\" height=\"1280\" alt><\/noscript><img loading=\"lazy\" decoding=\"async\" src=\"data:image\/svg+xml,%3Csvg%20xmlns%3D%22http%3A%2F%2Fwww.w3.org%2F2000%2Fsvg%22%20viewBox%3D%220%200%201920%201280%22%3E%3C%2Fsvg%3E\" width=\"1920\" height=\"1280\" alt data-src=\"https:\/\/www.lvhf.cz\/wp-content\/uploads\/2021\/10\/09_12_LVHF2021_marianumi-c-Pavel-Kristian-ml.jpg\" class=\" lazyload\"><\/a><\/div><div class=\"rl-gallery-item\"><a href=\"https:\/\/www.lvhf.cz\/wp-content\/uploads\/2021\/10\/10_17_LVHF2021_marianumi-c-Pavel-Kristian-ml.jpg\" title data-rl_title class=\"rl-gallery-link\" data-rl_caption data-rel=\"lightbox-gallery-2\"><noscript><img loading=\"lazy\" decoding=\"async\" src=\"https:\/\/www.lvhf.cz\/wp-content\/uploads\/2021\/10\/10_17_LVHF2021_marianumi-c-Pavel-Kristian-ml.jpg\" width=\"1920\" height=\"1280\" alt><\/noscript><img loading=\"lazy\" decoding=\"async\" src=\"data:image\/svg+xml,%3Csvg%20xmlns%3D%22http%3A%2F%2Fwww.w3.org%2F2000%2Fsvg%22%20viewBox%3D%220%200%201920%201280%22%3E%3C%2Fsvg%3E\" width=\"1920\" height=\"1280\" alt data-src=\"https:\/\/www.lvhf.cz\/wp-content\/uploads\/2021\/10\/10_17_LVHF2021_marianumi-c-Pavel-Kristian-ml.jpg\" class=\" lazyload\"><\/a><\/div><div class=\"rl-gallery-item\"><a href=\"https:\/\/www.lvhf.cz\/wp-content\/uploads\/2021\/10\/11_16_LVHF2021_marianumi-c-Pavel-Kristian-ml.jpg\" title data-rl_title class=\"rl-gallery-link\" data-rl_caption data-rel=\"lightbox-gallery-2\"><noscript><img loading=\"lazy\" decoding=\"async\" src=\"https:\/\/www.lvhf.cz\/wp-content\/uploads\/2021\/10\/11_16_LVHF2021_marianumi-c-Pavel-Kristian-ml.jpg\" width=\"1920\" height=\"1280\" alt><\/noscript><img loading=\"lazy\" decoding=\"async\" src=\"data:image\/svg+xml,%3Csvg%20xmlns%3D%22http%3A%2F%2Fwww.w3.org%2F2000%2Fsvg%22%20viewBox%3D%220%200%201920%201280%22%3E%3C%2Fsvg%3E\" width=\"1920\" height=\"1280\" alt data-src=\"https:\/\/www.lvhf.cz\/wp-content\/uploads\/2021\/10\/11_16_LVHF2021_marianumi-c-Pavel-Kristian-ml.jpg\" class=\" lazyload\"><\/a><\/div><div class=\"rl-gallery-item\"><a href=\"https:\/\/www.lvhf.cz\/wp-content\/uploads\/2021\/10\/12_15or_LVHF2021_marianumi-c-Pavel-Kristian-ml.jpg\" title data-rl_title class=\"rl-gallery-link\" data-rl_caption data-rel=\"lightbox-gallery-2\"><noscript><img loading=\"lazy\" decoding=\"async\" src=\"https:\/\/www.lvhf.cz\/wp-content\/uploads\/2021\/10\/12_15or_LVHF2021_marianumi-c-Pavel-Kristian-ml.jpg\" width=\"1776\" height=\"1184\" alt><\/noscript><img loading=\"lazy\" decoding=\"async\" src=\"data:image\/svg+xml,%3Csvg%20xmlns%3D%22http%3A%2F%2Fwww.w3.org%2F2000%2Fsvg%22%20viewBox%3D%220%200%201776%201184%22%3E%3C%2Fsvg%3E\" width=\"1776\" height=\"1184\" alt data-src=\"https:\/\/www.lvhf.cz\/wp-content\/uploads\/2021\/10\/12_15or_LVHF2021_marianumi-c-Pavel-Kristian-ml.jpg\" class=\" lazyload\"><\/a><\/div><div class=\"rl-gallery-item\"><a href=\"https:\/\/www.lvhf.cz\/wp-content\/uploads\/2021\/10\/19_3_LVHF2021_marianumi-c-Pavel-Kristian-ml.jpg\" title data-rl_title class=\"rl-gallery-link\" data-rl_caption data-rel=\"lightbox-gallery-2\"><noscript><img loading=\"lazy\" decoding=\"async\" src=\"https:\/\/www.lvhf.cz\/wp-content\/uploads\/2021\/10\/19_3_LVHF2021_marianumi-c-Pavel-Kristian-ml.jpg\" width=\"1920\" height=\"1280\" alt><\/noscript><img loading=\"lazy\" decoding=\"async\" src=\"data:image\/svg+xml,%3Csvg%20xmlns%3D%22http%3A%2F%2Fwww.w3.org%2F2000%2Fsvg%22%20viewBox%3D%220%200%201920%201280%22%3E%3C%2Fsvg%3E\" width=\"1920\" height=\"1280\" alt data-src=\"https:\/\/www.lvhf.cz\/wp-content\/uploads\/2021\/10\/19_3_LVHF2021_marianumi-c-Pavel-Kristian-ml.jpg\" class=\" lazyload\"><\/a><\/div><div class=\"rl-gallery-item\"><a href=\"https:\/\/www.lvhf.cz\/wp-content\/uploads\/2021\/10\/08_8_LVHF2021_marianumi-c-Pavel-Kristian-ml.jpg\" title data-rl_title class=\"rl-gallery-link\" data-rl_caption data-rel=\"lightbox-gallery-2\"><noscript><img loading=\"lazy\" decoding=\"async\" src=\"https:\/\/www.lvhf.cz\/wp-content\/uploads\/2021\/10\/08_8_LVHF2021_marianumi-c-Pavel-Kristian-ml.jpg\" width=\"1280\" height=\"1920\" alt><\/noscript><img loading=\"lazy\" decoding=\"async\" src=\"data:image\/svg+xml,%3Csvg%20xmlns%3D%22http%3A%2F%2Fwww.w3.org%2F2000%2Fsvg%22%20viewBox%3D%220%200%201280%201920%22%3E%3C%2Fsvg%3E\" width=\"1280\" height=\"1920\" alt data-src=\"https:\/\/www.lvhf.cz\/wp-content\/uploads\/2021\/10\/08_8_LVHF2021_marianumi-c-Pavel-Kristian-ml.jpg\" class=\" lazyload\"><\/a><\/div><div class=\"rl-gallery-item\"><a href=\"https:\/\/www.lvhf.cz\/wp-content\/uploads\/2021\/10\/07_7or_LVHF2021_marianumi-c-Pavel-Kristian-ml.jpg\" title data-rl_title class=\"rl-gallery-link\" data-rl_caption data-rel=\"lightbox-gallery-2\"><noscript><img loading=\"lazy\" decoding=\"async\" src=\"https:\/\/www.lvhf.cz\/wp-content\/uploads\/2021\/10\/07_7or_LVHF2021_marianumi-c-Pavel-Kristian-ml.jpg\" width=\"1190\" height=\"1785\" alt><\/noscript><img loading=\"lazy\" decoding=\"async\" src=\"data:image\/svg+xml,%3Csvg%20xmlns%3D%22http%3A%2F%2Fwww.w3.org%2F2000%2Fsvg%22%20viewBox%3D%220%200%201190%201785%22%3E%3C%2Fsvg%3E\" width=\"1190\" height=\"1785\" alt data-src=\"https:\/\/www.lvhf.cz\/wp-content\/uploads\/2021\/10\/07_7or_LVHF2021_marianumi-c-Pavel-Kristian-ml.jpg\" class=\" lazyload\"><\/a><\/div><div class=\"rl-gallery-item\"><a href=\"https:\/\/www.lvhf.cz\/wp-content\/uploads\/2021\/10\/05_6or_LVHF2021_marianumi-c-Pavel-Kristian-ml.jpg\" title data-rl_title class=\"rl-gallery-link\" data-rl_caption data-rel=\"lightbox-gallery-2\"><noscript><img loading=\"lazy\" decoding=\"async\" src=\"https:\/\/www.lvhf.cz\/wp-content\/uploads\/2021\/10\/05_6or_LVHF2021_marianumi-c-Pavel-Kristian-ml.jpg\" width=\"1053\" height=\"1580\" alt><\/noscript><img loading=\"lazy\" decoding=\"async\" src=\"data:image\/svg+xml,%3Csvg%20xmlns%3D%22http%3A%2F%2Fwww.w3.org%2F2000%2Fsvg%22%20viewBox%3D%220%200%201053%201580%22%3E%3C%2Fsvg%3E\" width=\"1053\" height=\"1580\" alt data-src=\"https:\/\/www.lvhf.cz\/wp-content\/uploads\/2021\/10\/05_6or_LVHF2021_marianumi-c-Pavel-Kristian-ml.jpg\" class=\" lazyload\"><\/a><\/div><div class=\"rl-gallery-item\"><a href=\"https:\/\/www.lvhf.cz\/wp-content\/uploads\/2021\/10\/13_1_LVHF2021_marianumi-c-Pavel-Kristian-ml.jpg\" title data-rl_title class=\"rl-gallery-link\" data-rl_caption data-rel=\"lightbox-gallery-2\"><noscript><img loading=\"lazy\" decoding=\"async\" src=\"https:\/\/www.lvhf.cz\/wp-content\/uploads\/2021\/10\/13_1_LVHF2021_marianumi-c-Pavel-Kristian-ml.jpg\" width=\"1280\" height=\"1920\" alt><\/noscript><img loading=\"lazy\" decoding=\"async\" src=\"data:image\/svg+xml,%3Csvg%20xmlns%3D%22http%3A%2F%2Fwww.w3.org%2F2000%2Fsvg%22%20viewBox%3D%220%200%201280%201920%22%3E%3C%2Fsvg%3E\" width=\"1280\" height=\"1920\" alt data-src=\"https:\/\/www.lvhf.cz\/wp-content\/uploads\/2021\/10\/13_1_LVHF2021_marianumi-c-Pavel-Kristian-ml.jpg\" class=\" lazyload\"><\/a><\/div><div class=\"rl-gallery-item\"><a href=\"https:\/\/www.lvhf.cz\/wp-content\/uploads\/2021\/10\/03_4_LVHF2021_marianumi-c-Pavel-Kristian-ml.jpg\" title data-rl_title class=\"rl-gallery-link\" data-rl_caption data-rel=\"lightbox-gallery-2\"><noscript><img loading=\"lazy\" decoding=\"async\" src=\"https:\/\/www.lvhf.cz\/wp-content\/uploads\/2021\/10\/03_4_LVHF2021_marianumi-c-Pavel-Kristian-ml.jpg\" width=\"1257\" height=\"1920\" alt><\/noscript><img loading=\"lazy\" decoding=\"async\" src=\"data:image\/svg+xml,%3Csvg%20xmlns%3D%22http%3A%2F%2Fwww.w3.org%2F2000%2Fsvg%22%20viewBox%3D%220%200%201257%201920%22%3E%3C%2Fsvg%3E\" width=\"1257\" height=\"1920\" alt data-src=\"https:\/\/www.lvhf.cz\/wp-content\/uploads\/2021\/10\/03_4_LVHF2021_marianumi-c-Pavel-Kristian-ml.jpg\" class=\" lazyload\"><\/a><\/div><div class=\"rl-gallery-item\"><a href=\"https:\/\/www.lvhf.cz\/wp-content\/uploads\/2021\/10\/15_4_LVHF2021_krajina-pameti-c-Pavel-Kristian-ml..jpg\" title data-rl_title class=\"rl-gallery-link\" data-rl_caption data-rel=\"lightbox-gallery-2\"><noscript><img loading=\"lazy\" decoding=\"async\" src=\"https:\/\/www.lvhf.cz\/wp-content\/uploads\/2021\/10\/15_4_LVHF2021_krajina-pameti-c-Pavel-Kristian-ml..jpg\" width=\"1420\" height=\"1920\" alt><\/noscript><img loading=\"lazy\" decoding=\"async\" src=\"data:image\/svg+xml,%3Csvg%20xmlns%3D%22http%3A%2F%2Fwww.w3.org%2F2000%2Fsvg%22%20viewBox%3D%220%200%201420%201920%22%3E%3C%2Fsvg%3E\" width=\"1420\" height=\"1920\" alt data-src=\"https:\/\/www.lvhf.cz\/wp-content\/uploads\/2021\/10\/15_4_LVHF2021_krajina-pameti-c-Pavel-Kristian-ml..jpg\" class=\" lazyload\"><\/a><\/div><div class=\"rl-gallery-item\"><a href=\"https:\/\/www.lvhf.cz\/wp-content\/uploads\/2021\/10\/14_2_LVHF2021_krajina-pameti-c-Pavel-Kristian-ml.jpg\" title data-rl_title class=\"rl-gallery-link\" data-rl_caption data-rel=\"lightbox-gallery-2\"><noscript><img loading=\"lazy\" decoding=\"async\" src=\"https:\/\/www.lvhf.cz\/wp-content\/uploads\/2021\/10\/14_2_LVHF2021_krajina-pameti-c-Pavel-Kristian-ml.jpg\" width=\"1920\" height=\"1280\" alt><\/noscript><img loading=\"lazy\" decoding=\"async\" src=\"data:image\/svg+xml,%3Csvg%20xmlns%3D%22http%3A%2F%2Fwww.w3.org%2F2000%2Fsvg%22%20viewBox%3D%220%200%201920%201280%22%3E%3C%2Fsvg%3E\" width=\"1920\" height=\"1280\" alt data-src=\"https:\/\/www.lvhf.cz\/wp-content\/uploads\/2021\/10\/14_2_LVHF2021_krajina-pameti-c-Pavel-Kristian-ml.jpg\" class=\" lazyload\"><\/a><\/div><div class=\"rl-gallery-item\"><a href=\"https:\/\/www.lvhf.cz\/wp-content\/uploads\/2021\/10\/16_1_LVHF2021_krajina-pameti-c-Pavel-Kristian-ml.jpg\" title data-rl_title class=\"rl-gallery-link\" data-rl_caption data-rel=\"lightbox-gallery-2\"><noscript><img loading=\"lazy\" decoding=\"async\" src=\"https:\/\/www.lvhf.cz\/wp-content\/uploads\/2021\/10\/16_1_LVHF2021_krajina-pameti-c-Pavel-Kristian-ml.jpg\" width=\"1920\" height=\"1260\" alt><\/noscript><img loading=\"lazy\" decoding=\"async\" src=\"data:image\/svg+xml,%3Csvg%20xmlns%3D%22http%3A%2F%2Fwww.w3.org%2F2000%2Fsvg%22%20viewBox%3D%220%200%201920%201260%22%3E%3C%2Fsvg%3E\" width=\"1920\" height=\"1260\" alt data-src=\"https:\/\/www.lvhf.cz\/wp-content\/uploads\/2021\/10\/16_1_LVHF2021_krajina-pameti-c-Pavel-Kristian-ml.jpg\" class=\" lazyload\"><\/a><\/div><div class=\"rl-gallery-item\"><a href=\"https:\/\/www.lvhf.cz\/wp-content\/uploads\/2021\/10\/18_3_LVHF2021_krajina-pameti-c-Pavel-Kristian-ml.jpg\" title data-rl_title class=\"rl-gallery-link\" data-rl_caption data-rel=\"lightbox-gallery-2\"><noscript><img loading=\"lazy\" decoding=\"async\" src=\"https:\/\/www.lvhf.cz\/wp-content\/uploads\/2021\/10\/18_3_LVHF2021_krajina-pameti-c-Pavel-Kristian-ml.jpg\" width=\"1920\" height=\"1280\" alt><\/noscript><img loading=\"lazy\" decoding=\"async\" src=\"data:image\/svg+xml,%3Csvg%20xmlns%3D%22http%3A%2F%2Fwww.w3.org%2F2000%2Fsvg%22%20viewBox%3D%220%200%201920%201280%22%3E%3C%2Fsvg%3E\" width=\"1920\" height=\"1280\" alt data-src=\"https:\/\/www.lvhf.cz\/wp-content\/uploads\/2021\/10\/18_3_LVHF2021_krajina-pameti-c-Pavel-Kristian-ml.jpg\" class=\" lazyload\"><\/a><\/div> <\/div> <\/div>","protected":false},"excerpt":{"rendered":"<p>Foto (c) Pavel Kristi\u00e1n Jr.<\/p>\n","protected":false},"author":2,"featured_media":14074,"parent":10700,"menu_order":0,"comment_status":"closed","ping_status":"closed","template":"","meta":{"footnotes":""},"acf":[],"_links":{"self":[{"href":"https:\/\/www.lvhf.cz\/de\/wp-json\/wp\/v2\/pages\/14052"}],"collection":[{"href":"https:\/\/www.lvhf.cz\/de\/wp-json\/wp\/v2\/pages"}],"about":[{"href":"https:\/\/www.lvhf.cz\/de\/wp-json\/wp\/v2\/types\/page"}],"author":[{"embeddable":true,"href":"https:\/\/www.lvhf.cz\/de\/wp-json\/wp\/v2\/users\/2"}],"replies":[{"embeddable":true,"href":"https:\/\/www.lvhf.cz\/de\/wp-json\/wp\/v2\/comments?post=14052"}],"version-history":[{"count":3,"href":"https:\/\/www.lvhf.cz\/de\/wp-json\/wp\/v2\/pages\/14052\/revisions"}],"predecessor-version":[{"id":14076,"href":"https:\/\/www.lvhf.cz\/de\/wp-json\/wp\/v2\/pages\/14052\/revisions\/14076"}],"up":[{"embeddable":true,"href":"https:\/\/www.lvhf.cz\/de\/wp-json\/wp\/v2\/pages\/10700"}],"wp:featuredmedia":[{"embeddable":true,"href":"https:\/\/www.lvhf.cz\/de\/wp-json\/wp\/v2\/media\/14074"}],"wp:attachment":[{"href":"https:\/\/www.lvhf.cz\/de\/wp-json\/wp\/v2\/media?parent=14052"}],"curies":[{"name":"wp","href":"https:\/\/api.w.org\/{rel}","templated":true}]}}