{"id":13890,"date":"2021-10-04T10:58:38","date_gmt":"2021-10-04T08:58:38","guid":{"rendered":"https:\/\/www.lvhf.cz\/?page_id=13890"},"modified":"2021-10-22T16:38:54","modified_gmt":"2021-10-22T14:38:54","slug":"fotogalerie-lvhf2021-jakub-jozef-orlinski-ensemble-matheus","status":"publish","type":"page","link":"https:\/\/www.lvhf.cz\/de\/media\/fotogalerie\/fotogalerie-lvhf2021-jakub-jozef-orlinski-ensemble-matheus\/","title":{"rendered":"Fotogalerie LVHF2021 | Jakub J\u00f3zef Orli\u0144ski &#038; Ensemble Matheus | Valtice am 2. Oktober 2021"},"content":{"rendered":"<p>Photo: Pavel Kristi\u00e1n Jr. | LVHF.cz<br>\n<!--more--><\/p>\n<p><\/p><div class=\"rl-gallery-container \" id=\"rl-gallery-container-2\" data-gallery_id=\"0\"> <div class=\"rl-gallery rl-basicgrid-gallery \" id=\"rl-gallery-2\" data-gallery_no=\"2\"> <div class=\"rl-gallery-item\"><a href=\"https:\/\/www.lvhf.cz\/wp-content\/uploads\/2021\/10\/85_LVHF2021_orlinski-matheus-c-Pavel-Kristian-ml.-kopie.jpg\" title data-rl_title class=\"rl-gallery-link\" data-rl_caption data-rel=\"lightbox-gallery-2\"><noscript><img fetchpriority=\"high\" decoding=\"async\" src=\"https:\/\/www.lvhf.cz\/wp-content\/uploads\/2021\/10\/85_LVHF2021_orlinski-matheus-c-Pavel-Kristian-ml.-kopie.jpg\" width=\"1920\" height=\"1255\" alt><\/noscript><img fetchpriority=\"high\" decoding=\"async\" src=\"data:image\/svg+xml,%3Csvg%20xmlns%3D%22http%3A%2F%2Fwww.w3.org%2F2000%2Fsvg%22%20viewBox%3D%220%200%201920%201255%22%3E%3C%2Fsvg%3E\" width=\"1920\" height=\"1255\" alt data-src=\"https:\/\/www.lvhf.cz\/wp-content\/uploads\/2021\/10\/85_LVHF2021_orlinski-matheus-c-Pavel-Kristian-ml.-kopie.jpg\" class=\" lazyload\"><\/a><\/div><div class=\"rl-gallery-item\"><a href=\"https:\/\/www.lvhf.cz\/wp-content\/uploads\/2021\/10\/5_LVHF2021_orlinski-matheus-c-Pavel-Kristian-ml.-kopie.jpg\" title data-rl_title class=\"rl-gallery-link\" data-rl_caption data-rel=\"lightbox-gallery-2\"><noscript><img decoding=\"async\" src=\"https:\/\/www.lvhf.cz\/wp-content\/uploads\/2021\/10\/5_LVHF2021_orlinski-matheus-c-Pavel-Kristian-ml.-kopie.jpg\" width=\"1920\" height=\"1614\" alt><\/noscript><img decoding=\"async\" src=\"data:image\/svg+xml,%3Csvg%20xmlns%3D%22http%3A%2F%2Fwww.w3.org%2F2000%2Fsvg%22%20viewBox%3D%220%200%201920%201614%22%3E%3C%2Fsvg%3E\" width=\"1920\" height=\"1614\" alt data-src=\"https:\/\/www.lvhf.cz\/wp-content\/uploads\/2021\/10\/5_LVHF2021_orlinski-matheus-c-Pavel-Kristian-ml.-kopie.jpg\" class=\" lazyload\"><\/a><\/div><div class=\"rl-gallery-item\"><a href=\"https:\/\/www.lvhf.cz\/wp-content\/uploads\/2021\/10\/202_LVHF2021_orlinski-matheus-c-Pavel-Kristian-ml.-kopie.jpg\" title data-rl_title class=\"rl-gallery-link\" data-rl_caption data-rel=\"lightbox-gallery-2\"><noscript><img decoding=\"async\" src=\"https:\/\/www.lvhf.cz\/wp-content\/uploads\/2021\/10\/202_LVHF2021_orlinski-matheus-c-Pavel-Kristian-ml.-kopie.jpg\" width=\"1920\" height=\"1280\" alt=\"LVHF2021_Jakub J\u00f3zef Orlinski_Ensemble Matheus\"><\/noscript><img decoding=\"async\" src=\"data:image\/svg+xml,%3Csvg%20xmlns%3D%22http%3A%2F%2Fwww.w3.org%2F2000%2Fsvg%22%20viewBox%3D%220%200%201920%201280%22%3E%3C%2Fsvg%3E\" width=\"1920\" height=\"1280\" alt=\"LVHF2021_Jakub J\u00f3zef Orlinski_Ensemble Matheus\" data-src=\"https:\/\/www.lvhf.cz\/wp-content\/uploads\/2021\/10\/202_LVHF2021_orlinski-matheus-c-Pavel-Kristian-ml.-kopie.jpg\" class=\" lazyload\"><\/a><\/div><div class=\"rl-gallery-item\"><a href=\"https:\/\/www.lvhf.cz\/wp-content\/uploads\/2021\/10\/77_LVHF2021_orlinski-matheus-c-Pavel-Kristian-ml.-kopie.jpg\" title data-rl_title class=\"rl-gallery-link\" data-rl_caption data-rel=\"lightbox-gallery-2\"><noscript><img loading=\"lazy\" decoding=\"async\" src=\"https:\/\/www.lvhf.cz\/wp-content\/uploads\/2021\/10\/77_LVHF2021_orlinski-matheus-c-Pavel-Kristian-ml.-kopie.jpg\" width=\"1920\" height=\"1280\" alt><\/noscript><img loading=\"lazy\" decoding=\"async\" src=\"data:image\/svg+xml,%3Csvg%20xmlns%3D%22http%3A%2F%2Fwww.w3.org%2F2000%2Fsvg%22%20viewBox%3D%220%200%201920%201280%22%3E%3C%2Fsvg%3E\" width=\"1920\" height=\"1280\" alt data-src=\"https:\/\/www.lvhf.cz\/wp-content\/uploads\/2021\/10\/77_LVHF2021_orlinski-matheus-c-Pavel-Kristian-ml.-kopie.jpg\" class=\" lazyload\"><\/a><\/div><div class=\"rl-gallery-item\"><a href=\"https:\/\/www.lvhf.cz\/wp-content\/uploads\/2021\/10\/161_LVHF2021_orlinski-matheus-c-Pavel-Kristian-ml.-kopie.jpg\" title data-rl_title class=\"rl-gallery-link\" data-rl_caption data-rel=\"lightbox-gallery-2\"><noscript><img loading=\"lazy\" decoding=\"async\" src=\"https:\/\/www.lvhf.cz\/wp-content\/uploads\/2021\/10\/161_LVHF2021_orlinski-matheus-c-Pavel-Kristian-ml.-kopie.jpg\" width=\"1920\" height=\"1280\" alt=\"LVHF2021_Jakub J\u00f3zef Orlinski_Ensemble Matheus\"><\/noscript><img loading=\"lazy\" decoding=\"async\" src=\"data:image\/svg+xml,%3Csvg%20xmlns%3D%22http%3A%2F%2Fwww.w3.org%2F2000%2Fsvg%22%20viewBox%3D%220%200%201920%201280%22%3E%3C%2Fsvg%3E\" width=\"1920\" height=\"1280\" alt=\"LVHF2021_Jakub J\u00f3zef Orlinski_Ensemble Matheus\" data-src=\"https:\/\/www.lvhf.cz\/wp-content\/uploads\/2021\/10\/161_LVHF2021_orlinski-matheus-c-Pavel-Kristian-ml.-kopie.jpg\" class=\" lazyload\"><\/a><\/div><div class=\"rl-gallery-item\"><a href=\"https:\/\/www.lvhf.cz\/wp-content\/uploads\/2021\/10\/153_LVHF2021_orlinski-matheus-c-Pavel-Kristian-ml.-kopie.jpg\" title data-rl_title class=\"rl-gallery-link\" data-rl_caption data-rel=\"lightbox-gallery-2\"><noscript><img loading=\"lazy\" decoding=\"async\" src=\"https:\/\/www.lvhf.cz\/wp-content\/uploads\/2021\/10\/153_LVHF2021_orlinski-matheus-c-Pavel-Kristian-ml.-kopie.jpg\" width=\"1920\" height=\"1204\" alt><\/noscript><img loading=\"lazy\" decoding=\"async\" src=\"data:image\/svg+xml,%3Csvg%20xmlns%3D%22http%3A%2F%2Fwww.w3.org%2F2000%2Fsvg%22%20viewBox%3D%220%200%201920%201204%22%3E%3C%2Fsvg%3E\" width=\"1920\" height=\"1204\" alt data-src=\"https:\/\/www.lvhf.cz\/wp-content\/uploads\/2021\/10\/153_LVHF2021_orlinski-matheus-c-Pavel-Kristian-ml.-kopie.jpg\" class=\" lazyload\"><\/a><\/div><div class=\"rl-gallery-item\"><a href=\"https:\/\/www.lvhf.cz\/wp-content\/uploads\/2021\/10\/98_LVHF2021_orlinski-matheus-c-Pavel-Kristian-ml.-kopie.jpg\" title data-rl_title class=\"rl-gallery-link\" data-rl_caption data-rel=\"lightbox-gallery-2\"><noscript><img loading=\"lazy\" decoding=\"async\" src=\"https:\/\/www.lvhf.cz\/wp-content\/uploads\/2021\/10\/98_LVHF2021_orlinski-matheus-c-Pavel-Kristian-ml.-kopie.jpg\" width=\"1920\" height=\"1280\" alt><\/noscript><img loading=\"lazy\" decoding=\"async\" src=\"data:image\/svg+xml,%3Csvg%20xmlns%3D%22http%3A%2F%2Fwww.w3.org%2F2000%2Fsvg%22%20viewBox%3D%220%200%201920%201280%22%3E%3C%2Fsvg%3E\" width=\"1920\" height=\"1280\" alt data-src=\"https:\/\/www.lvhf.cz\/wp-content\/uploads\/2021\/10\/98_LVHF2021_orlinski-matheus-c-Pavel-Kristian-ml.-kopie.jpg\" class=\" lazyload\"><\/a><\/div><div class=\"rl-gallery-item\"><a href=\"https:\/\/www.lvhf.cz\/wp-content\/uploads\/2021\/10\/63_LVHF2021_orlinski-matheus-c-Pavel-Kristian-ml-kopie.jpg\" title data-rl_title class=\"rl-gallery-link\" data-rl_caption data-rel=\"lightbox-gallery-2\"><noscript><img loading=\"lazy\" decoding=\"async\" src=\"https:\/\/www.lvhf.cz\/wp-content\/uploads\/2021\/10\/63_LVHF2021_orlinski-matheus-c-Pavel-Kristian-ml-kopie.jpg\" width=\"1492\" height=\"849\" alt><\/noscript><img loading=\"lazy\" decoding=\"async\" src=\"data:image\/svg+xml,%3Csvg%20xmlns%3D%22http%3A%2F%2Fwww.w3.org%2F2000%2Fsvg%22%20viewBox%3D%220%200%201492%20849%22%3E%3C%2Fsvg%3E\" width=\"1492\" height=\"849\" alt data-src=\"https:\/\/www.lvhf.cz\/wp-content\/uploads\/2021\/10\/63_LVHF2021_orlinski-matheus-c-Pavel-Kristian-ml-kopie.jpg\" class=\" lazyload\"><\/a><\/div><div class=\"rl-gallery-item\"><a href=\"https:\/\/www.lvhf.cz\/wp-content\/uploads\/2021\/10\/78_LVHF2021_orlinski-matheus-c-Pavel-Kristian-ml.-kopie.jpg\" title data-rl_title class=\"rl-gallery-link\" data-rl_caption data-rel=\"lightbox-gallery-2\"><noscript><img loading=\"lazy\" decoding=\"async\" src=\"https:\/\/www.lvhf.cz\/wp-content\/uploads\/2021\/10\/78_LVHF2021_orlinski-matheus-c-Pavel-Kristian-ml.-kopie.jpg\" width=\"1920\" height=\"1730\" alt><\/noscript><img loading=\"lazy\" decoding=\"async\" src=\"data:image\/svg+xml,%3Csvg%20xmlns%3D%22http%3A%2F%2Fwww.w3.org%2F2000%2Fsvg%22%20viewBox%3D%220%200%201920%201730%22%3E%3C%2Fsvg%3E\" width=\"1920\" height=\"1730\" alt data-src=\"https:\/\/www.lvhf.cz\/wp-content\/uploads\/2021\/10\/78_LVHF2021_orlinski-matheus-c-Pavel-Kristian-ml.-kopie.jpg\" class=\" lazyload\"><\/a><\/div><div class=\"rl-gallery-item\"><a href=\"https:\/\/www.lvhf.cz\/wp-content\/uploads\/2021\/10\/102_LVHF2021_orlinski-matheus-c-Pavel-Kristian-ml-kopie.jpg\" title data-rl_title class=\"rl-gallery-link\" data-rl_caption data-rel=\"lightbox-gallery-2\"><noscript><img loading=\"lazy\" decoding=\"async\" src=\"https:\/\/www.lvhf.cz\/wp-content\/uploads\/2021\/10\/102_LVHF2021_orlinski-matheus-c-Pavel-Kristian-ml-kopie.jpg\" width=\"1165\" height=\"1165\" alt><\/noscript><img loading=\"lazy\" decoding=\"async\" src=\"data:image\/svg+xml,%3Csvg%20xmlns%3D%22http%3A%2F%2Fwww.w3.org%2F2000%2Fsvg%22%20viewBox%3D%220%200%201165%201165%22%3E%3C%2Fsvg%3E\" width=\"1165\" height=\"1165\" alt data-src=\"https:\/\/www.lvhf.cz\/wp-content\/uploads\/2021\/10\/102_LVHF2021_orlinski-matheus-c-Pavel-Kristian-ml-kopie.jpg\" class=\" lazyload\"><\/a><\/div><div class=\"rl-gallery-item\"><a href=\"https:\/\/www.lvhf.cz\/wp-content\/uploads\/2021\/10\/44_LVHF2021_orlinski-matheus-c-Pavel-Kristian-ml.-kopie.jpg\" title data-rl_title class=\"rl-gallery-link\" data-rl_caption data-rel=\"lightbox-gallery-2\"><noscript><img loading=\"lazy\" decoding=\"async\" src=\"https:\/\/www.lvhf.cz\/wp-content\/uploads\/2021\/10\/44_LVHF2021_orlinski-matheus-c-Pavel-Kristian-ml.-kopie.jpg\" width=\"1920\" height=\"1280\" alt><\/noscript><img loading=\"lazy\" decoding=\"async\" src=\"data:image\/svg+xml,%3Csvg%20xmlns%3D%22http%3A%2F%2Fwww.w3.org%2F2000%2Fsvg%22%20viewBox%3D%220%200%201920%201280%22%3E%3C%2Fsvg%3E\" width=\"1920\" height=\"1280\" alt data-src=\"https:\/\/www.lvhf.cz\/wp-content\/uploads\/2021\/10\/44_LVHF2021_orlinski-matheus-c-Pavel-Kristian-ml.-kopie.jpg\" class=\" lazyload\"><\/a><\/div><div class=\"rl-gallery-item\"><a href=\"https:\/\/www.lvhf.cz\/wp-content\/uploads\/2021\/10\/133_LVHF2021_orlinski-matheus-c-Pavel-Kristian-ml.-kopie.jpg\" title data-rl_title class=\"rl-gallery-link\" data-rl_caption data-rel=\"lightbox-gallery-2\"><noscript><img loading=\"lazy\" decoding=\"async\" src=\"https:\/\/www.lvhf.cz\/wp-content\/uploads\/2021\/10\/133_LVHF2021_orlinski-matheus-c-Pavel-Kristian-ml.-kopie.jpg\" width=\"1920\" height=\"1280\" alt><\/noscript><img loading=\"lazy\" decoding=\"async\" src=\"data:image\/svg+xml,%3Csvg%20xmlns%3D%22http%3A%2F%2Fwww.w3.org%2F2000%2Fsvg%22%20viewBox%3D%220%200%201920%201280%22%3E%3C%2Fsvg%3E\" width=\"1920\" height=\"1280\" alt data-src=\"https:\/\/www.lvhf.cz\/wp-content\/uploads\/2021\/10\/133_LVHF2021_orlinski-matheus-c-Pavel-Kristian-ml.-kopie.jpg\" class=\" lazyload\"><\/a><\/div><div class=\"rl-gallery-item\"><a href=\"https:\/\/www.lvhf.cz\/wp-content\/uploads\/2021\/10\/136_LVHF2021_orlinski-matheus-c-Pavel-Kristian-ml.-kopie.jpg\" title data-rl_title class=\"rl-gallery-link\" data-rl_caption data-rel=\"lightbox-gallery-2\"><noscript><img loading=\"lazy\" decoding=\"async\" src=\"https:\/\/www.lvhf.cz\/wp-content\/uploads\/2021\/10\/136_LVHF2021_orlinski-matheus-c-Pavel-Kristian-ml.-kopie.jpg\" width=\"1920\" height=\"1280\" alt><\/noscript><img loading=\"lazy\" decoding=\"async\" src=\"data:image\/svg+xml,%3Csvg%20xmlns%3D%22http%3A%2F%2Fwww.w3.org%2F2000%2Fsvg%22%20viewBox%3D%220%200%201920%201280%22%3E%3C%2Fsvg%3E\" width=\"1920\" height=\"1280\" alt data-src=\"https:\/\/www.lvhf.cz\/wp-content\/uploads\/2021\/10\/136_LVHF2021_orlinski-matheus-c-Pavel-Kristian-ml.-kopie.jpg\" class=\" lazyload\"><\/a><\/div><div class=\"rl-gallery-item\"><a href=\"https:\/\/www.lvhf.cz\/wp-content\/uploads\/2021\/10\/70_LVHF2021_orlinski-matheus-c-Pavel-Kristian-ml.-kopie.jpg\" title data-rl_title class=\"rl-gallery-link\" data-rl_caption data-rel=\"lightbox-gallery-2\"><noscript><img loading=\"lazy\" decoding=\"async\" src=\"https:\/\/www.lvhf.cz\/wp-content\/uploads\/2021\/10\/70_LVHF2021_orlinski-matheus-c-Pavel-Kristian-ml.-kopie.jpg\" width=\"1920\" height=\"1220\" alt><\/noscript><img loading=\"lazy\" decoding=\"async\" src=\"data:image\/svg+xml,%3Csvg%20xmlns%3D%22http%3A%2F%2Fwww.w3.org%2F2000%2Fsvg%22%20viewBox%3D%220%200%201920%201220%22%3E%3C%2Fsvg%3E\" width=\"1920\" height=\"1220\" alt data-src=\"https:\/\/www.lvhf.cz\/wp-content\/uploads\/2021\/10\/70_LVHF2021_orlinski-matheus-c-Pavel-Kristian-ml.-kopie.jpg\" class=\" lazyload\"><\/a><\/div><div class=\"rl-gallery-item\"><a href=\"https:\/\/www.lvhf.cz\/wp-content\/uploads\/2021\/10\/74_LVHF2021_orlinski-matheus-c-Pavel-Kristian-ml.-kopie.jpg\" title data-rl_title class=\"rl-gallery-link\" data-rl_caption data-rel=\"lightbox-gallery-2\"><noscript><img loading=\"lazy\" decoding=\"async\" src=\"https:\/\/www.lvhf.cz\/wp-content\/uploads\/2021\/10\/74_LVHF2021_orlinski-matheus-c-Pavel-Kristian-ml.-kopie.jpg\" width=\"1920\" height=\"1280\" alt><\/noscript><img loading=\"lazy\" decoding=\"async\" src=\"data:image\/svg+xml,%3Csvg%20xmlns%3D%22http%3A%2F%2Fwww.w3.org%2F2000%2Fsvg%22%20viewBox%3D%220%200%201920%201280%22%3E%3C%2Fsvg%3E\" width=\"1920\" height=\"1280\" alt data-src=\"https:\/\/www.lvhf.cz\/wp-content\/uploads\/2021\/10\/74_LVHF2021_orlinski-matheus-c-Pavel-Kristian-ml.-kopie.jpg\" class=\" lazyload\"><\/a><\/div><div class=\"rl-gallery-item\"><a href=\"https:\/\/www.lvhf.cz\/wp-content\/uploads\/2021\/10\/32_LVHF2021_orlinski-matheus-c-Pavel-Kristian-ml.-kopie.jpg\" title data-rl_title class=\"rl-gallery-link\" data-rl_caption data-rel=\"lightbox-gallery-2\"><noscript><img loading=\"lazy\" decoding=\"async\" src=\"https:\/\/www.lvhf.cz\/wp-content\/uploads\/2021\/10\/32_LVHF2021_orlinski-matheus-c-Pavel-Kristian-ml.-kopie.jpg\" width=\"1920\" height=\"1280\" alt><\/noscript><img loading=\"lazy\" decoding=\"async\" src=\"data:image\/svg+xml,%3Csvg%20xmlns%3D%22http%3A%2F%2Fwww.w3.org%2F2000%2Fsvg%22%20viewBox%3D%220%200%201920%201280%22%3E%3C%2Fsvg%3E\" width=\"1920\" height=\"1280\" alt data-src=\"https:\/\/www.lvhf.cz\/wp-content\/uploads\/2021\/10\/32_LVHF2021_orlinski-matheus-c-Pavel-Kristian-ml.-kopie.jpg\" class=\" lazyload\"><\/a><\/div><div class=\"rl-gallery-item\"><a href=\"https:\/\/www.lvhf.cz\/wp-content\/uploads\/2021\/10\/6_LVHF2021_orlinski-matheus-c-Pavel-Kristian-ml.-kopie.jpg\" title data-rl_title class=\"rl-gallery-link\" data-rl_caption data-rel=\"lightbox-gallery-2\"><noscript><img loading=\"lazy\" decoding=\"async\" src=\"https:\/\/www.lvhf.cz\/wp-content\/uploads\/2021\/10\/6_LVHF2021_orlinski-matheus-c-Pavel-Kristian-ml.-kopie.jpg\" width=\"1865\" height=\"1920\" alt><\/noscript><img loading=\"lazy\" decoding=\"async\" src=\"data:image\/svg+xml,%3Csvg%20xmlns%3D%22http%3A%2F%2Fwww.w3.org%2F2000%2Fsvg%22%20viewBox%3D%220%200%201865%201920%22%3E%3C%2Fsvg%3E\" width=\"1865\" height=\"1920\" alt data-src=\"https:\/\/www.lvhf.cz\/wp-content\/uploads\/2021\/10\/6_LVHF2021_orlinski-matheus-c-Pavel-Kristian-ml.-kopie.jpg\" class=\" lazyload\"><\/a><\/div><div class=\"rl-gallery-item\"><a href=\"https:\/\/www.lvhf.cz\/wp-content\/uploads\/2021\/10\/36_LVHF2021_orlinski-matheus-c-Pavel-Kristian-ml.-kopie.jpg\" title data-rl_title class=\"rl-gallery-link\" data-rl_caption data-rel=\"lightbox-gallery-2\"><noscript><img loading=\"lazy\" decoding=\"async\" src=\"https:\/\/www.lvhf.cz\/wp-content\/uploads\/2021\/10\/36_LVHF2021_orlinski-matheus-c-Pavel-Kristian-ml.-kopie.jpg\" width=\"1920\" height=\"1280\" alt><\/noscript><img loading=\"lazy\" decoding=\"async\" src=\"data:image\/svg+xml,%3Csvg%20xmlns%3D%22http%3A%2F%2Fwww.w3.org%2F2000%2Fsvg%22%20viewBox%3D%220%200%201920%201280%22%3E%3C%2Fsvg%3E\" width=\"1920\" height=\"1280\" alt data-src=\"https:\/\/www.lvhf.cz\/wp-content\/uploads\/2021\/10\/36_LVHF2021_orlinski-matheus-c-Pavel-Kristian-ml.-kopie.jpg\" class=\" lazyload\"><\/a><\/div><div class=\"rl-gallery-item\"><a href=\"https:\/\/www.lvhf.cz\/wp-content\/uploads\/2021\/10\/53_LVHF2021_orlinski-matheus-c-Pavel-Kristian-ml.-kopie.jpg\" title data-rl_title class=\"rl-gallery-link\" data-rl_caption data-rel=\"lightbox-gallery-2\"><noscript><img loading=\"lazy\" decoding=\"async\" src=\"https:\/\/www.lvhf.cz\/wp-content\/uploads\/2021\/10\/53_LVHF2021_orlinski-matheus-c-Pavel-Kristian-ml.-kopie.jpg\" width=\"1920\" height=\"1280\" alt><\/noscript><img loading=\"lazy\" decoding=\"async\" src=\"data:image\/svg+xml,%3Csvg%20xmlns%3D%22http%3A%2F%2Fwww.w3.org%2F2000%2Fsvg%22%20viewBox%3D%220%200%201920%201280%22%3E%3C%2Fsvg%3E\" width=\"1920\" height=\"1280\" alt data-src=\"https:\/\/www.lvhf.cz\/wp-content\/uploads\/2021\/10\/53_LVHF2021_orlinski-matheus-c-Pavel-Kristian-ml.-kopie.jpg\" class=\" lazyload\"><\/a><\/div><div class=\"rl-gallery-item\"><a href=\"https:\/\/www.lvhf.cz\/wp-content\/uploads\/2021\/10\/151_LVHF2021_orlinski-matheus-c-Pavel-Kristian-ml.-kopie.jpg\" title data-rl_title class=\"rl-gallery-link\" data-rl_caption data-rel=\"lightbox-gallery-2\"><noscript><img loading=\"lazy\" decoding=\"async\" src=\"https:\/\/www.lvhf.cz\/wp-content\/uploads\/2021\/10\/151_LVHF2021_orlinski-matheus-c-Pavel-Kristian-ml.-kopie.jpg\" width=\"1920\" height=\"1280\" alt><\/noscript><img loading=\"lazy\" decoding=\"async\" src=\"data:image\/svg+xml,%3Csvg%20xmlns%3D%22http%3A%2F%2Fwww.w3.org%2F2000%2Fsvg%22%20viewBox%3D%220%200%201920%201280%22%3E%3C%2Fsvg%3E\" width=\"1920\" height=\"1280\" alt data-src=\"https:\/\/www.lvhf.cz\/wp-content\/uploads\/2021\/10\/151_LVHF2021_orlinski-matheus-c-Pavel-Kristian-ml.-kopie.jpg\" class=\" lazyload\"><\/a><\/div><div class=\"rl-gallery-item\"><a href=\"https:\/\/www.lvhf.cz\/wp-content\/uploads\/2021\/10\/173_LVHF2021_orlinski-matheus-c-Pavel-Kristian-ml.-kopie.jpg\" title data-rl_title class=\"rl-gallery-link\" data-rl_caption data-rel=\"lightbox-gallery-2\"><noscript><img loading=\"lazy\" decoding=\"async\" src=\"https:\/\/www.lvhf.cz\/wp-content\/uploads\/2021\/10\/173_LVHF2021_orlinski-matheus-c-Pavel-Kristian-ml.-kopie.jpg\" width=\"1280\" height=\"1920\" alt=\"LVHF2021_Jakub J\u00f3zef Orlinski_Ensemble Matheus\"><\/noscript><img loading=\"lazy\" decoding=\"async\" src=\"data:image\/svg+xml,%3Csvg%20xmlns%3D%22http%3A%2F%2Fwww.w3.org%2F2000%2Fsvg%22%20viewBox%3D%220%200%201280%201920%22%3E%3C%2Fsvg%3E\" width=\"1280\" height=\"1920\" alt=\"LVHF2021_Jakub J\u00f3zef Orlinski_Ensemble Matheus\" data-src=\"https:\/\/www.lvhf.cz\/wp-content\/uploads\/2021\/10\/173_LVHF2021_orlinski-matheus-c-Pavel-Kristian-ml.-kopie.jpg\" class=\" lazyload\"><\/a><\/div><div class=\"rl-gallery-item\"><a href=\"https:\/\/www.lvhf.cz\/wp-content\/uploads\/2021\/10\/116_LVHF2021_orlinski-matheus-c-Pavel-Kristian-ml.-kopie.jpg\" title data-rl_title class=\"rl-gallery-link\" data-rl_caption data-rel=\"lightbox-gallery-2\"><noscript><img loading=\"lazy\" decoding=\"async\" src=\"https:\/\/www.lvhf.cz\/wp-content\/uploads\/2021\/10\/116_LVHF2021_orlinski-matheus-c-Pavel-Kristian-ml.-kopie.jpg\" width=\"1280\" height=\"1920\" alt><\/noscript><img loading=\"lazy\" decoding=\"async\" src=\"data:image\/svg+xml,%3Csvg%20xmlns%3D%22http%3A%2F%2Fwww.w3.org%2F2000%2Fsvg%22%20viewBox%3D%220%200%201280%201920%22%3E%3C%2Fsvg%3E\" width=\"1280\" height=\"1920\" alt data-src=\"https:\/\/www.lvhf.cz\/wp-content\/uploads\/2021\/10\/116_LVHF2021_orlinski-matheus-c-Pavel-Kristian-ml.-kopie.jpg\" class=\" lazyload\"><\/a><\/div><div class=\"rl-gallery-item\"><a href=\"https:\/\/www.lvhf.cz\/wp-content\/uploads\/2021\/10\/115_LVHF2021_orlinski-matheus-c-Pavel-Kristian-ml.-kopie.jpg\" title data-rl_title class=\"rl-gallery-link\" data-rl_caption data-rel=\"lightbox-gallery-2\"><noscript><img loading=\"lazy\" decoding=\"async\" src=\"https:\/\/www.lvhf.cz\/wp-content\/uploads\/2021\/10\/115_LVHF2021_orlinski-matheus-c-Pavel-Kristian-ml.-kopie.jpg\" width=\"1280\" height=\"1920\" alt><\/noscript><img loading=\"lazy\" decoding=\"async\" src=\"data:image\/svg+xml,%3Csvg%20xmlns%3D%22http%3A%2F%2Fwww.w3.org%2F2000%2Fsvg%22%20viewBox%3D%220%200%201280%201920%22%3E%3C%2Fsvg%3E\" width=\"1280\" height=\"1920\" alt data-src=\"https:\/\/www.lvhf.cz\/wp-content\/uploads\/2021\/10\/115_LVHF2021_orlinski-matheus-c-Pavel-Kristian-ml.-kopie.jpg\" class=\" lazyload\"><\/a><\/div><div class=\"rl-gallery-item\"><a href=\"https:\/\/www.lvhf.cz\/wp-content\/uploads\/2021\/10\/41_LVHF2021_orlinski-matheus-c-Pavel-Kristian-ml.-kopie.jpg\" title data-rl_title class=\"rl-gallery-link\" data-rl_caption data-rel=\"lightbox-gallery-2\"><noscript><img loading=\"lazy\" decoding=\"async\" src=\"https:\/\/www.lvhf.cz\/wp-content\/uploads\/2021\/10\/41_LVHF2021_orlinski-matheus-c-Pavel-Kristian-ml.-kopie.jpg\" width=\"1332\" height=\"1920\" alt><\/noscript><img loading=\"lazy\" decoding=\"async\" src=\"data:image\/svg+xml,%3Csvg%20xmlns%3D%22http%3A%2F%2Fwww.w3.org%2F2000%2Fsvg%22%20viewBox%3D%220%200%201332%201920%22%3E%3C%2Fsvg%3E\" width=\"1332\" height=\"1920\" alt data-src=\"https:\/\/www.lvhf.cz\/wp-content\/uploads\/2021\/10\/41_LVHF2021_orlinski-matheus-c-Pavel-Kristian-ml.-kopie.jpg\" class=\" lazyload\"><\/a><\/div> <\/div> <\/div>","protected":false},"excerpt":{"rendered":"<p>Leider ist der Eintrag nur auf Tschechisch verf\u00fcgbar.Foto: Pavel Kristi\u00e1n ml. | LVHF.cz<\/p>\n","protected":false},"author":2,"featured_media":0,"parent":10700,"menu_order":0,"comment_status":"closed","ping_status":"closed","template":"","meta":{"footnotes":""},"acf":[],"_links":{"self":[{"href":"https:\/\/www.lvhf.cz\/de\/wp-json\/wp\/v2\/pages\/13890"}],"collection":[{"href":"https:\/\/www.lvhf.cz\/de\/wp-json\/wp\/v2\/pages"}],"about":[{"href":"https:\/\/www.lvhf.cz\/de\/wp-json\/wp\/v2\/types\/page"}],"author":[{"embeddable":true,"href":"https:\/\/www.lvhf.cz\/de\/wp-json\/wp\/v2\/users\/2"}],"replies":[{"embeddable":true,"href":"https:\/\/www.lvhf.cz\/de\/wp-json\/wp\/v2\/comments?post=13890"}],"version-history":[{"count":3,"href":"https:\/\/www.lvhf.cz\/de\/wp-json\/wp\/v2\/pages\/13890\/revisions"}],"predecessor-version":[{"id":13969,"href":"https:\/\/www.lvhf.cz\/de\/wp-json\/wp\/v2\/pages\/13890\/revisions\/13969"}],"up":[{"embeddable":true,"href":"https:\/\/www.lvhf.cz\/de\/wp-json\/wp\/v2\/pages\/10700"}],"wp:attachment":[{"href":"https:\/\/www.lvhf.cz\/de\/wp-json\/wp\/v2\/media?parent=13890"}],"curies":[{"name":"wp","href":"https:\/\/api.w.org\/{rel}","templated":true}]}}