{"id":10910,"date":"2020-11-25T12:45:52","date_gmt":"2020-11-25T11:45:52","guid":{"rendered":"https:\/\/www.lvhf.cz\/?page_id=10910"},"modified":"2023-07-14T10:26:42","modified_gmt":"2023-07-14T08:26:42","slug":"festival-2021","status":"publish","type":"page","link":"https:\/\/www.lvhf.cz\/de\/festival-2021\/","title":{"rendered":"Festspiele 2021"},"content":{"rendered":"<p><\/p>\n<h2 style=\"text-align: center;\">Der 6. Jahrgang des Musikfestivals Lednice|Valtice<br \/>\n2. &#8211; 16. Oktober 2021<\/h2>\n<p style=\"text-align: center;\"><strong>Festival-Auftakt<\/strong> am 23. September 2021 im Gartenpalais Liechtenstein in Wien<br \/>\n<strong>Start des Ticketverkaufs am 15. M\u00e4rz 2021<\/strong><\/p>\n<h2 style=\"text-align: center;\">Antonio Vivaldi<\/h2>\n<p style=\"text-align: center;\"><strong>Die gr\u00f6\u00dfte europ\u00e4ische Werkschau<\/strong> zur Musik Antonio Vivaldis im neuen Jahrtausend!<strong><br \/>\nVenezianischer Karnevall <\/strong>in der <strong>Region Lednice-Valtice<\/strong>!<br \/>\nDramaturgie: <strong>Eduardo Garc\u00eda Salas<\/strong> und <strong>Ji\u0159\u00ed Partyka<\/strong><\/p>\n<p>&nbsp;<\/p>\n<p><strong>Antonio Vivaldi<\/strong> \u2013 musikalischer Genius aus der Stadt der Gondeln und des Karnevals. Der \u201eRote Priester\u201c, wie er genannt wurde, hinterlie\u00df ein reiches musikalisches Verm\u00e4chtnis, nicht nur in Form von <strong>Instrumentalkonzerten<\/strong>, sondern auch <strong>Kammermusik<\/strong>&#8211; und <strong>Sakralwerke<\/strong> sowie beinahe <strong>vierzig Opern<\/strong>. Nichtsdestoweniger Freunde, Hand auf&#8217;s Herz, wieviele von uns kennen von seinem Schaffen auch nur etwas mehr als die <em>Vier Jahreszeiten<\/em>? Einer Reihe von Mitgliedern des Festivalteams ging es damit nicht anders, und demnach war es nur nat\u00fcrlich, dass sie nach einem ersten Blick auf das Festival-Programm f\u00fcr 2021 ehrlich ausriefen: \u201eWird das nicht doch schon etwas viel Vivaldi?!\u201c <strong>So bekamen wir eine Hausaufgabe<\/strong> \u2013 tiefer in Vivaldis Musik einzutauchen. Und je <strong>mehr wir uns darin versenkten, um so mehr faszinierte uns diese Welt<\/strong> voll von <strong>Verspieltheit<\/strong> und <strong>Leidenschaft<\/strong>, <strong>leichtem Flirt<\/strong> und <strong>vorbildlicher Fr\u00f6mmigkeit<\/strong>, <strong>\u00dcberraschung<\/strong>, <strong>Kontrasten<\/strong>, <strong>Innovationen<\/strong> und <strong>Einf\u00e4llen<\/strong>. Und so sind wir schlussendlich mit Offenheit und Begeisterung auf diese mutige Idee aufgestiegen \u2013 das ganze Festival, bis auf kleine Ausnahmen, rein Vivaldis Schaffen zu widmen. Verwegenheit? Keineswegs! <strong>Unterhaltung, Erkenntnis und st\u00e4ndiges Staunen<\/strong>!<\/p>\n<p>Es gibt wirklich etwas, worauf es sich zu freuen lohnt. In <strong>acht Konzerten<\/strong> h\u00f6ren Sie mehrere <strong>Urauff\u00fchrungen neu entdeckter Werke<\/strong> Vivaldis, <strong>zw\u00f6lf tschechische Premieren<\/strong> und <strong>letzte gro\u00dfe \u201evivaldische\u201c Entdeckungen<\/strong>, gespielt von <strong>Spitzen-Ensembles aus Italien, Spanien, Frankreich und der Tschechischen Republik<\/strong>. Und als ob das noch nicht genug w\u00e4re, haben wir in jedes Konzert <strong>detektivische Erkundungen zu Vivaldis tschechischen Spuren<\/strong> hineinkomponiert. Es ist n\u00e4mlich nahezu unglaublich, wie unser b\u00f6hmisches und m\u00e4hrisches Becken das Schaffen dieses venezianischen Meisters beeinflusste und wieviele Vivaldis grundlegender Werke Dank der Bildung und des M\u00e4zenatentums b\u00f6hmischen und m\u00e4hrischen Adels entstanden, einschlie\u00dflich <strong>Josef Johann Adams, F\u00fcrst von Liechtensteins<\/strong>, an dessen Hofe Antonio Vivaldi um das Jahr 1731 als \u201eMaestro di capella\u201c wirkte. Kurzgefasst, freuen Sie sich also auf <strong>die gr\u00f6\u00dfte europ\u00e4ische Werkschau zu Vivaldis Schaffen im neuen Jahrtausend<\/strong>, ausgef\u00fchrt von Spitzeninterpreten <strong>in wundersch\u00f6nen Lokalit\u00e4ten der Region Lednice-Valtice<\/strong>, die wir f\u00fcr Sie systematisch entdecken. In dieser Hinsicht k\u00f6nnen Sie sich im Jahr 2021 auf <strong>mehr als verlockende Premieren freuen<\/strong>.<\/p>\n<p>Und da, wie wir schon angedeutet haben, der gesamte 6. Festivaljahrgang so eine kleine detektivische Erkundungsreise wird, \u00fcberlassen wir Ihnen schonmal ein erstes Indiz: <strong>Das Festival-Programm des Jahrgangs 2021 wird genau um 10 Uhr am Geburtstag Antonio Vivaldis bekannt gegeben<\/strong>! Wir freuen uns!<\/p>\n<p>&nbsp;<\/p>","protected":false},"excerpt":{"rendered":"<p>Der 6. Jahrgang des Musikfestivals Lednice|Valtice 2. &#8211; 16. Oktober 2021 Festival-Auftakt am 23. September 2021 im Gartenpalais Liechtenstein in Wien Start des Ticketverkaufs am 15. M\u00e4rz 2021 Antonio Vivaldi Die gr\u00f6\u00dfte europ\u00e4ische Werkschau zur Musik Antonio Vivaldis im neuen Jahrtausend! Venezianischer Karnevall in der Region Lednice-Valtice! Dramaturgie: Eduardo Garc\u00eda Salas und Ji\u0159\u00ed Partyka &nbsp; [&#46;&#46;&#46;]<\/p>\n","protected":false},"author":2,"featured_media":0,"parent":0,"menu_order":87,"comment_status":"closed","ping_status":"closed","template":"","meta":{"footnotes":""},"acf":[],"_links":{"self":[{"href":"https:\/\/www.lvhf.cz\/de\/wp-json\/wp\/v2\/pages\/10910"}],"collection":[{"href":"https:\/\/www.lvhf.cz\/de\/wp-json\/wp\/v2\/pages"}],"about":[{"href":"https:\/\/www.lvhf.cz\/de\/wp-json\/wp\/v2\/types\/page"}],"author":[{"embeddable":true,"href":"https:\/\/www.lvhf.cz\/de\/wp-json\/wp\/v2\/users\/2"}],"replies":[{"embeddable":true,"href":"https:\/\/www.lvhf.cz\/de\/wp-json\/wp\/v2\/comments?post=10910"}],"version-history":[{"count":33,"href":"https:\/\/www.lvhf.cz\/de\/wp-json\/wp\/v2\/pages\/10910\/revisions"}],"predecessor-version":[{"id":20777,"href":"https:\/\/www.lvhf.cz\/de\/wp-json\/wp\/v2\/pages\/10910\/revisions\/20777"}],"wp:attachment":[{"href":"https:\/\/www.lvhf.cz\/de\/wp-json\/wp\/v2\/media?parent=10910"}],"curies":[{"name":"wp","href":"https:\/\/api.w.org\/{rel}","templated":true}]}}