{"id":10705,"date":"2020-11-14T22:59:41","date_gmt":"2020-11-14T21:59:41","guid":{"rendered":"https:\/\/www.lvhf.cz\/?page_id=10705"},"modified":"2020-11-26T04:34:32","modified_gmt":"2020-11-26T03:34:32","slug":"fotogalerie-lvhf2020-rodina-kuffnerova-4-rijna-2020-v-breclavi","status":"publish","type":"page","link":"https:\/\/www.lvhf.cz\/de\/media\/fotogalerie\/fotogalerie-lvhf2020-rodina-kuffnerova-4-rijna-2020-v-breclavi\/","title":{"rendered":"Fotogalerie LVHF2020 | Familie Kuffner | B\u0159eclav am 4. Oktober 2020"},"content":{"rendered":"<p>Foto: Teru Menclov\u00e1<br>\n<\/p><div class=\"rl-gallery-container \" id=\"rl-gallery-container-2\" data-gallery_id=\"0\"> <div class=\"rl-gallery rl-basicgrid-gallery \" id=\"rl-gallery-2\" data-gallery_no=\"2\"> <div class=\"rl-gallery-item\"><a href=\"https:\/\/www.lvhf.cz\/wp-content\/uploads\/2020\/11\/01_2020-10-04-LVHF_prednaska-kuffner-c-Teru-Menclova-4-scaled.jpg\" title data-rl_title class=\"rl-gallery-link\" data-rl_caption data-rel=\"lightbox-gallery-2\"><noscript><img fetchpriority=\"high\" decoding=\"async\" src=\"https:\/\/www.lvhf.cz\/wp-content\/uploads\/2020\/11\/01_2020-10-04-LVHF_prednaska-kuffner-c-Teru-Menclova-4-scaled.jpg\" width=\"2560\" height=\"1707\" alt=\"LVHF \u017didovsk\u00fd h\u0159bitov B\u0159eclav (c) Teru Menclov\u00e1\"><\/noscript><img fetchpriority=\"high\" decoding=\"async\" src=\"data:image\/svg+xml,%3Csvg%20xmlns%3D%22http%3A%2F%2Fwww.w3.org%2F2000%2Fsvg%22%20viewBox%3D%220%200%202560%201707%22%3E%3C%2Fsvg%3E\" width=\"2560\" height=\"1707\" alt=\"LVHF \u017didovsk\u00fd h\u0159bitov B\u0159eclav (c) Teru Menclov\u00e1\" data-src=\"https:\/\/www.lvhf.cz\/wp-content\/uploads\/2020\/11\/01_2020-10-04-LVHF_prednaska-kuffner-c-Teru-Menclova-4-scaled.jpg\" class=\" lazyload\"><\/a><\/div><div class=\"rl-gallery-item\"><a href=\"https:\/\/www.lvhf.cz\/wp-content\/uploads\/2020\/11\/02_2020-10-04-LVHF_prednaska-kuffner-c-Teru-Menclova-5-scaled.jpg\" title data-rl_title class=\"rl-gallery-link\" data-rl_caption data-rel=\"lightbox-gallery-2\"><noscript><img decoding=\"async\" src=\"https:\/\/www.lvhf.cz\/wp-content\/uploads\/2020\/11\/02_2020-10-04-LVHF_prednaska-kuffner-c-Teru-Menclova-5-scaled.jpg\" width=\"2560\" height=\"1706\" alt=\"LVHF \u017didovsk\u00fd h\u0159bitov B\u0159eclav (c) Teru Menclov\u00e1\"><\/noscript><img decoding=\"async\" src=\"data:image\/svg+xml,%3Csvg%20xmlns%3D%22http%3A%2F%2Fwww.w3.org%2F2000%2Fsvg%22%20viewBox%3D%220%200%202560%201706%22%3E%3C%2Fsvg%3E\" width=\"2560\" height=\"1706\" alt=\"LVHF \u017didovsk\u00fd h\u0159bitov B\u0159eclav (c) Teru Menclov\u00e1\" data-src=\"https:\/\/www.lvhf.cz\/wp-content\/uploads\/2020\/11\/02_2020-10-04-LVHF_prednaska-kuffner-c-Teru-Menclova-5-scaled.jpg\" class=\" lazyload\"><\/a><\/div><div class=\"rl-gallery-item\"><a href=\"https:\/\/www.lvhf.cz\/wp-content\/uploads\/2020\/11\/03_2020-10-04-LVHF_prednaska-kuffner-c-Teru-Menclova-3-scaled.jpg\" title data-rl_title class=\"rl-gallery-link\" data-rl_caption data-rel=\"lightbox-gallery-2\"><noscript><img decoding=\"async\" src=\"https:\/\/www.lvhf.cz\/wp-content\/uploads\/2020\/11\/03_2020-10-04-LVHF_prednaska-kuffner-c-Teru-Menclova-3-scaled.jpg\" width=\"2560\" height=\"1707\" alt=\"LVHF \u017didovsk\u00fd h\u0159bitov B\u0159eclav (c) Teru Menclov\u00e1\"><\/noscript><img decoding=\"async\" src=\"data:image\/svg+xml,%3Csvg%20xmlns%3D%22http%3A%2F%2Fwww.w3.org%2F2000%2Fsvg%22%20viewBox%3D%220%200%202560%201707%22%3E%3C%2Fsvg%3E\" width=\"2560\" height=\"1707\" alt=\"LVHF \u017didovsk\u00fd h\u0159bitov B\u0159eclav (c) Teru Menclov\u00e1\" data-src=\"https:\/\/www.lvhf.cz\/wp-content\/uploads\/2020\/11\/03_2020-10-04-LVHF_prednaska-kuffner-c-Teru-Menclova-3-scaled.jpg\" class=\" lazyload\"><\/a><\/div><div class=\"rl-gallery-item\"><a href=\"https:\/\/www.lvhf.cz\/wp-content\/uploads\/2020\/11\/04_2020-10-04-LVHF_prednaska-kuffner-c-Teru-Menclova-6-scaled.jpg\" title data-rl_title class=\"rl-gallery-link\" data-rl_caption data-rel=\"lightbox-gallery-2\"><noscript><img loading=\"lazy\" decoding=\"async\" src=\"https:\/\/www.lvhf.cz\/wp-content\/uploads\/2020\/11\/04_2020-10-04-LVHF_prednaska-kuffner-c-Teru-Menclova-6-scaled.jpg\" width=\"1707\" height=\"2560\" alt=\"LVHF \u017didovsk\u00fd h\u0159bitov B\u0159eclav (c) Teru Menclov\u00e1\"><\/noscript><img loading=\"lazy\" decoding=\"async\" src=\"data:image\/svg+xml,%3Csvg%20xmlns%3D%22http%3A%2F%2Fwww.w3.org%2F2000%2Fsvg%22%20viewBox%3D%220%200%201707%202560%22%3E%3C%2Fsvg%3E\" width=\"1707\" height=\"2560\" alt=\"LVHF \u017didovsk\u00fd h\u0159bitov B\u0159eclav (c) Teru Menclov\u00e1\" data-src=\"https:\/\/www.lvhf.cz\/wp-content\/uploads\/2020\/11\/04_2020-10-04-LVHF_prednaska-kuffner-c-Teru-Menclova-6-scaled.jpg\" class=\" lazyload\"><\/a><\/div><div class=\"rl-gallery-item\"><a href=\"https:\/\/www.lvhf.cz\/wp-content\/uploads\/2020\/11\/05_2020-10-04-LVHF_prednaska-kuffner-c-Teru-Menclova-11-scaled.jpg\" title data-rl_title class=\"rl-gallery-link\" data-rl_caption data-rel=\"lightbox-gallery-2\"><noscript><img loading=\"lazy\" decoding=\"async\" src=\"https:\/\/www.lvhf.cz\/wp-content\/uploads\/2020\/11\/05_2020-10-04-LVHF_prednaska-kuffner-c-Teru-Menclova-11-scaled.jpg\" width=\"2560\" height=\"1707\" alt=\"LVHF \u017didovsk\u00fd h\u0159bitov B\u0159eclav (c) Teru Menclov\u00e1\"><\/noscript><img loading=\"lazy\" decoding=\"async\" src=\"data:image\/svg+xml,%3Csvg%20xmlns%3D%22http%3A%2F%2Fwww.w3.org%2F2000%2Fsvg%22%20viewBox%3D%220%200%202560%201707%22%3E%3C%2Fsvg%3E\" width=\"2560\" height=\"1707\" alt=\"LVHF \u017didovsk\u00fd h\u0159bitov B\u0159eclav (c) Teru Menclov\u00e1\" data-src=\"https:\/\/www.lvhf.cz\/wp-content\/uploads\/2020\/11\/05_2020-10-04-LVHF_prednaska-kuffner-c-Teru-Menclova-11-scaled.jpg\" class=\" lazyload\"><\/a><\/div><div class=\"rl-gallery-item\"><a href=\"https:\/\/www.lvhf.cz\/wp-content\/uploads\/2020\/11\/06_2020-10-04-LVHF_prednaska-kuffner-c-Teru-Menclova-16-scaled.jpg\" title data-rl_title class=\"rl-gallery-link\" data-rl_caption data-rel=\"lightbox-gallery-2\"><noscript><img loading=\"lazy\" decoding=\"async\" src=\"https:\/\/www.lvhf.cz\/wp-content\/uploads\/2020\/11\/06_2020-10-04-LVHF_prednaska-kuffner-c-Teru-Menclova-16-scaled.jpg\" width=\"2560\" height=\"1707\" alt=\"LVHF \u017didovsk\u00fd h\u0159bitov B\u0159eclav (c) Teru Menclov\u00e1\"><\/noscript><img loading=\"lazy\" decoding=\"async\" src=\"data:image\/svg+xml,%3Csvg%20xmlns%3D%22http%3A%2F%2Fwww.w3.org%2F2000%2Fsvg%22%20viewBox%3D%220%200%202560%201707%22%3E%3C%2Fsvg%3E\" width=\"2560\" height=\"1707\" alt=\"LVHF \u017didovsk\u00fd h\u0159bitov B\u0159eclav (c) Teru Menclov\u00e1\" data-src=\"https:\/\/www.lvhf.cz\/wp-content\/uploads\/2020\/11\/06_2020-10-04-LVHF_prednaska-kuffner-c-Teru-Menclova-16-scaled.jpg\" class=\" lazyload\"><\/a><\/div><div class=\"rl-gallery-item\"><a href=\"https:\/\/www.lvhf.cz\/wp-content\/uploads\/2020\/11\/07_2020-10-04-LVHF_prednaska-kuffner-c-Teru-Menclova-15-scaled.jpg\" title data-rl_title class=\"rl-gallery-link\" data-rl_caption data-rel=\"lightbox-gallery-2\"><noscript><img loading=\"lazy\" decoding=\"async\" src=\"https:\/\/www.lvhf.cz\/wp-content\/uploads\/2020\/11\/07_2020-10-04-LVHF_prednaska-kuffner-c-Teru-Menclova-15-scaled.jpg\" width=\"2560\" height=\"1707\" alt=\"LVHF \u017didovsk\u00fd h\u0159bitov B\u0159eclav (c) Teru Menclov\u00e1\"><\/noscript><img loading=\"lazy\" decoding=\"async\" src=\"data:image\/svg+xml,%3Csvg%20xmlns%3D%22http%3A%2F%2Fwww.w3.org%2F2000%2Fsvg%22%20viewBox%3D%220%200%202560%201707%22%3E%3C%2Fsvg%3E\" width=\"2560\" height=\"1707\" alt=\"LVHF \u017didovsk\u00fd h\u0159bitov B\u0159eclav (c) Teru Menclov\u00e1\" data-src=\"https:\/\/www.lvhf.cz\/wp-content\/uploads\/2020\/11\/07_2020-10-04-LVHF_prednaska-kuffner-c-Teru-Menclova-15-scaled.jpg\" class=\" lazyload\"><\/a><\/div><div class=\"rl-gallery-item\"><a href=\"https:\/\/www.lvhf.cz\/wp-content\/uploads\/2020\/11\/08_2020-10-04-LVHF_prednaska-kuffner-c-Teru-Menclova-17-scaled.jpg\" title data-rl_title class=\"rl-gallery-link\" data-rl_caption data-rel=\"lightbox-gallery-2\"><noscript><img loading=\"lazy\" decoding=\"async\" src=\"https:\/\/www.lvhf.cz\/wp-content\/uploads\/2020\/11\/08_2020-10-04-LVHF_prednaska-kuffner-c-Teru-Menclova-17-scaled.jpg\" width=\"2560\" height=\"1707\" alt=\"LVHF \u017didovsk\u00fd h\u0159bitov B\u0159eclav (c) Teru Menclov\u00e1\"><\/noscript><img loading=\"lazy\" decoding=\"async\" src=\"data:image\/svg+xml,%3Csvg%20xmlns%3D%22http%3A%2F%2Fwww.w3.org%2F2000%2Fsvg%22%20viewBox%3D%220%200%202560%201707%22%3E%3C%2Fsvg%3E\" width=\"2560\" height=\"1707\" alt=\"LVHF \u017didovsk\u00fd h\u0159bitov B\u0159eclav (c) Teru Menclov\u00e1\" data-src=\"https:\/\/www.lvhf.cz\/wp-content\/uploads\/2020\/11\/08_2020-10-04-LVHF_prednaska-kuffner-c-Teru-Menclova-17-scaled.jpg\" class=\" lazyload\"><\/a><\/div><div class=\"rl-gallery-item\"><a href=\"https:\/\/www.lvhf.cz\/wp-content\/uploads\/2020\/11\/09_2020-10-04-LVHF_prednaska-kuffner-c-Teru-Menclova-19-scaled.jpg\" title data-rl_title class=\"rl-gallery-link\" data-rl_caption data-rel=\"lightbox-gallery-2\"><noscript><img loading=\"lazy\" decoding=\"async\" src=\"https:\/\/www.lvhf.cz\/wp-content\/uploads\/2020\/11\/09_2020-10-04-LVHF_prednaska-kuffner-c-Teru-Menclova-19-scaled.jpg\" width=\"2560\" height=\"1707\" alt=\"LVHF \u017didovsk\u00fd h\u0159bitov B\u0159eclav (c) Teru Menclov\u00e1\"><\/noscript><img loading=\"lazy\" decoding=\"async\" src=\"data:image\/svg+xml,%3Csvg%20xmlns%3D%22http%3A%2F%2Fwww.w3.org%2F2000%2Fsvg%22%20viewBox%3D%220%200%202560%201707%22%3E%3C%2Fsvg%3E\" width=\"2560\" height=\"1707\" alt=\"LVHF \u017didovsk\u00fd h\u0159bitov B\u0159eclav (c) Teru Menclov\u00e1\" data-src=\"https:\/\/www.lvhf.cz\/wp-content\/uploads\/2020\/11\/09_2020-10-04-LVHF_prednaska-kuffner-c-Teru-Menclova-19-scaled.jpg\" class=\" lazyload\"><\/a><\/div><div class=\"rl-gallery-item\"><a href=\"https:\/\/www.lvhf.cz\/wp-content\/uploads\/2020\/11\/10_2020-10-04-LVHF_prednaska-kuffner-c-Teru-Menclova-18-scaled.jpg\" title data-rl_title class=\"rl-gallery-link\" data-rl_caption data-rel=\"lightbox-gallery-2\"><noscript><img loading=\"lazy\" decoding=\"async\" src=\"https:\/\/www.lvhf.cz\/wp-content\/uploads\/2020\/11\/10_2020-10-04-LVHF_prednaska-kuffner-c-Teru-Menclova-18-scaled.jpg\" width=\"2560\" height=\"1707\" alt=\"LVHF \u017didovsk\u00fd h\u0159bitov B\u0159eclav (c) Teru Menclov\u00e1\"><\/noscript><img loading=\"lazy\" decoding=\"async\" src=\"data:image\/svg+xml,%3Csvg%20xmlns%3D%22http%3A%2F%2Fwww.w3.org%2F2000%2Fsvg%22%20viewBox%3D%220%200%202560%201707%22%3E%3C%2Fsvg%3E\" width=\"2560\" height=\"1707\" alt=\"LVHF \u017didovsk\u00fd h\u0159bitov B\u0159eclav (c) Teru Menclov\u00e1\" data-src=\"https:\/\/www.lvhf.cz\/wp-content\/uploads\/2020\/11\/10_2020-10-04-LVHF_prednaska-kuffner-c-Teru-Menclova-18-scaled.jpg\" class=\" lazyload\"><\/a><\/div><div class=\"rl-gallery-item\"><a href=\"https:\/\/www.lvhf.cz\/wp-content\/uploads\/2020\/11\/11_2020-10-04-LVHF_prednaska-kuffner-c-Teru-Menclova-9-scaled.jpg\" title data-rl_title class=\"rl-gallery-link\" data-rl_caption data-rel=\"lightbox-gallery-2\"><noscript><img loading=\"lazy\" decoding=\"async\" src=\"https:\/\/www.lvhf.cz\/wp-content\/uploads\/2020\/11\/11_2020-10-04-LVHF_prednaska-kuffner-c-Teru-Menclova-9-scaled.jpg\" width=\"2560\" height=\"1707\" alt=\"LVHF \u017didovsk\u00fd h\u0159bitov B\u0159eclav (c) Teru Menclov\u00e1\"><\/noscript><img loading=\"lazy\" decoding=\"async\" src=\"data:image\/svg+xml,%3Csvg%20xmlns%3D%22http%3A%2F%2Fwww.w3.org%2F2000%2Fsvg%22%20viewBox%3D%220%200%202560%201707%22%3E%3C%2Fsvg%3E\" width=\"2560\" height=\"1707\" alt=\"LVHF \u017didovsk\u00fd h\u0159bitov B\u0159eclav (c) Teru Menclov\u00e1\" data-src=\"https:\/\/www.lvhf.cz\/wp-content\/uploads\/2020\/11\/11_2020-10-04-LVHF_prednaska-kuffner-c-Teru-Menclova-9-scaled.jpg\" class=\" lazyload\"><\/a><\/div><div class=\"rl-gallery-item\"><a href=\"https:\/\/www.lvhf.cz\/wp-content\/uploads\/2020\/11\/12_2020-10-04-LVHF_prednaska-kuffner-c-Teru-Menclova-25-scaled.jpg\" title data-rl_title class=\"rl-gallery-link\" data-rl_caption data-rel=\"lightbox-gallery-2\"><noscript><img loading=\"lazy\" decoding=\"async\" src=\"https:\/\/www.lvhf.cz\/wp-content\/uploads\/2020\/11\/12_2020-10-04-LVHF_prednaska-kuffner-c-Teru-Menclova-25-scaled.jpg\" width=\"2560\" height=\"1707\" alt=\"LVHF \u017didovsk\u00fd h\u0159bitov B\u0159eclav (c) Teru Menclov\u00e1\"><\/noscript><img loading=\"lazy\" decoding=\"async\" src=\"data:image\/svg+xml,%3Csvg%20xmlns%3D%22http%3A%2F%2Fwww.w3.org%2F2000%2Fsvg%22%20viewBox%3D%220%200%202560%201707%22%3E%3C%2Fsvg%3E\" width=\"2560\" height=\"1707\" alt=\"LVHF \u017didovsk\u00fd h\u0159bitov B\u0159eclav (c) Teru Menclov\u00e1\" data-src=\"https:\/\/www.lvhf.cz\/wp-content\/uploads\/2020\/11\/12_2020-10-04-LVHF_prednaska-kuffner-c-Teru-Menclova-25-scaled.jpg\" class=\" lazyload\"><\/a><\/div> <\/div> <\/div>","protected":false},"excerpt":{"rendered":"<p>Foto: Teru Menclov\u00e1<\/p>\n","protected":false},"author":2,"featured_media":10715,"parent":10700,"menu_order":0,"comment_status":"closed","ping_status":"closed","template":"","meta":{"footnotes":""},"acf":[],"_links":{"self":[{"href":"https:\/\/www.lvhf.cz\/de\/wp-json\/wp\/v2\/pages\/10705"}],"collection":[{"href":"https:\/\/www.lvhf.cz\/de\/wp-json\/wp\/v2\/pages"}],"about":[{"href":"https:\/\/www.lvhf.cz\/de\/wp-json\/wp\/v2\/types\/page"}],"author":[{"embeddable":true,"href":"https:\/\/www.lvhf.cz\/de\/wp-json\/wp\/v2\/users\/2"}],"replies":[{"embeddable":true,"href":"https:\/\/www.lvhf.cz\/de\/wp-json\/wp\/v2\/comments?post=10705"}],"version-history":[{"count":4,"href":"https:\/\/www.lvhf.cz\/de\/wp-json\/wp\/v2\/pages\/10705\/revisions"}],"predecessor-version":[{"id":10856,"href":"https:\/\/www.lvhf.cz\/de\/wp-json\/wp\/v2\/pages\/10705\/revisions\/10856"}],"up":[{"embeddable":true,"href":"https:\/\/www.lvhf.cz\/de\/wp-json\/wp\/v2\/pages\/10700"}],"wp:featuredmedia":[{"embeddable":true,"href":"https:\/\/www.lvhf.cz\/de\/wp-json\/wp\/v2\/media\/10715"}],"wp:attachment":[{"href":"https:\/\/www.lvhf.cz\/de\/wp-json\/wp\/v2\/media?parent=10705"}],"curies":[{"name":"wp","href":"https:\/\/api.w.org\/{rel}","templated":true}]}}