{"id":1056,"date":"2017-03-16T16:33:35","date_gmt":"2017-03-16T15:33:35","guid":{"rendered":"https:\/\/www.lvhf.cz\/?page_id=1056"},"modified":"2026-03-25T16:33:35","modified_gmt":"2026-03-25T15:33:35","slug":"partneri","status":"publish","type":"page","link":"https:\/\/www.lvhf.cz\/de\/partneri\/","title":{"rendered":"F\u00f6rderer"},"content":{"rendered":"<p><\/p>\n<style>\n  .breadcrumbs {<br \/>    display: none;<br \/>  }<\/p>\n<p>  .hero-img-contacts {<br \/>    height: 200px !important;<br \/>  }<\/p>\n<p>  .title-wrap {<br \/>    background: linear-gradient(<br \/>      90deg,<br \/>      rgba(0, 0, 0, 0.5) 0%,<br \/>      rgba(185, 185, 185, 0.85) 35%,<br \/>      rgba(185, 185, 185, 0.85) 66%,<br \/>      rgba(0, 0, 0, 0.5) 100%<br \/>    );<br \/>    min-height: 400px;<br \/>    padding-top: 50px;<br \/>  }<\/p>\n<p>  .festival-patrons {<br \/>    max-width: 900px;<br \/>    margin: 0 auto;<br \/>    text-align: center;<br \/>  }<\/p>\n<p>  .festival-patrons h2 {<br \/>    font-size: 36pt;<br \/>    color: #000;<br \/>    margin-bottom: 2rem;<br \/>  }<\/p>\n<p>  .festival-patrons h3 {<br \/>    font-size: 24pt;<br \/>    color: #993366;<br \/>    margin: 2rem 0 0.5rem;<br \/>  }<\/p>\n<p>  .festival-patrons ul {<br \/>    list-style: none !important;<br \/>    padding: 0;<br \/>    margin: 0;<br \/>  }<\/p>\n<p>  .festival-patrons li {<br \/>    list-style: none !important;<br \/>    margin: 0.3rem 0;<br \/>    text-align: center;<br \/>  }<\/p>\n<p>  .patron-level {<br \/>    margin-bottom: 1.5rem;<br \/>  }<br \/><\/style>\n<section class=\"festival-patrons\">\n<h2 style=\"text-align: center;\">F\u00f6rderer des Festivals<\/h2>\n<div class=\"patron-level\" style=\"text-align: center;\">\n<h3><span style=\"color: #333399;\">Diamantf\u00f6rderer<\/span><\/h3>\n<p>MUDr. Milo\u0161 Albrecht, chirurgick\u00e1 ambulance s.r.o.<\/p>\n<p>Olga Kelemenov\u00e1, Kelemen s.r.o.<\/p>\n<\/div>\n<div class=\"patron-level\" style=\"text-align: center;\">\n<h3><span style=\"color: #333399;\">Goldf\u00f6rderer<\/span><\/h3>\n<p>Schmidt reality s.r.o.<\/p>\n<p>Ing. Petr Luck\u00fd<\/p>\n<\/div>\n<div class=\"patron-level\" style=\"text-align: center;\">\n<h3><span style=\"color: #333399;\">Silberf\u00f6rderer<\/span><\/h3>\n<p>DOMUS B\u0159eclav s.r.o.<\/p>\n<\/div>\n<div class=\"patron-level\" style=\"text-align: center;\">\n<h3><span style=\"color: #333399;\">Bronzef\u00f6rderer<\/span><\/h3>\n<p>Bc. Svatopluk P\u011b\u010dek<\/p>\n<p>JARRYG STORE<\/p>\n<\/div>\n<div class=\"patron-level\">\n<h3 style=\"text-align: center;\"><span style=\"color: #333399;\">Kupferf\u00f6rderer<\/span><\/h3>\n<p style=\"text-align: center;\">JUDr. Ji\u0159\u00ed Bala\u0161t\u00edk<\/p>\n<p style=\"text-align: center;\">MUDr. Milada Dost\u00e1lov\u00e1<\/p>\n<\/div>\n<\/section>\n<p><\/p>","protected":false},"excerpt":{"rendered":"<p>F\u00f6rderer des Festivals Diamantf\u00f6rderer MUDr. Milo\u0161 Albrecht, chirurgick\u00e1 ambulance s.r.o. Olga Kelemenov\u00e1, Kelemen s.r.o. Goldf\u00f6rderer Schmidt reality s.r.o. Ing. Petr Luck\u00fd Silberf\u00f6rderer DOMUS B\u0159eclav s.r.o. Bronzef\u00f6rderer Bc. Svatopluk P\u011b\u010dek JARRYG STORE Kupferf\u00f6rderer JUDr. Ji\u0159\u00ed Bala\u0161t\u00edk MUDr. Milada Dost\u00e1lov\u00e1<\/p>\n","protected":false},"author":1,"featured_media":0,"parent":0,"menu_order":111,"comment_status":"closed","ping_status":"closed","template":"","meta":{"footnotes":""},"acf":[],"_links":{"self":[{"href":"https:\/\/www.lvhf.cz\/de\/wp-json\/wp\/v2\/pages\/1056"}],"collection":[{"href":"https:\/\/www.lvhf.cz\/de\/wp-json\/wp\/v2\/pages"}],"about":[{"href":"https:\/\/www.lvhf.cz\/de\/wp-json\/wp\/v2\/types\/page"}],"author":[{"embeddable":true,"href":"https:\/\/www.lvhf.cz\/de\/wp-json\/wp\/v2\/users\/1"}],"replies":[{"embeddable":true,"href":"https:\/\/www.lvhf.cz\/de\/wp-json\/wp\/v2\/comments?post=1056"}],"version-history":[{"count":207,"href":"https:\/\/www.lvhf.cz\/de\/wp-json\/wp\/v2\/pages\/1056\/revisions"}],"predecessor-version":[{"id":30405,"href":"https:\/\/www.lvhf.cz\/de\/wp-json\/wp\/v2\/pages\/1056\/revisions\/30405"}],"wp:attachment":[{"href":"https:\/\/www.lvhf.cz\/de\/wp-json\/wp\/v2\/media?parent=1056"}],"curies":[{"name":"wp","href":"https:\/\/api.w.org\/{rel}","templated":true}]}}