{"id":10110,"date":"2020-09-06T09:28:10","date_gmt":"2020-09-06T07:28:10","guid":{"rendered":"https:\/\/www.lvhf.cz\/?page_id=10110"},"modified":"2023-07-14T10:26:39","modified_gmt":"2023-07-14T08:26:39","slug":"covid-19","status":"publish","type":"page","link":"https:\/\/www.lvhf.cz\/de\/covid-19\/","title":{"rendered":"Covid-19"},"content":{"rendered":"<p><\/p>\n<h3>Programm-Ver\u00e4nderung \u2013 Borusan Quartet<\/h3>\n<p>Die Covid-19 Pandemie zwingt uns, eine \u00c4nderung des Interpreten f\u00fcr das <a href=\"https:\/\/www.lvhf.cz\/de\/konzerte\/pavelhaasquartet\/\"><strong>Konzert am 9. Oktober im Rittersaal von Schloss Lednice<\/strong> <\/a>bekannt zu geben. Anstelle des urspr\u00fcnglich angek\u00fcndigten <strong>Borusan Quartettes<\/strong> tritt nun im Rahmen des Musikfestivals Lednice|Valtice 2020 das <a href=\"https:\/\/www.lvhf.cz\/de\/konzerte\/pavelhaasquartet\/\"><strong>Pavel Haas Quartett<\/strong><\/a> auf. <strong>Die sechsfachen Gramophone Award Preistr\u00e4ger<\/strong> geh\u00f6ren <strong>zu den besten Kammemusikensembles der Welt<\/strong> und das Festival f\u00fchlt sich wirklich hoch geehrt, dass die Musiker das Konzert in dieser nicht einfachen Situation \u00fcbernehmen. <strong>Bereits erworbene Tickets f\u00fcr das Borusan Quartett behalten ihre G\u00fcltigkeit.<\/strong> Sollten Sie Fragen dazu haben, wenden Sie sich bitte an den Kundenservice des Festivals unter +420 774 710 621 oder schreiben Sie uns an <a href=\"mailto:prodej@lvhf.cz\">prodej@lvhf.cz<\/a>. S\u00e4mtliche Informationen zum Ensemble und zum Programm finden Sie <a href=\"https:\/\/www.lvhf.cz\/de\/konzerte\/pavelhaasquartet\/\">auf dieser Website<\/a>. Wir danken Ihnen f\u00fcr Ihr Verst\u00e4ndnis.<\/p>\n<p>&nbsp;<\/p>","protected":false},"excerpt":{"rendered":"<p>Programm-Ver\u00e4nderung \u2013 Borusan Quartet Die Covid-19 Pandemie zwingt uns, eine \u00c4nderung des Interpreten f\u00fcr das Konzert am 9. Oktober im Rittersaal von Schloss Lednice bekannt zu geben. Anstelle des urspr\u00fcnglich angek\u00fcndigten Borusan Quartettes tritt nun im Rahmen des Musikfestivals Lednice|Valtice 2020 das Pavel Haas Quartett auf. Die sechsfachen Gramophone Award Preistr\u00e4ger geh\u00f6ren zu den besten [&#46;&#46;&#46;]<\/p>\n","protected":false},"author":2,"featured_media":0,"parent":0,"menu_order":68,"comment_status":"closed","ping_status":"closed","template":"","meta":{"footnotes":""},"acf":[],"_links":{"self":[{"href":"https:\/\/www.lvhf.cz\/de\/wp-json\/wp\/v2\/pages\/10110"}],"collection":[{"href":"https:\/\/www.lvhf.cz\/de\/wp-json\/wp\/v2\/pages"}],"about":[{"href":"https:\/\/www.lvhf.cz\/de\/wp-json\/wp\/v2\/types\/page"}],"author":[{"embeddable":true,"href":"https:\/\/www.lvhf.cz\/de\/wp-json\/wp\/v2\/users\/2"}],"replies":[{"embeddable":true,"href":"https:\/\/www.lvhf.cz\/de\/wp-json\/wp\/v2\/comments?post=10110"}],"version-history":[{"count":7,"href":"https:\/\/www.lvhf.cz\/de\/wp-json\/wp\/v2\/pages\/10110\/revisions"}],"predecessor-version":[{"id":10119,"href":"https:\/\/www.lvhf.cz\/de\/wp-json\/wp\/v2\/pages\/10110\/revisions\/10119"}],"wp:attachment":[{"href":"https:\/\/www.lvhf.cz\/de\/wp-json\/wp\/v2\/media?parent=10110"}],"curies":[{"name":"wp","href":"https:\/\/api.w.org\/{rel}","templated":true}]}}